{"id":9822,"date":"2022-02-26T07:19:18","date_gmt":"2022-02-26T07:19:18","guid":{"rendered":"https:\/\/dogan-otomotiv.com\/?post_type=product&#038;p=9822"},"modified":"2022-02-26T07:19:19","modified_gmt":"2022-02-26T07:19:19","slug":"020911209e-komur-yatagi-bosch-komur-tutucu-audi-orj-yeni","status":"publish","type":"product","link":"https:\/\/dogan-otomotiv.com\/index.php\/urun\/020911209e-komur-yatagi-bosch-komur-tutucu-audi-orj-yeni\/","title":{"rendered":"020911209E KOMUR YATAGI BOSCH K\u00d6M\u00dcR TUTUCU AUDI ORJ YEN\u0130"},"content":{"rendered":"","protected":false},"excerpt":{"rendered":"<p>020911209E KOMUR YATAGI BOSCH K\u00d6M\u00dcR TUTUCU AUDI ORJ YEN\u0130<\/p>\n","protected":false},"featured_media":9823,"comment_status":"open","ping_status":"closed","template":"","meta":{"_joinchat":[]},"product_cat":[15,24,19,20],"product_tag":[6640],"class_list":{"0":"post-9822","1":"product","2":"type-product","3":"status-publish","4":"has-post-thumbnail","6":"product_cat-volkswagen","7":"product_cat-audi","8":"product_cat-seat","9":"product_cat-skoda","10":"product_tag-020911209e-komur-yatagi-bosch-komur-tutucu-audi-orj-yeni","12":"first","13":"instock","14":"sale","15":"shipping-taxable","16":"purchasable","17":"product-type-simple"},"_links":{"self":[{"href":"https:\/\/dogan-otomotiv.com\/index.php\/wp-json\/wp\/v2\/product\/9822","targetHints":{"allow":["GET"]}}],"collection":[{"href":"https:\/\/dogan-otomotiv.com\/index.php\/wp-json\/wp\/v2\/product"}],"about":[{"href":"https:\/\/dogan-otomotiv.com\/index.php\/wp-json\/wp\/v2\/types\/product"}],"replies":[{"embeddable":true,"href":"https:\/\/dogan-otomotiv.com\/index.php\/wp-json\/wp\/v2\/comments?post=9822"}],"wp:featuredmedia":[{"embeddable":true,"href":"https:\/\/dogan-otomotiv.com\/index.php\/wp-json\/wp\/v2\/media\/9823"}],"wp:attachment":[{"href":"https:\/\/dogan-otomotiv.com\/index.php\/wp-json\/wp\/v2\/media?parent=9822"}],"wp:term":[{"taxonomy":"product_cat","embeddable":true,"href":"https:\/\/dogan-otomotiv.com\/index.php\/wp-json\/wp\/v2\/product_cat?post=9822"},{"taxonomy":"product_tag","embeddable":true,"href":"https:\/\/dogan-otomotiv.com\/index.php\/wp-json\/wp\/v2\/product_tag?post=9822"}],"curies":[{"name":"wp","href":"https:\/\/api.w.org\/{rel}","templated":true}]}}