{"id":9532,"date":"2022-02-10T07:34:52","date_gmt":"2022-02-10T07:34:52","guid":{"rendered":"https:\/\/dogan-otomotiv.com\/?post_type=product&#038;p=9532"},"modified":"2022-02-10T07:34:53","modified_gmt":"2022-02-10T07:34:53","slug":"opel-frontera-icin-arka-stepne-kilifi-kayis-takimi-orj-yeni","status":"publish","type":"product","link":"https:\/\/dogan-otomotiv.com\/index.php\/urun\/opel-frontera-icin-arka-stepne-kilifi-kayis-takimi-orj-yeni\/","title":{"rendered":"opel frontera i\u00e7in arka stepne k\u0131l\u0131f\u0131 kay\u0131\u015f tak\u0131m\u0131 ORJ YEN\u0130"},"content":{"rendered":"<p>opel frontera i\u00e7in arka stepne k\u0131l\u0131f\u0131 kay\u0131\u015f tak\u0131m\u0131 ORJ YEN\u0130<\/p>\n","protected":false},"excerpt":{"rendered":"<p>opel frontera i\u00e7in arka stepne k\u0131l\u0131f\u0131 kay\u0131\u015f tak\u0131m\u0131 ORJ YEN\u0130<\/p>\n","protected":false},"featured_media":9533,"comment_status":"open","ping_status":"closed","template":"","meta":{"_joinchat":[]},"product_cat":[21],"product_tag":[6473],"class_list":{"0":"post-9532","1":"product","2":"type-product","3":"status-publish","4":"has-post-thumbnail","6":"product_cat-opel","7":"product_tag-opel-frontera-icin-arka-stepne-kilifi-kayis-takimi-orj-yeni","9":"first","10":"instock","11":"sale","12":"shipping-taxable","13":"purchasable","14":"product-type-simple"},"_links":{"self":[{"href":"https:\/\/dogan-otomotiv.com\/index.php\/wp-json\/wp\/v2\/product\/9532","targetHints":{"allow":["GET"]}}],"collection":[{"href":"https:\/\/dogan-otomotiv.com\/index.php\/wp-json\/wp\/v2\/product"}],"about":[{"href":"https:\/\/dogan-otomotiv.com\/index.php\/wp-json\/wp\/v2\/types\/product"}],"replies":[{"embeddable":true,"href":"https:\/\/dogan-otomotiv.com\/index.php\/wp-json\/wp\/v2\/comments?post=9532"}],"wp:featuredmedia":[{"embeddable":true,"href":"https:\/\/dogan-otomotiv.com\/index.php\/wp-json\/wp\/v2\/media\/9533"}],"wp:attachment":[{"href":"https:\/\/dogan-otomotiv.com\/index.php\/wp-json\/wp\/v2\/media?parent=9532"}],"wp:term":[{"taxonomy":"product_cat","embeddable":true,"href":"https:\/\/dogan-otomotiv.com\/index.php\/wp-json\/wp\/v2\/product_cat?post=9532"},{"taxonomy":"product_tag","embeddable":true,"href":"https:\/\/dogan-otomotiv.com\/index.php\/wp-json\/wp\/v2\/product_tag?post=9532"}],"curies":[{"name":"wp","href":"https:\/\/api.w.org\/{rel}","templated":true}]}}