{"id":951,"date":"2020-04-07T08:33:42","date_gmt":"2020-04-07T08:33:42","guid":{"rendered":"https:\/\/dogan-otomotiv.com\/?post_type=product&#038;p=951"},"modified":"2022-01-05T09:19:25","modified_gmt":"2022-01-05T09:19:25","slug":"464064757-opel-meriva-05-opel-corsa-c-yolcu-airbag","status":"publish","type":"product","link":"https:\/\/dogan-otomotiv.com\/index.php\/urun\/464064757-opel-meriva-05-opel-corsa-c-yolcu-airbag\/","title":{"rendered":"464064757 OPEL MER\u0130VA 05 \/ OPEL CORSA C YOLCU A\u0130RBAG"},"content":{"rendered":"<p>464064757\/604267500B OPEL MER\u0130VA 05 \/ OPEL CORSA C YOLCU A\u0130RBAG<\/p>\n<p>     OPEL MERIVA FAB. 2003 &#8211; 2010 <\/p>\n<p>     Opel    kombo    2011    Dizel Van \/ MPV    1.3 CDTI 16V    FWD Mk II (C) F25    1248cc 55KW 75HP Z 13 DTJ<br \/>\n     Opel    kombo    2010    Dizel Van \/ MPV    1.3 CDTI 16V    FWD Mk II (C) F25    1248cc 55KW 75HP Z 13 DTJ<br \/>\n     Opel    kombo    2009    Dizel Van \/ MPV    1.3 CDTI 16V    FWD Mk II (C) F25    1248cc 55KW 75HP Z 13 DTJ<br \/>\n     Opel    kombo    2008    Dizel Van \/ MPV    1.3 CDTI 16V    FWD Mk II (C) F25    1248cc 55KW 75HP Z 13 DTJ<br \/>\n     Opel    kombo    2007    Dizel Van \/ MPV    1.3 CDTI 16V    FWD Mk II (C) F25    1248cc 55KW 75HP Z 13 DTJ<br \/>\n     Opel    kombo    2006    Dizel Van \/ MPV    1.3 CDTI 16V    FWD Mk II (C) F25    1248cc 55KW 75HP Z 13 DTJ<br \/>\n     Opel    kombo    2005    Dizel Van \/ MPV    1.3 CDTI 16V    FWD Mk II (C) F25    1248cc 55KW 75HP Z 13 DTJ<\/p>\n<p>OPEL MERIVA 1.3 CDTI<br \/>\nOPEL MERIVA 1.4 16V Twinport<br \/>\nOPEL MERIVA 1.4 16V Twinport LPG<br \/>\nOPEL MERIVA 1.6<br \/>\nOPEL MERIVA 1.6 16V<br \/>\nOPEL MERIVA 1.6 Turbo<br \/>\nOPEL MERIVA 1.7 CDTI<br \/>\nOPEL MERIVA 1.7 DTI<br \/>\nOPEL MERIVA 1.8<\/p>\n","protected":false},"excerpt":{"rendered":"<p>DO\u011eAN OTOMOT\u0130V YEDEK PAR\u00c7A<br \/>\nLTD \u015eT\u0130 \u0130VED\u0130K ORGAN\u0130ZE SAN 1471 SOKAK 91-A OST\u0130M ANKARA<br \/>\nSEM\u0130H SAVA\u015e\u00c7I (312) 395 20 95<br \/>\n0533 322 16 09<br \/>\nMUSTAFA SAVA\u015e\u00c7I<br \/>\n0 (312) 395 20 95<br \/>\nIBAN NO: TR 54 0011 1000 0000 0098 3516 19<br \/>\nF\u0130NANSBANK ENPARA<br \/>\n\u015eUBE KODU: 03663<br \/>\nHESAP NO: 98351619<br \/>\nPaket i\u00e7eri\u011fi: 1 Adet<br \/>\nSATI\u015e F\u0130YATI KDV DAH\u0130L pe\u015fin fiyat\u0131d\u0131r<br \/>\nSAAT 18:00 KADAR VER\u0130LEN \u015e\u0130PAR\u0130\u015e AYNI G\u00dcN KARGO \u0130LE G\u00d6NDER\u0130M\u0130 YAPILIR.<br \/>\nKARGO \u0130ADES\u0130 DURUMUNDA .<br \/>\nKARGO \u00dcCRET\u0130 M\u00dc\u015eTER\u0130YE A\u0130TT\u0130R. AYRICA KARGODA KIRILAN PAR\u00c7ALARDAN SORUMLU DEY\u0130L\u0130Z<\/p>\n<p>27\/11\/2014 tarih ve 29188 say\u0131l\u0131 resmi gazetede yay\u0131mlanan mesafeli sat\u0131\u015flar y\u00f6netmeli\u011finin 15. maddesinde cayma hakk\u0131n\u0131n istisnalar\u0131 belirtilmi\u015ftir. \u0130lgili maddenin a bendinde &#8220;fiyat\u0131 finansal piyasalardaki dalgalanmalara ba\u011fl\u0131 olarak de\u011fi\u015fen ve sat\u0131c\u0131 veya sa\u011flay\u0131c\u0131n\u0131n kontrol\u00fcnde olmayan mal veya hizmetlere ili\u015fkin s\u00f6zle\u015fmeler&#8221; cayma hakk\u0131ndan istisna edilmi\u015ftir. \u00dcr\u00fcnlerimiz ithal \u00fcr\u00fcnler olup fiyatlar\u0131 g\u00fcnl\u00fck usd kurlar\u0131 kullan\u0131larak tl kar\u015f\u0131l\u0131\u011f\u0131na \u00e7evrilmesiyle hesaplanmaktad\u0131r. Fiyatlar kurdaki de\u011fi\u015fmeler ba\u011fl\u0131 olarak g\u00fcnl\u00fck olarak de\u011fi\u015fmektedir. Bu nedenle y\u00f6netmeli\u011fin 15. Md\/a bendi gere\u011fi cayma hakk\u0131ndan m\u00fcstesnad\u0131r. M\u00fc\u015fterilerimiz sipari\u015f \u00f6ncesinde bu konu hakk\u0131nda \u00f6n bilgilendirme yap\u0131ld\u0131\u011f\u0131n\u0131 kabul eder.<\/p>\n","protected":false},"featured_media":953,"comment_status":"open","ping_status":"closed","template":"","meta":{"_joinchat":[]},"product_cat":[21],"product_tag":[618,617],"class_list":{"0":"post-951","1":"product","2":"type-product","3":"status-publish","4":"has-post-thumbnail","6":"product_cat-opel","7":"product_tag-618","8":"product_tag-464064757-opel-meriva-05-opel-corsa-c-yolcu-airbag","10":"first","11":"instock","12":"sale","13":"shipping-taxable","14":"purchasable","15":"product-type-simple"},"_links":{"self":[{"href":"https:\/\/dogan-otomotiv.com\/index.php\/wp-json\/wp\/v2\/product\/951","targetHints":{"allow":["GET"]}}],"collection":[{"href":"https:\/\/dogan-otomotiv.com\/index.php\/wp-json\/wp\/v2\/product"}],"about":[{"href":"https:\/\/dogan-otomotiv.com\/index.php\/wp-json\/wp\/v2\/types\/product"}],"replies":[{"embeddable":true,"href":"https:\/\/dogan-otomotiv.com\/index.php\/wp-json\/wp\/v2\/comments?post=951"}],"wp:featuredmedia":[{"embeddable":true,"href":"https:\/\/dogan-otomotiv.com\/index.php\/wp-json\/wp\/v2\/media\/953"}],"wp:attachment":[{"href":"https:\/\/dogan-otomotiv.com\/index.php\/wp-json\/wp\/v2\/media?parent=951"}],"wp:term":[{"taxonomy":"product_cat","embeddable":true,"href":"https:\/\/dogan-otomotiv.com\/index.php\/wp-json\/wp\/v2\/product_cat?post=951"},{"taxonomy":"product_tag","embeddable":true,"href":"https:\/\/dogan-otomotiv.com\/index.php\/wp-json\/wp\/v2\/product_tag?post=951"}],"curies":[{"name":"wp","href":"https:\/\/api.w.org\/{rel}","templated":true}]}}