{"id":9457,"date":"2022-01-31T08:01:34","date_gmt":"2022-01-31T08:01:34","guid":{"rendered":"https:\/\/dogan-otomotiv.com\/?post_type=product&#038;p=9457"},"modified":"2022-01-31T08:03:54","modified_gmt":"2022-01-31T08:03:54","slug":"13386536-hava-akis-metresi-astra-j-12-14-0280218293-orj-cikma","status":"publish","type":"product","link":"https:\/\/dogan-otomotiv.com\/index.php\/urun\/13386536-hava-akis-metresi-astra-j-12-14-0280218293-orj-cikma\/","title":{"rendered":"13386536 HAVA AKI\u015e METRES\u0130 ASTRA J 1,2-1,4-0280218293 ORJ \u00c7IKMA"},"content":{"rendered":"<p>OPEL ADAM ASTRA J CASCADE CORSA D CORSA E MOKKA MER\u0130VA B STAR STOP ARA\u00c7LAR A14NET B14NET A16XER B16XER A12XEL B12XEL HAVA AKI\u015e DEB\u0130METRE 13432262 836029 12671624 836009 13505433<br \/>\nOPEL ADAM ASTRA J CASCADE CORSA D CORSA E MOKKA MER\u0130VA B STAR STOP ARA\u00c7LAR A14NET B14NET A16XER B16XER A12XEL B12XEL HAVA AKI\u015e DEB\u0130METRE 13432262 836029 12671624 836009 13505433B12XEL HAVA AKI\u015e DEB\u0130METRE 13432262 836029 12671624 836009 135054<br \/>\nUyumlu Oldu\u011fu Ara\u00e7: Opel Astra J 1.6<br \/>\nUyumlu Oldu\u011fu Y\u0131l Aral\u0131\u011f\u0131: 2009-2016<br \/>\nYak\u0131t Tipi: Benzin<br \/>\nMotor Hacmi: 1598<br \/>\nMotor G\u00fcc\u00fc: 85 kw<br \/>\nRuhsatta Yazan Motor Numaras\u0131: A16XER-B16XER<br \/>\nOPEL Corsa D Hatchback (S07) (Yap\u0131m Y\u0131l\u0131 07.2012 &#8211; 08.2014, 120 PS, Benzin)<br \/>\nOPEL Astra J Hatchback (P10) (Yap\u0131m Y\u0131l\u0131 12.2009 &#8211; 10.2015, 87 &#8211; 140 PS, Benzin, Petrol\/Petrol Gaz\u0131 (LPG))<br \/>\nOPEL Meriva B (S10) (Yap\u0131m Y\u0131l\u0131 06.2010 &#8211; 03.2017, 100 &#8211; 140 PS, Benzin, Petrol\/Petrol Gaz\u0131 (LPG))<br \/>\nOPEL Astra J Sports Tourer (P10) (Yap\u0131m Y\u0131l\u0131 10.2010 &#8211; 10.2015, 101 &#8211; 140 PS, Benzin, Petrol\/Petrol Gaz\u0131 (LPG))<br \/>\nOPEL Corsa D Van (S07) (Yap\u0131m Y\u0131l\u0131 07.2012 &#8211; 08.2014, 120 PS, Benzin)<br \/>\nOPEL Astra J GTC (P10) (Yap\u0131m Y\u0131l\u0131 10.2011 &#8211; &#8230;, 101 &#8211; 280 PS, Benzin)<br \/>\nOPEL Zafira C Tourer (P12) (Yap\u0131m Y\u0131l\u0131 10.2011 &#8211; &#8230;, 120 &#8211; 140 PS, Benzin, Petrol\/Petrol Gaz\u0131 (LPG))<br \/>\nOPEL Mokka \/ Mokka X (J13) (Yap\u0131m Y\u0131l\u0131 06.2012 &#8211; &#8230;, 116 &#8211; 140 PS, Benzin, Petrol\/Petrol Gaz\u0131 (LPG))<br \/>\nOPEL Astra J Sedan (P10) (Yap\u0131m Y\u0131l\u0131 06.2012 &#8211; &#8230;, 101 &#8211; 140 PS, Benzin, Petrol\/Petrol Gaz\u0131 (LPG))<br \/>\nOPEL Adam (M13) (Yap\u0131m Y\u0131l\u0131 10.2012 &#8211; &#8230;, 69 &#8211; 101 PS, Benzin, Petrol\/Petrol Gaz\u0131 (LPG))<br \/>\nOPEL Cascada (W13) (Yap\u0131m Y\u0131l\u0131 03.2013 &#8211; &#8230;, 120 &#8211; 140 PS, Benzin)<br \/>\nOPEL Corsa E Hatchback (X15) (Yap\u0131m Y\u0131l\u0131 09.2014 &#8211; &#8230;, 69 &#8211; 90 PS, Benzin, Petrol\/Petrol Gaz\u0131 (LPG))<br \/>\nOPEL Corsa E Van (X15) (Yap\u0131m Y\u0131l\u0131 09.2014 &#8211; &#8230;, 69 &#8211; 90 PS, Benzin)<br \/>\n1.2 (08), Yap\u0131m Y\u0131l\u0131 01.2015 &#8211; &#8230;, 1229 ccm, 69 PS<br \/>\n1.4 (08), Yap\u0131m Y\u0131l\u0131 09.2014 &#8211; &#8230;, 1398 ccm, 75 PS<br \/>\n1.4 (08), Yap\u0131m Y\u0131l\u0131 09.2014 &#8211; &#8230;, 1398 ccm, 90 PS<\/p>\n","protected":false},"excerpt":{"rendered":"<p>DO\u011eAN OTOMOT\u0130V YEDEK PAR\u00c7A<br \/>\nLTD \u015eT\u0130 \u0130VED\u0130K ORGAN\u0130ZE SAN 1471 SOKAK 91-A OST\u0130M ANKARA<br \/>\nSEM\u0130H SAVA\u015e\u00c7I (312) 395 20 95<br \/>\n0533 322 16 09<br \/>\nMUSTAFA SAVA\u015e\u00c7I<br \/>\n0 (312) 395 20 95<br \/>\nIBAN NO: TR 54 0011 1000 0000 0098 3516 19<br \/>\nF\u0130NANSBANK ENPARA<br \/>\n\u015eUBE KODU: 03663<br \/>\nHESAP NO: 98351619<\/p>\n<p>ONL\u0130NE SATI\u015eIMIZ YOKTUR<\/p>\n<p>NOT 5 G\u00dcN \u0130\u00c7ER\u0130S\u0130NDE \u0130YADES\u0130 OLMAYAN MAZEME GER\u0130 ALINMAZ<br \/>\nPaket i\u00e7eri\u011fi: 1 Adet<br \/>\nSATI\u015e F\u0130YATI KDV DAH\u0130L pe\u015fin fiyat\u0131d\u0131r<br \/>\nSAAT 18:00 KADAR VER\u0130LEN \u015e\u0130PAR\u0130\u015e AYNI G\u00dcN KARGO \u0130LE G\u00d6NDER\u0130M\u0130 YAPILIR.<br \/>\nKARGO \u0130ADES\u0130 DURUMUNDA .<br \/>\nKARGO \u00dcCRET\u0130 M\u00dc\u015eTER\u0130YE A\u0130TT\u0130R. AYRICA KARGODA KIRILAN PAR\u00c7ALARDAN SORUMLU DEY\u0130L\u0130Z<\/p>\n<p>27\/11\/2014 tarih ve 29188 say\u0131l\u0131 resmi gazetede yay\u0131mlanan mesafeli sat\u0131\u015flar y\u00f6netmeli\u011finin 15. maddesinde cayma hakk\u0131n\u0131n istisnalar\u0131 belirtilmi\u015ftir. \u0130lgili maddenin a bendinde &#8220;fiyat\u0131 finansal piyasalardaki dalgalanmalara ba\u011fl\u0131 olarak de\u011fi\u015fen ve sat\u0131c\u0131 veya sa\u011flay\u0131c\u0131n\u0131n kontrol\u00fcnde olmayan mal veya hizmetlere ili\u015fkin s\u00f6zle\u015fmeler&#8221; cayma hakk\u0131ndan istisna edilmi\u015ftir. \u00dcr\u00fcnlerimiz ithal \u00fcr\u00fcnler olup fiyatlar\u0131 g\u00fcnl\u00fck usd kurlar\u0131 kullan\u0131larak tl kar\u015f\u0131l\u0131\u011f\u0131na \u00e7evrilmesiyle hesaplanmaktad\u0131r. Fiyatlar kurdaki de\u011fi\u015fmeler ba\u011fl\u0131 olarak g\u00fcnl\u00fck olarak de\u011fi\u015fmektedir. Bu nedenle y\u00f6netmeli\u011fin 15. Md\/a bendi gere\u011fi cayma hakk\u0131ndan m\u00fcstesnad\u0131r. M\u00fc\u015fterilerimiz sipari\u015f \u00f6ncesinde bu konu hakk\u0131nda \u00f6n bilgilendirme yap\u0131ld\u0131\u011f\u0131n\u0131 kabul eder.<\/p>\n","protected":false},"featured_media":9459,"comment_status":"open","ping_status":"closed","template":"","meta":{"_joinchat":[]},"product_cat":[21],"product_tag":[6427,6426,6428,6430,6429],"class_list":{"0":"post-9457","1":"product","2":"type-product","3":"status-publish","4":"has-post-thumbnail","6":"product_cat-opel","7":"product_tag-13386536-hava-akis-metresi-astra-j-1","8":"product_tag-13386536-hava-akis-metresi-astra-j-orj-cikma","9":"product_tag-2-1","10":"product_tag-4-0280218293-orj-cikma","11":"product_tag-4-orj-cikma","13":"first","14":"instock","15":"sale","16":"shipping-taxable","17":"purchasable","18":"product-type-simple"},"_links":{"self":[{"href":"https:\/\/dogan-otomotiv.com\/index.php\/wp-json\/wp\/v2\/product\/9457","targetHints":{"allow":["GET"]}}],"collection":[{"href":"https:\/\/dogan-otomotiv.com\/index.php\/wp-json\/wp\/v2\/product"}],"about":[{"href":"https:\/\/dogan-otomotiv.com\/index.php\/wp-json\/wp\/v2\/types\/product"}],"replies":[{"embeddable":true,"href":"https:\/\/dogan-otomotiv.com\/index.php\/wp-json\/wp\/v2\/comments?post=9457"}],"wp:featuredmedia":[{"embeddable":true,"href":"https:\/\/dogan-otomotiv.com\/index.php\/wp-json\/wp\/v2\/media\/9459"}],"wp:attachment":[{"href":"https:\/\/dogan-otomotiv.com\/index.php\/wp-json\/wp\/v2\/media?parent=9457"}],"wp:term":[{"taxonomy":"product_cat","embeddable":true,"href":"https:\/\/dogan-otomotiv.com\/index.php\/wp-json\/wp\/v2\/product_cat?post=9457"},{"taxonomy":"product_tag","embeddable":true,"href":"https:\/\/dogan-otomotiv.com\/index.php\/wp-json\/wp\/v2\/product_tag?post=9457"}],"curies":[{"name":"wp","href":"https:\/\/api.w.org\/{rel}","templated":true}]}}