{"id":9455,"date":"2022-01-30T12:12:27","date_gmt":"2022-01-30T12:12:27","guid":{"rendered":"https:\/\/dogan-otomotiv.com\/?post_type=product&#038;p=9455"},"modified":"2025-06-25T14:26:16","modified_gmt":"2025-06-25T14:26:16","slug":"038906461b-hava-akis-metre-vw-19-tdi-bls-bjb-t5-cadd-orj-cikma","status":"publish","type":"product","link":"https:\/\/dogan-otomotiv.com\/index.php\/urun\/038906461b-hava-akis-metre-vw-19-tdi-bls-bjb-t5-cadd-orj-cikma\/","title":{"rendered":"038906461B HAVA AKI\u015e METRE VW 1,9 TDI BLS-BJB T5-CADD ORJ \u00c7IKMA"},"content":{"rendered":"<p>VW Sharan I (7M8, 7M9, 7M6) (Yap\u0131m Y\u0131l\u0131 09.1995 &#8211; 03.2010, 90 &#8211; 115 PS, Dizel)<br \/>\nVW Golf IV Hatchback (1J1) (Yap\u0131m Y\u0131l\u0131 08.1997 &#8211; 06.2005, 90 &#8211; 115 PS, Dizel)<br \/>\nVW Golf IV Varyant (1J5) (Yap\u0131m Y\u0131l\u0131 05.1999 &#8211; 06.2006, 90 &#8211; 115 PS, Dizel)<br \/>\nVW Yeni Beetle Hatchback (9C1, 1C1) (Yap\u0131m Y\u0131l\u0131 01.1998 &#8211; 09.2010, 90 &#8211; 105 PS, Dizel)<br \/>\nVW Bora Sedan (1J2) (Yap\u0131m Y\u0131l\u0131 10.1998 &#8211; 05.2005, 90 &#8211; 115 PS, Dizel)<br \/>\nVW Bora Varyant (1J6) (Yap\u0131m Y\u0131l\u0131 05.1999 &#8211; 05.2005, 90 &#8211; 115 PS, Dizel)<br \/>\nVW Polo IV Hatchback (9N) (Yap\u0131m Y\u0131l\u0131 10.2001 &#8211; 11.2009, 70 &#8211; 101 PS, Dizel)<br \/>\nVW Touran I (1T1, 1T2) (Yap\u0131m Y\u0131l\u0131 02.2003 &#8211; 05.2010, 90 &#8211; 105 PS, Dizel)<br \/>\nVW New Beetle Cabrio (1Y7) (Yap\u0131m Y\u0131l\u0131 06.2003 &#8211; 09.2010, 100 &#8211; 105 PS, Dizel)<br \/>\nVW Multivan T5 (7HM, 7HN, 7HF, 7EF, 7EM, 7EN) (Yap\u0131m Y\u0131l\u0131 04.2003 &#8211; 11.2009, 84 &#8211; 105 PS, Dizel)<br \/>\nVW Golf V Hatchback (1K1) (Yap\u0131m Y\u0131l\u0131 10.2003 &#8211; 11.2008, 75 &#8211; 105 PS, Dizel)<br \/>\nVW Transporter T5 Platform \/ \u015easi (7JD, 7JE, 7JL, 7JY, 7JZ, 7FD) (Yap\u0131m Y\u0131l\u0131 04.2003 &#8211; 11.2009, 84 &#8211; 174 PS, Dizel)<br \/>\nVW Transporter T5 Van (7HA, 7HH, 7EA, 7EH) (Yap\u0131m Y\u0131l\u0131 04.2003 &#8211; 11.2009, 84 &#8211; 174 PS, Dizel)<br \/>\nVW Transporter T5 Minib\u00fcs (7HB, 7HJ, 7EB, 7EJ, 7EF, 7EG, 7HF, 7EC) (Yap\u0131m Y\u0131l\u0131 04.2003 &#8211; 11.2009, 84 &#8211; 174 PS, Dizel)<br \/>\n1.9 TDI, Yap\u0131m Y\u0131l\u0131 01.2006 &#8211; 11.2009, 1896 ccm, 84 PS<br \/>\n1.9 TDI, Yap\u0131m Y\u0131l\u0131 04.2003 &#8211; 11.2009, 1896 ccm, 85 PS<br \/>\n1.9 TDI, Yap\u0131m Y\u0131l\u0131 06.2006 &#8211; 11.2009, 1896 ccm, 102 PS<br \/>\n1.9 TDI, Yap\u0131m Y\u0131l\u0131 04.2003 &#8211; 11.2009, 1896 ccm, 105 PS<br \/>\n2.5 TDI, Yap\u0131m Y\u0131l\u0131 04.2003 &#8211; 11.2009, 2461 ccm, 130 PS<br \/>\n2.5 TDI, Yap\u0131m Y\u0131l\u0131 04.2003 &#8211; 11.2009, 2461 ccm, 174 PS<br \/>\nVW Polo IV Sedan (9A4, 9A2, 9N2, 9A6) (Yap\u0131m Y\u0131l\u0131 07.2003 &#8211; &#8230;, 75 PS, Dizel)<br \/>\nVW Caddy III Van (2KA, 2KH, 2CA, 2CH) (Yap\u0131m Y\u0131l\u0131 03.2004 &#8211; 05.2015, 70 &#8211; 105 PS, Dizel, Benzin)<br \/>\nVW Caddy III Estate (2KB, 2KJ, 2CB, 2CJ) (Yap\u0131m Y\u0131l\u0131 03.2004 &#8211; 05.2015, 70 &#8211; 105 PS, Dizel, Benzin)<br \/>\nVW Golf Plus \/ Crossgolf (5M1, 521) (Yap\u0131m Y\u0131l\u0131 01.2005 &#8211; 01.2009, 90 &#8211; 105 PS, Dizel)<br \/>\nVW Passat B6 Sedan (3C2) (Yap\u0131m Y\u0131l\u0131 03.2005 &#8211; 11.2008, 105 PS, Dizel)<br \/>\nVW Fox Hatchback (5Z1, 5Z3, 5Z4) (Yap\u0131m Y\u0131l\u0131 04.2005 &#8211; 12.2009, 70 PS, Dizel)<br \/>\nVW Jetta Mk5 (1K) (Yap\u0131m Y\u0131l\u0131 08.2005 &#8211; 10.2010, 105 PS, Dizel)<br \/>\nVW Passat B6 Varyant\u0131 (3C5) (Yap\u0131m Y\u0131l\u0131 08.2005 &#8211; 11.2008, 105 PS, Dizel)<br \/>\nVW Golf V Varyant\u0131 (1K5) (Yap\u0131m Y\u0131l\u0131 06.2007 &#8211; 07.2009, 105 PS, Dizel)<br \/>\nVW Golf Van IV Varyant (1J5) (Yap\u0131m Y\u0131l\u0131 05.1999 &#8211; 06.2006, 90 &#8211; 101 PS, Dizel)<\/p>\n","protected":false},"excerpt":{"rendered":"<p>DO\u011eAN OTOMOT\u0130V YEDEK PAR\u00c7A<br \/>\nLTD \u015eT\u0130 \u0130VED\u0130K ORGAN\u0130ZE SAN 1471 SOKAK 91-A OST\u0130M ANKARA<br \/>\nSEM\u0130H SAVA\u015e\u00c7I (312) 395 20 95<br \/>\n0533 322 16 09<br \/>\nMUSTAFA SAVA\u015e\u00c7I<br \/>\n0 (312) 395 20 95<br \/>\nIBAN NO: TR 54 0011 1000 0000 0098 3516 19<br \/>\nF\u0130NANSBANK ENPARA<br \/>\n\u015eUBE KODU: 03663<br \/>\nHESAP NO: 98351619<\/p>\n<p>ONL\u0130NE SATI\u015eIMIZ YOKTUR<\/p>\n<p>NOT 5 G\u00dcN \u0130\u00c7ER\u0130S\u0130NDE \u0130YADES\u0130 OLMAYAN MAZEME GER\u0130 ALINMAZ<br \/>\nPaket i\u00e7eri\u011fi: 1 Adet<br \/>\nSATI\u015e F\u0130YATI KDV DAH\u0130L pe\u015fin fiyat\u0131d\u0131r<br \/>\nSAAT 18:00 KADAR VER\u0130LEN \u015e\u0130PAR\u0130\u015e AYNI G\u00dcN KARGO \u0130LE G\u00d6NDER\u0130M\u0130 YAPILIR.<br \/>\nKARGO \u0130ADES\u0130 DURUMUNDA .<br \/>\nKARGO \u00dcCRET\u0130 M\u00dc\u015eTER\u0130YE A\u0130TT\u0130R. AYRICA KARGODA KIRILAN PAR\u00c7ALARDAN SORUMLU DEY\u0130L\u0130Z<\/p>\n<p>27\/11\/2014 tarih ve 29188 say\u0131l\u0131 resmi gazetede yay\u0131mlanan mesafeli sat\u0131\u015flar y\u00f6netmeli\u011finin 15. maddesinde cayma hakk\u0131n\u0131n istisnalar\u0131 belirtilmi\u015ftir. \u0130lgili maddenin a bendinde &#8220;fiyat\u0131 finansal piyasalardaki dalgalanmalara ba\u011fl\u0131 olarak de\u011fi\u015fen ve sat\u0131c\u0131 veya sa\u011flay\u0131c\u0131n\u0131n kontrol\u00fcnde olmayan mal veya hizmetlere ili\u015fkin s\u00f6zle\u015fmeler&#8221; cayma hakk\u0131ndan istisna edilmi\u015ftir. \u00dcr\u00fcnlerimiz ithal \u00fcr\u00fcnler olup fiyatlar\u0131 g\u00fcnl\u00fck usd kurlar\u0131 kullan\u0131larak tl kar\u015f\u0131l\u0131\u011f\u0131na \u00e7evrilmesiyle hesaplanmaktad\u0131r. Fiyatlar kurdaki de\u011fi\u015fmeler ba\u011fl\u0131 olarak g\u00fcnl\u00fck olarak de\u011fi\u015fmektedir. Bu nedenle y\u00f6netmeli\u011fin 15. Md\/a bendi gere\u011fi cayma hakk\u0131ndan m\u00fcstesnad\u0131r. M\u00fc\u015fterilerimiz sipari\u015f \u00f6ncesinde bu konu hakk\u0131nda \u00f6n bilgilendirme yap\u0131ld\u0131\u011f\u0131n\u0131 kabul eder.<\/p>\n","protected":false},"featured_media":9456,"comment_status":"open","ping_status":"closed","template":"","meta":{"_joinchat":[]},"product_cat":[15],"product_tag":[6424,9985],"class_list":{"0":"post-9455","1":"product","2":"type-product","3":"status-publish","4":"has-post-thumbnail","6":"product_cat-volkswagen","7":"product_tag-038906461b-hava-akis-metre-vw-1","8":"product_tag-9-tdi-bls-bjb-t5-cadd-orj-cikma","10":"first","11":"instock","12":"sale","13":"shipping-taxable","14":"purchasable","15":"product-type-simple"},"_links":{"self":[{"href":"https:\/\/dogan-otomotiv.com\/index.php\/wp-json\/wp\/v2\/product\/9455","targetHints":{"allow":["GET"]}}],"collection":[{"href":"https:\/\/dogan-otomotiv.com\/index.php\/wp-json\/wp\/v2\/product"}],"about":[{"href":"https:\/\/dogan-otomotiv.com\/index.php\/wp-json\/wp\/v2\/types\/product"}],"replies":[{"embeddable":true,"href":"https:\/\/dogan-otomotiv.com\/index.php\/wp-json\/wp\/v2\/comments?post=9455"}],"wp:featuredmedia":[{"embeddable":true,"href":"https:\/\/dogan-otomotiv.com\/index.php\/wp-json\/wp\/v2\/media\/9456"}],"wp:attachment":[{"href":"https:\/\/dogan-otomotiv.com\/index.php\/wp-json\/wp\/v2\/media?parent=9455"}],"wp:term":[{"taxonomy":"product_cat","embeddable":true,"href":"https:\/\/dogan-otomotiv.com\/index.php\/wp-json\/wp\/v2\/product_cat?post=9455"},{"taxonomy":"product_tag","embeddable":true,"href":"https:\/\/dogan-otomotiv.com\/index.php\/wp-json\/wp\/v2\/product_tag?post=9455"}],"curies":[{"name":"wp","href":"https:\/\/api.w.org\/{rel}","templated":true}]}}