{"id":9449,"date":"2022-01-30T11:01:33","date_gmt":"2022-01-30T11:01:33","guid":{"rendered":"https:\/\/dogan-otomotiv.com\/?post_type=product&#038;p=9449"},"modified":"2025-08-07T08:19:55","modified_gmt":"2025-08-07T08:19:55","slug":"51831050-hava-akis-metrel-punto-punto-doblo-500-1-3d-mutijet-1-6d-mutlijet-bravo-0281006054","status":"publish","type":"product","link":"https:\/\/dogan-otomotiv.com\/index.php\/urun\/51831050-hava-akis-metrel-punto-punto-doblo-500-1-3d-mutijet-1-6d-mutlijet-bravo-0281006054\/","title":{"rendered":"51831050  Hava AKI\u015e METRE Punto Punto Doblo 500 1.3d Mut\u0131jet 1.6d Mutl\u0131jet Bravo 0281006054"},"content":{"rendered":"<p>0281006054 Hava AKI\u015e METREL Punto Punto Doblo 500 1.3d Mut\u0131jet 1.6d Mutl\u0131jet Bravo ORJ \u00c7IKMA<br \/>\nOEN 51782035 \u2014 ALFA ROMEO<br \/>\nOEN 51831050 \u2014 ALFA ROMEO<br \/>\nOEN 51831050 \u2014 CHRYSLER<br \/>\nOEN 1636 75 \u2014 CITRO\u00cbN<br \/>\nOEN 51782035 \u2014 FIAT<br \/>\nOEN 51831050 \u2014 FIAT<br \/>\nOEN 71750589 \u2014 FIAT<br \/>\nOEN K68083242AA \u2014 FIAT<br \/>\nOEN 1 729 032 \u2014 FORD<br \/>\nOEN BS51-12B579-AA \u2014 FORD<br \/>\nOEN 55206758 \u2014 FPT<br \/>\nOEN 55220715 \u2014 FPT<br \/>\nOEN 95 510 006 \u2014 GENERAL MOTORS<br \/>\nOEN 95 510 015 \u2014 GENERAL MOTORS<br \/>\nOEN 138348 \u2014 HITACHI<br \/>\nOEN 51831050 \u2014 JEEP<br \/>\nOEN 51782035 \u2014 LANCIA<br \/>\nOEN 51831050 \u2014 LANCIA<br \/>\nOEN 8 36 013 \u2014 OPEL<br \/>\nOEN 8 36 014 \u2014 OPEL<br \/>\nOEN 95510006 \u2014 OPEL<br \/>\nOEN 95510015 \u2014 OPEL<br \/>\nOEN 1636 75 \u2014 PEUGEOT<br \/>\nOEN 13800-68L50 \u2014 SUZUKI<br \/>\nOEN 13800-68L50-000 \u2014 SUZUKI<br \/>\nOEN 13800-79J80 \u2014 SUZUKI<br \/>\nOEN 13800-79J80-000 \u2014 SUZUKI<br \/>\nOEN 95510006 \u2014 VAUXHALL<br \/>\nOEN 95510015 \u2014 VAUXHALL<br \/>\nFIAT Panda II Hatchback (169) (Yap\u0131m Y\u0131l\u0131 06.2006 &#8211; 08.2013, 75 PS, Dizel)<br \/>\nFIAT Idea (350) (Yap\u0131m Y\u0131l\u0131 05.2008 &#8211; &#8230;, 95 &#8211; 120 PS, Dizel)<br \/>\nFIAT Grande Punto Hatchback (199) (Yap\u0131m Y\u0131l\u0131 10.2005 &#8211; &#8230;, 75 &#8211; 120 PS, Dizel)<br \/>\nFIAT Sedici (MY) (Yap\u0131m Y\u0131l\u0131 06.2006 &#8211; 10.2014, 135 PS, Dizel)<br \/>\nFIAT Ducato III Minib\u00fcs (250, 290) (Yap\u0131m Y\u0131l\u0131 07.2006 &#8211; &#8230;, 111 &#8211; 150 PS, Dizel)<br \/>\nFIAT Ducato III Van (250, 290) (Yap\u0131m Y\u0131l\u0131 07.2006 &#8211; &#8230;, 111 &#8211; 177 PS, Dizel)<br \/>\nFIAT Ducato III Platform \/ \u015easi (250, 290) (Yap\u0131m Y\u0131l\u0131 07.2006 &#8211; &#8230;, 111 &#8211; 177 PS, Dizel)<br \/>\nFIAT Bravo II Hatchback (198) (Yap\u0131m Y\u0131l\u0131 09.2007 &#8211; 12.2014, 90 &#8211; 165 PS, Dizel)<br \/>\nFIAT 500 Hatchback (312) (Yap\u0131m Y\u0131l\u0131 12.2009 &#8211; &#8230;, 65 &#8211; 95 PS, Dizel, Benzin)<br \/>\nFIAT Linea (323, 110) (Yap\u0131m Y\u0131l\u0131 06.2009 &#8211; &#8230;, 95 &#8211; 105 PS, Dizel)<br \/>\nFIAT Fiorino III Kasa \/ Emlak (225) (Yap\u0131m Y\u0131l\u0131 11.2007 &#8211; &#8230;, 75 &#8211; 95 PS, Dizel)<br \/>\nFIAT Qubo (225) (Yap\u0131m Y\u0131l\u0131 02.2008 &#8211; &#8230;, 75 &#8211; 95 PS, Dizel)<br \/>\nFIAT Punto Evo Hatchback (199) (Yap\u0131m Y\u0131l\u0131 07.2008 &#8211; &#8230;, 69 &#8211; 120 PS, Dizel)<br \/>\nFIAT 500 C Cabrio (312) (Yap\u0131m Y\u0131l\u0131 09.2009 &#8211; &#8230;, 95 PS, Dizel)<br \/>\nFIAT Doblo II Estate (263) (Yap\u0131m Y\u0131l\u0131 02.2010 &#8211; &#8230;, 90 &#8211; 135 PS, Dizel)<br \/>\nFIAT Doblo II Kasa \/ Emlak (263) (Yap\u0131m Y\u0131l\u0131 02.2010 &#8211; &#8230;, 75 &#8211; 135 PS, Dizel)<br \/>\nFIAT Strada I Van (138A) (Yap\u0131m Y\u0131l\u0131 04.2008 &#8211; &#8230;, 75 &#8211; 95 PS, Dizel)<br \/>\nFIAT Doblo II Platform\/\u015easi (263) (Yap\u0131m Y\u0131l\u0131 02.2010 &#8211; &#8230;, 75 &#8211; 135 PS, Dizel)<br \/>\nFIAT Freemont (345) (Yap\u0131m Y\u0131l\u0131 08.2011 &#8211; &#8230;, 136 &#8211; 170 PS, Dizel)<br \/>\nFIAT Panda III Hatchback (312, 319) (Yap\u0131m Y\u0131l\u0131 02.2012 &#8211; &#8230;, 75 &#8211; 95 PS, Dizel)<br \/>\nFIAT Punto III Hatchback (199) (Yap\u0131m Y\u0131l\u0131 03.2012 &#8211; &#8230;, 75 &#8211; 95 PS, Dizel)<br \/>\nFIAT 500L (351, 352) (Yap\u0131m Y\u0131l\u0131 09.2012 &#8211; &#8230;, 84 &#8211; 120 PS, Dizel, Benzin)<br \/>\nFIAT Strada Pickup (278) (Yap\u0131m Y\u0131l\u0131 10.2010 &#8211; &#8230;, 95 PS, Dizel)<br \/>\nFIAT 500X (334) (Yap\u0131m Y\u0131l\u0131 09.2014 &#8211; &#8230;, 95 &#8211; 140 PS, Dizel)<br \/>\nFIAT Panda Van (312, 519) (Yap\u0131m Y\u0131l\u0131 02.2012 &#8211; &#8230;, 75 &#8211; 80 PS, Dizel)<br \/>\nFIAT Tipo Sedan (356) (Yap\u0131m Y\u0131l\u0131 10.2015 &#8211; &#8230;, 95 PS, Dizel)<br \/>\nFIAT Tipo Hatchback (356) (Yap\u0131m Y\u0131l\u0131 03.2016 &#8211; &#8230;, 95 PS, Dizel)<br \/>\nFIAT Tipo Estate (356) (Yap\u0131m Y\u0131l\u0131 03.2016 &#8211; &#8230;, 95 PS, Dizel)<br \/>\nFIAT Punto Evo Van (199) (Yap\u0131m Y\u0131l\u0131 03.2009 &#8211; 02.2012, 95 PS, Dizel)<br \/>\nFIAT Bravo II Van (198) (Yap\u0131m Y\u0131l\u0131 03.2008 &#8211; 12.2014, 105 PS, Dizel)<br \/>\n1.6 JTD (198AXH1B), Yap\u0131m Y\u0131l\u0131 03.2008 &#8211; 12.2014, 1598 ccm, 105 PS<\/p>\n","protected":false},"excerpt":{"rendered":"<p>DO\u011eAN OTOMOT\u0130V YEDEK PAR\u00c7A<br \/>\nLTD \u015eT\u0130 \u0130VED\u0130K ORGAN\u0130ZE SAN 1471 SOKAK 91-A OST\u0130M ANKARA<br \/>\nSEM\u0130H SAVA\u015e\u00c7I (312) 395 20 95<br \/>\n0533 322 16 09<br \/>\nMUSTAFA SAVA\u015e\u00c7I<br \/>\n0 (312) 395 20 95<br \/>\nIBAN NO: TR 54 0011 1000 0000 0098 3516 19<br \/>\nF\u0130NANSBANK ENPARA<br \/>\n\u015eUBE KODU: 03663<br \/>\nHESAP NO: 98351619<\/p>\n<p>ONL\u0130NE SATI\u015eIMIZ YOKTUR<\/p>\n<p>NOT 5 G\u00dcN \u0130\u00c7ER\u0130S\u0130NDE \u0130YADES\u0130 OLMAYAN MAZEME GER\u0130 ALINMAZ<br \/>\nPaket i\u00e7eri\u011fi: 1 Adet<br \/>\nSATI\u015e F\u0130YATI KDV DAH\u0130L pe\u015fin fiyat\u0131d\u0131r<br \/>\nSAAT 18:00 KADAR VER\u0130LEN \u015e\u0130PAR\u0130\u015e AYNI G\u00dcN KARGO \u0130LE G\u00d6NDER\u0130M\u0130 YAPILIR.<br \/>\nKARGO \u0130ADES\u0130 DURUMUNDA .<br \/>\nKARGO \u00dcCRET\u0130 M\u00dc\u015eTER\u0130YE A\u0130TT\u0130R. AYRICA KARGODA KIRILAN PAR\u00c7ALARDAN SORUMLU DEY\u0130L\u0130Z<\/p>\n<p>27\/11\/2014 tarih ve 29188 say\u0131l\u0131 resmi gazetede yay\u0131mlanan mesafeli sat\u0131\u015flar y\u00f6netmeli\u011finin 15. maddesinde cayma hakk\u0131n\u0131n istisnalar\u0131 belirtilmi\u015ftir. \u0130lgili maddenin a bendinde &#8220;fiyat\u0131 finansal piyasalardaki dalgalanmalara ba\u011fl\u0131 olarak de\u011fi\u015fen ve sat\u0131c\u0131 veya sa\u011flay\u0131c\u0131n\u0131n kontrol\u00fcnde olmayan mal veya hizmetlere ili\u015fkin s\u00f6zle\u015fmeler&#8221; cayma hakk\u0131ndan istisna edilmi\u015ftir. \u00dcr\u00fcnlerimiz ithal \u00fcr\u00fcnler olup fiyatlar\u0131 g\u00fcnl\u00fck usd kurlar\u0131 kullan\u0131larak tl kar\u015f\u0131l\u0131\u011f\u0131na \u00e7evrilmesiyle hesaplanmaktad\u0131r. Fiyatlar kurdaki de\u011fi\u015fmeler ba\u011fl\u0131 olarak g\u00fcnl\u00fck olarak de\u011fi\u015fmektedir. Bu nedenle y\u00f6netmeli\u011fin 15. Md\/a bendi gere\u011fi cayma hakk\u0131ndan m\u00fcstesnad\u0131r. M\u00fc\u015fterilerimiz sipari\u015f \u00f6ncesinde bu konu hakk\u0131nda \u00f6n bilgilendirme yap\u0131ld\u0131\u011f\u0131n\u0131 kabul eder.<\/p>\n","protected":false},"featured_media":16273,"comment_status":"open","ping_status":"closed","template":"","meta":{"_joinchat":[]},"product_cat":[6216,536,25,21],"product_tag":[9976],"class_list":{"0":"post-9449","1":"product","2":"type-product","3":"status-publish","4":"has-post-thumbnail","6":"product_cat-alfa-romeo","7":"product_cat-fiat","8":"product_cat-ford","9":"product_cat-opel","10":"product_tag-51831050-hava-akis-metrel-punto-punto-doblo-500-1-3d-mutijet-1-6d-mutlijet-bravo-0281006054","12":"first","13":"instock","14":"sale","15":"shipping-taxable","16":"purchasable","17":"product-type-simple"},"_links":{"self":[{"href":"https:\/\/dogan-otomotiv.com\/index.php\/wp-json\/wp\/v2\/product\/9449","targetHints":{"allow":["GET"]}}],"collection":[{"href":"https:\/\/dogan-otomotiv.com\/index.php\/wp-json\/wp\/v2\/product"}],"about":[{"href":"https:\/\/dogan-otomotiv.com\/index.php\/wp-json\/wp\/v2\/types\/product"}],"replies":[{"embeddable":true,"href":"https:\/\/dogan-otomotiv.com\/index.php\/wp-json\/wp\/v2\/comments?post=9449"}],"wp:featuredmedia":[{"embeddable":true,"href":"https:\/\/dogan-otomotiv.com\/index.php\/wp-json\/wp\/v2\/media\/16273"}],"wp:attachment":[{"href":"https:\/\/dogan-otomotiv.com\/index.php\/wp-json\/wp\/v2\/media?parent=9449"}],"wp:term":[{"taxonomy":"product_cat","embeddable":true,"href":"https:\/\/dogan-otomotiv.com\/index.php\/wp-json\/wp\/v2\/product_cat?post=9449"},{"taxonomy":"product_tag","embeddable":true,"href":"https:\/\/dogan-otomotiv.com\/index.php\/wp-json\/wp\/v2\/product_tag?post=9449"}],"curies":[{"name":"wp","href":"https:\/\/api.w.org\/{rel}","templated":true}]}}