{"id":9445,"date":"2022-01-30T10:14:41","date_gmt":"2022-01-30T10:14:41","guid":{"rendered":"https:\/\/dogan-otomotiv.com\/?post_type=product&#038;p=9445"},"modified":"2025-03-15T11:29:13","modified_gmt":"2025-03-15T11:29:13","slug":"0281002180-hava-akis-metresi-astra-17-dizel-orj-cikma","status":"publish","type":"product","link":"https:\/\/dogan-otomotiv.com\/index.php\/urun\/0281002180-hava-akis-metresi-astra-17-dizel-orj-cikma\/","title":{"rendered":"0281002180 HAVA AKI\u015e METRES\u0130 ASTRA 1,7 D\u0130ZEL ORJ \u00c7IKMA"},"content":{"rendered":"<p>OEN HFM 5-4.7-BOSCH<br \/>\nOEN 90 530 767 \u2014 CHEVROLET<br \/>\nOEN 90 543 463 \u2014 CHEVROLET<br \/>\nOEN 93 171 356 \u2014 CHEVROLET<br \/>\nOEN 8 36 592 \u2014 OPEL<br \/>\nOEN 90530767 \u2014 OPEL<br \/>\nOEN 90543463 &#8211; OPEL<br \/>\nOEN 93171356 \u2014 OPEL<br \/>\nOEN 93171356 &#8211; SAAB<br \/>\nOEN 90543463 &#8211; VAUXHALL<br \/>\nOEN 93171356 &#8211; VAUXHALL<br \/>\nOEN 90530767 &#8211; VW<br \/>\nOEN 90543463 &#8211; V<\/p>\n<p>VAUXHALL Vectra Mk1 (B) Sedan (J96) (Yap\u0131m Y\u0131l\u0131 08.1995 &#8211; 10.2001, 82 &#8211; 101 PS, Dizel)<br \/>\nVAUXHALL Vectra Mk1 (B) CC (J96) (Yap\u0131m Y\u0131l\u0131 08.1995 &#8211; 10.2001, 82 &#8211; 101 PS, Dizel)<br \/>\nVAUXHALL Vectra Mk1 (B) Estate (J96) (Yap\u0131m Y\u0131l\u0131 08.1995 &#8211; 10.2001, 82 &#8211; 101 PS, Dizel)<br \/>\nVAUXHALL Astra Mk4 (G) CC (T98) (Yap\u0131m Y\u0131l\u0131 02.1998 &#8211; 05.2005, 68 &#8211; 101 PS, Dizel)<br \/>\nVAUXHALL Astra Mk4 (G) Estate (T98) (Yap\u0131m Y\u0131l\u0131 02.1998 &#8211; 05.2005, 68 &#8211; 101 PS, Dizel)<br \/>\nVAUXHALL Zafira Mk1 (A) (T98) (Yap\u0131m Y\u0131l\u0131 04.1999 &#8211; 08.2005, 82 &#8211; 101 PS, Dizel)<br \/>\nVAUXHALL Astravan Mk4 (G) (T98) (Yap\u0131m Y\u0131l\u0131 08.1998 &#8211; 08.2006, 68 &#8211; 100 PS, Dizel)<br \/>\nVAUXHALL Corsa Mk2 (C) Hatchback (X01) (Yap\u0131m Y\u0131l\u0131 08.2000 &#8211; 09.2006, 65 &#8211; 75 PS, Dizel)<br \/>\nVAUXHALL Corsavan Mk2 (C) (X01) (Yap\u0131m Y\u0131l\u0131 09.2000 &#8211; 06.2006, 65 &#8211; 75 PS, Dizel)<br \/>\nVAUXHALL Combo Mk2 (C) Kasa \/ Emlak (F25) (Yap\u0131m Y\u0131l\u0131 09.2001 &#8211; 11.2011, 65 &#8211; 75 PS, Dizel)<br \/>\n1.7 DI 16V, Yap\u0131m Y\u0131l\u0131 09.2001 &#8211; 11.2011, 1686 ccm, 65 PS<br \/>\n1.7 DTI 16V, Yap\u0131m Y\u0131l\u0131 10.2001 &#8211; 11.2011, 1686 ccm, 75 PS<\/p>\n<p>OPEL Omega B Karavan (V94) (Yap\u0131m Y\u0131l\u0131 09.1997 &#8211; 09.2000, 101 PS, Dizel)<br \/>\nOPEL Vectra B CC (J96) (Yap\u0131m Y\u0131l\u0131 11.1996 &#8211; 07.2003, 82 &#8211; 101 PS, Dizel)<br \/>\nOPEL Vectra B Sedan (J96) (Yap\u0131m Y\u0131l\u0131 11.1996 &#8211; 04.2002, 82 &#8211; 101 PS, Dizel)<br \/>\nOPEL Vectra B Estate (J96) (Yap\u0131m Y\u0131l\u0131 11.1996 &#8211; 07.2003, 82 &#8211; 101 PS, Dizel)<br \/>\nOPEL Astra G CC (T98) (Yap\u0131m Y\u0131l\u0131 02.1998 &#8211; 01.2005, 68 &#8211; 101 PS, Dizel)<br \/>\nOPEL Astra G Karavan (T98) (Yap\u0131m Y\u0131l\u0131 02.1998 &#8211; 07.2004, 68 &#8211; 101 PS, Dizel)<br \/>\nOPEL Omega B Sedan (V94) (Yap\u0131m Y\u0131l\u0131 09.1997 &#8211; 09.2000, 101 PS, Dizel)<br \/>\nOPEL Astra G Sedan (T98) (Yap\u0131m Y\u0131l\u0131 09.1998 &#8211; 01.2005, 68 &#8211; 101 PS, Dizel)<br \/>\nOPEL Zafira A (T98) (Yap\u0131m Y\u0131l\u0131 07.1999 &#8211; 06.2005, 82 &#8211; 101 PS, Dizel)<br \/>\nOPEL Astra G Van (F70) (Yap\u0131m Y\u0131l\u0131 01.1999 &#8211; 04.2005, 68 &#8211; 101 PS, Dizel)<br \/>\nOPEL Corsa C Hatchback (X01) (Yap\u0131m Y\u0131l\u0131 09.2000 &#8211; 12.2009, 65 &#8211; 75 PS, Dizel)<br \/>\nOPEL Combo C Kasa \/ Emlak (Yap\u0131m Y\u0131l\u0131 10.2001 &#8211; &#8230;, 65 &#8211; 75 PS, Dizel)<br \/>\nOPEL Corsa \u0421 Van (X01) (Yap\u0131m Y\u0131l\u0131 09.2000 &#8211; 07.2003, 65 &#8211; 75 PS, Dizel)<br \/>\nOPEL Combo C Turu (Yap\u0131m Y\u0131l\u0131 10.2001 &#8211; 06.2004, 65 &#8211; 75 PS, Dizel)<br \/>\nOPEL Corsa C Utility Pikap (Yap\u0131m Y\u0131l\u0131 01.2003 &#8211; 12.2010, 75 PS, Dizel)<br \/>\nOPEL Corsa B Utility Pickup (Yap\u0131m Y\u0131l\u0131 08.2001 &#8211; 06.2004, 65 &#8211; 75 PS, Dizel)<br \/>\n1.7 DTi, Yap\u0131m Y\u0131l\u0131 08.2001 &#8211; 06.2004, 1686 ccm, 75 PS<\/p>\n","protected":false},"excerpt":{"rendered":"<p>DO\u011eAN OTOMOT\u0130V YEDEK PAR\u00c7A<br \/>\nLTD \u015eT\u0130 \u0130VED\u0130K ORGAN\u0130ZE SAN 1471 SOKAK 91-A OST\u0130M ANKARA<br \/>\nSEM\u0130H SAVA\u015e\u00c7I (312) 395 20 95<br \/>\n0533 322 16 09<br \/>\nMUSTAFA SAVA\u015e\u00c7I<br \/>\n0 (312) 395 20 95<br \/>\nIBAN NO: TR 54 0011 1000 0000 0098 3516 19<br \/>\nF\u0130NANSBANK ENPARA<br \/>\n\u015eUBE KODU: 03663<br \/>\nHESAP NO: 98351619<\/p>\n<p>ONL\u0130NE SATI\u015eIMIZ YOKTUR<\/p>\n<p>NOT 5 G\u00dcN \u0130\u00c7ER\u0130S\u0130NDE \u0130YADES\u0130 OLMAYAN MAZEME GER\u0130 ALINMAZ<br \/>\nPaket i\u00e7eri\u011fi: 1 Adet<br \/>\nSATI\u015e F\u0130YATI KDV DAH\u0130L pe\u015fin fiyat\u0131d\u0131r<br \/>\nSAAT 18:00 KADAR VER\u0130LEN \u015e\u0130PAR\u0130\u015e AYNI G\u00dcN KARGO \u0130LE G\u00d6NDER\u0130M\u0130 YAPILIR.<br \/>\nKARGO \u0130ADES\u0130 DURUMUNDA .<br \/>\nKARGO \u00dcCRET\u0130 M\u00dc\u015eTER\u0130YE A\u0130TT\u0130R. AYRICA KARGODA KIRILAN PAR\u00c7ALARDAN SORUMLU DEY\u0130L\u0130Z<\/p>\n<p>27\/11\/2014 tarih ve 29188 say\u0131l\u0131 resmi gazetede yay\u0131mlanan mesafeli sat\u0131\u015flar y\u00f6netmeli\u011finin 15. maddesinde cayma hakk\u0131n\u0131n istisnalar\u0131 belirtilmi\u015ftir. \u0130lgili maddenin a bendinde &#8220;fiyat\u0131 finansal piyasalardaki dalgalanmalara ba\u011fl\u0131 olarak de\u011fi\u015fen ve sat\u0131c\u0131 veya sa\u011flay\u0131c\u0131n\u0131n kontrol\u00fcnde olmayan mal veya hizmetlere ili\u015fkin s\u00f6zle\u015fmeler&#8221; cayma hakk\u0131ndan istisna edilmi\u015ftir. \u00dcr\u00fcnlerimiz ithal \u00fcr\u00fcnler olup fiyatlar\u0131 g\u00fcnl\u00fck usd kurlar\u0131 kullan\u0131larak tl kar\u015f\u0131l\u0131\u011f\u0131na \u00e7evrilmesiyle hesaplanmaktad\u0131r. Fiyatlar kurdaki de\u011fi\u015fmeler ba\u011fl\u0131 olarak g\u00fcnl\u00fck olarak de\u011fi\u015fmektedir. Bu nedenle y\u00f6netmeli\u011fin 15. Md\/a bendi gere\u011fi cayma hakk\u0131ndan m\u00fcstesnad\u0131r. M\u00fc\u015fterilerimiz sipari\u015f \u00f6ncesinde bu konu hakk\u0131nda \u00f6n bilgilendirme yap\u0131ld\u0131\u011f\u0131n\u0131 kabul eder.<\/p>\n","protected":false},"featured_media":9446,"comment_status":"open","ping_status":"closed","template":"","meta":{"_joinchat":[]},"product_cat":[21],"product_tag":[6418,6419],"class_list":{"0":"post-9445","1":"product","2":"type-product","3":"status-publish","4":"has-post-thumbnail","6":"product_cat-opel","7":"product_tag-0281002180-hava-akis-metresi-astra-1","8":"product_tag-7-dizel-orj-cikma","10":"first","11":"instock","12":"sale","13":"shipping-taxable","14":"purchasable","15":"product-type-simple"},"_links":{"self":[{"href":"https:\/\/dogan-otomotiv.com\/index.php\/wp-json\/wp\/v2\/product\/9445","targetHints":{"allow":["GET"]}}],"collection":[{"href":"https:\/\/dogan-otomotiv.com\/index.php\/wp-json\/wp\/v2\/product"}],"about":[{"href":"https:\/\/dogan-otomotiv.com\/index.php\/wp-json\/wp\/v2\/types\/product"}],"replies":[{"embeddable":true,"href":"https:\/\/dogan-otomotiv.com\/index.php\/wp-json\/wp\/v2\/comments?post=9445"}],"wp:featuredmedia":[{"embeddable":true,"href":"https:\/\/dogan-otomotiv.com\/index.php\/wp-json\/wp\/v2\/media\/9446"}],"wp:attachment":[{"href":"https:\/\/dogan-otomotiv.com\/index.php\/wp-json\/wp\/v2\/media?parent=9445"}],"wp:term":[{"taxonomy":"product_cat","embeddable":true,"href":"https:\/\/dogan-otomotiv.com\/index.php\/wp-json\/wp\/v2\/product_cat?post=9445"},{"taxonomy":"product_tag","embeddable":true,"href":"https:\/\/dogan-otomotiv.com\/index.php\/wp-json\/wp\/v2\/product_tag?post=9445"}],"curies":[{"name":"wp","href":"https:\/\/api.w.org\/{rel}","templated":true}]}}