{"id":9443,"date":"2022-01-30T09:54:29","date_gmt":"2022-01-30T09:54:29","guid":{"rendered":"https:\/\/dogan-otomotiv.com\/?post_type=product&#038;p=9443"},"modified":"2025-09-15T08:35:35","modified_gmt":"2025-09-15T08:35:35","slug":"0280218088-hava-kutle-volvo-s80-8670115-8670398-8627296-s60-s80-c70-orj-cikma","status":"publish","type":"product","link":"https:\/\/dogan-otomotiv.com\/index.php\/urun\/0280218088-hava-kutle-volvo-s80-8670115-8670398-8627296-s60-s80-c70-orj-cikma\/","title":{"rendered":"0280218088 Hava AKI\u015e Volvo S80 8670115-8670398-8627296 S60 S80 C70 ORJ \u00c7IKMA"},"content":{"rendered":"<p>K\u0131sa A\u00e7\u0131klama:<br \/>\nOEN 31342362 \u2014 VOLVO<br \/>\nOEN 31 342 414 \u2014 VOLVO<br \/>\nOEN 8 627 296 \u2014 VOLVO<br \/>\nOEN 8 670 115 \u2014 VOLVO<br \/>\nOEN 8 670 398 \u2014 VOLVO<br \/>\nOEN 86703980 \u2014 VOLVO<br \/>\nOEN 94706400 \u2014 VOLVO<\/p>\n<p>VOLVO S80 I (TS, 184) (Year of Construction 12.1999 &#8211; 07.2006, 131 &#8211; 265 PS, Diesel, Petrol)<br \/>\nVOLVO C70 I Convertible (873) (Year of Construction 03.2000 &#8211; 10.2005, 163 &#8211; 245 PS, Petrol)<br \/>\nVOLVO V70 II (SW, 285) (Year of Construction 11.1999 &#8211; 12.2008, 131 &#8211; 265 PS, Diesel, Petrol)<br \/>\nVOLVO S60 I (P24, 384) (Year of Construction 07.2000 &#8211; 04.2010, 116 &#8211; 210 PS, Diesel, Petrol)<br \/>\nVOLVO XC70 I Cross Country (P2, 295) (Year of Construction 08.2002 &#8211; 08.2007, 163 &#8211; 220 PS, Diesel, Petrol)<br \/>\nVOLVO XC90 I (C, 275) (Year of Construction 10.2002 &#8211; 09.2014, 163 &#8211; 209 PS, Diesel, Petrol)<br \/>\n2.5, Year of Construction 01.2003 &#8211; 12.2006, 2521 ccm, 208 PS<br \/>\n2.5 T AWD, Year of Construction 10.2012 &#8211; 09.2014, 2497 ccm, 209 PS<br \/>\n2.4 D5, Year of Construction 10.2002 &#8211; 12.2006, 2401 ccm, 163 PS<\/p>\n","protected":false},"excerpt":{"rendered":"<p>DO\u011eAN OTOMOT\u0130V YEDEK PAR\u00c7A<br \/>\nLTD \u015eT\u0130 \u0130VED\u0130K ORGAN\u0130ZE SAN 1471 SOKAK 91-A OST\u0130M ANKARA<br \/>\nSEM\u0130H SAVA\u015e\u00c7I (312) 395 20 95<br \/>\n0533 322 16 09<br \/>\nMUSTAFA SAVA\u015e\u00c7I<br \/>\n0 (312) 395 20 95<br \/>\nIBAN NO: TR 54 0011 1000 0000 0098 3516 19<br \/>\nF\u0130NANSBANK ENPARA<br \/>\n\u015eUBE KODU: 03663<br \/>\nHESAP NO: 98351619<\/p>\n<p>ONL\u0130NE SATI\u015eIMIZ YOKTUR<\/p>\n<p>NOT 5 G\u00dcN \u0130\u00c7ER\u0130S\u0130NDE \u0130YADES\u0130 OLMAYAN MAZEME GER\u0130 ALINMAZ<br \/>\nPaket i\u00e7eri\u011fi: 1 Adet<br \/>\nSATI\u015e F\u0130YATI KDV DAH\u0130L pe\u015fin fiyat\u0131d\u0131r<br \/>\nSAAT 18:00 KADAR VER\u0130LEN \u015e\u0130PAR\u0130\u015e AYNI G\u00dcN KARGO \u0130LE G\u00d6NDER\u0130M\u0130 YAPILIR.<br \/>\nKARGO \u0130ADES\u0130 DURUMUNDA .<br \/>\nKARGO \u00dcCRET\u0130 M\u00dc\u015eTER\u0130YE A\u0130TT\u0130R. AYRICA KARGODA KIRILAN PAR\u00c7ALARDAN SORUMLU DEY\u0130L\u0130Z<\/p>\n<p>27\/11\/2014 tarih ve 29188 say\u0131l\u0131 resmi gazetede yay\u0131mlanan mesafeli sat\u0131\u015flar y\u00f6netmeli\u011finin 15. maddesinde cayma hakk\u0131n\u0131n istisnalar\u0131 belirtilmi\u015ftir. \u0130lgili maddenin a bendinde &#8220;fiyat\u0131 finansal piyasalardaki dalgalanmalara ba\u011fl\u0131 olarak de\u011fi\u015fen ve sat\u0131c\u0131 veya sa\u011flay\u0131c\u0131n\u0131n kontrol\u00fcnde olmayan mal veya hizmetlere ili\u015fkin s\u00f6zle\u015fmeler&#8221; cayma hakk\u0131ndan istisna edilmi\u015ftir. \u00dcr\u00fcnlerimiz ithal \u00fcr\u00fcnler olup fiyatlar\u0131 g\u00fcnl\u00fck usd kurlar\u0131 kullan\u0131larak tl kar\u015f\u0131l\u0131\u011f\u0131na \u00e7evrilmesiyle hesaplanmaktad\u0131r. Fiyatlar kurdaki de\u011fi\u015fmeler ba\u011fl\u0131 olarak g\u00fcnl\u00fck olarak de\u011fi\u015fmektedir. Bu nedenle y\u00f6netmeli\u011fin 15. Md\/a bendi gere\u011fi cayma hakk\u0131ndan m\u00fcstesnad\u0131r. M\u00fc\u015fterilerimiz sipari\u015f \u00f6ncesinde bu konu hakk\u0131nda \u00f6n bilgilendirme yap\u0131ld\u0131\u011f\u0131n\u0131 kabul eder.<\/p>\n","protected":false},"featured_media":9444,"comment_status":"open","ping_status":"closed","template":"","meta":{"_joinchat":[]},"product_cat":[157],"product_tag":[6417],"class_list":{"0":"post-9443","1":"product","2":"type-product","3":"status-publish","4":"has-post-thumbnail","6":"product_cat-volvo","7":"product_tag-0280218088-hava-kutle-volvo-s80-8670115-8670398-8627296-s60-s80-c70-orj-cikma","9":"first","10":"instock","11":"sale","12":"shipping-taxable","13":"purchasable","14":"product-type-simple"},"_links":{"self":[{"href":"https:\/\/dogan-otomotiv.com\/index.php\/wp-json\/wp\/v2\/product\/9443","targetHints":{"allow":["GET"]}}],"collection":[{"href":"https:\/\/dogan-otomotiv.com\/index.php\/wp-json\/wp\/v2\/product"}],"about":[{"href":"https:\/\/dogan-otomotiv.com\/index.php\/wp-json\/wp\/v2\/types\/product"}],"replies":[{"embeddable":true,"href":"https:\/\/dogan-otomotiv.com\/index.php\/wp-json\/wp\/v2\/comments?post=9443"}],"wp:featuredmedia":[{"embeddable":true,"href":"https:\/\/dogan-otomotiv.com\/index.php\/wp-json\/wp\/v2\/media\/9444"}],"wp:attachment":[{"href":"https:\/\/dogan-otomotiv.com\/index.php\/wp-json\/wp\/v2\/media?parent=9443"}],"wp:term":[{"taxonomy":"product_cat","embeddable":true,"href":"https:\/\/dogan-otomotiv.com\/index.php\/wp-json\/wp\/v2\/product_cat?post=9443"},{"taxonomy":"product_tag","embeddable":true,"href":"https:\/\/dogan-otomotiv.com\/index.php\/wp-json\/wp\/v2\/product_tag?post=9443"}],"curies":[{"name":"wp","href":"https:\/\/api.w.org\/{rel}","templated":true}]}}