{"id":9441,"date":"2022-01-30T09:34:40","date_gmt":"2022-01-30T09:34:40","guid":{"rendered":"https:\/\/dogan-otomotiv.com\/?post_type=product&#038;p=9441"},"modified":"2025-03-15T10:50:25","modified_gmt":"2025-03-15T10:50:25","slug":"5wk9623-hava-akis-metresi-peugeot-206-citroen-1-9-2-0-hdi-9628336380","status":"publish","type":"product","link":"https:\/\/dogan-otomotiv.com\/index.php\/urun\/5wk9623-hava-akis-metresi-peugeot-206-citroen-1-9-2-0-hdi-9628336380\/","title":{"rendered":"5WK9623 HAVA AKI\u015e METRES\u0130 Peugeot, 206 Citroen 1.9\/2.0 HDi 9628336380"},"content":{"rendered":"<p>OEN 19208Q \u2014 CITRO\u00cbN\/PEUGEOT<\/p>\n<p>OEN 9628336380 \u2014 CITRO\u00cbN\/PEUGEOT<\/p>\n<p>OEN 71788043 \u2014 FIAT<\/p>\n<p>OEN 9628336380 \u2014 FIAT<\/p>\n<p>OEN 9639794880 \u2014 FIAT<\/p>\n<p>PEUGEOT 306 Sedan (Yap\u0131m Y\u0131l\u0131 09.1998 &#8211; 05.2001, 69 PS, Dizel)<br \/>\nPEUGEOT Partner I Van (Yap\u0131m Y\u0131l\u0131 06.1996 &#8211; 12.2002, 69 PS, Dizel)<br \/>\nPEUGEOT Partner I Combispace (Yap\u0131m Y\u0131l\u0131 12.1998 &#8211; 07.2008, 69 PS, Dizel)<br \/>\nPEUGEOT 206 Hatchback (2A\/C) (Yap\u0131m Y\u0131l\u0131 12.1999 &#8211; 09.2009, 90 PS, Dizel)<br \/>\nPEUGEOT 306 Estate (Yap\u0131m Y\u0131l\u0131 09.1998 &#8211; 04.2002, 69 PS, Dizel)<br \/>\nPeugeot 307 Hatchback (3A\/C) (Yap\u0131m Y\u0131l\u0131 08.2000 &#8211; 03.2007, 90 PS, Dizel)<br \/>\nPEUGEOT Boxer Minib\u00fcs (244) (Yap\u0131m Y\u0131l\u0131 04.2002 &#8211; &#8230;, 84 &#8211; 101 PS, Dizel)<br \/>\nPEUGEOT Boxer Van (244) (Yap\u0131m Y\u0131l\u0131 04.2002 &#8211; &#8230;, 84 &#8211; 101 PS, Dizel)<br \/>\nPEUGEOT 206 SW (2E\/K) (Yap\u0131m Y\u0131l\u0131 07.2002 &#8211; &#8230;, 90 PS, Dizel)<br \/>\nPEUGEOT Boxer Platform \/ \u015easi (244) (Yap\u0131m Y\u0131l\u0131 04.2002 &#8211; &#8230;, 84 &#8211; 101 PS, Dizel)<br \/>\nPeugeot 307 Estate (3E) (Yap\u0131m Y\u0131l\u0131 03.2002 &#8211; 04.2008, 90 PS, Dizel)<br \/>\n2.0 HDI 90, Yap\u0131m Y\u0131l\u0131 03.2002 &#8211; 04.2008, 1997 ccm, 90 PS<\/p>\n<p>FIAT Ducato II Van (230L) (Yap\u0131m Y\u0131l\u0131 10.2001 &#8211; 04.2002, 84 PS, Dizel)<br \/>\nFIAT Ducato II Minib\u00fcs (230) (Yap\u0131m Y\u0131l\u0131 10.2001 &#8211; 04.2002, 84 PS, Dizel)<br \/>\nFIAT Ducato II Minib\u00fcs (244) (Yap\u0131m Y\u0131l\u0131 04.2002 &#8211; &#8230;, 84 PS, Dizel)<br \/>\nFIAT Ducato II Van (244) (Yap\u0131m Y\u0131l\u0131 04.2002 &#8211; &#8230;, 84 PS, Dizel)<br \/>\nFIAT Ducato II Platform\/\u015easi (244) (Yap\u0131m Y\u0131l\u0131 04.2002 &#8211; 07.2006, 84 PS, Dizel)<br \/>\n2.0 JTD, Yap\u0131m Y\u0131l\u0131 04.2002 &#8211; 07.2006, 1997 ccm, 84 PS<\/p>\n<p>CITRO\u00cbN Xsara Hatchback (N1) (Yap\u0131m Y\u0131l\u0131 05.2001 &#8211; 03.2005, 109 PS, Dizel)<\/p>\n<p>CITRO\u00cbN Xsara Estate (N2) (Yap\u0131m Y\u0131l\u0131 02.1999 &#8211; 08.2005, 90 &#8211; 109 PS, Dizel)<\/p>\n<p>CITRO\u00cbN Xsara Coupe (N0) (Yap\u0131m Y\u0131l\u0131 02.1999 &#8211; 03.2005, 90 &#8211; 109 PS, Dizel)<\/p>\n<p>CITRO\u00cbN Xsara Picasso (N68) (Yap\u0131m Y\u0131l\u0131 12.1999 &#8211; 12.2011, 90 PS, Dizel)<\/p>\n<p>CITRO\u00cbN R\u00f6le I Minib\u00fcs (244) (Yap\u0131m Y\u0131l\u0131 04.2002 &#8211; &#8230;, 101 PS, Dizel)<\/p>\n<p>CITRO\u00cbN R\u00f6le I Van (244) (Yap\u0131m Y\u0131l\u0131 04.2002 &#8211; &#8230;, 101 PS, Dizel)<\/p>\n<p>CITRO\u00cbN R\u00f6le I Platform \/ \u015easi (244) (Yap\u0131m Y\u0131l\u0131 04.2002 &#8211; &#8230;, 101 PS, Dizel)<\/p>\n<p>2.2 HDi, Yap\u0131m Y\u0131l\u0131 04.2002 &#8211; &#8230;, 2179 ccm, 101 PS<\/p>\n","protected":false},"excerpt":{"rendered":"<p>DO\u011eAN OTOMOT\u0130V YEDEK PAR\u00c7A<br \/>\nLTD \u015eT\u0130 \u0130VED\u0130K ORGAN\u0130ZE SAN 1471 SOKAK 91-A OST\u0130M ANKARA<br \/>\nSEM\u0130H SAVA\u015e\u00c7I (312) 395 20 95<br \/>\n0533 322 16 09<br \/>\nMUSTAFA SAVA\u015e\u00c7I<br \/>\n0 (312) 395 20 95<br \/>\nIBAN NO: TR 54 0011 1000 0000 0098 3516 19<br \/>\nF\u0130NANSBANK ENPARA<br \/>\n\u015eUBE KODU: 03663<br \/>\nHESAP NO: 98351619<\/p>\n<p>ONL\u0130NE SATI\u015eIMIZ YOKTUR<\/p>\n<p>NOT 5 G\u00dcN \u0130\u00c7ER\u0130S\u0130NDE \u0130YADES\u0130 OLMAYAN MAZEME GER\u0130 ALINMAZ<br \/>\nPaket i\u00e7eri\u011fi: 1 Adet<br \/>\nSATI\u015e F\u0130YATI KDV DAH\u0130L pe\u015fin fiyat\u0131d\u0131r<br \/>\nSAAT 18:00 KADAR VER\u0130LEN \u015e\u0130PAR\u0130\u015e AYNI G\u00dcN KARGO \u0130LE G\u00d6NDER\u0130M\u0130 YAPILIR.<br \/>\nKARGO \u0130ADES\u0130 DURUMUNDA .<br \/>\nKARGO \u00dcCRET\u0130 M\u00dc\u015eTER\u0130YE A\u0130TT\u0130R. AYRICA KARGODA KIRILAN PAR\u00c7ALARDAN SORUMLU DEY\u0130L\u0130Z<\/p>\n<p>27\/11\/2014 tarih ve 29188 say\u0131l\u0131 resmi gazetede yay\u0131mlanan mesafeli sat\u0131\u015flar y\u00f6netmeli\u011finin 15. maddesinde cayma hakk\u0131n\u0131n istisnalar\u0131 belirtilmi\u015ftir. \u0130lgili maddenin a bendinde &#8220;fiyat\u0131 finansal piyasalardaki dalgalanmalara ba\u011fl\u0131 olarak de\u011fi\u015fen ve sat\u0131c\u0131 veya sa\u011flay\u0131c\u0131n\u0131n kontrol\u00fcnde olmayan mal veya hizmetlere ili\u015fkin s\u00f6zle\u015fmeler&#8221; cayma hakk\u0131ndan istisna edilmi\u015ftir. \u00dcr\u00fcnlerimiz ithal \u00fcr\u00fcnler olup fiyatlar\u0131 g\u00fcnl\u00fck usd kurlar\u0131 kullan\u0131larak tl kar\u015f\u0131l\u0131\u011f\u0131na \u00e7evrilmesiyle hesaplanmaktad\u0131r. Fiyatlar kurdaki de\u011fi\u015fmeler ba\u011fl\u0131 olarak g\u00fcnl\u00fck olarak de\u011fi\u015fmektedir. Bu nedenle y\u00f6netmeli\u011fin 15. Md\/a bendi gere\u011fi cayma hakk\u0131ndan m\u00fcstesnad\u0131r. M\u00fc\u015fterilerimiz sipari\u015f \u00f6ncesinde bu konu hakk\u0131nda \u00f6n bilgilendirme yap\u0131ld\u0131\u011f\u0131n\u0131 kabul eder.<\/p>\n","protected":false},"featured_media":9442,"comment_status":"open","ping_status":"closed","template":"","meta":{"_joinchat":[]},"product_cat":[2204,536,17],"product_tag":[6416,6415],"class_list":{"0":"post-9441","1":"product","2":"type-product","3":"status-publish","4":"has-post-thumbnail","6":"product_cat-citroen","7":"product_cat-fiat","8":"product_cat-peugeot","9":"product_tag-206-citroen-1-9-2-0-hdi-9628336380","10":"product_tag-5wk9623-hava-akis-metresi-peugeot","12":"first","13":"instock","14":"sale","15":"shipping-taxable","16":"purchasable","17":"product-type-simple"},"_links":{"self":[{"href":"https:\/\/dogan-otomotiv.com\/index.php\/wp-json\/wp\/v2\/product\/9441","targetHints":{"allow":["GET"]}}],"collection":[{"href":"https:\/\/dogan-otomotiv.com\/index.php\/wp-json\/wp\/v2\/product"}],"about":[{"href":"https:\/\/dogan-otomotiv.com\/index.php\/wp-json\/wp\/v2\/types\/product"}],"replies":[{"embeddable":true,"href":"https:\/\/dogan-otomotiv.com\/index.php\/wp-json\/wp\/v2\/comments?post=9441"}],"wp:featuredmedia":[{"embeddable":true,"href":"https:\/\/dogan-otomotiv.com\/index.php\/wp-json\/wp\/v2\/media\/9442"}],"wp:attachment":[{"href":"https:\/\/dogan-otomotiv.com\/index.php\/wp-json\/wp\/v2\/media?parent=9441"}],"wp:term":[{"taxonomy":"product_cat","embeddable":true,"href":"https:\/\/dogan-otomotiv.com\/index.php\/wp-json\/wp\/v2\/product_cat?post=9441"},{"taxonomy":"product_tag","embeddable":true,"href":"https:\/\/dogan-otomotiv.com\/index.php\/wp-json\/wp\/v2\/product_tag?post=9441"}],"curies":[{"name":"wp","href":"https:\/\/api.w.org\/{rel}","templated":true}]}}