{"id":9432,"date":"2022-01-29T12:00:27","date_gmt":"2022-01-29T12:00:27","guid":{"rendered":"https:\/\/dogan-otomotiv.com\/?post_type=product&#038;p=9432"},"modified":"2024-09-10T13:54:45","modified_gmt":"2024-09-10T13:54:45","slug":"0281002355-hava-akismetre-audi-a2-vw-057906461a-orj-cikma-1-2-1-4-tdi-16-fsi","status":"publish","type":"product","link":"https:\/\/dogan-otomotiv.com\/index.php\/urun\/0281002355-hava-akismetre-audi-a2-vw-057906461a-orj-cikma-1-2-1-4-tdi-16-fsi\/","title":{"rendered":"0281002355 Hava Ak\u0131\u015fmetre Audi A2 VW 057906461A ORJ \u00c7IKMA 1, 2-1, 4 TD\u0130, 1,6 FS\u0130"},"content":{"rendered":"<p>OEN 057 906 461 A \u2014 AUDI<br \/>\nOEN 057 906 461 AX \u2014 AUDI<br \/>\nOEN 057 906 461 A \u2014 BENTLEY<br \/>\nOEN 057 906 461 AX \u2014 BENTLEY<br \/>\nOEN 057 906 461 A \u2014 LAMBORGHINI<br \/>\nOEN 057 906 461 AX \u2014 LAMBORGHINI<br \/>\nOEN EPBMFT5-D014H \u2014 NGK<br \/>\nOEN 057 906 461 A \u2014 SEAT<br \/>\nOEN 057 906 461 AX \u2014 SEAT<br \/>\nOEN 057 906 461 A \u2014 SKODA<br \/>\nOEN 057 906 461 AX \u2014 SKODA<br \/>\nOEN 057 906 461 A \u2014 VW<br \/>\nOEN 057 906 461 AX \u2014 VW<br \/>\nCOMPATIBILITY WITH PASSENGER CARS<br \/>\nAUDI<br \/>\nAUDI A2 (8Z0) (Year of Construction 02.2000 &#8211; 08.2005, 61 &#8211; 110 PS, Diesel, Petrol)<br \/>\n1.2 TDI, Year of Construction 03.2001 &#8211; 08.2005, 1191 ccm, 61 PS<br \/>\n1.4 TDI, Year of Construction 02.2000 &#8211; 08.2005, 1422 ccm, 75 PS<br \/>\n1.6 FSI, Year of Construction 05.2002 &#8211; 08.2005, 1598 ccm, 110 PS<\/p>\n<p>AUDI A2 (8Z0) (Year of Construction 02.2000 &#8211; 08.2005, 75 PS, Diesel)<br \/>\n1.4 TDI, Year of Construction 02.2000 &#8211; 08.2005, 1422 ccm, 75 PS<\/p>\n","protected":false},"excerpt":{"rendered":"<p>DO\u011eAN OTOMOT\u0130V YEDEK PAR\u00c7A<br \/>\nLTD \u015eT\u0130 \u0130VED\u0130K ORGAN\u0130ZE SAN 1471 SOKAK 91-A OST\u0130M ANKARA<br \/>\nSEM\u0130H SAVA\u015e\u00c7I (312) 395 20 95<br \/>\n0533 322 16 09<br \/>\nMUSTAFA SAVA\u015e\u00c7I<br \/>\n0 (312) 395 20 95<br \/>\nIBAN NO: TR 54 0011 1000 0000 0098 3516 19<br \/>\nF\u0130NANSBANK ENPARA<br \/>\n\u015eUBE KODU: 03663<br \/>\nHESAP NO: 98351619<\/p>\n<p>ONL\u0130NE SATI\u015eIMIZ YOKTUR<\/p>\n<p>NOT 5 G\u00dcN \u0130\u00c7ER\u0130S\u0130NDE \u0130YADES\u0130 OLMAYAN MAZEME GER\u0130 ALINMAZ<br \/>\nPaket i\u00e7eri\u011fi: 1 Adet<br \/>\nSATI\u015e F\u0130YATI KDV DAH\u0130L pe\u015fin fiyat\u0131d\u0131r<br \/>\nSAAT 18:00 KADAR VER\u0130LEN \u015e\u0130PAR\u0130\u015e AYNI G\u00dcN KARGO \u0130LE G\u00d6NDER\u0130M\u0130 YAPILIR.<br \/>\nKARGO \u0130ADES\u0130 DURUMUNDA .<br \/>\nKARGO \u00dcCRET\u0130 M\u00dc\u015eTER\u0130YE A\u0130TT\u0130R. AYRICA KARGODA KIRILAN PAR\u00c7ALARDAN SORUMLU DEY\u0130L\u0130Z<\/p>\n<p>27\/11\/2014 tarih ve 29188 say\u0131l\u0131 resmi gazetede yay\u0131mlanan mesafeli sat\u0131\u015flar y\u00f6netmeli\u011finin 15. maddesinde cayma hakk\u0131n\u0131n istisnalar\u0131 belirtilmi\u015ftir. \u0130lgili maddenin a bendinde &#8220;fiyat\u0131 finansal piyasalardaki dalgalanmalara ba\u011fl\u0131 olarak de\u011fi\u015fen ve sat\u0131c\u0131 veya sa\u011flay\u0131c\u0131n\u0131n kontrol\u00fcnde olmayan mal veya hizmetlere ili\u015fkin s\u00f6zle\u015fmeler&#8221; cayma hakk\u0131ndan istisna edilmi\u015ftir. \u00dcr\u00fcnlerimiz ithal \u00fcr\u00fcnler olup fiyatlar\u0131 g\u00fcnl\u00fck usd kurlar\u0131 kullan\u0131larak tl kar\u015f\u0131l\u0131\u011f\u0131na \u00e7evrilmesiyle hesaplanmaktad\u0131r. Fiyatlar kurdaki de\u011fi\u015fmeler ba\u011fl\u0131 olarak g\u00fcnl\u00fck olarak de\u011fi\u015fmektedir. Bu nedenle y\u00f6netmeli\u011fin 15. Md\/a bendi gere\u011fi cayma hakk\u0131ndan m\u00fcstesnad\u0131r. M\u00fc\u015fterilerimiz sipari\u015f \u00f6ncesinde bu konu hakk\u0131nda \u00f6n bilgilendirme yap\u0131ld\u0131\u011f\u0131n\u0131 kabul eder.<\/p>\n","protected":false},"featured_media":9433,"comment_status":"open","ping_status":"closed","template":"","meta":{"_joinchat":[]},"product_cat":[15,24,19,20],"product_tag":[6409,166,6428,5523,3683],"class_list":{"0":"post-9432","1":"product","2":"type-product","3":"status-publish","4":"has-post-thumbnail","6":"product_cat-volkswagen","7":"product_cat-audi","8":"product_cat-seat","9":"product_cat-skoda","10":"product_tag-0281002355-hava-akismetre-audi-a2-vw-057906461a-orj-cikma-1","11":"product_tag-166","12":"product_tag-2-1","13":"product_tag-4-tdi","14":"product_tag-6-fsi","16":"first","17":"instock","18":"sale","19":"shipping-taxable","20":"purchasable","21":"product-type-simple"},"_links":{"self":[{"href":"https:\/\/dogan-otomotiv.com\/index.php\/wp-json\/wp\/v2\/product\/9432","targetHints":{"allow":["GET"]}}],"collection":[{"href":"https:\/\/dogan-otomotiv.com\/index.php\/wp-json\/wp\/v2\/product"}],"about":[{"href":"https:\/\/dogan-otomotiv.com\/index.php\/wp-json\/wp\/v2\/types\/product"}],"replies":[{"embeddable":true,"href":"https:\/\/dogan-otomotiv.com\/index.php\/wp-json\/wp\/v2\/comments?post=9432"}],"wp:featuredmedia":[{"embeddable":true,"href":"https:\/\/dogan-otomotiv.com\/index.php\/wp-json\/wp\/v2\/media\/9433"}],"wp:attachment":[{"href":"https:\/\/dogan-otomotiv.com\/index.php\/wp-json\/wp\/v2\/media?parent=9432"}],"wp:term":[{"taxonomy":"product_cat","embeddable":true,"href":"https:\/\/dogan-otomotiv.com\/index.php\/wp-json\/wp\/v2\/product_cat?post=9432"},{"taxonomy":"product_tag","embeddable":true,"href":"https:\/\/dogan-otomotiv.com\/index.php\/wp-json\/wp\/v2\/product_tag?post=9432"}],"curies":[{"name":"wp","href":"https:\/\/api.w.org\/{rel}","templated":true}]}}