{"id":9430,"date":"2022-01-29T11:47:28","date_gmt":"2022-01-29T11:47:28","guid":{"rendered":"https:\/\/dogan-otomotiv.com\/?post_type=product&#038;p=9430"},"modified":"2024-09-20T11:44:59","modified_gmt":"2024-09-20T11:44:59","slug":"7700314057-hava-akis-metresi-renault-laguna-5wk9609-orj-cikma","status":"publish","type":"product","link":"https:\/\/dogan-otomotiv.com\/index.php\/urun\/7700314057-hava-akis-metresi-renault-laguna-5wk9609-orj-cikma\/","title":{"rendered":"7700314057 HAVA AKI\u015e METRES\u0130 Renault Laguna 5WK9609 ORJ \u00c7IKMA"},"content":{"rendered":"<p>OEN 4506158 \u2014 GENERAL MOTORS<br \/>\nOEN 9201701 \u2014 GENERAL MOTORS<br \/>\nOEN 16580-00QAA \u2014 NISSAN<br \/>\nOEN 04 506 158 \u2014 OPEL<br \/>\nOEN 09 20 170 \u2014 OPEL<br \/>\nOEN 09 201 701 \u2014 OPEL<br \/>\nOEN 45 06 158 \u2014 OPEL<br \/>\nOEN 9 201 701 \u2014 OPEL<br \/>\nOEN 09 20 170 \u2014 RENAULT<br \/>\nOEN 09201701 \u2014 RENAULT<br \/>\nOEN 45 06 158 \u2014 RENAULT<br \/>\nOEN 5WK9609 \u2014 RENAULT<br \/>\nOEN 77 00 314 057 \u2014 RENAULT<br \/>\nOEN 77 00 314 669 \u2014 RENAULT<br \/>\nOEN 82 00 235 277 \u2014 RENAULT<br \/>\nOEN 09201701 \u2014 VAUXHALL<br \/>\nOEN 45 06 158 \u2014 VAUXHALL<br \/>\nOEN 9201701 \u2014 VAUXHALL<\/p>\n<p>RENAULT Espace III (JE) (Year of Construction 07.2000 &#8211; 10.2002, 115 &#8211; 130 PS, Diesel)<br \/>\nRENAULT Master II Van (Year of Construction 09.2000 &#8211; &#8230;, 82 &#8211; 115 PS, Diesel)<br \/>\nRENAULT Master II Platform\/Chassis (Year of Construction 09.2000 &#8211; &#8230;, 90 &#8211; 115 PS, Diesel)<br \/>\nRENAULT Master II Minibus (Year of Construction 09.2000 &#8211; &#8230;, 82 &#8211; 115 PS, Diesel)<br \/>\nRENAULT Laguna II Hatchback (BG) (Year of Construction 03.2001 &#8211; 12.2007, 107 &#8211; 173 PS, Diesel)<br \/>\nRENAULT Laguna II Sport Tourer (KG) (Year of Construction 03.2001 &#8211; 12.2007, 90 &#8211; 140 PS, Diesel)<br \/>\nRENAULT Avantime (Year of Construction 05.2002 &#8211; 05.2003, 150 PS, Diesel)<br \/>\nRENAULT Vel Satis (Year of Construction 06.2002 &#8211; &#8230;, 113 &#8211; 150 PS, Diesel)<br \/>\nRENAULT Espace IV (JK) (Year of Construction 11.2002 &#8211; &#8230;, 116 &#8211; 150 PS, Diesel)<br \/>\n1.9 dCi, Year of Construction 04.2003 &#8211; 02.2005, 1870 ccm, 116 PS<br \/>\n1.9 dCi, Year of Construction 11.2002 &#8211; &#8230;, 1870 ccm, 120 PS<br \/>\n2.2 dCi, Year of Construction 02.2006 &#8211; &#8230;, 2188 ccm, 139 PS<br \/>\n2.2 dCi, Year of Construction 11.2002 &#8211; &#8230;, 2188 ccm, 150 PS<\/p>\n<p>OPEL Movano A Van (X70) (Year of Construction 09.2000 &#8211; &#8230;, 82 &#8211; 115 PS, Diesel)<br \/>\nOPEL Movano A Platform \/ Chassis (X70) (Year of Construction 09.2000 &#8211; &#8230;, 90 &#8211; 115 PS, Diesel)<br \/>\nOPEL Movano A Minibus (X70) (Year of Construction 09.2000 &#8211; &#8230;, 80 &#8211; 115 PS, Diesel)<br \/>\n1.9 DTI (JD), Year of Construction 09.2000 &#8211; 10.2001, 1870 ccm, 80 PS<br \/>\n1.9 DTI (JD), Year of Construction 10.2001 &#8211; &#8230;, 1870 ccm, 82 PS<br \/>\n2.2 DTI (JD), Year of Construction 09.2000 &#8211; &#8230;, 2188 ccm, 90 PS<br \/>\n2.5 DTI (JD), Year of Construction 10.2001 &#8211; &#8230;, 2463 ccm, 115 PS<\/p>\n<p>2.5 Dci G9u<\/p>\n","protected":false},"excerpt":{"rendered":"<p>DO\u011eAN OTOMOT\u0130V YEDEK PAR\u00c7A<br \/>\nLTD \u015eT\u0130 \u0130VED\u0130K ORGAN\u0130ZE SAN 1471 SOKAK 91-A OST\u0130M ANKARA<br \/>\nSEM\u0130H SAVA\u015e\u00c7I (312) 395 20 95<br \/>\n0533 322 16 09<br \/>\nMUSTAFA SAVA\u015e\u00c7I<br \/>\n0 (312) 395 20 95<br \/>\nIBAN NO: TR 54 0011 1000 0000 0098 3516 19<br \/>\nF\u0130NANSBANK ENPARA<br \/>\n\u015eUBE KODU: 03663<br \/>\nHESAP NO: 98351619<\/p>\n<p>ONL\u0130NE SATI\u015eIMIZ YOKTUR<\/p>\n<p>NOT 5 G\u00dcN \u0130\u00c7ER\u0130S\u0130NDE \u0130YADES\u0130 OLMAYAN MAZEME GER\u0130 ALINMAZ<br \/>\nPaket i\u00e7eri\u011fi: 1 Adet<br \/>\nSATI\u015e F\u0130YATI KDV DAH\u0130L pe\u015fin fiyat\u0131d\u0131r<br \/>\nSAAT 18:00 KADAR VER\u0130LEN \u015e\u0130PAR\u0130\u015e AYNI G\u00dcN KARGO \u0130LE G\u00d6NDER\u0130M\u0130 YAPILIR.<br \/>\nKARGO \u0130ADES\u0130 DURUMUNDA .<br \/>\nKARGO \u00dcCRET\u0130 M\u00dc\u015eTER\u0130YE A\u0130TT\u0130R. AYRICA KARGODA KIRILAN PAR\u00c7ALARDAN SORUMLU DEY\u0130L\u0130Z<\/p>\n<p>27\/11\/2014 tarih ve 29188 say\u0131l\u0131 resmi gazetede yay\u0131mlanan mesafeli sat\u0131\u015flar y\u00f6netmeli\u011finin 15. maddesinde cayma hakk\u0131n\u0131n istisnalar\u0131 belirtilmi\u015ftir. \u0130lgili maddenin a bendinde &#8220;fiyat\u0131 finansal piyasalardaki dalgalanmalara ba\u011fl\u0131 olarak de\u011fi\u015fen ve sat\u0131c\u0131 veya sa\u011flay\u0131c\u0131n\u0131n kontrol\u00fcnde olmayan mal veya hizmetlere ili\u015fkin s\u00f6zle\u015fmeler&#8221; cayma hakk\u0131ndan istisna edilmi\u015ftir. \u00dcr\u00fcnlerimiz ithal \u00fcr\u00fcnler olup fiyatlar\u0131 g\u00fcnl\u00fck usd kurlar\u0131 kullan\u0131larak tl kar\u015f\u0131l\u0131\u011f\u0131na \u00e7evrilmesiyle hesaplanmaktad\u0131r. Fiyatlar kurdaki de\u011fi\u015fmeler ba\u011fl\u0131 olarak g\u00fcnl\u00fck olarak de\u011fi\u015fmektedir. Bu nedenle y\u00f6netmeli\u011fin 15. Md\/a bendi gere\u011fi cayma hakk\u0131ndan m\u00fcstesnad\u0131r. M\u00fc\u015fterilerimiz sipari\u015f \u00f6ncesinde bu konu hakk\u0131nda \u00f6n bilgilendirme yap\u0131ld\u0131\u011f\u0131n\u0131 kabul eder.<\/p>\n","protected":false},"featured_media":9431,"comment_status":"open","ping_status":"closed","template":"","meta":{"_joinchat":[]},"product_cat":[21,18],"product_tag":[9977],"class_list":{"0":"post-9430","1":"product","2":"type-product","3":"status-publish","4":"has-post-thumbnail","6":"product_cat-opel","7":"product_cat-renault","8":"product_tag-7700314057-hava-akis-metresi-renault-laguna-5wk9609-orj-cikma","10":"first","11":"instock","12":"sale","13":"shipping-taxable","14":"purchasable","15":"product-type-simple"},"_links":{"self":[{"href":"https:\/\/dogan-otomotiv.com\/index.php\/wp-json\/wp\/v2\/product\/9430","targetHints":{"allow":["GET"]}}],"collection":[{"href":"https:\/\/dogan-otomotiv.com\/index.php\/wp-json\/wp\/v2\/product"}],"about":[{"href":"https:\/\/dogan-otomotiv.com\/index.php\/wp-json\/wp\/v2\/types\/product"}],"replies":[{"embeddable":true,"href":"https:\/\/dogan-otomotiv.com\/index.php\/wp-json\/wp\/v2\/comments?post=9430"}],"wp:featuredmedia":[{"embeddable":true,"href":"https:\/\/dogan-otomotiv.com\/index.php\/wp-json\/wp\/v2\/media\/9431"}],"wp:attachment":[{"href":"https:\/\/dogan-otomotiv.com\/index.php\/wp-json\/wp\/v2\/media?parent=9430"}],"wp:term":[{"taxonomy":"product_cat","embeddable":true,"href":"https:\/\/dogan-otomotiv.com\/index.php\/wp-json\/wp\/v2\/product_cat?post=9430"},{"taxonomy":"product_tag","embeddable":true,"href":"https:\/\/dogan-otomotiv.com\/index.php\/wp-json\/wp\/v2\/product_tag?post=9430"}],"curies":[{"name":"wp","href":"https:\/\/api.w.org\/{rel}","templated":true}]}}