{"id":9428,"date":"2022-01-29T11:07:08","date_gmt":"2022-01-29T11:07:08","guid":{"rendered":"https:\/\/dogan-otomotiv.com\/?post_type=product&#038;p=9428"},"modified":"2023-08-17T08:29:56","modified_gmt":"2023-08-17T08:29:56","slug":"0280217114-hava-akis-metresi-e-class-w210-0000940948-orj-cikma","status":"publish","type":"product","link":"https:\/\/dogan-otomotiv.com\/index.php\/urun\/0280217114-hava-akis-metresi-e-class-w210-0000940948-orj-cikma\/","title":{"rendered":"0280217114 HAVA AKI\u015e METRES\u0130 E Class W210 -0000940948 ORJ \u00c7IKMA"},"content":{"rendered":"<p>0280217114 0000940948 HAVA AKI\u015e METRES\u0130 E Class W210 ORJ \u00c7IKMA<\/p>\n<p>OEN 13 62 1 438 687 \u2014 BMW<br \/>\nOEN 13 62 2 247 074 \u2014 BMW<br \/>\nOEN 13 62 7 566 986 \u2014 BMW<br \/>\nOEN 13 62 7 787 076 \u2014 BMW<br \/>\nOEN 13 71 2 247 002 \u2014 BMW<br \/>\nOEN 2 247 002 \u2014 BMW<br \/>\nOEN 2 247 074 \u2014 BMW<br \/>\nOEN 7 787 076 \u2014 BMW<br \/>\nOEN 13 62 1 438 687 \u2014 BMW MOTORCYCLES<br \/>\nOEN 13 62 2 247 074 \u2014 BMW MOTORCYCLES<br \/>\nOEN 13 62 7 566 986 \u2014 BMW MOTORCYCLES<br \/>\nOEN 13 62 7 787 076 \u2014 BMW MOTORCYCLES<br \/>\nOEN 13 71 2 247 002 \u2014 BMW MOTORCYCLES<br \/>\nOEN 2 247 002 \u2014 BMW MOTORCYCLES<br \/>\nOEN 2 247 074 \u2014 BMW MOTORCYCLES<br \/>\nOEN 7 787 076 \u2014 BMW MOTORCYCLES<br \/>\nOEN 000 094 09 48 \u2014 MERCEDES-BENZ<br \/>\nOEN 000 094 14 48 \u2014 MERCEDES-BENZ<br \/>\nOEN 004 153 06 28 \u2014 MERCEDES-BENZ<br \/>\nOEN 004 153 73 28 \u2014 MERCEDES-BENZ<br \/>\nOEN 646 094 00 48 \u2014 MERCEDES-BENZ<br \/>\nOEN A 000 094 09 48 \u2014 MERCEDES-BENZ<br \/>\nOEN A 000 094 14 48 \u2014 MERCEDES-BENZ<br \/>\nOEN A 004 153 06 28 \u2014 MERCEDES-BENZ<br \/>\nOEN A 004 153 73 28 \u2014 MERCEDES-BENZ<br \/>\nOEN A 646 094 00 48 \u2014 MERCEDES-BENZ<\/p>\n<p>AUDI A3 Hatchback (8L1) (Year of Construction 03.1999 &#8211; 05.2003, 210 &#8211; 224 PS, Petrol)<br \/>\nAUDI A6 C5 Saloon (4B2) (Year of Construction 07.2002 &#8211; 01.2005, 450 PS, Petrol)<br \/>\nAUDI A6 C5 Avant (4B5) (Year of Construction 07.2002 &#8211; 01.2005, 450 &#8211; 480 PS, Petrol)<br \/>\nRS6 4.2 plus quattro, Year of Construction 04.2004 &#8211; 01.2005, 4172 ccm, 480 PS<br \/>\nRS6 4.2 quattro, Year of Construction 07.2002 &#8211; 01.2005, 4172 ccm, 450 PS<br \/>\nAUDI TT Coupe (8N3) (Year of Construction 10.1998 &#8211; 06.2006, 224 &#8211; 240 PS, Petrol)<br \/>\nAUDI TT Roadster (8N9) (Year of Construction 10.1999 &#8211; 06.2006, 224 PS, Petrol)<\/p>\n<p>BMW 3 Saloon (E46) (Year of Construction 09.2001 &#8211; 02.2005, 115 &#8211; 143 PS, Petrol)<br \/>\nBMW 3 Coupe (E46) (Year of Construction 06.2000 &#8211; 07.2006, 115 &#8211; 360 PS, Petrol)<br \/>\nBMW 3 Touring (E46) (Year of Construction 09.2001 &#8211; 02.2005, 115 &#8211; 143 PS, Petrol)<br \/>\nBMW 3 Convertible (E46) (Year of Construction 04.2001 &#8211; 12.2007, 143 &#8211; 343 PS, Petrol)<br \/>\nBMW 3 Compact (E46) (Year of Construction 03.2001 &#8211; 02.2005, 115 &#8211; 143 PS, Petrol)<br \/>\nBMW Z4 Roadster (E85) (Year of Construction 03.2006 &#8211; 02.2009, 343 PS, Petrol)<br \/>\nBMW 5 Saloon (E60) (Year of Construction 09.2004 &#8211; 03.2010, 507 PS, Petrol)<br \/>\nBMW 5 Touring (E61) (Year of Construction 02.2007 &#8211; 12.2010, 507 PS, Petrol)<br \/>\nBMW 6 Coupe (E63) (Year of Construction 09.2005 &#8211; 07.2010, 507 PS, Petrol)<br \/>\nBMW 6 Convertible (E64) (Year of Construction 07.2006 &#8211; 07.2010, 507 PS, Petrol)<br \/>\nBMW 1 Hatchback (E81) (Year of Construction 03.2007 &#8211; 12.2011, 115 &#8211; 122 PS, Petrol)<br \/>\nBMW Z4 Coupe (E86) (Year of Construction 03.2006 &#8211; 01.2009, 343 PS, Petrol)<br \/>\nBMW 1 Hatchback (E87) (Year of Construction 11.2003 &#8211; 06.2011, 115 &#8211; 122 PS, Petrol)<\/p>\n","protected":false},"excerpt":{"rendered":"<p>DO\u011eAN OTOMOT\u0130V YEDEK PAR\u00c7A<br \/>\nLTD \u015eT\u0130 \u0130VED\u0130K ORGAN\u0130ZE SAN 1471 SOKAK 91-A OST\u0130M ANKARA<br \/>\nSEM\u0130H SAVA\u015e\u00c7I (312) 395 20 95<br \/>\n0533 322 16 09<br \/>\nMUSTAFA SAVA\u015e\u00c7I<br \/>\n0 (312) 395 20 95<br \/>\nIBAN NO: TR 54 0011 1000 0000 0098 3516 19<br \/>\nF\u0130NANSBANK ENPARA<br \/>\n\u015eUBE KODU: 03663<br \/>\nHESAP NO: 98351619<\/p>\n<p>ONL\u0130NE SATI\u015eIMIZ YOKTUR<\/p>\n<p>NOT 5 G\u00dcN \u0130\u00c7ER\u0130S\u0130NDE \u0130YADES\u0130 OLMAYAN MAZEME GER\u0130 ALINMAZ<br \/>\nPaket i\u00e7eri\u011fi: 1 Adet<br \/>\nSATI\u015e F\u0130YATI KDV DAH\u0130L pe\u015fin fiyat\u0131d\u0131r<br \/>\nSAAT 18:00 KADAR VER\u0130LEN \u015e\u0130PAR\u0130\u015e AYNI G\u00dcN KARGO \u0130LE G\u00d6NDER\u0130M\u0130 YAPILIR.<br \/>\nKARGO \u0130ADES\u0130 DURUMUNDA .<br \/>\nKARGO \u00dcCRET\u0130 M\u00dc\u015eTER\u0130YE A\u0130TT\u0130R. AYRICA KARGODA KIRILAN PAR\u00c7ALARDAN SORUMLU DEY\u0130L\u0130Z<\/p>\n<p>27\/11\/2014 tarih ve 29188 say\u0131l\u0131 resmi gazetede yay\u0131mlanan mesafeli sat\u0131\u015flar y\u00f6netmeli\u011finin 15. maddesinde cayma hakk\u0131n\u0131n istisnalar\u0131 belirtilmi\u015ftir. \u0130lgili maddenin a bendinde &#8220;fiyat\u0131 finansal piyasalardaki dalgalanmalara ba\u011fl\u0131 olarak de\u011fi\u015fen ve sat\u0131c\u0131 veya sa\u011flay\u0131c\u0131n\u0131n kontrol\u00fcnde olmayan mal veya hizmetlere ili\u015fkin s\u00f6zle\u015fmeler&#8221; cayma hakk\u0131ndan istisna edilmi\u015ftir. \u00dcr\u00fcnlerimiz ithal \u00fcr\u00fcnler olup fiyatlar\u0131 g\u00fcnl\u00fck usd kurlar\u0131 kullan\u0131larak tl kar\u015f\u0131l\u0131\u011f\u0131na \u00e7evrilmesiyle hesaplanmaktad\u0131r. Fiyatlar kurdaki de\u011fi\u015fmeler ba\u011fl\u0131 olarak g\u00fcnl\u00fck olarak de\u011fi\u015fmektedir. Bu nedenle y\u00f6netmeli\u011fin 15. Md\/a bendi gere\u011fi cayma hakk\u0131ndan m\u00fcstesnad\u0131r. M\u00fc\u015fterilerimiz sipari\u015f \u00f6ncesinde bu konu hakk\u0131nda \u00f6n bilgilendirme yap\u0131ld\u0131\u011f\u0131n\u0131 kabul eder.<\/p>\n","protected":false},"featured_media":9429,"comment_status":"open","ping_status":"closed","template":"","meta":{"_joinchat":[]},"product_cat":[15,24,22,23],"product_tag":[6407],"class_list":{"0":"post-9428","1":"product","2":"type-product","3":"status-publish","4":"has-post-thumbnail","6":"product_cat-volkswagen","7":"product_cat-audi","8":"product_cat-bmw","9":"product_cat-mercedes","10":"product_tag-0280217114-hava-akis-metresi-e-class-w210-0000940948-orj-cikma","12":"first","13":"instock","14":"sale","15":"shipping-taxable","16":"purchasable","17":"product-type-simple"},"_links":{"self":[{"href":"https:\/\/dogan-otomotiv.com\/index.php\/wp-json\/wp\/v2\/product\/9428","targetHints":{"allow":["GET"]}}],"collection":[{"href":"https:\/\/dogan-otomotiv.com\/index.php\/wp-json\/wp\/v2\/product"}],"about":[{"href":"https:\/\/dogan-otomotiv.com\/index.php\/wp-json\/wp\/v2\/types\/product"}],"replies":[{"embeddable":true,"href":"https:\/\/dogan-otomotiv.com\/index.php\/wp-json\/wp\/v2\/comments?post=9428"}],"wp:featuredmedia":[{"embeddable":true,"href":"https:\/\/dogan-otomotiv.com\/index.php\/wp-json\/wp\/v2\/media\/9429"}],"wp:attachment":[{"href":"https:\/\/dogan-otomotiv.com\/index.php\/wp-json\/wp\/v2\/media?parent=9428"}],"wp:term":[{"taxonomy":"product_cat","embeddable":true,"href":"https:\/\/dogan-otomotiv.com\/index.php\/wp-json\/wp\/v2\/product_cat?post=9428"},{"taxonomy":"product_tag","embeddable":true,"href":"https:\/\/dogan-otomotiv.com\/index.php\/wp-json\/wp\/v2\/product_tag?post=9428"}],"curies":[{"name":"wp","href":"https:\/\/api.w.org\/{rel}","templated":true}]}}