{"id":9426,"date":"2022-01-29T10:49:52","date_gmt":"2022-01-29T10:49:52","guid":{"rendered":"https:\/\/dogan-otomotiv.com\/?post_type=product&#038;p=9426"},"modified":"2024-09-27T09:01:15","modified_gmt":"2024-09-27T09:01:15","slug":"0280217810-hava-akis-metre-mercedes-c-class-clk-s-orj-cikma","status":"publish","type":"product","link":"https:\/\/dogan-otomotiv.com\/index.php\/urun\/0280217810-hava-akis-metre-mercedes-c-class-clk-s-orj-cikma\/","title":{"rendered":"0280217810 HAVA AKI\u015e METRE MERCEDES C CLASS CLK S ORJ \u00c7IKMA"},"content":{"rendered":"<p>0280217810 HAVA AKI\u015e METRE MERCEDES C CLASS CLK S ORJ \u00c7IKMA<\/p>\n<p>OEN HFM-5-8.5 \u2014 BOSCH<br \/>\nOEN 113 094 00 48 \u2014 MERCEDES-BENZ<br \/>\nOEN A 113 094 00 48 \u2014 MERCEDES-BENZ<br \/>\nOEN 1130940048 \u2014 STEYR<br \/>\nOEN 113 094 00 48 \u2014 STEYR MOTORS<\/p>\n<p>SSANGYONG Ba\u015fkan W (Yap\u0131m Y\u0131l\u0131 06.2007 &#8211; &#8230;, 306 PS, Petrol)<br \/>\n5.0 V8 5000, Yap\u0131m Y\u0131l\u0131 06.2007 &#8211; &#8230;, 4966 ccm, 306 PS<\/p>\n<p>PUCH G-modeli (W463) (Yap\u0131m Y\u0131l\u0131 04.1998 &#8211; 12.1999, 296 &#8211; 354 PS, Benzin)<br \/>\nG 500, Yap\u0131m Y\u0131l\u0131 04.1998 &#8211; 12.1999, 4966 ccm, 296 PS<br \/>\nG 55 AMG, Yap\u0131m Y\u0131l\u0131 04.1999 &#8211; 12.1999, 5439 ccm, 354 PS<\/p>\n<p>MERCEDES-BENZ SL Cabrio (R129) (Yap\u0131m Y\u0131l\u0131 05.1998 &#8211; 10.2001, 306 PS, Benzin)<br \/>\nMERCEDES-BENZ G-Serisi Off-Road (W463) (Yap\u0131m Y\u0131l\u0131 07.1997 &#8211; &#8230;, 215 &#8211; 354 PS, Benzin)<br \/>\nMERCEDES-BENZ C-Serisi Sedan (W202) (Yap\u0131m Y\u0131l\u0131 08.1997 &#8211; 05.2000, 306 PS, Benzin)<br \/>\nMERCEDES-BENZ E-Serisi Sedan (W210) (Yap\u0131m Y\u0131l\u0131 05.1999 &#8211; 03.2002, 279 PS, Benzin)<br \/>\nMERCEDES-BENZ C-Serisi T-modeli (S202) (Yap\u0131m Y\u0131l\u0131 08.1997 &#8211; 03.2001, 306 PS, Benzin)<br \/>\nMERCEDES-BENZ E-Serisi T-modeli (S210) (Yap\u0131m Y\u0131l\u0131 06.1997 &#8211; 03.2003, 279 &#8211; 354 PS, Benzin)<br \/>\nMERCEDES-BENZ ML-S\u0131n\u0131f\u0131 (W163) (Yap\u0131m Y\u0131l\u0131 09.2001 &#8211; 06.2005, 292 PS, Benzin)<br \/>\nMERCEDES-BENZ CLK Cabrio (A208) (Yap\u0131m Y\u0131l\u0131 09.1998 &#8211; 03.2002, 279 PS, Benzin)<br \/>\nMERCEDES-BENZ S-Serisi Sedan (W220) (Yap\u0131m Y\u0131l\u0131 04.1999 &#8211; 08.2005, 279 &#8211; 500 PS, Benzin)<br \/>\nMERCEDES-BENZ S-Serisi Coupe (C215) (Yap\u0131m Y\u0131l\u0131 03.1999 &#8211; 03.2006, 306 &#8211; 444 PS, Benzin)<br \/>\nMERCEDES-BENZ C-Serisi Sedan (W203) (Yap\u0131m Y\u0131l\u0131 02.2004 &#8211; 02.2007, 367 PS, Benzin)<br \/>\nMERCEDES-BENZ C-Serisi T-modeli (S203) (Yap\u0131m Y\u0131l\u0131 02.2004 &#8211; 08.2007, 367 PS, Benzin)<br \/>\nMERCEDES-BENZ SL Cabrio (R230) (Yap\u0131m Y\u0131l\u0131 10.2001 &#8211; 01.2012, 306 PS, Benzin)<br \/>\nMERCEDES-BENZ E-Serisi Sedan (W211) (Yap\u0131m Y\u0131l\u0131 03.2002 &#8211; 12.2008, 306 &#8211; 476 PS, Benzin)<br \/>\nMERCEDES-BENZ CLK Coupe (C209) (Yap\u0131m Y\u0131l\u0131 06.2002 &#8211; 05.2009, 306 &#8211; 367 PS, Benzin)<br \/>\nMERCEDES-BENZ E-Serisi T-modeli (S211) (Yap\u0131m Y\u0131l\u0131 07.2003 &#8211; 07.2009, 306 &#8211; 476 PS, Benzin)<br \/>\nMERCEDES-BENZ CLK Cabrio (A209) (Yap\u0131m Y\u0131l\u0131 02.2003 &#8211; 03.2010, 306 &#8211; 367 PS, Benzin)<br \/>\nMERCEDES-BENZ CLS Coupe (C219) (Yap\u0131m Y\u0131l\u0131 10.2004 &#8211; 12.2010, 306 PS, Benzin)<br \/>\nMERCEDES-BENZ ML-S\u0131n\u0131f\u0131 (W164) (Yap\u0131m Y\u0131l\u0131 07.2005 &#8211; 12.2011, 306 PS, Benzin)<br \/>\nMERCEDES-BENZ R-Serisi (W251, V251) (Yap\u0131m Y\u0131l\u0131 01.2006 &#8211; 12.2014, 306 PS, Benzin)<\/p>\n<p> (m113) W203 0407 C219 0410 W210 9702 W211 0208 W163 9805 W220 9803 y,<\/p>\n<p>MERCEDES BENZ    C SERISI    Sedan    1997 &#8211; 2000    C 43 AMG 202.033    225KW<br \/>\nMERCEDES BENZ    C SERISI    Kombi    1997 &#8211; 2001    C 43 AMG 202.093    225KW<br \/>\nMERCEDES BENZ    C SERISI    Sedan    2004 &#8211; 2007    C 55 AMG 203.076    270KW<br \/>\nMERCEDES BENZ    C SERISI    Kombi    2004 &#8211; 2007    C 55 AMG 203.276    270KW<br \/>\nMERCEDES BENZ    CLK    Coupe    1998 &#8211; 2002    430 208.370    205KW<br \/>\nMERCEDES BENZ    CLK    Cabriolet    1998 &#8211; 2002    430 208.470    205KW<br \/>\nMERCEDES BENZ    CLK    Coupe    2002 &#8211; 2009    500 209.375    225KW<br \/>\nMERCEDES BENZ    CLK    Coupe    1999 &#8211; 2002    55 AMG 208.374    255KW<br \/>\nMERCEDES BENZ    CLK    Coupe    2002 &#8211; 2009    55 AMG 209.376    270KW<br \/>\nMERCEDES BENZ    CLK    Cabriolet    2003 &#8211; 2010    CLK 500 209.475    225KW<\/p>\n","protected":false},"excerpt":{"rendered":"<p>DO\u011eAN OTOMOT\u0130V YEDEK PAR\u00c7A<br \/>\nLTD \u015eT\u0130 \u0130VED\u0130K ORGAN\u0130ZE SAN 1471 SOKAK 91-A OST\u0130M ANKARA<br \/>\nSEM\u0130H SAVA\u015e\u00c7I (312) 395 20 95<br \/>\n0533 322 16 09<br \/>\nMUSTAFA SAVA\u015e\u00c7I<br \/>\n0 (312) 395 20 95<br \/>\nIBAN NO: TR 54 0011 1000 0000 0098 3516 19<br \/>\nF\u0130NANSBANK ENPARA<br \/>\n\u015eUBE KODU: 03663<br \/>\nHESAP NO: 98351619<\/p>\n<p>ONL\u0130NE SATI\u015eIMIZ YOKTUR<\/p>\n<p>NOT 5 G\u00dcN \u0130\u00c7ER\u0130S\u0130NDE \u0130YADES\u0130 OLMAYAN MAZEME GER\u0130 ALINMAZ<br \/>\nPaket i\u00e7eri\u011fi: 1 Adet<br \/>\nSATI\u015e F\u0130YATI KDV DAH\u0130L pe\u015fin fiyat\u0131d\u0131r<br \/>\nSAAT 18:00 KADAR VER\u0130LEN \u015e\u0130PAR\u0130\u015e AYNI G\u00dcN KARGO \u0130LE G\u00d6NDER\u0130M\u0130 YAPILIR.<br \/>\nKARGO \u0130ADES\u0130 DURUMUNDA .<br \/>\nKARGO \u00dcCRET\u0130 M\u00dc\u015eTER\u0130YE A\u0130TT\u0130R. AYRICA KARGODA KIRILAN PAR\u00c7ALARDAN SORUMLU DEY\u0130L\u0130Z<\/p>\n<p>27\/11\/2014 tarih ve 29188 say\u0131l\u0131 resmi gazetede yay\u0131mlanan mesafeli sat\u0131\u015flar y\u00f6netmeli\u011finin 15. maddesinde cayma hakk\u0131n\u0131n istisnalar\u0131 belirtilmi\u015ftir. \u0130lgili maddenin a bendinde &#8220;fiyat\u0131 finansal piyasalardaki dalgalanmalara ba\u011fl\u0131 olarak de\u011fi\u015fen ve sat\u0131c\u0131 veya sa\u011flay\u0131c\u0131n\u0131n kontrol\u00fcnde olmayan mal veya hizmetlere ili\u015fkin s\u00f6zle\u015fmeler&#8221; cayma hakk\u0131ndan istisna edilmi\u015ftir. \u00dcr\u00fcnlerimiz ithal \u00fcr\u00fcnler olup fiyatlar\u0131 g\u00fcnl\u00fck usd kurlar\u0131 kullan\u0131larak tl kar\u015f\u0131l\u0131\u011f\u0131na \u00e7evrilmesiyle hesaplanmaktad\u0131r. Fiyatlar kurdaki de\u011fi\u015fmeler ba\u011fl\u0131 olarak g\u00fcnl\u00fck olarak de\u011fi\u015fmektedir. Bu nedenle y\u00f6netmeli\u011fin 15. Md\/a bendi gere\u011fi cayma hakk\u0131ndan m\u00fcstesnad\u0131r. M\u00fc\u015fterilerimiz sipari\u015f \u00f6ncesinde bu konu hakk\u0131nda \u00f6n bilgilendirme yap\u0131ld\u0131\u011f\u0131n\u0131 kabul eder.<\/p>\n","protected":false},"featured_media":15138,"comment_status":"open","ping_status":"closed","template":"","meta":{"_joinchat":[]},"product_cat":[23],"product_tag":[6406],"class_list":{"0":"post-9426","1":"product","2":"type-product","3":"status-publish","4":"has-post-thumbnail","6":"product_cat-mercedes","7":"product_tag-0280217810-hava-akis-metre-mercedes-c-class-clk-s-orj-cikma","9":"first","10":"instock","11":"sale","12":"shipping-taxable","13":"purchasable","14":"product-type-simple"},"_links":{"self":[{"href":"https:\/\/dogan-otomotiv.com\/index.php\/wp-json\/wp\/v2\/product\/9426","targetHints":{"allow":["GET"]}}],"collection":[{"href":"https:\/\/dogan-otomotiv.com\/index.php\/wp-json\/wp\/v2\/product"}],"about":[{"href":"https:\/\/dogan-otomotiv.com\/index.php\/wp-json\/wp\/v2\/types\/product"}],"replies":[{"embeddable":true,"href":"https:\/\/dogan-otomotiv.com\/index.php\/wp-json\/wp\/v2\/comments?post=9426"}],"wp:featuredmedia":[{"embeddable":true,"href":"https:\/\/dogan-otomotiv.com\/index.php\/wp-json\/wp\/v2\/media\/15138"}],"wp:attachment":[{"href":"https:\/\/dogan-otomotiv.com\/index.php\/wp-json\/wp\/v2\/media?parent=9426"}],"wp:term":[{"taxonomy":"product_cat","embeddable":true,"href":"https:\/\/dogan-otomotiv.com\/index.php\/wp-json\/wp\/v2\/product_cat?post=9426"},{"taxonomy":"product_tag","embeddable":true,"href":"https:\/\/dogan-otomotiv.com\/index.php\/wp-json\/wp\/v2\/product_tag?post=9426"}],"curies":[{"name":"wp","href":"https:\/\/api.w.org\/{rel}","templated":true}]}}