{"id":9412,"date":"2022-01-29T07:19:13","date_gmt":"2022-01-29T07:19:13","guid":{"rendered":"https:\/\/dogan-otomotiv.com\/?post_type=product&#038;p=9412"},"modified":"2024-08-26T13:25:56","modified_gmt":"2024-08-26T13:25:56","slug":"9202199-hava-akis-metresi-volvo-232432-s60v70-otj-cikma","status":"publish","type":"product","link":"https:\/\/dogan-otomotiv.com\/index.php\/urun\/9202199-hava-akis-metresi-volvo-232432-s60v70-otj-cikma\/","title":{"rendered":"9202199 HAVA AKI\u015e METRES\u0130 VOLVO 2,3,2,4,3,2 S60V70 OTJ \u00c7IKMA"},"content":{"rendered":"<p>9202199 MAF Mass Air Flow Sensor for Volvo S80 V70 S60 XC90 S40 C70 V50 XC70 XC60 XC70 C30 2.3 2.4 3.2 :<\/p>\n<p>OEN C2S2670 \u2014 JAGUAR<br \/>\nOEN PHF000140 \u2014 LAND ROVER<br \/>\nOEN 22204-07010 \u2014 LEXUS<br \/>\nOEN 22204-0C020 \u2014 LEXUS<br \/>\nOEN 22204-0D030 \u2014 LEXUS<br \/>\nOEN 22204-0J010 \u2014 LEXUS<br \/>\nOEN 22204-21010 \u2014 LEXUS<br \/>\nOEN 22204-22010 \u2014 LEXUS<br \/>\nOEN WLS113215 \u2014 MAZDA<br \/>\nOEN WLS113215A \u2014 MAZDA<br \/>\nOEN ZL01-13-215 \u2014 MAZDA<br \/>\nOEN ZLY1-13-215 \u2014 MAZDA<br \/>\nOEN MR547077 \u2014 MITSUBISHI<br \/>\nOEN 13800-63J00 \u2014 SUZUKI<br \/>\nOEN 13800-84E00 \u2014 SUZUKI<br \/>\nOEN 22204-07010 \u2014 TOYOTA<br \/>\nOEN 22204-0C020 \u2014 TOYOTA<br \/>\nOEN 22204-0D030 \u2014 TOYOTA<br \/>\nOEN 22204-0J010 \u2014 TOYOTA<br \/>\nOEN 22204-21010 \u2014 TOYOTA<br \/>\nOEN 22204-22010 \u2014 TOYOTA<br \/>\nOEN 30713512 \u2014 VOLVO<br \/>\nOEN 8658471 \u2014 VOLVO<br \/>\nOEN 9202199 \u2014 VOLVO<\/p>\n<p>JAGUAR<br \/>\nLAND-ROVER<br \/>\nLEXUS<br \/>\nMAZDA<br \/>\nMITSUBISHI<br \/>\nSUZUKI<br \/>\nTOYOTA<br \/>\nVOLVO<\/p>\n<p>MITSUBISHI L200 II Pikap (Yap\u0131m Y\u0131l\u0131 11.1992 &#8211; 08.1996, 87 PS, Dizel)<br \/>\nMITSUBISHI L200 III Pikap (K6) (Yap\u0131m Y\u0131l\u0131 06.1996 &#8211; 12.2007, 99 &#8211; 115 PS, Dizel)<br \/>\nMITSUBISHI L200 \/ Triton IV Pikap (KA, KB) (Yap\u0131m Y\u0131l\u0131 11.2005 &#8211; 12.2015, 75 &#8211; 178 PS, Dizel)<br \/>\nMITSUBISHI Pajero \/ Shogun IV (V80) (Yap\u0131m Y\u0131l\u0131 02.2007 &#8211; &#8230;, 160 &#8211; 200 PS, Dizel)<br \/>\nMITSUBISHI Pajero Sport II Off-Road (KH, KG) (Yap\u0131m Y\u0131l\u0131 07.2008 &#8211; &#8230;, 165 &#8211; 178 PS, Dizel)<br \/>\nMITSUBISHI Pajero \/ Shogun IV Van (V80, V90) (Yap\u0131m Y\u0131l\u0131 11.2006 &#8211; &#8230;, 160 &#8211; 200 PS, Dizel)<br \/>\nMITSUBISHI L200 \/ Triton IV Platform \/ \u015easi (KA, KB) (Yap\u0131m Y\u0131l\u0131 08.2007 &#8211; 12.2015, 128 &#8211; 178 PS, Dizel)<\/p>\n","protected":false},"excerpt":{"rendered":"<p>DO\u011eAN OTOMOT\u0130V YEDEK PAR\u00c7A<br \/>\nLTD \u015eT\u0130 \u0130VED\u0130K ORGAN\u0130ZE SAN 1471 SOKAK 91-A OST\u0130M ANKARA<br \/>\nSEM\u0130H SAVA\u015e\u00c7I (312) 395 20 95<br \/>\n0533 322 16 09<br \/>\nMUSTAFA SAVA\u015e\u00c7I<br \/>\n0 (312) 395 20 95<br \/>\nIBAN NO: TR 54 0011 1000 0000 0098 3516 19<br \/>\nF\u0130NANSBANK ENPARA<br \/>\n\u015eUBE KODU: 03663<br \/>\nHESAP NO: 98351619<\/p>\n<p>ONL\u0130NE SATI\u015eIMIZ YOKTUR<\/p>\n<p>NOT 5 G\u00dcN \u0130\u00c7ER\u0130S\u0130NDE \u0130YADES\u0130 OLMAYAN MAZEME GER\u0130 ALINMAZ<br \/>\nPaket i\u00e7eri\u011fi: 1 Adet<br \/>\nSATI\u015e F\u0130YATI KDV DAH\u0130L pe\u015fin fiyat\u0131d\u0131r<br \/>\nSAAT 18:00 KADAR VER\u0130LEN \u015e\u0130PAR\u0130\u015e AYNI G\u00dcN KARGO \u0130LE G\u00d6NDER\u0130M\u0130 YAPILIR.<br \/>\nKARGO \u0130ADES\u0130 DURUMUNDA .<br \/>\nKARGO \u00dcCRET\u0130 M\u00dc\u015eTER\u0130YE A\u0130TT\u0130R. AYRICA KARGODA KIRILAN PAR\u00c7ALARDAN SORUMLU DEY\u0130L\u0130Z<\/p>\n<p>27\/11\/2014 tarih ve 29188 say\u0131l\u0131 resmi gazetede yay\u0131mlanan mesafeli sat\u0131\u015flar y\u00f6netmeli\u011finin 15. maddesinde cayma hakk\u0131n\u0131n istisnalar\u0131 belirtilmi\u015ftir. \u0130lgili maddenin a bendinde &#8220;fiyat\u0131 finansal piyasalardaki dalgalanmalara ba\u011fl\u0131 olarak de\u011fi\u015fen ve sat\u0131c\u0131 veya sa\u011flay\u0131c\u0131n\u0131n kontrol\u00fcnde olmayan mal veya hizmetlere ili\u015fkin s\u00f6zle\u015fmeler&#8221; cayma hakk\u0131ndan istisna edilmi\u015ftir. \u00dcr\u00fcnlerimiz ithal \u00fcr\u00fcnler olup fiyatlar\u0131 g\u00fcnl\u00fck usd kurlar\u0131 kullan\u0131larak tl kar\u015f\u0131l\u0131\u011f\u0131na \u00e7evrilmesiyle hesaplanmaktad\u0131r. Fiyatlar kurdaki de\u011fi\u015fmeler ba\u011fl\u0131 olarak g\u00fcnl\u00fck olarak de\u011fi\u015fmektedir. Bu nedenle y\u00f6netmeli\u011fin 15. Md\/a bendi gere\u011fi cayma hakk\u0131ndan m\u00fcstesnad\u0131r. M\u00fc\u015fterilerimiz sipari\u015f \u00f6ncesinde bu konu hakk\u0131nda \u00f6n bilgilendirme yap\u0131ld\u0131\u011f\u0131n\u0131 kabul eder.<\/p>\n","protected":false},"featured_media":9413,"comment_status":"open","ping_status":"closed","template":"","meta":{"_joinchat":[]},"product_cat":[157],"product_tag":[169,6397,3571,696,6396],"class_list":{"0":"post-9412","1":"product","2":"type-product","3":"status-publish","4":"has-post-thumbnail","6":"product_cat-volvo","7":"product_tag-169","8":"product_tag-2-s60v70-otj-cikma","9":"product_tag-3571","10":"product_tag-696","11":"product_tag-9202199-hava-akis-metresi-volvo-2","13":"first","14":"instock","15":"sale","16":"shipping-taxable","17":"purchasable","18":"product-type-simple"},"_links":{"self":[{"href":"https:\/\/dogan-otomotiv.com\/index.php\/wp-json\/wp\/v2\/product\/9412","targetHints":{"allow":["GET"]}}],"collection":[{"href":"https:\/\/dogan-otomotiv.com\/index.php\/wp-json\/wp\/v2\/product"}],"about":[{"href":"https:\/\/dogan-otomotiv.com\/index.php\/wp-json\/wp\/v2\/types\/product"}],"replies":[{"embeddable":true,"href":"https:\/\/dogan-otomotiv.com\/index.php\/wp-json\/wp\/v2\/comments?post=9412"}],"wp:featuredmedia":[{"embeddable":true,"href":"https:\/\/dogan-otomotiv.com\/index.php\/wp-json\/wp\/v2\/media\/9413"}],"wp:attachment":[{"href":"https:\/\/dogan-otomotiv.com\/index.php\/wp-json\/wp\/v2\/media?parent=9412"}],"wp:term":[{"taxonomy":"product_cat","embeddable":true,"href":"https:\/\/dogan-otomotiv.com\/index.php\/wp-json\/wp\/v2\/product_cat?post=9412"},{"taxonomy":"product_tag","embeddable":true,"href":"https:\/\/dogan-otomotiv.com\/index.php\/wp-json\/wp\/v2\/product_tag?post=9412"}],"curies":[{"name":"wp","href":"https:\/\/api.w.org\/{rel}","templated":true}]}}