{"id":9408,"date":"2022-01-28T16:25:15","date_gmt":"2022-01-28T16:25:15","guid":{"rendered":"https:\/\/dogan-otomotiv.com\/?post_type=product&#038;p=9408"},"modified":"2025-03-17T15:30:14","modified_gmt":"2025-03-17T15:30:14","slug":"059906461d-hava-akis-metresi-audi-25-vw-orj-cikma","status":"publish","type":"product","link":"https:\/\/dogan-otomotiv.com\/index.php\/urun\/059906461d-hava-akis-metresi-audi-25-vw-orj-cikma\/","title":{"rendered":"059906461d HAVA AKI\u015e METRES\u0130 AUD\u0130 2,5 VW ORJ \u00c7IKMA"},"content":{"rendered":"<p>OEN 059 906 461 D \u2014 AUDI<br \/>\nOEN 059 906 461 DV \u2014 AUDI<br \/>\nOEN 059 906 461 DX \u2014 AUDI<br \/>\nOEN 059 906 461 G \u2014 AUDI<br \/>\nOEN 059 906 461 GV \u2014 AUDI<br \/>\nOEN 059 906 461 GX \u2014 AUDI<br \/>\nOEN 059 906 461 M \u2014 AUDI<br \/>\nOEN 59 906 461 D \u2014 AUDI<br \/>\nOEN 59 906 461 DV \u2014 AUDI<br \/>\nOEN 59 906 461 DX \u2014 AUDI<br \/>\nOEN 59 906 461 G \u2014 AUDI<br \/>\nOEN 59 906 461 GV \u2014 AUDI<br \/>\nOEN 59 906 461 GX \u2014 AUDI<br \/>\nOEN 59 906 461 M \u2014 AUDI<br \/>\nOEN AFH70 25C \u2014 HITACHI<br \/>\nOEN AFH7025G \u2014 HITACHI<br \/>\nOEN AFH70M28 \u2014 HITACHI<br \/>\nOEN U09013AFS \u2014 HITACHI<br \/>\nOEN 059 906 461 DV \u2014 SKODA<br \/>\nOEN 059 906 461 GV \u2014 SKODA<br \/>\nOEN 59 906 461 DV \u2014 SKODA<br \/>\nOEN 59 906 461 GV \u2014 SKODA<br \/>\nOEN 059 906 461 D \u2014 VAG<br \/>\nOEN 059 906 461 DX \u2014 VAG<br \/>\nOEN 059 906 461 F \u2014 VAG<br \/>\nOEN 059 906 461 G \u2014 VAG<br \/>\nOEN 059 906 461 GX \u2014 VAG<br \/>\nOEN 059 906 461 M \u2014 VAG<br \/>\nOEN 059 906 461 MX \u2014 VAG<br \/>\nOEN 59 906 461 D \u2014 VAG<br \/>\nOEN 59 906 461 DX \u2014 VAG<br \/>\nOEN 59 906 461 F \u2014 VAG<br \/>\nOEN 59 906 461 G \u2014 VAG<br \/>\nOEN 59 906 461 GX \u2014 VAG<br \/>\nOEN 59 906 461 M \u2014 VAG<br \/>\nOEN 59 906 461 MX \u2014 VAG<br \/>\nOEN 059 906 461 D \u2014 VW<br \/>\nOEN 059 906 461 DV \u2014 VW<br \/>\nOEN 059 906 461 DX \u2014 VW<br \/>\nOEN 059 906 461 G \u2014 VW<br \/>\nOEN 059 906 461 GV \u2014 VW<br \/>\nOEN 059 906 461 GX \u2014 VW<br \/>\nOEN 059 906 461 M \u2014 VW<br \/>\nOEN 059906461MV \u2014 VW<br \/>\nOEN 59 906 461 D \u2014 VW<br \/>\nOEN 59 906 461 DV \u2014 VW<br \/>\nOEN 59 906 461 DX \u2014 VW<br \/>\nOEN 59 906 461 G \u2014 VW<br \/>\nOEN 59 906 461 GV \u2014 VW<br \/>\nOEN 59 906 461 GX \u2014 VW<br \/>\nOEN 59 906 461 M \u2014 VW<\/p>\n<p>VW Passat B5 Sedan (3B2) (Yap\u0131m Y\u0131l\u0131 07.1998 &#8211; 11.2000, 150 PS, Dizel)<br \/>\nVW Passat B5 Estate (3B5) (Yap\u0131m Y\u0131l\u0131 07.1998 &#8211; 11.2000, 150 PS, Dizel)<br \/>\nVW Passat B5 GP Sedan (3BG, 3B3) (Yap\u0131m Y\u0131l\u0131 11.2000 &#8211; 05.2005, 150 &#8211; 180 PS, Dizel)<br \/>\nVW Passat B5 GP Estate (3BG, 3B6) (Yap\u0131m Y\u0131l\u0131 11.2000 &#8211; 05.2005, 150 &#8211; 180 PS, Dizel)<\/p>\n<p>SKODA Superb I Sedan (3U4) (Yap\u0131m Y\u0131l\u0131 12.2001 &#8211; 03.2008, 155 &#8211; 163 PS, Dizel)<br \/>\n2.5 TDI, Yap\u0131m Y\u0131l\u0131 12.2001 &#8211; 08.2003, 2496 ccm, 155 PS<br \/>\n2.5 TDI, Yap\u0131m Y\u0131l\u0131 06.2003 &#8211; 03.2008, 2496 ccm, 163 PS<\/p>\n<p>AUDI A6 C4 Sedan (4A2) (Yap\u0131m Y\u0131l\u0131 06.1994 &#8211; 10.1997, 114 &#8211; 116 PS, Dizel)<br \/>\nAUDI A8 D2 (4D2, 4D8) (Yap\u0131m Y\u0131l\u0131 09.2000 &#8211; 09.2002, 180 PS, Dizel)<br \/>\nAUDI A6 C5 Sedan (4B2) (Yap\u0131m Y\u0131l\u0131 02.2000 &#8211; 01.2005, 155 &#8211; 180 PS, Dizel)<br \/>\nAUDI A6 C5 Avant (4B5) (Yap\u0131m Y\u0131l\u0131 02.2000 &#8211; 01.2005, 155 &#8211; 180 PS, Dizel)<br \/>\nAUDI A6 C4 Avant (4A5) (Yap\u0131m Y\u0131l\u0131 08.1994 &#8211; 12.1997, 114 &#8211; 140 PS, Dizel)<br \/>\nAUDI Allroad C5 (4BH) (Yap\u0131m Y\u0131l\u0131 05.2000 &#8211; 08.2005, 163 &#8211; 180 PS, Dizel)<br \/>\nAUDI A4 B6 Sedan (8E2) (Yap\u0131m Y\u0131l\u0131 11.2000 &#8211; 12.2004, 155 &#8211; 180 PS, Dizel)<br \/>\nAUDI A4 B6 Avant (8E5) (Yap\u0131m Y\u0131l\u0131 09.2001 &#8211; 12.2004, 155 &#8211; 180 PS, Dizel)<br \/>\nAUDI A4 B6\/B7 Cabrio (8H7, 8HE) (Yap\u0131m Y\u0131l\u0131 08.2002 &#8211; 12.2005, 163 PS, Dizel)<br \/>\nAUDI A4 B7 Sedan (8EC) (Yap\u0131m Y\u0131l\u0131 11.2004 &#8211; 05.2006, 163 PS, Dizel)<br \/>\nAUDI A4 B7 Avant (8ED) (Yap\u0131m Y\u0131l\u0131 11.2004 &#8211; 05.2006, 163 PS, Dizel)<\/p>\n","protected":false},"excerpt":{"rendered":"<p>DO\u011eAN OTOMOT\u0130V YEDEK PAR\u00c7A<br \/>\nLTD \u015eT\u0130 \u0130VED\u0130K ORGAN\u0130ZE SAN 1471 SOKAK 91-A OST\u0130M ANKARA<br \/>\nSEM\u0130H SAVA\u015e\u00c7I (312) 395 20 95<br \/>\n0533 322 16 09<br \/>\nMUSTAFA SAVA\u015e\u00c7I<br \/>\n0 (312) 395 20 95<br \/>\nIBAN NO: TR 54 0011 1000 0000 0098 3516 19<br \/>\nF\u0130NANSBANK ENPARA<br \/>\n\u015eUBE KODU: 03663<br \/>\nHESAP NO: 98351619<\/p>\n<p>ONL\u0130NE SATI\u015eIMIZ YOKTUR<\/p>\n<p>NOT 5 G\u00dcN \u0130\u00c7ER\u0130S\u0130NDE \u0130YADES\u0130 OLMAYAN MAZEME GER\u0130 ALINMAZ<br \/>\nPaket i\u00e7eri\u011fi: 1 Adet<br \/>\nSATI\u015e F\u0130YATI KDV DAH\u0130L pe\u015fin fiyat\u0131d\u0131r<br \/>\nSAAT 18:00 KADAR VER\u0130LEN \u015e\u0130PAR\u0130\u015e AYNI G\u00dcN KARGO \u0130LE G\u00d6NDER\u0130M\u0130 YAPILIR.<br \/>\nKARGO \u0130ADES\u0130 DURUMUNDA .<br \/>\nKARGO \u00dcCRET\u0130 M\u00dc\u015eTER\u0130YE A\u0130TT\u0130R. AYRICA KARGODA KIRILAN PAR\u00c7ALARDAN SORUMLU DEY\u0130L\u0130Z<\/p>\n<p>27\/11\/2014 tarih ve 29188 say\u0131l\u0131 resmi gazetede yay\u0131mlanan mesafeli sat\u0131\u015flar y\u00f6netmeli\u011finin 15. maddesinde cayma hakk\u0131n\u0131n istisnalar\u0131 belirtilmi\u015ftir. \u0130lgili maddenin a bendinde &#8220;fiyat\u0131 finansal piyasalardaki dalgalanmalara ba\u011fl\u0131 olarak de\u011fi\u015fen ve sat\u0131c\u0131 veya sa\u011flay\u0131c\u0131n\u0131n kontrol\u00fcnde olmayan mal veya hizmetlere ili\u015fkin s\u00f6zle\u015fmeler&#8221; cayma hakk\u0131ndan istisna edilmi\u015ftir. \u00dcr\u00fcnlerimiz ithal \u00fcr\u00fcnler olup fiyatlar\u0131 g\u00fcnl\u00fck usd kurlar\u0131 kullan\u0131larak tl kar\u015f\u0131l\u0131\u011f\u0131na \u00e7evrilmesiyle hesaplanmaktad\u0131r. Fiyatlar kurdaki de\u011fi\u015fmeler ba\u011fl\u0131 olarak g\u00fcnl\u00fck olarak de\u011fi\u015fmektedir. Bu nedenle y\u00f6netmeli\u011fin 15. Md\/a bendi gere\u011fi cayma hakk\u0131ndan m\u00fcstesnad\u0131r. M\u00fc\u015fterilerimiz sipari\u015f \u00f6ncesinde bu konu hakk\u0131nda \u00f6n bilgilendirme yap\u0131ld\u0131\u011f\u0131n\u0131 kabul eder.<\/p>\n","protected":false},"featured_media":9409,"comment_status":"open","ping_status":"closed","template":"","meta":{"_joinchat":[]},"product_cat":[15,24,20],"product_tag":[6393,6394],"class_list":{"0":"post-9408","1":"product","2":"type-product","3":"status-publish","4":"has-post-thumbnail","6":"product_cat-volkswagen","7":"product_cat-audi","8":"product_cat-skoda","9":"product_tag-059906461d-hava-akis-metresi-audi-2","10":"product_tag-5-vw-orj-cikma","12":"first","13":"instock","14":"sale","15":"shipping-taxable","16":"purchasable","17":"product-type-simple"},"_links":{"self":[{"href":"https:\/\/dogan-otomotiv.com\/index.php\/wp-json\/wp\/v2\/product\/9408","targetHints":{"allow":["GET"]}}],"collection":[{"href":"https:\/\/dogan-otomotiv.com\/index.php\/wp-json\/wp\/v2\/product"}],"about":[{"href":"https:\/\/dogan-otomotiv.com\/index.php\/wp-json\/wp\/v2\/types\/product"}],"replies":[{"embeddable":true,"href":"https:\/\/dogan-otomotiv.com\/index.php\/wp-json\/wp\/v2\/comments?post=9408"}],"wp:featuredmedia":[{"embeddable":true,"href":"https:\/\/dogan-otomotiv.com\/index.php\/wp-json\/wp\/v2\/media\/9409"}],"wp:attachment":[{"href":"https:\/\/dogan-otomotiv.com\/index.php\/wp-json\/wp\/v2\/media?parent=9408"}],"wp:term":[{"taxonomy":"product_cat","embeddable":true,"href":"https:\/\/dogan-otomotiv.com\/index.php\/wp-json\/wp\/v2\/product_cat?post=9408"},{"taxonomy":"product_tag","embeddable":true,"href":"https:\/\/dogan-otomotiv.com\/index.php\/wp-json\/wp\/v2\/product_tag?post=9408"}],"curies":[{"name":"wp","href":"https:\/\/api.w.org\/{rel}","templated":true}]}}