{"id":9400,"date":"2022-01-28T14:20:33","date_gmt":"2022-01-28T14:20:33","guid":{"rendered":"https:\/\/dogan-otomotiv.com\/?post_type=product&#038;p=9400"},"modified":"2024-12-24T12:51:25","modified_gmt":"2024-12-24T12:51:25","slug":"9400","status":"publish","type":"product","link":"https:\/\/dogan-otomotiv.com\/index.php\/urun\/9400\/","title":{"rendered":"0281002428 AKI\u015e METRES\u0130 OPEL ASTRA G VEKTRA B OMEGAB ZAF\u0130RA ORJ \u00c7IKMA"},"content":{"rendered":"<p>0281002428 AKI\u015e METRES\u0130 OPEL ASTRA G VEKTRA B OMEGAB ZAF\u0130RA<\/p>\n<p>OEN 60 80 20 28 \u2014 ABARTH<br \/>\nOEN 60 80 20 28 \u2014 ALFA ROMEO<br \/>\nOEN 1 882 019 \u2014 BUICK<br \/>\nOEN 93 174 129 \u2014 BUICK<br \/>\nOEN 93 328 218 \u2014 BUICK<br \/>\nOEN 1 882 019 \u2014 CADILLAC<br \/>\nOEN 93 174 129 \u2014 CADILLAC<br \/>\nOEN 93 328 218 \u2014 CADILLAC<br \/>\nOEN 1 882 019 \u2014 CHEVROLET<br \/>\nOEN 93 174 129 \u2014 CHEVROLET<br \/>\nOEN 93 328 218 \u2014 CHEVROLET<br \/>\nOEN 1 882 019 \u2014 DAEWOO<br \/>\nOEN 93 174 129 \u2014 DAEWOO<br \/>\nOEN 93 328 218 \u2014 DAEWOO<br \/>\nOEN 60 80 20 28 \u2014 FERRARI<br \/>\nOEN 60 80 20 28 \u2014 FIAT<br \/>\nOEN 1 882 019 \u2014 GENERAL MOTORS<br \/>\nOEN 93 174 129 \u2014 GENERAL MOTORS<br \/>\nOEN 93 328 218 \u2014 GENERAL MOTORS<br \/>\nOEN 60 80 20 28 \u2014 LANCIA<br \/>\nOEN 60 80 20 28 \u2014 MASERATI<br \/>\nOEN MHK 100850 \u2014 MG<br \/>\nOEN 1 882 019 \u2014 OPEL<br \/>\nOEN 24 420 614 \u2014 OPEL<br \/>\nOEN 55 350 045 \u2014 OPEL<br \/>\nOEN 836 588 \u2014 OPEL<br \/>\nOEN 836 592 \u2014 OPEL<br \/>\nOEN 93 174 129 \u2014 OPEL<br \/>\nOEN 93 178 244 \u2014 OPEL<br \/>\nOEN 93 328 218 \u2014 OPEL<br \/>\nOEN 1 882 019 \u2014 PONTIAC<br \/>\nOEN 93 174 129 \u2014 PONTIAC<br \/>\nOEN 93 328 218 \u2014 PONTIAC<br \/>\nOEN 996 606 124 00 \u2014 PORSCHE<br \/>\nOEN MHK 100850 \u2014 ROVER<br \/>\nOEN 13800-84E50 \u2014 SUZUKI<\/p>\n<p>ALFA ROMEO<br \/>\nCADILLAC<br \/>\nCHEVROLET<br \/>\nFERRARI<br \/>\nFIAT<br \/>\nHONDA<\/p>\n<p>OPEL Corsa B Hatchback (S93) (Yap\u0131m Y\u0131l\u0131 11.1996 &#8211; 09.2000, 54 &#8211; 65 PS, Benzin)<br \/>\nOPEL Omega B Karavan (V94) (Yap\u0131m Y\u0131l\u0131 09.1997 &#8211; 07.2003, 101 &#8211; 120 PS, Dizel)<br \/>\nOPEL Vectra B CC (J96) (Yap\u0131m Y\u0131l\u0131 11.1996 &#8211; 07.2003, 82 &#8211; 125 PS, Dizel)<br \/>\nOPEL Vectra B Sedan (J96) (Yap\u0131m Y\u0131l\u0131 11.1996 &#8211; 04.2002, 82 &#8211; 125 PS, Dizel)<br \/>\nOPEL Vectra B Estate (J96) (Yap\u0131m Y\u0131l\u0131 11.1996 &#8211; 07.2003, 82 &#8211; 125 PS, Dizel)<br \/>\nOPEL Astra G CC (T98) (Yap\u0131m Y\u0131l\u0131 02.1998 &#8211; 12.2009, 65 &#8211; 200 PS, Dizel, Benzin)<br \/>\nOPEL Astra G Karavan (T98) (Yap\u0131m Y\u0131l\u0131 02.1998 &#8211; 12.2009, 65 &#8211; 200 PS, Dizel, Benzin)<br \/>\nOPEL Omega B Sedan (V94) (Yap\u0131m Y\u0131l\u0131 09.1997 &#8211; 07.2003, 101 &#8211; 120 PS, Dizel)<br \/>\nOPEL Astra G Sedan (T98) (Yap\u0131m Y\u0131l\u0131 09.1998 &#8211; 12.2009, 65 &#8211; 101 PS, Dizel, Benzin)<br \/>\nOPEL Frontera B Off-Road (U99) (Yap\u0131m Y\u0131l\u0131 09.2002 &#8211; 07.2004, 120 PS, Dizel)<br \/>\nOPEL Zafira A (T98) (Yap\u0131m Y\u0131l\u0131 07.1999 &#8211; 06.2005, 82 &#8211; 200 PS, Dizel, Benzin)<br \/>\nOPEL Astra G Coupe (T98) (Yap\u0131m Y\u0131l\u0131 09.2000 &#8211; 05.2005, 190 &#8211; 200 PS, Benzin)<br \/>\nOPEL Agila A (H00) (Yap\u0131m Y\u0131l\u0131 09.2000 &#8211; 12.2007, 58 &#8211; 80 PS, Dizel, Benzin)<br \/>\nOPEL Speedster (E01) (Yap\u0131m Y\u0131l\u0131 04.2003 &#8211; 08.2006, 200 PS, Benzin)<br \/>\nOPEL Astra G Van (F70) (Yap\u0131m Y\u0131l\u0131 01.1999 &#8211; 04.2005, 68 &#8211; 82 PS, Dizel)<br \/>\nOPEL Corsa C Hatchback (X01) (Yap\u0131m Y\u0131l\u0131 09.2000 &#8211; 12.2009, 58 &#8211; 100 PS, Dizel, Benzin)<br \/>\nOPEL Astra G Cabrio (T98) (Yap\u0131m Y\u0131l\u0131 03.2002 &#8211; 10.2005, 192 &#8211; 200 PS, Benzin)<br \/>\nOPEL Combo C Kasa \/ Emlak (Yap\u0131m Y\u0131l\u0131 10.2001 &#8211; &#8230;, 65 &#8211; 101 BG, Dizel, Benzin)<br \/>\nOPEL Corsa \u0421 Van (X01) (Yap\u0131m Y\u0131l\u0131 09.2000 &#8211; 12.2012, 65 &#8211; 101 PS, Dizel, Benzin)<br \/>\nOPEL Vectra C Sedan (Z02) (Yap\u0131m Y\u0131l\u0131 04.2002 &#8211; 08.2008, 101 &#8211; 184 PS, Dizel)<br \/>\nOPEL Vectra C CC (Z02) (Yap\u0131m Y\u0131l\u0131 08.2002 &#8211; 08.2008, 101 &#8211; 184 PS, Dizel)<br \/>\nOPEL Meriva A (X03) (Yap\u0131m Y\u0131l\u0131 09.2003 &#8211; 05.2010, 75 &#8211; 180 PS, Dizel, Benzin, Petrol\/Petrol Gaz\u0131 (LPG))<br \/>\nOPEL Signum CC (Z03) (Yap\u0131m Y\u0131l\u0131 05.2003 &#8211; 12.2008, 100 &#8211; 184 PS, Dizel)<br \/>\nOPEL Combo C Turu (Yap\u0131m Y\u0131l\u0131 10.2001 &#8211; 12.2011, 65 &#8211; 101 PS, Dizel, Benzin)<br \/>\nOPEL Vectra C Karavan (Z02) (Yap\u0131m Y\u0131l\u0131 10.2003 &#8211; 08.2008, 100 &#8211; 184 PS, Dizel)<br \/>\nOPEL Astra H Hatchback (A04) (Yap\u0131m Y\u0131l\u0131 03.2004 &#8211; 10.2010, 80 &#8211; 240 PS, Benzin, Petrol\/Petrol Gaz\u0131 (LPG))<br \/>\nOPEL Astra H Caravan (A04) (Year of Construction 08.2004 &#8211; 10.2010, 75 &#8211; 200 PS, Petrol, Petrol\/Petroleum Gas (LPG))<br \/>\nOPEL Tigra Twintop (X04) (Yap\u0131m Y\u0131l\u0131 06.2004 &#8211; 12.2010, 69 &#8211; 90 PS, Dizel, Benzin)<br \/>\nOPEL Astra H GTC (A04) (Yap\u0131m Y\u0131l\u0131 03.2005 &#8211; 10.2010, 90 &#8211; 200 PS, Benzin)<br \/>\nOPEL Zafira B (A05) (Yap\u0131m Y\u0131l\u0131 07.2005 &#8211; 12.2010, 200 PS, Benzin)<br \/>\nOPEL Astra H TwinTop (A04) (Yap\u0131m Y\u0131l\u0131 09.2005 &#8211; 10.2010, 170 &#8211; 200 PS, Benzin)<br \/>\nOPEL Corsa D Hatchback (S07) (Yap\u0131m Y\u0131l\u0131 07.2006 &#8211; 08.2014, 90 &#8211; 211 PS, Benzin)<\/p>\n","protected":false},"excerpt":{"rendered":"<p>DO\u011eAN OTOMOT\u0130V YEDEK PAR\u00c7A<br \/>\nLTD \u015eT\u0130 \u0130VED\u0130K ORGAN\u0130ZE SAN 1471 SOKAK 91-A OST\u0130M ANKARA<br \/>\nSEM\u0130H SAVA\u015e\u00c7I (312) 395 20 95<br \/>\n0533 322 16 09<br \/>\nMUSTAFA SAVA\u015e\u00c7I<br \/>\n0 (312) 395 20 95<br \/>\nIBAN NO: TR 54 0011 1000 0000 0098 3516 19<br \/>\nF\u0130NANSBANK ENPARA<br \/>\n\u015eUBE KODU: 03663<br \/>\nHESAP NO: 98351619<\/p>\n<p>ONL\u0130NE SATI\u015eIMIZ YOKTUR<\/p>\n<p>NOT 5 G\u00dcN \u0130\u00c7ER\u0130S\u0130NDE \u0130YADES\u0130 OLMAYAN MAZEME GER\u0130 ALINMAZ<br \/>\nPaket i\u00e7eri\u011fi: 1 Adet<br \/>\nSATI\u015e F\u0130YATI KDV DAH\u0130L pe\u015fin fiyat\u0131d\u0131r<br \/>\nSAAT 18:00 KADAR VER\u0130LEN \u015e\u0130PAR\u0130\u015e AYNI G\u00dcN KARGO \u0130LE G\u00d6NDER\u0130M\u0130 YAPILIR.<br \/>\nKARGO \u0130ADES\u0130 DURUMUNDA .<br \/>\nKARGO \u00dcCRET\u0130 M\u00dc\u015eTER\u0130YE A\u0130TT\u0130R. AYRICA KARGODA KIRILAN PAR\u00c7ALARDAN SORUMLU DEY\u0130L\u0130Z<\/p>\n<p>27\/11\/2014 tarih ve 29188 say\u0131l\u0131 resmi gazetede yay\u0131mlanan mesafeli sat\u0131\u015flar y\u00f6netmeli\u011finin 15. maddesinde cayma hakk\u0131n\u0131n istisnalar\u0131 belirtilmi\u015ftir. \u0130lgili maddenin a bendinde &#8220;fiyat\u0131 finansal piyasalardaki dalgalanmalara ba\u011fl\u0131 olarak de\u011fi\u015fen ve sat\u0131c\u0131 veya sa\u011flay\u0131c\u0131n\u0131n kontrol\u00fcnde olmayan mal veya hizmetlere ili\u015fkin s\u00f6zle\u015fmeler&#8221; cayma hakk\u0131ndan istisna edilmi\u015ftir. \u00dcr\u00fcnlerimiz ithal \u00fcr\u00fcnler olup fiyatlar\u0131 g\u00fcnl\u00fck usd kurlar\u0131 kullan\u0131larak tl kar\u015f\u0131l\u0131\u011f\u0131na \u00e7evrilmesiyle hesaplanmaktad\u0131r. Fiyatlar kurdaki de\u011fi\u015fmeler ba\u011fl\u0131 olarak g\u00fcnl\u00fck olarak de\u011fi\u015fmektedir. Bu nedenle y\u00f6netmeli\u011fin 15. Md\/a bendi gere\u011fi cayma hakk\u0131ndan m\u00fcstesnad\u0131r. M\u00fc\u015fterilerimiz sipari\u015f \u00f6ncesinde bu konu hakk\u0131nda \u00f6n bilgilendirme yap\u0131ld\u0131\u011f\u0131n\u0131 kabul eder.<\/p>\n","protected":false},"featured_media":9401,"comment_status":"open","ping_status":"closed","template":"","meta":{"_joinchat":[]},"product_cat":[536,21],"product_tag":[6389],"class_list":{"0":"post-9400","1":"product","2":"type-product","3":"status-publish","4":"has-post-thumbnail","6":"product_cat-fiat","7":"product_cat-opel","8":"product_tag-0281002428-akis-metresi-opel-astra-g-vektra-b-omegab-zafira","10":"first","11":"instock","12":"sale","13":"shipping-taxable","14":"purchasable","15":"product-type-simple"},"_links":{"self":[{"href":"https:\/\/dogan-otomotiv.com\/index.php\/wp-json\/wp\/v2\/product\/9400","targetHints":{"allow":["GET"]}}],"collection":[{"href":"https:\/\/dogan-otomotiv.com\/index.php\/wp-json\/wp\/v2\/product"}],"about":[{"href":"https:\/\/dogan-otomotiv.com\/index.php\/wp-json\/wp\/v2\/types\/product"}],"replies":[{"embeddable":true,"href":"https:\/\/dogan-otomotiv.com\/index.php\/wp-json\/wp\/v2\/comments?post=9400"}],"wp:featuredmedia":[{"embeddable":true,"href":"https:\/\/dogan-otomotiv.com\/index.php\/wp-json\/wp\/v2\/media\/9401"}],"wp:attachment":[{"href":"https:\/\/dogan-otomotiv.com\/index.php\/wp-json\/wp\/v2\/media?parent=9400"}],"wp:term":[{"taxonomy":"product_cat","embeddable":true,"href":"https:\/\/dogan-otomotiv.com\/index.php\/wp-json\/wp\/v2\/product_cat?post=9400"},{"taxonomy":"product_tag","embeddable":true,"href":"https:\/\/dogan-otomotiv.com\/index.php\/wp-json\/wp\/v2\/product_tag?post=9400"}],"curies":[{"name":"wp","href":"https:\/\/api.w.org\/{rel}","templated":true}]}}