{"id":9398,"date":"2022-01-28T13:29:26","date_gmt":"2022-01-28T13:29:26","guid":{"rendered":"https:\/\/dogan-otomotiv.com\/?post_type=product&#038;p=9398"},"modified":"2023-08-15T08:52:14","modified_gmt":"2023-08-15T08:52:14","slug":"0280218120-hava-akis-fiat-stilo-alfa-147-1-9-jtd-2001-2010-orj-cikma","status":"publish","type":"product","link":"https:\/\/dogan-otomotiv.com\/index.php\/urun\/0280218120-hava-akis-fiat-stilo-alfa-147-1-9-jtd-2001-2010-orj-cikma\/","title":{"rendered":"0280218120 HAVA AKI\u015e FIAT STILO, ALFA 147 1.9 JTD 2001-2010 ORJ \u00c7IKMA"},"content":{"rendered":"<p>0280218120 FIAT STILO, ALFA ROMEO 147 1.9 JTD 2001-2010 ORJ \u00c7IKM<\/p>\n<p>4-10 1.9 JTD BOSCH 0280218120 \u0130\u00c7\u0130N HAVA DEB\u0130 \u00d6L\u00c7ER MAF<\/p>\n<p>FIAT Multipla (186) (Yap\u0131m Y\u0131l\u0131 07.2002 &#8211; 06.2010, 115 PS, Dizel)<br \/>\nFIAT Stilo Hatchback (192) (Yap\u0131m Y\u0131l\u0131 09.2003 &#8211; 11.2006, 126 &#8211; 140 PS, Dizel)<br \/>\nFIAT Stilo Multi Wagon (192) (Yap\u0131m Y\u0131l\u0131 09.2003 &#8211; 08.2008, 126 &#8211; 140 PS, Dizel)<br \/>\nFIAT Stilo Kapal\u0131 Kasa \/ Emlak (192) (Yap\u0131m Y\u0131l\u0131 09.2003 &#8211; 08.2008, 126 &#8211; 140 PS, Dizel)<\/p>\n<p>ALFA ROMEO 147 (937) (Yap\u0131m Y\u0131l\u0131 04.2001 &#8211; 03.2010, 101 &#8211; 150 PS, Dizel)<br \/>\nALFA ROMEO GT (937) (Yap\u0131m Y\u0131l\u0131 11.2003 &#8211; 09.2010, 150 &#8211; 165 BG, Dizel, Benzin)<\/p>\n<p>OEN 46811122 \u2014 ALFA ROMEO<br \/>\nOEN HFM-5-4.7-BOSCH<br \/>\nOEN 4681122\u2014FIAT<\/p>\n","protected":false},"excerpt":{"rendered":"<p>DO\u011eAN OTOMOT\u0130V YEDEK PAR\u00c7A<br \/>\nLTD \u015eT\u0130 \u0130VED\u0130K ORGAN\u0130ZE SAN 1471 SOKAK 91-A OST\u0130M ANKARA<br \/>\nSEM\u0130H SAVA\u015e\u00c7I (312) 395 20 95<br \/>\n0533 322 16 09<br \/>\nMUSTAFA SAVA\u015e\u00c7I<br \/>\n0 (312) 395 20 95<br \/>\nIBAN NO: TR 54 0011 1000 0000 0098 3516 19<br \/>\nF\u0130NANSBANK ENPARA<br \/>\n\u015eUBE KODU: 03663<br \/>\nHESAP NO: 98351619<\/p>\n<p>ONL\u0130NE SATI\u015eIMIZ YOKTUR<\/p>\n<p>NOT 5 G\u00dcN \u0130\u00c7ER\u0130S\u0130NDE \u0130YADES\u0130 OLMAYAN MAZEME GER\u0130 ALINMAZ<br \/>\nPaket i\u00e7eri\u011fi: 1 Adet<br \/>\nSATI\u015e F\u0130YATI KDV DAH\u0130L pe\u015fin fiyat\u0131d\u0131r<br \/>\nSAAT 18:00 KADAR VER\u0130LEN \u015e\u0130PAR\u0130\u015e AYNI G\u00dcN KARGO \u0130LE G\u00d6NDER\u0130M\u0130 YAPILIR.<br \/>\nKARGO \u0130ADES\u0130 DURUMUNDA .<br \/>\nKARGO \u00dcCRET\u0130 M\u00dc\u015eTER\u0130YE A\u0130TT\u0130R. AYRICA KARGODA KIRILAN PAR\u00c7ALARDAN SORUMLU DEY\u0130L\u0130Z<\/p>\n<p>27\/11\/2014 tarih ve 29188 say\u0131l\u0131 resmi gazetede yay\u0131mlanan mesafeli sat\u0131\u015flar y\u00f6netmeli\u011finin 15. maddesinde cayma hakk\u0131n\u0131n istisnalar\u0131 belirtilmi\u015ftir. \u0130lgili maddenin a bendinde &#8220;fiyat\u0131 finansal piyasalardaki dalgalanmalara ba\u011fl\u0131 olarak de\u011fi\u015fen ve sat\u0131c\u0131 veya sa\u011flay\u0131c\u0131n\u0131n kontrol\u00fcnde olmayan mal veya hizmetlere ili\u015fkin s\u00f6zle\u015fmeler&#8221; cayma hakk\u0131ndan istisna edilmi\u015ftir. \u00dcr\u00fcnlerimiz ithal \u00fcr\u00fcnler olup fiyatlar\u0131 g\u00fcnl\u00fck usd kurlar\u0131 kullan\u0131larak tl kar\u015f\u0131l\u0131\u011f\u0131na \u00e7evrilmesiyle hesaplanmaktad\u0131r. Fiyatlar kurdaki de\u011fi\u015fmeler ba\u011fl\u0131 olarak g\u00fcnl\u00fck olarak de\u011fi\u015fmektedir. Bu nedenle y\u00f6netmeli\u011fin 15. Md\/a bendi gere\u011fi cayma hakk\u0131ndan m\u00fcstesnad\u0131r. M\u00fc\u015fterilerimiz sipari\u015f \u00f6ncesinde bu konu hakk\u0131nda \u00f6n bilgilendirme yap\u0131ld\u0131\u011f\u0131n\u0131 kabul eder.<\/p>\n","protected":false},"featured_media":9399,"comment_status":"open","ping_status":"closed","template":"","meta":{"_joinchat":[]},"product_cat":[6216,536],"product_tag":[8693,8694],"class_list":{"0":"post-9398","1":"product","2":"type-product","3":"status-publish","4":"has-post-thumbnail","6":"product_cat-alfa-romeo","7":"product_cat-fiat","8":"product_tag-0280218120-hava-akis-fiat-stilo","9":"product_tag-alfa-147-1-9-jtd-2001-2010-orj-cikma","11":"first","12":"instock","13":"sale","14":"shipping-taxable","15":"purchasable","16":"product-type-simple"},"_links":{"self":[{"href":"https:\/\/dogan-otomotiv.com\/index.php\/wp-json\/wp\/v2\/product\/9398","targetHints":{"allow":["GET"]}}],"collection":[{"href":"https:\/\/dogan-otomotiv.com\/index.php\/wp-json\/wp\/v2\/product"}],"about":[{"href":"https:\/\/dogan-otomotiv.com\/index.php\/wp-json\/wp\/v2\/types\/product"}],"replies":[{"embeddable":true,"href":"https:\/\/dogan-otomotiv.com\/index.php\/wp-json\/wp\/v2\/comments?post=9398"}],"wp:featuredmedia":[{"embeddable":true,"href":"https:\/\/dogan-otomotiv.com\/index.php\/wp-json\/wp\/v2\/media\/9399"}],"wp:attachment":[{"href":"https:\/\/dogan-otomotiv.com\/index.php\/wp-json\/wp\/v2\/media?parent=9398"}],"wp:term":[{"taxonomy":"product_cat","embeddable":true,"href":"https:\/\/dogan-otomotiv.com\/index.php\/wp-json\/wp\/v2\/product_cat?post=9398"},{"taxonomy":"product_tag","embeddable":true,"href":"https:\/\/dogan-otomotiv.com\/index.php\/wp-json\/wp\/v2\/product_tag?post=9398"}],"curies":[{"name":"wp","href":"https:\/\/api.w.org\/{rel}","templated":true}]}}