{"id":9394,"date":"2022-01-28T12:33:39","date_gmt":"2022-01-28T12:33:39","guid":{"rendered":"https:\/\/dogan-otomotiv.com\/?post_type=product&#038;p=9394"},"modified":"2022-07-26T06:26:25","modified_gmt":"2022-07-26T06:26:25","slug":"28164-27800-9220930006-hava-akis-kia-sorento-orj-cikma","status":"publish","type":"product","link":"https:\/\/dogan-otomotiv.com\/index.php\/urun\/28164-27800-9220930006-hava-akis-kia-sorento-orj-cikma\/","title":{"rendered":"28164-27800-9220930006 HAVA AKI\u015e K\u0130A SORENTO ORJ \u00c7IKMA"},"content":{"rendered":"<p>28164-27800-9220930006 HAVA AKI\u015e K\u0130A SORENTO ORJ \u00c7IKMA<\/p>\n<p> H100 Kmyt 08-11\/santafe 06-12<\/p>\n<p>KIA Sorento I (JC) (Yap\u0131m Y\u0131l\u0131 05.2006 &#8211; &#8230;, 163 &#8211; 170 PS, Dizel)<br \/>\nKIA K2500 Platform \/ \u015easi (SD) (Yap\u0131m Y\u0131l\u0131 01.2010 &#8211; &#8230;, 131 PS, Dizel)<br \/>\nKIA Sportage II (JE, KM) (Yap\u0131m Y\u0131l\u0131 01.2006 &#8211; &#8230;, 136 &#8211; 150 PS, Dizel)<br \/>\nKIA Magentis II (MG) (Yap\u0131m Y\u0131l\u0131 11.2005 &#8211; &#8230;, 136 &#8211; 150 PS, Dizel)<br \/>\nKIA Carens III (UN) (Yap\u0131m Y\u0131l\u0131 09.2006 &#8211; &#8230;, 115 &#8211; 140 PS, Dizel)<br \/>\nKIA Sedona II (VQ) (Yap\u0131m Y\u0131l\u0131 06.2006 &#8211; &#8230;, 185 &#8211; 192 PS, Dizel)<br \/>\nKIA cee&#8217;d I Hatchback (ED) (Yap\u0131m Y\u0131l\u0131 06.2007 &#8211; 12.2012, 136 &#8211; 140 PS, Dizel)<br \/>\nKIA cee&#8217;d I Estate (ED) (Yap\u0131m Y\u0131l\u0131 07.2007 &#8211; 12.2012, 136 &#8211; 140 PS, Dizel)<br \/>\nKIA Pro cee&#8217;d I Hatchback (ED) (Yap\u0131m Y\u0131l\u0131 02.2008 &#8211; 09.2012, 140 PS, Dizel)<br \/>\nKIA Bongo III Platform \/ \u015easi (Yap\u0131m Y\u0131l\u0131 01.2012 &#8211; &#8230;, 133 PS, Dizel)<br \/>\nKIA K2900 Platform \/ \u015easi (Yap\u0131m Y\u0131l\u0131 01.2008 &#8211; &#8230;, 125 PS, Dizel)<\/p>\n<p>HYUNDAI H-1 MPV (A1) (Yap\u0131m Y\u0131l\u0131 12.2002 &#8211; 12.2007, 110 &#8211; 163 PS, Dizel)<br \/>\nHYUNDAI H-1 Van (A1) (Yap\u0131m Y\u0131l\u0131 07.2001 &#8211; 04.2004, 110 PS, Dizel)<br \/>\nHYUNDAI Santa Fe I (SM) (Yap\u0131m Y\u0131l\u0131 08.2003 &#8211; 03.2006, 125 &#8211; 145 PS, Dizel)<br \/>\nHYUNDAI Tucson (JM) (Yap\u0131m Y\u0131l\u0131 08.2004 &#8211; 03.2010, 113 &#8211; 150 PS, Dizel)<br \/>\nHYUNDAI Sonata V (NF) (Yap\u0131m Y\u0131l\u0131 02.2006 &#8211; 12.2010, 136 &#8211; 150 PS, Dizel)<br \/>\nHYUNDAI Grandeur (TG) (Yap\u0131m Y\u0131l\u0131 06.2006 &#8211; 12.2011, 150 &#8211; 155 PS, Dizel)<br \/>\nHYUNDAI Santa Fe II (CM) (Yap\u0131m Y\u0131l\u0131 03.2006 &#8211; 12.2012, 139 &#8211; 155 PS, Dizel)<br \/>\nHYUNDAI H-1 Platform\/\u015easi (Yap\u0131m Y\u0131l\u0131 12.2002 &#8211; 10.2005, 140 PS, Dizel)<br \/>\nHYUNDAI i30 I Hatchback (FD) (Yap\u0131m Y\u0131l\u0131 10.2007 &#8211; 11.2011, 136 &#8211; 140 PS, Dizel)<br \/>\nHYUNDAI i30 I Estate (FD) (Yap\u0131m Y\u0131l\u0131 02.2008 &#8211; 06.2012, 136 &#8211; 140 PS, Dizel)<br \/>\nHYUNDAI H-1 \/ iLoad Kargo (TQ) (Yap\u0131m Y\u0131l\u0131 02.2008 &#8211; &#8230;, 110 &#8211; 170 PS, Dizel)<br \/>\nHYUNDAI H-1 \/ i800 Travel (TQ) (Yap\u0131m Y\u0131l\u0131 02.2008 &#8211; &#8230;, 110 &#8211; 170 PS, Dizel)<br \/>\nHYUNDAI H100 Platform \/ \u015easi (CRDi) (Yap\u0131m Y\u0131l\u0131 01.2004 &#8211; &#8230;, 125 &#8211; 130 PS, Dizel)<\/p>\n","protected":false},"excerpt":{"rendered":"<p>DO\u011eAN OTOMOT\u0130V YEDEK PAR\u00c7A<br \/>\nLTD \u015eT\u0130 \u0130VED\u0130K ORGAN\u0130ZE SAN 1471 SOKAK 91-A OST\u0130M ANKARA<br \/>\nSEM\u0130H SAVA\u015e\u00c7I (312) 395 20 95<br \/>\n0533 322 16 09<br \/>\nMUSTAFA SAVA\u015e\u00c7I<br \/>\n0 (312) 395 20 95<br \/>\nIBAN NO: TR 54 0011 1000 0000 0098 3516 19<br \/>\nF\u0130NANSBANK ENPARA<br \/>\n\u015eUBE KODU: 03663<br \/>\nHESAP NO: 98351619<\/p>\n<p>ONL\u0130NE SATI\u015eIMIZ YOKTUR<\/p>\n<p>NOT 5 G\u00dcN \u0130\u00c7ER\u0130S\u0130NDE \u0130YADES\u0130 OLMAYAN MAZEME GER\u0130 ALINMAZ<br \/>\nPaket i\u00e7eri\u011fi: 1 Adet<br \/>\nSATI\u015e F\u0130YATI KDV DAH\u0130L pe\u015fin fiyat\u0131d\u0131r<br \/>\nSAAT 18:00 KADAR VER\u0130LEN \u015e\u0130PAR\u0130\u015e AYNI G\u00dcN KARGO \u0130LE G\u00d6NDER\u0130M\u0130 YAPILIR.<br \/>\nKARGO \u0130ADES\u0130 DURUMUNDA .<br \/>\nKARGO \u00dcCRET\u0130 M\u00dc\u015eTER\u0130YE A\u0130TT\u0130R. AYRICA KARGODA KIRILAN PAR\u00c7ALARDAN SORUMLU DEY\u0130L\u0130Z<\/p>\n<p>27\/11\/2014 tarih ve 29188 say\u0131l\u0131 resmi gazetede yay\u0131mlanan mesafeli sat\u0131\u015flar y\u00f6netmeli\u011finin 15. maddesinde cayma hakk\u0131n\u0131n istisnalar\u0131 belirtilmi\u015ftir. \u0130lgili maddenin a bendinde &#8220;fiyat\u0131 finansal piyasalardaki dalgalanmalara ba\u011fl\u0131 olarak de\u011fi\u015fen ve sat\u0131c\u0131 veya sa\u011flay\u0131c\u0131n\u0131n kontrol\u00fcnde olmayan mal veya hizmetlere ili\u015fkin s\u00f6zle\u015fmeler&#8221; cayma hakk\u0131ndan istisna edilmi\u015ftir. \u00dcr\u00fcnlerimiz ithal \u00fcr\u00fcnler olup fiyatlar\u0131 g\u00fcnl\u00fck usd kurlar\u0131 kullan\u0131larak tl kar\u015f\u0131l\u0131\u011f\u0131na \u00e7evrilmesiyle hesaplanmaktad\u0131r. Fiyatlar kurdaki de\u011fi\u015fmeler ba\u011fl\u0131 olarak g\u00fcnl\u00fck olarak de\u011fi\u015fmektedir. Bu nedenle y\u00f6netmeli\u011fin 15. Md\/a bendi gere\u011fi cayma hakk\u0131ndan m\u00fcstesnad\u0131r. M\u00fc\u015fterilerimiz sipari\u015f \u00f6ncesinde bu konu hakk\u0131nda \u00f6n bilgilendirme yap\u0131ld\u0131\u011f\u0131n\u0131 kabul eder.<\/p>\n","protected":false},"featured_media":9395,"comment_status":"open","ping_status":"closed","template":"","meta":{"_joinchat":[]},"product_cat":[145],"product_tag":[6385],"class_list":{"0":"post-9394","1":"product","2":"type-product","3":"status-publish","4":"has-post-thumbnail","6":"product_cat-kia","7":"product_tag-28164-27800-9220930006-hava-akis-kia-sorento-orj-cikma","9":"first","10":"instock","11":"sale","12":"shipping-taxable","13":"purchasable","14":"product-type-simple"},"_links":{"self":[{"href":"https:\/\/dogan-otomotiv.com\/index.php\/wp-json\/wp\/v2\/product\/9394","targetHints":{"allow":["GET"]}}],"collection":[{"href":"https:\/\/dogan-otomotiv.com\/index.php\/wp-json\/wp\/v2\/product"}],"about":[{"href":"https:\/\/dogan-otomotiv.com\/index.php\/wp-json\/wp\/v2\/types\/product"}],"replies":[{"embeddable":true,"href":"https:\/\/dogan-otomotiv.com\/index.php\/wp-json\/wp\/v2\/comments?post=9394"}],"wp:featuredmedia":[{"embeddable":true,"href":"https:\/\/dogan-otomotiv.com\/index.php\/wp-json\/wp\/v2\/media\/9395"}],"wp:attachment":[{"href":"https:\/\/dogan-otomotiv.com\/index.php\/wp-json\/wp\/v2\/media?parent=9394"}],"wp:term":[{"taxonomy":"product_cat","embeddable":true,"href":"https:\/\/dogan-otomotiv.com\/index.php\/wp-json\/wp\/v2\/product_cat?post=9394"},{"taxonomy":"product_tag","embeddable":true,"href":"https:\/\/dogan-otomotiv.com\/index.php\/wp-json\/wp\/v2\/product_tag?post=9394"}],"curies":[{"name":"wp","href":"https:\/\/api.w.org\/{rel}","templated":true}]}}