{"id":9379,"date":"2022-01-27T14:19:01","date_gmt":"2022-01-27T14:19:01","guid":{"rendered":"https:\/\/dogan-otomotiv.com\/?post_type=product&#038;p=9379"},"modified":"2025-03-15T12:30:59","modified_gmt":"2025-03-15T12:30:59","slug":"0281002309-hava-akismetresi-alfa-romeo-147-156-166-1-8-2-0-t","status":"publish","type":"product","link":"https:\/\/dogan-otomotiv.com\/index.php\/urun\/0281002309-hava-akismetresi-alfa-romeo-147-156-166-1-8-2-0-t\/","title":{"rendered":"0281002309 HAVA AKI\u015eMETRES\u0130 ALFA ROMEO 147 156 166 1.8 2.0 T"},"content":{"rendered":"<p>0281002309 HAVA AKI\u015eMETRES\u0130 ALFA ROMEO 147 156 166 1.8 2.0 T<\/p>\n<p>OEN 0000046559804 \u2014 ALFA ROMEO<br \/>\nOEN 46559804 \u2014 ALFA ROMEO<br \/>\nOEN 55193048 \u2014 ALFA ROMEO<br \/>\nOEN 60816137 \u2014 ALFA ROMEO<br \/>\nOEN 6081637 \u2014 ALFA ROMEO<br \/>\nOEN 71724092 \u2014 ALFA ROMEO<br \/>\nOEN 0000060816137 \u2014 FIAT<br \/>\nOEN 46559804 \u2014 FIAT<br \/>\nOEN 55193048 \u2014 FIAT<br \/>\nOEN 60816137 \u2014 FIAT<br \/>\nOEN 6081637 \u2014 FIAT<br \/>\nOEN 71724092 \u2014 FIAT<br \/>\nOEN 2508967 \u2014 HITACHI<br \/>\nOEN 46559804 \u2014 LANCIA<br \/>\nOEN 55193048 \u2014 LANCIA<br \/>\nOEN 60816137 \u2014 LANCIA<br \/>\nOEN 6081637 \u2014 LANCIA<br \/>\nOEN 71724092 \u2014 LANCIA<br \/>\nFIAT Brava Hatchback (182) (Yap\u0131m Y\u0131l\u0131 12.1998 &#8211; 10.2001, 100 &#8211; 105 PS, Dizel)<br \/>\nFIAT Bravo I Hatchback (182) (Yap\u0131m Y\u0131l\u0131 12.1998 &#8211; 10.2001, 100 &#8211; 105 PS, Dizel)<br \/>\nFIAT Marea Sedan (185) (Yap\u0131m Y\u0131l\u0131 04.1999 &#8211; 05.2002, 150 &#8211; 154 PS, Benzin)<br \/>\nFIAT Marea Weekend (185) (Yap\u0131m Y\u0131l\u0131 04.1999 &#8211; 02.2003, 150 &#8211; 154 PS, Benzin)<br \/>\nFIAT Punto II Hatchback (188) (Yap\u0131m Y\u0131l\u0131 09.1999 &#8211; 03.2012, 80 &#8211; 86 PS, Dizel)<br \/>\nFIAT Doblo I Estate (119, 223) (Yap\u0131m Y\u0131l\u0131 10.2001 &#8211; &#8230;, 100 &#8211; 105 PS, Dizel)<br \/>\nFIAT Doblo I Kargo (223) (Yap\u0131m Y\u0131l\u0131 10.2001 &#8211; &#8230;, 100 &#8211; 105 PS, Dizel)<br \/>\nFIAT Punto II Van (188) (Yap\u0131m Y\u0131l\u0131 02.2000 &#8211; 10.2009, 86 PS, Dizel)<br \/>\n1.9 JTD, Yap\u0131m Y\u0131l\u0131 07.2003 &#8211; &#8230;, 1910 ccm, 105 PS<br \/>\n1.9 JTD, Yap\u0131m Y\u0131l\u0131 10.2001 &#8211; &#8230;, 1910 ccm, 100 PS<\/p>\n<p>ALFA ROMEO GTV (916, 916C) (Yap\u0131m Y\u0131l\u0131 06.1995 &#8211; 10.2005, 144 &#8211; 150 PS, Benzin)<br \/>\nALFA ROMEO Spider (916, 916S) (Yap\u0131m Y\u0131l\u0131 06.1995 &#8211; 04.2005, 144 &#8211; 150 PS, Benzin)<br \/>\nALFA ROMEO 156 Sedan (932) (Yap\u0131m Y\u0131l\u0131 09.1997 &#8211; 09.2005, 105 &#8211; 150 PS, Dizel, Benzin)<br \/>\nALFA ROMEO 166 (936) (Yap\u0131m Y\u0131l\u0131 10.2000 &#8211; 06.2007, 140 &#8211; 150 PS, Dizel, Benzin)<br \/>\nALFA ROMEO 156 Sportwagon (932) (Yap\u0131m Y\u0131l\u0131 01.2000 &#8211; 05.2006, 105 &#8211; 150 PS, Dizel, Benzin)<br \/>\nALFA ROMEO 147 (937) (Yap\u0131m Y\u0131l\u0131 01.2001 &#8211; 03.2010, 105 &#8211; 150 PS, Benzin)<br \/>\nALFA ROMEO GT (937) (Yap\u0131m Y\u0131l\u0131 11.2003 &#8211; 09.2010, 140 PS, Benzin)<br \/>\n1.8 TS, Yap\u0131m Y\u0131l\u0131 11.2003 &#8211; 09.2010, 1747 ccm, 140 PS<\/p>\n<p>FIAT Brava Hatchback (182) (Yap\u0131m Y\u0131l\u0131 12.1998 &#8211; 10.2001, 100 &#8211; 105 PS, Dizel)<br \/>\nFIAT Bravo I Hatchback (182) (Yap\u0131m Y\u0131l\u0131 12.1998 &#8211; 10.2001, 100 &#8211; 105 PS, Dizel)<br \/>\nFIAT Marea Sedan (185) (Yap\u0131m Y\u0131l\u0131 04.1999 &#8211; 05.2002, 150 &#8211; 154 PS, Benzin)<br \/>\nFIAT Marea Weekend (185) (Yap\u0131m Y\u0131l\u0131 04.1999 &#8211; 02.2003, 150 &#8211; 154 PS, Benzin)<br \/>\nFIAT Punto II Hatchback (188) (Yap\u0131m Y\u0131l\u0131 09.1999 &#8211; 03.2012, 80 &#8211; 86 PS, Dizel)<br \/>\nFIAT Doblo I Estate (119, 223) (Yap\u0131m Y\u0131l\u0131 10.2001 &#8211; &#8230;, 100 &#8211; 105 PS, Dizel)<br \/>\nFIAT Doblo I Kargo (223) (Yap\u0131m Y\u0131l\u0131 10.2001 &#8211; &#8230;, 100 &#8211; 105 PS, Dizel)<br \/>\nFIAT Punto II Van (188) (Yap\u0131m Y\u0131l\u0131 02.2000 &#8211; 10.2009, 86 PS, Dizel)<br \/>\n1.9 JTD, Yap\u0131m Y\u0131l\u0131 02.2000 &#8211; 10.2009, 1910 ccm, 86 PS<\/p>\n","protected":false},"excerpt":{"rendered":"<p>DO\u011eAN OTOMOT\u0130V YEDEK PAR\u00c7A<br \/>\nLTD \u015eT\u0130 \u0130VED\u0130K ORGAN\u0130ZE SAN 1471 SOKAK 91-A OST\u0130M ANKARA<br \/>\nSEM\u0130H SAVA\u015e\u00c7I (312) 395 20 95<br \/>\n0533 322 16 09<br \/>\nMUSTAFA SAVA\u015e\u00c7I<br \/>\n0 (312) 395 20 95<br \/>\nIBAN NO: TR 54 0011 1000 0000 0098 3516 19<br \/>\nF\u0130NANSBANK ENPARA<br \/>\n\u015eUBE KODU: 03663<br \/>\nHESAP NO: 98351619<\/p>\n<p>ONL\u0130NE SATI\u015eIMIZ YOKTUR<\/p>\n<p>NOT 5 G\u00dcN \u0130\u00c7ER\u0130S\u0130NDE \u0130YADES\u0130 OLMAYAN MAZEME GER\u0130 ALINMAZ<br \/>\nPaket i\u00e7eri\u011fi: 1 Adet<br \/>\nSATI\u015e F\u0130YATI KDV DAH\u0130L pe\u015fin fiyat\u0131d\u0131r<br \/>\nSAAT 18:00 KADAR VER\u0130LEN \u015e\u0130PAR\u0130\u015e AYNI G\u00dcN KARGO \u0130LE G\u00d6NDER\u0130M\u0130 YAPILIR.<br \/>\nKARGO \u0130ADES\u0130 DURUMUNDA .<br \/>\nKARGO \u00dcCRET\u0130 M\u00dc\u015eTER\u0130YE A\u0130TT\u0130R. AYRICA KARGODA KIRILAN PAR\u00c7ALARDAN SORUMLU DEY\u0130L\u0130Z<\/p>\n<p>27\/11\/2014 tarih ve 29188 say\u0131l\u0131 resmi gazetede yay\u0131mlanan mesafeli sat\u0131\u015flar y\u00f6netmeli\u011finin 15. maddesinde cayma hakk\u0131n\u0131n istisnalar\u0131 belirtilmi\u015ftir. \u0130lgili maddenin a bendinde &#8220;fiyat\u0131 finansal piyasalardaki dalgalanmalara ba\u011fl\u0131 olarak de\u011fi\u015fen ve sat\u0131c\u0131 veya sa\u011flay\u0131c\u0131n\u0131n kontrol\u00fcnde olmayan mal veya hizmetlere ili\u015fkin s\u00f6zle\u015fmeler&#8221; cayma hakk\u0131ndan istisna edilmi\u015ftir. \u00dcr\u00fcnlerimiz ithal \u00fcr\u00fcnler olup fiyatlar\u0131 g\u00fcnl\u00fck usd kurlar\u0131 kullan\u0131larak tl kar\u015f\u0131l\u0131\u011f\u0131na \u00e7evrilmesiyle hesaplanmaktad\u0131r. Fiyatlar kurdaki de\u011fi\u015fmeler ba\u011fl\u0131 olarak g\u00fcnl\u00fck olarak de\u011fi\u015fmektedir. Bu nedenle y\u00f6netmeli\u011fin 15. Md\/a bendi gere\u011fi cayma hakk\u0131ndan m\u00fcstesnad\u0131r. M\u00fc\u015fterilerimiz sipari\u015f \u00f6ncesinde bu konu hakk\u0131nda \u00f6n bilgilendirme yap\u0131ld\u0131\u011f\u0131n\u0131 kabul eder.<\/p>\n","protected":false},"featured_media":9380,"comment_status":"open","ping_status":"closed","template":"","meta":{"_joinchat":[]},"product_cat":[6216,536],"product_tag":[6377],"class_list":{"0":"post-9379","1":"product","2":"type-product","3":"status-publish","4":"has-post-thumbnail","6":"product_cat-alfa-romeo","7":"product_cat-fiat","8":"product_tag-0281002309-hava-akismetresi-alfa-romeo-147-156-166-1-8-2-0-t","10":"first","11":"instock","12":"sale","13":"shipping-taxable","14":"purchasable","15":"product-type-simple"},"_links":{"self":[{"href":"https:\/\/dogan-otomotiv.com\/index.php\/wp-json\/wp\/v2\/product\/9379","targetHints":{"allow":["GET"]}}],"collection":[{"href":"https:\/\/dogan-otomotiv.com\/index.php\/wp-json\/wp\/v2\/product"}],"about":[{"href":"https:\/\/dogan-otomotiv.com\/index.php\/wp-json\/wp\/v2\/types\/product"}],"replies":[{"embeddable":true,"href":"https:\/\/dogan-otomotiv.com\/index.php\/wp-json\/wp\/v2\/comments?post=9379"}],"wp:featuredmedia":[{"embeddable":true,"href":"https:\/\/dogan-otomotiv.com\/index.php\/wp-json\/wp\/v2\/media\/9380"}],"wp:attachment":[{"href":"https:\/\/dogan-otomotiv.com\/index.php\/wp-json\/wp\/v2\/media?parent=9379"}],"wp:term":[{"taxonomy":"product_cat","embeddable":true,"href":"https:\/\/dogan-otomotiv.com\/index.php\/wp-json\/wp\/v2\/product_cat?post=9379"},{"taxonomy":"product_tag","embeddable":true,"href":"https:\/\/dogan-otomotiv.com\/index.php\/wp-json\/wp\/v2\/product_tag?post=9379"}],"curies":[{"name":"wp","href":"https:\/\/api.w.org\/{rel}","templated":true}]}}