{"id":9288,"date":"2022-01-14T08:23:54","date_gmt":"2022-01-14T08:23:54","guid":{"rendered":"https:\/\/dogan-otomotiv.com\/?post_type=product&#038;p=9288"},"modified":"2022-01-14T08:25:42","modified_gmt":"2022-01-14T08:25:42","slug":"701837206-t4-transporter-dis-kapi-kolu-yeni-oem-servis","status":"publish","type":"product","link":"https:\/\/dogan-otomotiv.com\/index.php\/urun\/701837206-t4-transporter-dis-kapi-kolu-yeni-oem-servis\/","title":{"rendered":"701837206 T4 Transporter D\u0131\u015f Kap\u0131 Kolu Yeni Oem Servis"},"content":{"rendered":"<p>701837264 T4 Transporter D\u0131\u015f Kap\u0131 Kolu Yeni Oem Servis<\/p>\n","protected":false},"excerpt":{"rendered":"<p>701837264 T4 Transporter D\u0131\u015f Kap\u0131 Kolu Yeni Oem Servis<\/p>\n","protected":false},"featured_media":9289,"comment_status":"open","ping_status":"closed","template":"","meta":{"_joinchat":[]},"product_cat":[15],"product_tag":[1669,6327],"class_list":{"0":"post-9288","1":"product","2":"type-product","3":"status-publish","4":"has-post-thumbnail","6":"product_cat-volkswagen","7":"product_tag-1669","8":"product_tag-701837206-t4-transporter-dis-kapi-kolu-yeni-oem-servis","10":"first","11":"instock","12":"sale","13":"shipping-taxable","14":"purchasable","15":"product-type-simple"},"_links":{"self":[{"href":"https:\/\/dogan-otomotiv.com\/index.php\/wp-json\/wp\/v2\/product\/9288","targetHints":{"allow":["GET"]}}],"collection":[{"href":"https:\/\/dogan-otomotiv.com\/index.php\/wp-json\/wp\/v2\/product"}],"about":[{"href":"https:\/\/dogan-otomotiv.com\/index.php\/wp-json\/wp\/v2\/types\/product"}],"replies":[{"embeddable":true,"href":"https:\/\/dogan-otomotiv.com\/index.php\/wp-json\/wp\/v2\/comments?post=9288"}],"wp:featuredmedia":[{"embeddable":true,"href":"https:\/\/dogan-otomotiv.com\/index.php\/wp-json\/wp\/v2\/media\/9289"}],"wp:attachment":[{"href":"https:\/\/dogan-otomotiv.com\/index.php\/wp-json\/wp\/v2\/media?parent=9288"}],"wp:term":[{"taxonomy":"product_cat","embeddable":true,"href":"https:\/\/dogan-otomotiv.com\/index.php\/wp-json\/wp\/v2\/product_cat?post=9288"},{"taxonomy":"product_tag","embeddable":true,"href":"https:\/\/dogan-otomotiv.com\/index.php\/wp-json\/wp\/v2\/product_tag?post=9288"}],"curies":[{"name":"wp","href":"https:\/\/api.w.org\/{rel}","templated":true}]}}