{"id":9263,"date":"2022-01-09T14:23:45","date_gmt":"2022-01-09T14:23:45","guid":{"rendered":"https:\/\/dogan-otomotiv.com\/?post_type=product&#038;p=9263"},"modified":"2025-05-19T14:21:43","modified_gmt":"2025-05-19T14:21:43","slug":"0445010008-yaki-ponpasi-mercedes-c-sinifi-220-cdi-orj-cikma","status":"publish","type":"product","link":"https:\/\/dogan-otomotiv.com\/index.php\/urun\/0445010008-yaki-ponpasi-mercedes-c-sinifi-220-cdi-orj-cikma\/","title":{"rendered":"0445010008 YAKI PONPASI mercedes c s\u0131n\u0131f\u0131 220 cdi ORJ \u00c7IKMA"},"content":{"rendered":"<p>MERCEDES-BENZ C-Serisi Sedan (W202) (Yap\u0131m Y\u0131l\u0131 03.1993 &#8211; 05.2000, 75 &#8211; 306 PS, Dizel, Benzin)<\/p>\n<p>MERCEDES-BENZ Sprinter 2-T Platform\/\u015easi (W901, W902) (Yap\u0131m Y\u0131l\u0131 01.1995 &#8211; 05.2006, 79 &#8211; 156 PS, Dizel, Benzin, Benzin\/Do\u011falgaz (CNG))<br \/>\nMERCEDES-BENZ E-Serisi Sedan (W210) (Yap\u0131m Y\u0131l\u0131 06.1995 &#8211; 03.2002, 75 &#8211; 354 PS, Dizel, Benzin)<br \/>\nMERCEDES-BENZ C-Serisi T-modeli (S202) (Yap\u0131m Y\u0131l\u0131 06.1996 &#8211; 03.2001, 75 &#8211; 306 PS, Dizel, Benzin)<br \/>\nMERCEDES-BENZ E-Serisi T-modeli (S210) (Yap\u0131m Y\u0131l\u0131 06.1996 &#8211; 03.2003, 113 &#8211; 354 PS, Dizel, Benzin)<br \/>\nMERCEDES-BENZ A-Serisi (W168) (Yap\u0131m Y\u0131l\u0131 07.1997 &#8211; &#8230;, 60 &#8211; 250 PS, Dizel, Benzin)<br \/>\nMERCEDES-BENZ Sprinter 2-T Van (W901, W902) (Yap\u0131m Y\u0131l\u0131 02.1995 &#8211; 05.2006, 79 &#8211; 156 PS, Dizel, Benzin, Benzin\/Do\u011falgaz (CNG))<br \/>\nMERCEDES-BENZ Sprinter 2-T Minib\u00fcs (W901, W902) (Yap\u0131m Y\u0131l\u0131 02.1995 &#8211; 05.2006, 79 &#8211; 156 PS, Dizel, Benzin, Benzin\/Do\u011falgaz (CNG))<br \/>\nMERCEDES-BENZ Sprinter 3-T Minib\u00fcs (W903) (Yap\u0131m Y\u0131l\u0131 02.1995 &#8211; 05.2006, 54 &#8211; 156 PS, Dizel, Elektrik, Benzin, Benzin\/Do\u011falgaz (CNG))<br \/>\nMERCEDES-BENZ Sprinter 3-T Platform\/\u015easi (W903) (Yap\u0131m Y\u0131l\u0131 02.1995 &#8211; 05.2006, 54 &#8211; 156 PS, Dizel, Elektrik, Benzin, Benzin\/Do\u011falgaz (CNG))<br \/>\nMERCEDES-BENZ Sprinter 3-T Van (W903) (Yap\u0131m Y\u0131l\u0131 02.1995 &#8211; 05.2006, 54 &#8211; 156 PS, Dizel, Elektrik, Benzin, Benzin\/Do\u011falgaz (CNG))<br \/>\nMERCEDES-BENZ C-Serisi Sedan (W203) (Yap\u0131m Y\u0131l\u0131 05.2000 &#8211; 02.2007, 102 &#8211; 367 PS, Dizel, Benzin, Benzin\/Etanol)<br \/>\nMERCEDES-BENZ Sprinter 4-T Minib\u00fcs (W904) (Yap\u0131m Y\u0131l\u0131 02.1996 &#8211; 05.2006, 82 &#8211; 156 PS, Dizel, Benzin)<br \/>\nMERCEDES-BENZ Sprinter 4-T Van (W904) (Yap\u0131m Y\u0131l\u0131 02.1995 &#8211; 05.2006, 79 &#8211; 156 PS, Dizel, Benzin, Benzin\/Do\u011falgaz (CNG))<br \/>\nMERCEDES-BENZ Sprinter 4-T Platform\/\u015easi (W904) (Yap\u0131m Y\u0131l\u0131 02.1995 &#8211; 05.2006, 79 &#8211; 156 PS, Dizel, Benzin, Benzin\/Do\u011falgaz (CNG))<br \/>\nMERCEDES-BENZ C-Serisi Coupe (CL203) (Yap\u0131m Y\u0131l\u0131 03.2001 &#8211; 05.2008, 122 &#8211; 354 PS, Dizel, Benzin)<br \/>\nMERCEDES-BENZ C-Serisi T-modeli (S203) (Yap\u0131m Y\u0131l\u0131 03.2001 &#8211; 08.2007, 102 &#8211; 367 PS, Dizel, Benzin)<br \/>\nMERCEDES-BENZ Vaneo (W414) (Yap\u0131m Y\u0131l\u0131 02.2002 &#8211; 07.2005, 75 &#8211; 125 PS, Dizel, Benzin)<br \/>\nMERCEDES-BENZ Sprinter 3-T Van (W906) (Yap\u0131m Y\u0131l\u0131 06.2006 &#8211; &#8230;, 88 &#8211; 258 PS, Dizel, Benzin)<br \/>\nMERCEDES-BENZ Sprinter 3-T Platform\/\u015easi (W906) (Yap\u0131m Y\u0131l\u0131 06.2006 &#8211; &#8230;, 88 &#8211; 258 PS, Dizel, Benzin)<br \/>\nMERCEDES-BENZ Sprinter 3.5-T Van (W906) (Year of Construction 06.2006 &#8211; &#8230;, 88 &#8211; 258 PS, Diesel, Petrol, Petrol\/Natural Gas (CNG), Petrol\/Petroleum Gas (LPG))<br \/>\nMERCEDES-BENZ Sprinter 3.5-T Platform\/\u015easi (W906) (Yap\u0131m Y\u0131l\u0131 06.2006 &#8211; &#8230;, 88 &#8211; 258 PS, Dizel, Benzin, Petrol\/Do\u011falgaz (CNG), Petrol\/Petrol Gaz\u0131 (LPG))<br \/>\nMERCEDES-BENZ Sprinter 5-T Van (W906) (Yap\u0131m Y\u0131l\u0131 06.2006 &#8211; &#8230;, 88 &#8211; 258 PS, Dizel, Benzin)<br \/>\nMERCEDES-BENZ Sprinter 5-T Platform\/\u015easi (W906) (Yap\u0131m Y\u0131l\u0131 06.2006 &#8211; &#8230;, 88 &#8211; 258 PS, Dizel, Benzin, Benzin\/Do\u011falgaz (CNG))<\/p>\n","protected":false},"excerpt":{"rendered":"<p>DO\u011eAN OTOMOT\u0130V YEDEK PAR\u00c7A<br \/>\nLTD \u015eT\u0130 \u0130VED\u0130K ORGAN\u0130ZE SAN 1471 SOKAK 91-A OST\u0130M ANKARA<br \/>\nSEM\u0130H SAVA\u015e\u00c7I (312) 395 20 95<br \/>\n0533 322 16 09<br \/>\nMUSTAFA SAVA\u015e\u00c7I<br \/>\n0 (312) 395 20 95<br \/>\nIBAN NO: TR 54 0011 1000 0000 0098 3516 19<br \/>\nF\u0130NANSBANK ENPARA<br \/>\n\u015eUBE KODU: 03663<br \/>\nHESAP NO: 98351619<\/p>\n<p>ONL\u0130NE SATI\u015eIMIZ YOKTUR<\/p>\n<p>NOT 5 G\u00dcN \u0130\u00c7ER\u0130S\u0130NDE \u0130YADES\u0130 OLMAYAN MAZEME GER\u0130 ALINMAZ<br \/>\nPaket i\u00e7eri\u011fi: 1 Adet<br \/>\nSATI\u015e F\u0130YATI KDV DAH\u0130L pe\u015fin fiyat\u0131d\u0131r<br \/>\nSAAT 18:00 KADAR VER\u0130LEN \u015e\u0130PAR\u0130\u015e AYNI G\u00dcN KARGO \u0130LE G\u00d6NDER\u0130M\u0130 YAPILIR.<br \/>\nKARGO \u0130ADES\u0130 DURUMUNDA .<br \/>\nKARGO \u00dcCRET\u0130 M\u00dc\u015eTER\u0130YE A\u0130TT\u0130R. AYRICA KARGODA KIRILAN PAR\u00c7ALARDAN SORUMLU DEY\u0130L\u0130Z<\/p>\n<p>27\/11\/2014 tarih ve 29188 say\u0131l\u0131 resmi gazetede yay\u0131mlanan mesafeli sat\u0131\u015flar y\u00f6netmeli\u011finin 15. maddesinde cayma hakk\u0131n\u0131n istisnalar\u0131 belirtilmi\u015ftir. \u0130lgili maddenin a bendinde &#8220;fiyat\u0131 finansal piyasalardaki dalgalanmalara ba\u011fl\u0131 olarak de\u011fi\u015fen ve sat\u0131c\u0131 veya sa\u011flay\u0131c\u0131n\u0131n kontrol\u00fcnde olmayan mal veya hizmetlere ili\u015fkin s\u00f6zle\u015fmeler&#8221; cayma hakk\u0131ndan istisna edilmi\u015ftir. \u00dcr\u00fcnlerimiz ithal \u00fcr\u00fcnler olup fiyatlar\u0131 g\u00fcnl\u00fck usd kurlar\u0131 kullan\u0131larak tl kar\u015f\u0131l\u0131\u011f\u0131na \u00e7evrilmesiyle hesaplanmaktad\u0131r. Fiyatlar kurdaki de\u011fi\u015fmeler ba\u011fl\u0131 olarak g\u00fcnl\u00fck olarak de\u011fi\u015fmektedir. Bu nedenle y\u00f6netmeli\u011fin 15. Md\/a bendi gere\u011fi cayma hakk\u0131ndan m\u00fcstesnad\u0131r. M\u00fc\u015fterilerimiz sipari\u015f \u00f6ncesinde bu konu hakk\u0131nda \u00f6n bilgilendirme yap\u0131ld\u0131\u011f\u0131n\u0131 kabul eder.<\/p>\n","protected":false},"featured_media":12936,"comment_status":"open","ping_status":"closed","template":"","meta":{"_joinchat":[]},"product_cat":[23],"product_tag":[6314],"class_list":{"0":"post-9263","1":"product","2":"type-product","3":"status-publish","4":"has-post-thumbnail","6":"product_cat-mercedes","7":"product_tag-0445010008-yaki-ponpasi-mercedes-c-sinifi-220-cdi-orj-cikma","9":"first","10":"instock","11":"sale","12":"shipping-taxable","13":"purchasable","14":"product-type-simple"},"_links":{"self":[{"href":"https:\/\/dogan-otomotiv.com\/index.php\/wp-json\/wp\/v2\/product\/9263","targetHints":{"allow":["GET"]}}],"collection":[{"href":"https:\/\/dogan-otomotiv.com\/index.php\/wp-json\/wp\/v2\/product"}],"about":[{"href":"https:\/\/dogan-otomotiv.com\/index.php\/wp-json\/wp\/v2\/types\/product"}],"replies":[{"embeddable":true,"href":"https:\/\/dogan-otomotiv.com\/index.php\/wp-json\/wp\/v2\/comments?post=9263"}],"wp:featuredmedia":[{"embeddable":true,"href":"https:\/\/dogan-otomotiv.com\/index.php\/wp-json\/wp\/v2\/media\/12936"}],"wp:attachment":[{"href":"https:\/\/dogan-otomotiv.com\/index.php\/wp-json\/wp\/v2\/media?parent=9263"}],"wp:term":[{"taxonomy":"product_cat","embeddable":true,"href":"https:\/\/dogan-otomotiv.com\/index.php\/wp-json\/wp\/v2\/product_cat?post=9263"},{"taxonomy":"product_tag","embeddable":true,"href":"https:\/\/dogan-otomotiv.com\/index.php\/wp-json\/wp\/v2\/product_tag?post=9263"}],"curies":[{"name":"wp","href":"https:\/\/api.w.org\/{rel}","templated":true}]}}