{"id":9261,"date":"2022-01-09T14:06:13","date_gmt":"2022-01-09T14:06:13","guid":{"rendered":"https:\/\/dogan-otomotiv.com\/?post_type=product&#038;p=9261"},"modified":"2025-05-19T14:23:58","modified_gmt":"2025-05-19T14:23:58","slug":"0445010046-yakit-pompasi-peugeot-citroen2-0jtd-2-0hdi-orj-cikma","status":"publish","type":"product","link":"https:\/\/dogan-otomotiv.com\/index.php\/urun\/0445010046-yakit-pompasi-peugeot-citroen2-0jtd-2-0hdi-orj-cikma\/","title":{"rendered":"0445010046 YAKIT POMPASI PEUGEOT CITROEN 2.0JTD 2.0HDI ORJ \u00c7IKMA"},"content":{"rendered":"<p>DO\u011eAN OTOMOT\u0130V YEDEK PAR\u00c7A<br \/>\nLTD \u015eT\u0130 \u0130VED\u0130K ORGAN\u0130ZE SAN 1471 SOK 91-A OST\u0130M ANKARA<br \/>\nMUSTAFA SAVA\u015e\u00c7I<br \/>\n0 (312) 395 20 95<br \/>\n0533 322 16 09<\/p>\n<p>MUSTAFA SAVA\u015e\u00c7I<br \/>\n0 (312) 395 20 95 &#8211; 0533 322 16 09<br \/>\nIBAN NO: TR 54 0011 1000 0000 0098 3516 19<br \/>\nF\u0130NANSBANK ENPARA<br \/>\n\u015eUBE KODU: 03663<br \/>\nHESAP NO: 98351619<\/p>\n<p>DENEME YANILMA Y\u00d6NTEM\u0130NE PAR\u00c7A G\u00d6NDERM\u0130YORUZ.<\/p>\n<p>5 G\u00dcN\u00dc GE\u00c7EN \u0130YADELER GER\u0130 KABUL ED\u0130LMEZ<br \/>\nKARGO \u00dcCRETLER\u0130 M\u00dc\u015eTER\u0130YE A\u0130TT\u0130R.<\/p>\n<p>\u015e\u0130PAR\u0130\u015eLER HAKKINDA<br \/>\nL\u00dcTFEN \u015e\u0130PAR\u0130\u015e VERMEK \u0130STED\u0130\u011e\u0130N\u0130Z \u00dcR\u00dcN\u00dcN STOK DURUMUNU SORUNUZ.<br \/>\nT\u00dcRK\u0130YEN\u0130N T\u00dcM \u015eEH\u0130RLER\u0130NE ANLA\u015eMALI KARGOLARIMIZ \u0130LE G\u00d6NDER\u0130M YAPILIR.<br \/>\nSAAT 18:00 KADAR VER\u0130LEN \u015e\u0130PAR\u0130\u015eLER AYNI G\u00dcN KARGO \u0130LE G\u00d6NDER\u0130M\u0130 YAPILIR.<br \/>\n\u00c7IKMA PAR\u00c7A F\u0130YATLARI PAR\u00c7ANIN TEM\u0130ZL\u0130\u011e\u0130NE VE TAM\u0130RS\u0130ZL\u0130\u011e\u0130NE G\u00d6RE DE\u011e\u0130\u015eKENL\u0130K G\u00d6STER\u0130R.<br \/>\nD\u0130\u011eER PAR\u00c7ALAR VE F\u0130YAT B\u0130LG\u0130S\u0130 \u0130\u00c7\u0130N \u0130LET\u0130\u015eME GE\u00c7EB\u0130L\u0130RS\u0130N\u0130Z<\/p>\n","protected":false},"excerpt":{"rendered":"<p>0445010046 YAKIT POMPASI PEUGEOT CITROEN 2.0JTD 2.0HDI ORJ \u00c7IKMA<\/p>\n<p>FIAT Ducato II Van (230L) (\u0130n\u015faat Y\u0131l\u0131 10.2001 &#8211; 04.2002, 84 PS, Dizel)<br \/>\nFIAT Ulysse I (220) (Yap\u0131m Y\u0131l\u0131 10.1999 &#8211; 08.2002, 109 PS, Dizel)<br \/>\nFIAT Scudo I Estate (220) (\u0130n\u015faat Y\u0131l\u0131 05.1999 &#8211; 12.2006, 94 &#8211; 109 PS, Dizel)<br \/>\n2.0 JTD, Yap\u0131m Y\u0131l\u0131 01.2004 &#8211; 12.2006, 1997 ccm, 94 PS<br \/>\n2.0 JTD, Yap\u0131m Y\u0131l\u0131 12.1999 &#8211; 12.2006, 1997 ccm, 109 PS<br \/>\n2.0 JTD 16V, Yap\u0131m Y\u0131l\u0131 05.1999 &#8211; 12.2006, 1997 ccm, 109 PS<br \/>\nFIAT Ducato II Minib\u00fcs (230) (Yap\u0131m Y\u0131l\u0131 10.2001 &#8211; 04.2002, 84 PS, Dizel)<br \/>\nFIAT Scudo I Van (220) (Yap\u0131m Y\u0131l\u0131 05.1999 &#8211; 12.2006, 94 &#8211; 109 PS, Dizel)<br \/>\nFIAT Ducato II Platform\/\u015easi (230) (\u0130n\u015faat Y\u0131l\u0131 07.2001 &#8211; 04.2002, 84 PS, Dizel)<br \/>\nFIAT Ducato II Minib\u00fcs (244) (Yap\u0131m Y\u0131l\u0131 12.2001 &#8211; 07.2006, 84 PS, Dizel)<br \/>\nFIAT Ducato II Van (244) (\u0130n\u015faat Y\u0131l\u0131 12.2001 &#8211; 07.2006, 84 PS, Dizel)<br \/>\nFIAT Ducato II Platform\/\u015easi (244) (\u0130n\u015faat Y\u0131l\u0131 12.2001 &#8211; 07.2006, 84 PS, Dizel)<br \/>\nFIAT Scudo I Platform \/ \u015easi (220) (Yap\u0131m Y\u0131l\u0131 10.1999 &#8211; 12.2006, 94 PS, Dizel)<\/p>\n<p>CITRO\u00cbN Synergie (22, U6) (Yap\u0131m Y\u0131l\u0131 08.1999 &#8211; 07.2002, 109 PS, Dizel)<br \/>\nCITRO\u00cbN Dispatch I MPV (Yap\u0131m Y\u0131l\u0131 10.1999 &#8211; 10.2006, 94 &#8211; 109 PS, Dizel)<br \/>\nCITRO\u00cbN Berlingo \/ Berlingo First I Van (M) (Yap\u0131m Y\u0131l\u0131 12.1999 &#8211; 12.2011, 90 PS, Dizel)<br \/>\nCITRO\u00cbN Berlingo \/ Berlingo First I (MF, GJK, GFK) (Yap\u0131m Y\u0131l\u0131 12.1999 &#8211; 10.2005, 90 PS, Dizel)<br \/>\nCITRO\u00cbN Xsara Hatchback (N1) (Yap\u0131m Y\u0131l\u0131 02.1999 &#8211; 03.2005, 90 &#8211; 109 PS, Dizel)<br \/>\nCITRO\u00cbN Xsara Estate (N2) (Yap\u0131m Y\u0131l\u0131 02.1999 &#8211; 08.2005, 90 &#8211; 109 PS, Dizel)<br \/>\nCITRO\u00cbN Relay I Van (230) (Yap\u0131m Y\u0131l\u0131 11.2001 &#8211; 04.2002, 84 PS, Dizel)<br \/>\nCITRO\u00cbN Xsara Coupe (N0) (Yap\u0131m Y\u0131l\u0131 02.1999 &#8211; 03.2005, 90 &#8211; 109 PS, Dizel)<br \/>\nCITRO\u00cbN Xsara Picasso (N68) (Yap\u0131m Y\u0131l\u0131 12.1999 &#8211; 12.2011, 90 PS, Dizel)<br \/>\nCITRO\u00cbN Dispatch I Van (Yap\u0131m Y\u0131l\u0131 10.1999 &#8211; 10.2006, 94 &#8211; 109 PS, Dizel)<br \/>\nCITRO\u00cbN Dispatch I Platform \/ \u015easi (Yap\u0131m Y\u0131l\u0131 10.1999 &#8211; 10.2006, 94 PS, Dizel)<br \/>\nCITRO\u00cbN C5 I Hatchback (Yap\u0131m Y\u0131l\u0131 03.2001 &#8211; 08.2004, 90 &#8211; 109 PS, Dizel)<br \/>\nCITRO\u00cbN C5 I Estate (\u0130n\u015faat Y\u0131l\u0131 06.2001 &#8211; 08.2004, 90 &#8211; 109 PS, Dizel)<br \/>\nCITRO\u00cbN Relay I Minib\u00fcs (244) (Yap\u0131m Y\u0131l\u0131 04.2002 &#8211; &#8230;, 84 &#8211; 101 PS, Dizel)<br \/>\nCITRO\u00cbN R\u00f6le I Van (244) (Yap\u0131m Y\u0131l\u0131 04.2002 &#8211; &#8230;, 84 &#8211; 101 PS, Dizel)<br \/>\nCITRO\u00cbN R\u00f6le I Platform \/ \u015easi (244) (Yap\u0131m Y\u0131l\u0131 02.2002 &#8211; &#8230;, 84 &#8211; 101 PS, Dizel)<br \/>\nCITRO\u00cbN C4 I Hatchback (Yap\u0131m Y\u0131l\u0131 04.2007 &#8211; 07.2008, 110 PS, Dizel)<\/p>\n<p>PEUGEOT 806 (Yap\u0131m Y\u0131l\u0131 08.1999 &#8211; 08.2002, 109 PS, Dizel)<br \/>\nPEUGEOT 306 Hatchback (Yap\u0131m Y\u0131l\u0131 06.1999 &#8211; 12.2002, 90 PS, Dizel)<br \/>\nPEUGEOT 306 Sedan (Yap\u0131m Y\u0131l\u0131 06.1999 &#8211; 12.2001, 90 PS, Dizel)<br \/>\nPEUGEOT 406 Sedan (Yap\u0131m Y\u0131l\u0131 06.1998 &#8211; 05.2004, 90 &#8211; 109 PS, Dizel)<br \/>\nPEUGEOT Expert I (224) (Yap\u0131m Y\u0131l\u0131 07.2000 &#8211; 12.2006, 94 &#8211; 109 PS, Dizel)<br \/>\nPEUGEOT 406 Estate (Yap\u0131m Y\u0131l\u0131 02.1999 &#8211; 10.2004, 90 &#8211; 109 PS, Dizel)<br \/>\nPEUGEOT Boxer Van (230) (Yap\u0131m Y\u0131l\u0131 08.2001 &#8211; 04.2002, 84 PS, Dizel)<br \/>\nPEUGEOT Partner I Van (Yap\u0131m Y\u0131l\u0131 04.2000 &#8211; 07.2008, 90 PS, Dizel)<br \/>\nPEUGEOT Partner I Combispace (\u0130n\u015faat Y\u0131l\u0131 02.2000 &#8211; 07.2008, 90 PS, Dizel)<br \/>\nPEUGEOT Expert I Van (Yap\u0131m Y\u0131l\u0131 02.1996 &#8211; 12.2006, 70 &#8211; 109 PS, Dizel)<br \/>\nPEUGEOT 206 Hatchback (2A\/C) (Yap\u0131m Y\u0131l\u0131 12.1999 &#8211; 09.2009, 90 PS, Dizel)<br \/>\nPEUGEOT 306 Estate (Yap\u0131m Y\u0131l\u0131 06.1999 &#8211; 04.2002, 90 PS, Dizel)<br \/>\nPEUGEOT 607 Sedan (Yap\u0131m Y\u0131l\u0131 05.2000 &#8211; 07.2011, 107 &#8211; 204 PS, Dizel)<br \/>\nPEUGEOT 307 Hatchback (3A\/C) (Yap\u0131m Y\u0131l\u0131 08.2000 &#8211; 03.2007, 90 &#8211; 107 PS, Dizel)<br \/>\nPEUGEOT 307 SW (3H) (Yap\u0131m Y\u0131l\u0131 03.2002 &#8211; 12.2009, 90 &#8211; 107 PS, Dizel)<br \/>\nPEUGEOT Boxer Minib\u00fcs (244) (Yap\u0131m Y\u0131l\u0131 12.2001 &#8211; 06.2006, 84 &#8211; 101 PS, Dizel)<br \/>\nPEUGEOT Boxer Van (244) (Yap\u0131m Y\u0131l\u0131 12.2001 &#8211; &#8230;, 84 &#8211; 101 PS, Dizel)<br \/>\nPEUGEOT 206 SW (2E\/K) (Yap\u0131m Y\u0131l\u0131 07.2002 &#8211; &#8230;, 90 PS, Dizel)<br \/>\nPEUGEOT Boxer Platform \/ \u015easi (244) (Yap\u0131m Y\u0131l\u0131 12.2001 &#8211; 06.2006, 84 &#8211; 101 PS, Dizel)<br \/>\nPEUGEOT 307 Estate (3E) (\u0130n\u015faat Y\u0131l\u0131 03.2002 &#8211; 12.2009, 90 &#8211; 107 PS, Dizel)<\/p>\n","protected":false},"featured_media":9262,"comment_status":"open","ping_status":"closed","template":"","meta":{"_joinchat":[]},"product_cat":[22,2204,536,17],"product_tag":[6313],"class_list":{"0":"post-9261","1":"product","2":"type-product","3":"status-publish","4":"has-post-thumbnail","6":"product_cat-bmw","7":"product_cat-citroen","8":"product_cat-fiat","9":"product_cat-peugeot","10":"product_tag-0445010046-yakit-pompasi-peugeot-citroen2-0jtd-2-0hdi-orj-cikma","12":"first","13":"instock","14":"sale","15":"shipping-taxable","16":"purchasable","17":"product-type-simple"},"_links":{"self":[{"href":"https:\/\/dogan-otomotiv.com\/index.php\/wp-json\/wp\/v2\/product\/9261","targetHints":{"allow":["GET"]}}],"collection":[{"href":"https:\/\/dogan-otomotiv.com\/index.php\/wp-json\/wp\/v2\/product"}],"about":[{"href":"https:\/\/dogan-otomotiv.com\/index.php\/wp-json\/wp\/v2\/types\/product"}],"replies":[{"embeddable":true,"href":"https:\/\/dogan-otomotiv.com\/index.php\/wp-json\/wp\/v2\/comments?post=9261"}],"wp:featuredmedia":[{"embeddable":true,"href":"https:\/\/dogan-otomotiv.com\/index.php\/wp-json\/wp\/v2\/media\/9262"}],"wp:attachment":[{"href":"https:\/\/dogan-otomotiv.com\/index.php\/wp-json\/wp\/v2\/media?parent=9261"}],"wp:term":[{"taxonomy":"product_cat","embeddable":true,"href":"https:\/\/dogan-otomotiv.com\/index.php\/wp-json\/wp\/v2\/product_cat?post=9261"},{"taxonomy":"product_tag","embeddable":true,"href":"https:\/\/dogan-otomotiv.com\/index.php\/wp-json\/wp\/v2\/product_tag?post=9261"}],"curies":[{"name":"wp","href":"https:\/\/api.w.org\/{rel}","templated":true}]}}