{"id":9197,"date":"2022-01-05T12:40:52","date_gmt":"2022-01-05T12:40:52","guid":{"rendered":"https:\/\/dogan-otomotiv.com\/?post_type=product&#038;p=9197"},"modified":"2022-01-05T12:40:53","modified_gmt":"2022-01-05T12:40:53","slug":"1k0513353h-amotsor-takozu-ust-arka-golf-jetta-orj-yeni","status":"publish","type":"product","link":"https:\/\/dogan-otomotiv.com\/index.php\/urun\/1k0513353h-amotsor-takozu-ust-arka-golf-jetta-orj-yeni\/","title":{"rendered":"1K0513353H AM\u00d6TS\u00d6R TAKOZU \u00dcST ARKA GOLF JETTA ORJ YEN\u0130"},"content":{"rendered":"<p>1K-6-020 001 | &#8230; daha fazla    VW    Golf V    2006\/05-2008\/11    1K1    1.4 16V    1390 cc, 59 KW, 80 PS<br \/>\n     VW    Golf v varyant\u0131    2007\/06-2009\/07    1K5    1.4    1390 cc, 59 KW, 80 PS<br \/>\n     VW    Golf v varyant\u0131    2007\/06-2009\/07    1K5    1.4 HAYIR    1390 cc, 103 KW, 140 PS<br \/>\n     VW    Golf v varyant\u0131    2007\/06-2009\/07    1K5    1.4 HAYIR    1390 cc, 90 KW, 122 PS<br \/>\n     VW    Golf v varyant\u0131    2007\/06-2009\/07    1K5    1.4 HAYIR    1390 cc, 125 KW, 170 PS<br \/>\n     VW    Golf v varyant\u0131    2008\/07-2009\/07    1K5    1.4 HAYIR    1390 cc, 118 KW, 160 PS<br \/>\n     VW    Golf v varyant\u0131    2007\/06-2009\/07    1K5    1.6    1595 cc, 75 KW, 102 PS<br \/>\n     VW    Golf v varyant\u0131    2007\/11-2009\/07    1K5    1.6 \u00c7oklu Yak\u0131t    1595 cc, 75 KW, 102 PS<br \/>\n     VW    Golf v varyant\u0131    2007\/06-2009\/07    1K5    1.9 TDI    1896 cc, 77 KW, 105 PS<br \/>\n    1JB | : d\u00f6rt teker     VW    Golf v varyant\u0131    2008\/01-2009\/07    1K5    1.9 TDI 4  1896 cc, 77 KW, 105 PS<br \/>\n     VW    Golf v varyant\u0131    2007\/06-2009\/07    1K5    2.0    1984 cc, 147 KW, 200 PS<br \/>\n     VW    Golf v varyant\u0131    2007\/06-2009\/07    1K5    2.0 TDI    1968 cc, 103 KW, 140 PS<br \/>\n     VW    Golf v varyant\u0131    2007\/06-2009\/07    1K5    2.0 TDI    1968 cc, 100 KW, 136 PS<br \/>\n     VW    Golf v varyant\u0131    2007\/06-2009\/07    1K5    2.0 TDI 16V    1968 cc, 103 KW, 140 PS<br \/>\n\u015easi numaras\u0131: 1K-7-027 308    VW    Jetta III    2006\/07-2010\/10    1K2    1.4 HAYIR    1390 cc, 103 KW, 140 PS<br \/>\n\u015easi numaras\u0131: 1K-7-027 308    VW    Jetta III    2006\/07-2010\/10    1K2    1.4 HAYIR    1390 cc, 125 KW, 170 PS<br \/>\n\u015easi numaras\u0131: 1K-7-027 308    VW    Jetta III    2007\/05-2010\/10    1K2    1.4 HAYIR    1390 cc, 90 KW, 122 PS<br \/>\n\u015easi numaras\u0131: 1K-7-027 308    VW    Jetta III    2004\/09-2010\/10    1K2    1.6    1595 cc, 75 KW, 102 PS<br \/>\n\u015easi numaras\u0131: 1K-7-027 308    VW    Jetta III    2005\/09-2010\/10    1K2    1.6 FSI    1598 cc, 85 KW, 115 PS<br \/>\n\u015easi numaras\u0131: 1K-7-027 308    VW    Jetta III    2005\/08-2010\/10    1K2    1.9 TDI    1896 cc, 77 KW, 105 PS<\/p>\n","protected":false},"excerpt":{"rendered":"<p>DO\u011eAN OTOMOT\u0130V YEDEK PAR\u00c7A<br \/>\nLTD \u015eT\u0130 \u0130VED\u0130K ORGAN\u0130ZE SAN 1471 SOKAK 91-A OST\u0130M ANKARA<br \/>\nSEM\u0130H SAVA\u015e\u00c7I (312) 395 20 95<br \/>\n0533 322 16 09<br \/>\nMUSTAFA SAVA\u015e\u00c7I<br \/>\n0 (312) 395 20 95<br \/>\nIBAN NO: TR 54 0011 1000 0000 0098 3516 19<br \/>\nF\u0130NANSBANK ENPARA<br \/>\n\u015eUBE KODU: 03663<br \/>\nHESAP NO: 98351619<\/p>\n<p>AYRICA G\u00dcN \u0130\u00c7ER\u0130S\u0130NDE OTOB\u00dcS \u0130LE KARGO VER\u0130L\u0130R<br \/>\nNOT 5 G\u00dcN \u0130\u00c7ER\u0130S\u0130NDE \u0130YADES\u0130 OLMAYAN MAZEME GER\u0130 ALINMAZ<br \/>\nPaket i\u00e7eri\u011fi: 1 Adet<br \/>\nSATI\u015e F\u0130YATI KDV DAH\u0130L pe\u015fin fiyat\u0131d\u0131r<br \/>\nSAAT 18:00 KADAR VER\u0130LEN \u015e\u0130PAR\u0130\u015e AYNI G\u00dcN KARGO \u0130LE G\u00d6NDER\u0130M\u0130 YAPILIR.<br \/>\nKARGO \u0130ADES\u0130 DURUMUNDA .<br \/>\nKARGO \u00dcCRET\u0130 M\u00dc\u015eTER\u0130YE A\u0130TT\u0130R. AYRICA KARGODA KIRILAN PAR\u00c7ALARDAN SORUMLU DEY\u0130L\u0130Z<\/p>\n<p>27\/11\/2014 tarih ve 29188 say\u0131l\u0131 resmi gazetede yay\u0131mlanan mesafeli sat\u0131\u015flar y\u00f6netmeli\u011finin 15. maddesinde cayma hakk\u0131n\u0131n istisnalar\u0131 belirtilmi\u015ftir. \u0130lgili maddenin a bendinde &#8220;fiyat\u0131 finansal piyasalardaki dalgalanmalara ba\u011fl\u0131 olarak de\u011fi\u015fen ve sat\u0131c\u0131 veya sa\u011flay\u0131c\u0131n\u0131n kontrol\u00fcnde olmayan mal veya hizmetlere ili\u015fkin s\u00f6zle\u015fmeler&#8221; cayma hakk\u0131ndan istisna edilmi\u015ftir. \u00dcr\u00fcnlerimiz ithal \u00fcr\u00fcnler olup fiyatlar\u0131 g\u00fcnl\u00fck usd kurlar\u0131 kullan\u0131larak tl kar\u015f\u0131l\u0131\u011f\u0131na \u00e7evrilmesiyle hesaplanmaktad\u0131r. Fiyatlar kurdaki de\u011fi\u015fmeler ba\u011fl\u0131 olarak g\u00fcnl\u00fck olarak de\u011fi\u015fmektedir. Bu nedenle y\u00f6netmeli\u011fin 15. Md\/a bendi gere\u011fi cayma hakk\u0131ndan m\u00fcstesnad\u0131r. M\u00fc\u015fterilerimiz sipari\u015f \u00f6ncesinde bu konu hakk\u0131nda \u00f6n bilgilendirme yap\u0131ld\u0131\u011f\u0131n\u0131 kabul eder.<\/p>\n","protected":false},"featured_media":9198,"comment_status":"open","ping_status":"closed","template":"","meta":{"_joinchat":[]},"product_cat":[15,24,19,20],"product_tag":[6271],"class_list":{"0":"post-9197","1":"product","2":"type-product","3":"status-publish","4":"has-post-thumbnail","6":"product_cat-volkswagen","7":"product_cat-audi","8":"product_cat-seat","9":"product_cat-skoda","10":"product_tag-1k0513353h-amotsor-takozu-ust-arka-golf-jetta-orj-yeni","12":"first","13":"instock","14":"sale","15":"shipping-taxable","16":"purchasable","17":"product-type-simple"},"_links":{"self":[{"href":"https:\/\/dogan-otomotiv.com\/index.php\/wp-json\/wp\/v2\/product\/9197","targetHints":{"allow":["GET"]}}],"collection":[{"href":"https:\/\/dogan-otomotiv.com\/index.php\/wp-json\/wp\/v2\/product"}],"about":[{"href":"https:\/\/dogan-otomotiv.com\/index.php\/wp-json\/wp\/v2\/types\/product"}],"replies":[{"embeddable":true,"href":"https:\/\/dogan-otomotiv.com\/index.php\/wp-json\/wp\/v2\/comments?post=9197"}],"wp:featuredmedia":[{"embeddable":true,"href":"https:\/\/dogan-otomotiv.com\/index.php\/wp-json\/wp\/v2\/media\/9198"}],"wp:attachment":[{"href":"https:\/\/dogan-otomotiv.com\/index.php\/wp-json\/wp\/v2\/media?parent=9197"}],"wp:term":[{"taxonomy":"product_cat","embeddable":true,"href":"https:\/\/dogan-otomotiv.com\/index.php\/wp-json\/wp\/v2\/product_cat?post=9197"},{"taxonomy":"product_tag","embeddable":true,"href":"https:\/\/dogan-otomotiv.com\/index.php\/wp-json\/wp\/v2\/product_tag?post=9197"}],"curies":[{"name":"wp","href":"https:\/\/api.w.org\/{rel}","templated":true}]}}