{"id":9069,"date":"2021-12-17T13:32:03","date_gmt":"2021-12-17T13:32:03","guid":{"rendered":"https:\/\/dogan-otomotiv.com\/?post_type=product&#038;p=9069"},"modified":"2021-12-17T13:32:05","modified_gmt":"2021-12-17T13:32:05","slug":"1p0035501a-anten-leon-1p-original-yeni","status":"publish","type":"product","link":"https:\/\/dogan-otomotiv.com\/index.php\/urun\/1p0035501a-anten-leon-1p-original-yeni\/","title":{"rendered":"1P0035501A Anten Leon 1P Original YEN\u0130"},"content":{"rendered":"<p>[t\u00fcm uyumlu ara\u00e7lar\u0131 g\u00f6ster]<br \/>\nEinschr\u00e4nkungen<br \/>\nImportant part details\tMarke\tModell\tBaujahr\tPlattform\tTyp\tMotor<br \/>\nDie von Ebay eingef\u00fchrte Fahrzeugverwendungsliste dient nu&#8230;more\tSeat\tLeon\t2010\/02-2012\/12\t1P1\t1.2 TSi\t1197 ccm, 77 KW, 105 PS<br \/>\nDie von Ebay eingef\u00fchrte Fahrzeugverwendungsliste dient nu&#8230;more\tSeat\tLeon\t2006\/06-2012\/12\t1P1\t1.4 16V\t1390 ccm, 63 KW, 86 PS<br \/>\nDie von Ebay eingef\u00fchrte Fahrzeugverwendungsliste dient nu&#8230;more\tSeat\tLeon\t2007\/11-2012\/12\t1P1\t1.4 TSi\t1390 ccm, 92 KW, 125 PS<br \/>\nDie von Ebay eingef\u00fchrte Fahrzeugverwendungsliste dient nu&#8230;more\tSeat\tLeon\t2005\/07-2012\/12\t1P1\t1.6\t1595 ccm, 75 KW, 102 PS<br \/>\nDie von Ebay eingef\u00fchrte Fahrzeugverwendungsliste dient nu&#8230;more\tSeat\tLeon\t2009\/12-2012\/12\t1P1\t1.6 LPG\t1595 ccm, 75 KW, 102 PS<br \/>\nDie von Ebay eingef\u00fchrte Fahrzeugverwendungsliste dient nu&#8230;more\tSeat\tLeon\t2010\/11-2012\/12\t1P1\t1.6 MultiFuel\t1595 ccm, 75 KW, 102 PS<br \/>\nDie von Ebay eingef\u00fchrte Fahrzeugverwendungsliste dient nu&#8230;more\tSeat\tLeon\t2010\/02-2012\/12\t1P1\t1.6 TDi\t1598 ccm, 77 KW, 105 PS<br \/>\nDie von Ebay eingef\u00fchrte Fahrzeugverwendungsliste dient nu&#8230;more\tSeat\tLeon\t2010\/11-2012\/12\t1P1\t1.6 TDi\t1598 ccm, 66 KW, 90 PS<br \/>\nDie von Ebay eingef\u00fchrte Fahrzeugverwendungsliste dient nu&#8230;more\tSeat\tLeon\t2007\/06-2012\/12\t1P1\t1.8 TSi\t1798 ccm, 118 KW, 160 PS<br \/>\nDie von Ebay eingef\u00fchrte Fahrzeugverwendungsliste dient nu&#8230;more\tSeat\tLeon\t2005\/10-2012\/12\t1P1\t1.9 TDI\t1896 ccm, 81 KW, 110 PS<br \/>\nDie von Ebay eingef\u00fchrte Fahrzeugverwendungsliste dient nu&#8230;more\tSeat\tLeon\t2005\/07-2010\/12\t1P1\t1.9 TDi\t1896 ccm, 77 KW, 105 PS<br \/>\nDie von Ebay eingef\u00fchrte Fahrzeugverwendungsliste dient nu&#8230;more\tSeat\tLeon\t2007\/06-2010\/12\t1P1\t1.9 TDi\t1896 ccm, 66 KW, 90 PS<br \/>\nDie von Ebay eingef\u00fchrte Fahrzeugverwendungsliste dient nu&#8230;more\tSeat\tLeon\t2009\/09-2012\/12\t1P1\t2.0 Cupra R\t1984 ccm, 195 KW, 265 PS<br \/>\nDie von Ebay eingef\u00fchrte Fahrzeugverwendungsliste dient nu&#8230;more\tSeat\tLeon\t2005\/07-2010\/05\t1P1\t2.0 FSi\t1984 ccm, 110 KW, 150 PS<br \/>\nDie von Ebay eingef\u00fchrte Fahrzeugverwendungsliste dient nu&#8230;more\tSeat\tLeon\t2006\/05-2012\/12\t1P1\t2.0 TDi\t1968 ccm, 125 KW, 170 PS<br \/>\nDie von Ebay eingef\u00fchrte Fahrzeugverwendungsliste dient nu&#8230;more\tSeat\tLeon\t2005\/07-2010\/05\t1P1\t2.0 TDi\t1968 ccm, 100 KW, 136 PS<br \/>\nDie von Ebay eingef\u00fchrte Fahrzeugverwendungsliste dient nu&#8230;more\tSeat\tLeon\t2005\/10-2010\/10\t1P1\t2.0 TDi\t1968 ccm, 103 KW, 140 PS<br \/>\nDie von Ebay eingef\u00fchrte Fahrzeugverwendungsliste dient nu&#8230;more\tSeat\tLeon\t2005\/07-2012\/12\t1P1\t2.0 TDi 16V\t1968 ccm, 103 KW, 140 PS<br \/>\nDie von Ebay eingef\u00fchrte Fahrzeugverwendungsliste dient nu&#8230;more\tSeat\tLeon\t2006\/11-2011\/05\t1P1\t2.0 TFSi\t1984 ccm, 177 KW, 240 PS<br \/>\nDie von Ebay eingef\u00fchrte Fahrzeugverwendungsliste dient nu&#8230;more\tSeat\tLeon\t2005\/09-2006\/05\t1P1\t2.0 TFSi\t1984 ccm, 136 KW, 185 PS<\/p>\n","protected":false},"excerpt":{"rendered":"<p>DO\u011eAN OTOMOT\u0130V YEDEK PAR\u00c7A<br \/>\nLTD \u015eT\u0130 \u0130VED\u0130K ORGAN\u0130ZE SAN 1471 SOKAK 91-A OST\u0130M ANKARA<br \/>\nSEM\u0130H SAVA\u015e\u00c7I (312) 395 20 95<br \/>\n0533 322 16 09<br \/>\nMUSTAFA SAVA\u015e\u00c7I<br \/>\n0 (312) 395 20 95<br \/>\nIBAN NO: TR 54 0011 1000 0000 0098 3516 19<br \/>\nF\u0130NANSBANK ENPARA<br \/>\n\u015eUBE KODU: 03663<br \/>\nHESAP NO: 98351619<\/p>\n<p>AYRICA G\u00dcN \u0130\u00c7ER\u0130S\u0130NDE OTOB\u00dcS \u0130LE KARGO VER\u0130L\u0130R<br \/>\nNOT 5 G\u00dcN \u0130\u00c7ER\u0130S\u0130NDE \u0130YADES\u0130 OLMAYAN MAZEME GER\u0130 ALINMAZ<br \/>\nPaket i\u00e7eri\u011fi: 1 Adet<br \/>\nSATI\u015e F\u0130YATI KDV DAH\u0130L pe\u015fin fiyat\u0131d\u0131r<br \/>\nSAAT 18:00 KADAR VER\u0130LEN \u015e\u0130PAR\u0130\u015e AYNI G\u00dcN KARGO \u0130LE G\u00d6NDER\u0130M\u0130 YAPILIR.<br \/>\nKARGO \u0130ADES\u0130 DURUMUNDA .<br \/>\nKARGO \u00dcCRET\u0130 M\u00dc\u015eTER\u0130YE A\u0130TT\u0130R. AYRICA KARGODA KIRILAN PAR\u00c7ALARDAN SORUMLU DEY\u0130L\u0130Z<\/p>\n<p>27\/11\/2014 tarih ve 29188 say\u0131l\u0131 resmi gazetede yay\u0131mlanan mesafeli sat\u0131\u015flar y\u00f6netmeli\u011finin 15. maddesinde cayma hakk\u0131n\u0131n istisnalar\u0131 belirtilmi\u015ftir. \u0130lgili maddenin a bendinde &#8220;fiyat\u0131 finansal piyasalardaki dalgalanmalara ba\u011fl\u0131 olarak de\u011fi\u015fen ve sat\u0131c\u0131 veya sa\u011flay\u0131c\u0131n\u0131n kontrol\u00fcnde olmayan mal veya hizmetlere ili\u015fkin s\u00f6zle\u015fmeler&#8221; cayma hakk\u0131ndan istisna edilmi\u015ftir. \u00dcr\u00fcnlerimiz ithal \u00fcr\u00fcnler olup fiyatlar\u0131 g\u00fcnl\u00fck usd kurlar\u0131 kullan\u0131larak tl kar\u015f\u0131l\u0131\u011f\u0131na \u00e7evrilmesiyle hesaplanmaktad\u0131r. Fiyatlar kurdaki de\u011fi\u015fmeler ba\u011fl\u0131 olarak g\u00fcnl\u00fck olarak de\u011fi\u015fmektedir. Bu nedenle y\u00f6netmeli\u011fin 15. Md\/a bendi gere\u011fi cayma hakk\u0131ndan m\u00fcstesnad\u0131r. M\u00fc\u015fterilerimiz sipari\u015f \u00f6ncesinde bu konu hakk\u0131nda \u00f6n bilgilendirme yap\u0131ld\u0131\u011f\u0131n\u0131 kabul eder.<\/p>\n","protected":false},"featured_media":9070,"comment_status":"open","ping_status":"closed","template":"","meta":{"_joinchat":[]},"product_cat":[15],"product_tag":[6217],"class_list":{"0":"post-9069","1":"product","2":"type-product","3":"status-publish","4":"has-post-thumbnail","6":"product_cat-volkswagen","7":"product_tag-1p0035501a-anten-leon-1p-original-yeni","9":"first","10":"instock","11":"sale","12":"shipping-taxable","13":"purchasable","14":"product-type-simple"},"_links":{"self":[{"href":"https:\/\/dogan-otomotiv.com\/index.php\/wp-json\/wp\/v2\/product\/9069","targetHints":{"allow":["GET"]}}],"collection":[{"href":"https:\/\/dogan-otomotiv.com\/index.php\/wp-json\/wp\/v2\/product"}],"about":[{"href":"https:\/\/dogan-otomotiv.com\/index.php\/wp-json\/wp\/v2\/types\/product"}],"replies":[{"embeddable":true,"href":"https:\/\/dogan-otomotiv.com\/index.php\/wp-json\/wp\/v2\/comments?post=9069"}],"wp:featuredmedia":[{"embeddable":true,"href":"https:\/\/dogan-otomotiv.com\/index.php\/wp-json\/wp\/v2\/media\/9070"}],"wp:attachment":[{"href":"https:\/\/dogan-otomotiv.com\/index.php\/wp-json\/wp\/v2\/media?parent=9069"}],"wp:term":[{"taxonomy":"product_cat","embeddable":true,"href":"https:\/\/dogan-otomotiv.com\/index.php\/wp-json\/wp\/v2\/product_cat?post=9069"},{"taxonomy":"product_tag","embeddable":true,"href":"https:\/\/dogan-otomotiv.com\/index.php\/wp-json\/wp\/v2\/product_tag?post=9069"}],"curies":[{"name":"wp","href":"https:\/\/api.w.org\/{rel}","templated":true}]}}