{"id":884,"date":"2020-04-05T12:20:21","date_gmt":"2020-04-05T12:20:21","guid":{"rendered":"https:\/\/dogan-otomotiv.com\/?post_type=product&#038;p=884"},"modified":"2025-09-23T09:08:41","modified_gmt":"2025-09-23T09:08:41","slug":"0281002618-opel-corsa-d-1-3-cdti-vectra-c-hava-kutle-olcer","status":"publish","type":"product","link":"https:\/\/dogan-otomotiv.com\/index.php\/urun\/0281002618-opel-corsa-d-1-3-cdti-vectra-c-hava-kutle-olcer\/","title":{"rendered":"0281002618 HAVA AKI\u015e METRES\u0130 Opel Corsa D 1.3 CDTI Vectra C  ORJ \u00c7IKMA"},"content":{"rendered":"<p>0281002618 AKI\u015e \u00d6L\u00c7ER OPEL 1.3 CDT\u0130 1.7 CDT\u0130 1.9 CDT\u0130 2.0<br \/>\nOPEL ASTRA H 1.3 CDTI    08 2005 &#8211; In Production    1248    90    Z 13 DTH;<br \/>\nOPEL ASTRA H 1.7 CDTI    03 2004 &#8211; In Production    1686    80    Z 17 DTL;<br \/>\nOPEL ASTRA H 1.7 CDTI    03 2004 &#8211; In Production    1686    100    Z 17 DTH;<br \/>\nOPEL ASTRA H 1.9 CDTI    09 2005 &#8211; In Production    1910    100    Z 19 DTL;<br \/>\nOPEL ASTRA H 1.9 CDTI    06 2004 &#8211; In Production    1910    120    Z 19 DT;<br \/>\nOPEL ASTRA H 1.9 CDTI    09 2004 &#8211; In Production    1910    150    Z 19 DTH;<br \/>\nOPEL ASTRA H Saloon 1.3 CDTi    02 2007 &#8211; In Production    1248    90    Z 13 DTH;<br \/>\nOPEL ASTRA H GTC 1.3 CDTI    04 2005 &#8211; In Production    1248    90    Z 13 DTH;<br \/>\nOPEL ASTRA H GTC 1.7 CDTI    03 2005 &#8211; In Production    1686    80    Z 17 DTL;<br \/>\nOPEL ASTRA H GTC 1.7 CDTi    03 2005 &#8211; In Production    1686    101    Z 17 DTH;<br \/>\nOPEL ASTRA H GTC 1.9 CDTI    01 2006 &#8211; In Production    1910    101    Z 19 DTL;<br \/>\nOPEL ASTRA H GTC 1.9 CDTi 16V    03 2005 &#8211; In Production    1910    120    Z 19 DTJ;<br \/>\nOPEL ASTRA H GTC 1.9 CDTI    09 2005 &#8211; In Production    1910    120    Z 19 DT;<br \/>\nOPEL ASTRA H GTC 1.9 CDTi    03 2005 &#8211; In Production    1910    150    Z 19 DTH;<br \/>\nOPEL ASTRA H Estate 1.3 CDTI    08 2005 &#8211; In Production    1248    90    Z 13 DTH;<br \/>\nOPEL ASTRA H Estate 1.7 CDTI    08 2004 &#8211; In Production    1686    80    Z 17 DTL;<br \/>\nOPEL ASTRA H Estate 1.7 CDTI    08 2004 &#8211; In Production    1686    101    Z 17 DTH;<br \/>\nOPEL ASTRA H Estate 1.9 CDTI    09 2005 &#8211; In Production    1910    100    Z 19 DTL;<br \/>\nOPEL ASTRA H Estate 1.9 CDTI    09 2005 &#8211; In Production    1910    120    Z 19 DT;<br \/>\nOPEL ASTRA H Estate 1.9 CDTI    09 2004 &#8211; In Production    1910    150    Z 19 DTH;<br \/>\nOPEL ASTRA H TwinTop 1.9 CDTi    09 2005 &#8211; In Production    1910    150    Z 19 DTH;<br \/>\nOPEL ASTRA H Van 1.3 CDTI    08 2005 &#8211; In Production    1248    90    Z 13 DTH;<br \/>\nOPEL ASTRA H Van 1.7 CDTI    03 2004 &#8211; In Production    1686    101    Z 17 DTH;<br \/>\nOPEL ASTRA H Van 1.9 CDTI    09 2005 &#8211; In Production    1910    120    Z 19 DT;<br \/>\nOPEL ASTRA H Van 1.9 CDTI    09 2004 &#8211; In Production    1910    150    Z 19 DTH;<br \/>\nOPEL ANTARA 2.0 CDTI    03 2007 &#8211; In Production    1991    127    Z 20 S;<br \/>\nOPEL ANTARA 2.0 CDTI    09 2008 &#8211; In Production    1991    127    Z 20 DM;<br \/>\nOPEL ANTARA 2.0 CDTI    05 2006 &#8211; In Production    1991    150    Z 20 DMH; Z 20 S;<br \/>\nOPEL ANTARA 2.0 CDTI 4&#215;4    05 2006 &#8211; In Production    1991    150    Z 20 DMH; Z 20 S;<br \/>\nOPEL COMBO Tour 1.3 CDTI 16V    10 2005 &#8211; In Production    1248    75    Z 13 DTJ;<br \/>\nOPEL COMBO Box Body \/ Estate 1.3 CDTI 16V    10 2005 &#8211; In Production    1248    75    Z 13 DTJ;<br \/>\nOPEL CORSA D 1.3 CDTI    07 2006 &#8211; In Production    1248    75    A 13 DTC; Z 13 DTJ;<br \/>\nOPEL CORSA D 1.3 CDTI    07 2006 &#8211; In Production    1248    90    Z 13 DTH;<br \/>\nOPEL CORSA D Van 1.3 CDTI    07 2006 &#8211; In Production    1248    75    A 13 DTC; Z 13 DTJ;<br \/>\nOPEL CORSA D Van 1.3 CDTI    07 2006 &#8211; In Production    1248    90    Z 13 DTH;<br \/>\nOPEL SIGNUM 1.9 CDTI    08 2005 &#8211; In Production    1910    100    Z 19 DT;<br \/>\nOPEL SIGNUM 1.9 CDTI    04 2004 &#8211; In Production    1910    120    Z 19 DT;<br \/>\nOPEL SIGNUM 1.9 CDTI    04 2004 &#8211; In Production    1910    150    Z 19 DTH;<br \/>\nOPEL VECTRA C GTS 1.9 CDTI    10 2005 &#8211; In Production    1910    100    Z 19 DTL;<br \/>\nOPEL VECTRA C GTS 1.9 CDTI    04 2004 &#8211; In Production    1910    120    Z 19 DT;<br \/>\nOPEL VECTRA C GTS 1.9 CDTI    04 2004 &#8211; In Production    1910    150    Z 19 DTH;<br \/>\nOPEL VECTRA C 1.9 CDTI    10 2005 &#8211; In Production    1910    100    Z 19 DT;<br \/>\nOPEL VECTRA C 1.9 CDTI    04 2004 &#8211; In Production    1910    120    Z 19 DT;<br \/>\nOPEL VECTRA C 1.9 CDTI    04 2004 &#8211; In Production    1910    150    Z 19 DTH;<br \/>\nOPEL VECTRA C Estate 1.9 CDTI    10 2005 &#8211; In Production    1910    100    Z 19 DTL;<br \/>\nSAAB 9-3 (YS3F) 1.9 TiD    09 2004 &#8211; In Production    1910    120    Z 19 DT;<br \/>\nSAAB 9-3 (YS3F) 1.9 TiD    09 2004 &#8211; In Production    1910    150    Z 19 DTH;<br \/>\nSAAB 9-3 Convertible (YS3F) 1.9 TiD    01 2006 &#8211; In Production    1910    150    Z 19 DTH;<br \/>\nSAAB 9-3 Estate 1.9 TiD    03 2005 &#8211; In Production    1910    120    Z 19 DTJ;<br \/>\nSAAB 9-3 Estate 1.9 TiD    03 2005 &#8211; In Production    1910    150    Z 19 DTH;<br \/>\nSAAB 9-5 (YS3E) 1.9 TiD    01 2006 &#8211; In Production    1910    150    Z 19 DTH;<br \/>\nSAAB 9-5 Estate (YS3E) 1.9 TiD    01 2006 &#8211; In Production    1910    150    Z 19 DTH;<br \/>\nSUZUKI SX4 (GY) 1.9 DDiS    06 2006 &#8211; In Production    1910    120    D19AA;<br \/>\nSUZUKI SX4 (GY) 1.9 DDiS 4&#215;4    06 2006 &#8211; In Production    1910    120    D19AA;<\/p>\n","protected":false},"excerpt":{"rendered":"<p>DO\u011eAN OTOMOT\u0130V YEDEK PAR\u00c7A<br \/>\nLTD \u015eT\u0130 \u0130VED\u0130K ORGAN\u0130ZE SAN 1471 SOKAK 91-A OST\u0130M ANKARA<br \/>\nSEM\u0130H SAVA\u015e\u00c7I (312) 395 20 95<br \/>\n0533 322 16 09<\/p>\n<p>MUSTAFA SAVA\u015e\u00c7I<br \/>\n0 (312) 395 20 95<br \/>\nIBAN NO: TR 54 0011 1000 0000 0098 3516 19<br \/>\nF\u0130NANSBANK ENPARA<br \/>\n\u015eUBE KODU: 03663<br \/>\nHESAP NO: 98351619<\/p>\n<p>Paket i\u00e7eri\u011fi: 1 Adet<br \/>\nSATI\u015e F\u0130YATI KDV DAH\u0130L pe\u015fin fiyat\u0131d\u0131r<\/p>\n<p>SAAT 18:00 KADAR VER\u0130LEN \u015e\u0130PAR\u0130\u015e AYNI G\u00dcN KARGO \u0130LE G\u00d6NDER\u0130M\u0130 YAPILIR.<br \/>\nKARGO \u0130ADES\u0130 DURUMUNDA<br \/>\nKARGO \u00dcCRET\u0130 M\u00dc\u015eTER\u0130YE A\u0130TT\u0130R. AYRICA KARGODA KIRILAN PAR\u00c7ALARDAN SORUMLU DEY\u0130L\u0130Z<\/p>\n","protected":false},"featured_media":13473,"comment_status":"open","ping_status":"closed","template":"","meta":{"_joinchat":[]},"product_cat":[21],"product_tag":[11734],"class_list":{"0":"post-884","1":"product","2":"type-product","3":"status-publish","4":"has-post-thumbnail","6":"product_cat-opel","7":"product_tag-0281002618-hava-akis-metresi-opel-corsa-d-1-3-cdti-vectra-c-orj-cikma","9":"first","10":"instock","11":"sale","12":"shipping-taxable","13":"purchasable","14":"product-type-simple"},"_links":{"self":[{"href":"https:\/\/dogan-otomotiv.com\/index.php\/wp-json\/wp\/v2\/product\/884","targetHints":{"allow":["GET"]}}],"collection":[{"href":"https:\/\/dogan-otomotiv.com\/index.php\/wp-json\/wp\/v2\/product"}],"about":[{"href":"https:\/\/dogan-otomotiv.com\/index.php\/wp-json\/wp\/v2\/types\/product"}],"replies":[{"embeddable":true,"href":"https:\/\/dogan-otomotiv.com\/index.php\/wp-json\/wp\/v2\/comments?post=884"}],"wp:featuredmedia":[{"embeddable":true,"href":"https:\/\/dogan-otomotiv.com\/index.php\/wp-json\/wp\/v2\/media\/13473"}],"wp:attachment":[{"href":"https:\/\/dogan-otomotiv.com\/index.php\/wp-json\/wp\/v2\/media?parent=884"}],"wp:term":[{"taxonomy":"product_cat","embeddable":true,"href":"https:\/\/dogan-otomotiv.com\/index.php\/wp-json\/wp\/v2\/product_cat?post=884"},{"taxonomy":"product_tag","embeddable":true,"href":"https:\/\/dogan-otomotiv.com\/index.php\/wp-json\/wp\/v2\/product_tag?post=884"}],"curies":[{"name":"wp","href":"https:\/\/api.w.org\/{rel}","templated":true}]}}