{"id":876,"date":"2020-04-05T12:09:12","date_gmt":"2020-04-05T12:09:12","guid":{"rendered":"https:\/\/dogan-otomotiv.com\/?post_type=product&#038;p=876"},"modified":"2025-03-11T12:46:25","modified_gmt":"2025-03-11T12:46:25","slug":"72834204-hava-akis-metre-pejo-cirtoen-c-4-9650010780","status":"publish","type":"product","link":"https:\/\/dogan-otomotiv.com\/index.php\/urun\/72834204-hava-akis-metre-pejo-cirtoen-c-4-9650010780\/","title":{"rendered":"72834204 HAVA AKI\u015e METRE PEJO C\u0130RTOEN C.4 9650010780"},"content":{"rendered":"<p>DO\u011eAN OTOMOT\u0130V YEDEK PAR\u00c7A<\/p>\n<p>SEM\u0130H SAVA\u015e\u00c7I<\/p>\n<p>0 (312) 395 20 95<\/p>\n<p>IBAN NO: TR56 0011 1000 0000 0088 9009 70  <\/p>\n<p>F\u0130NANSBANK ENPARA<\/p>\n<p>\u015eUBE KODU: 03663<\/p>\n<p>HESAP NO: 88900970<\/p>\n<p>KARGO \u0130ADES\u0130 DURUMUNDA<\/p>\n<p>KARGO \u00dcCRET\u0130 M\u00dc\u015eTER\u0130YE A\u0130TT\u0130R.<\/p>\n<p>TOPLU S\u0130PAR\u0130\u015eLER\u0130N\u0130Z \u0130\u00c7\u0130N: doganotoyedekparcavw@gmail.com<\/p>\n","protected":false},"excerpt":{"rendered":"<p>7.28342.04 Hava Ak\u0131\u015f \u00d6l\u00e7er  Sens\u00f6r\u00fc 22204-22010 197400-2030 Toyota Lexus Scion OEM ABD<\/p>\n","protected":false},"featured_media":10922,"comment_status":"open","ping_status":"closed","template":"","meta":{"_joinchat":[]},"product_cat":[2204,17],"product_tag":[547,545,7482,549,546],"class_list":{"0":"post-876","1":"product","2":"type-product","3":"status-publish","4":"has-post-thumbnail","6":"product_cat-citroen","7":"product_cat-peugeot","8":"product_tag-6-hdi-9","9":"product_tag-545","10":"product_tag-72834204-hava-akis-metre-pejo-cirtoen-c-4-9650010780","11":"product_tag-549","12":"product_tag-citroen-berlingo-xtr-1","14":"first","15":"instock","16":"sale","17":"shipping-taxable","18":"purchasable","19":"product-type-simple"},"_links":{"self":[{"href":"https:\/\/dogan-otomotiv.com\/index.php\/wp-json\/wp\/v2\/product\/876","targetHints":{"allow":["GET"]}}],"collection":[{"href":"https:\/\/dogan-otomotiv.com\/index.php\/wp-json\/wp\/v2\/product"}],"about":[{"href":"https:\/\/dogan-otomotiv.com\/index.php\/wp-json\/wp\/v2\/types\/product"}],"replies":[{"embeddable":true,"href":"https:\/\/dogan-otomotiv.com\/index.php\/wp-json\/wp\/v2\/comments?post=876"}],"wp:featuredmedia":[{"embeddable":true,"href":"https:\/\/dogan-otomotiv.com\/index.php\/wp-json\/wp\/v2\/media\/10922"}],"wp:attachment":[{"href":"https:\/\/dogan-otomotiv.com\/index.php\/wp-json\/wp\/v2\/media?parent=876"}],"wp:term":[{"taxonomy":"product_cat","embeddable":true,"href":"https:\/\/dogan-otomotiv.com\/index.php\/wp-json\/wp\/v2\/product_cat?post=876"},{"taxonomy":"product_tag","embeddable":true,"href":"https:\/\/dogan-otomotiv.com\/index.php\/wp-json\/wp\/v2\/product_tag?post=876"}],"curies":[{"name":"wp","href":"https:\/\/api.w.org\/{rel}","templated":true}]}}