{"id":862,"date":"2020-04-05T11:31:29","date_gmt":"2020-04-05T11:31:29","guid":{"rendered":"https:\/\/dogan-otomotiv.com\/?post_type=product&#038;p=862"},"modified":"2025-04-26T08:25:49","modified_gmt":"2025-04-26T08:25:49","slug":"22680aw400-0280218005-hava-akis-olcerler-22680-7s000-22680-7s00a-afh70m-nissan-almera-orj-cikma","status":"publish","type":"product","link":"https:\/\/dogan-otomotiv.com\/index.php\/urun\/22680aw400-0280218005-hava-akis-olcerler-22680-7s000-22680-7s00a-afh70m-nissan-almera-orj-cikma\/","title":{"rendered":"22680AW400-0280218005 Hava Ak\u0131\u015f \u00d6l\u00e7erler 22680-7S000 22680-7S00A AFH70M Nissan Almera ORJ \u00c7IKMA"},"content":{"rendered":"<p>22680AW400 HAVA AKI\u015e METRE SADECE \u00c7EK\u0130RDE\u011e\u0130<br \/>\nNISSAN PRIMERA P12 1.6 1.8 2.0 B 2.2 D 02- CZUJNIK PRZEP\u0141YWOMIERZ POWIETRZA 22680-7S000. &#8230; 22680AW400 22680-CA000 22680CA000 22680- &#8230;<br \/>\n22680AW400, N\u0130SSAN ALMERA PR\u0130MERA P12, HAVA AKI\u015e METRE, 226807J625, 0280218005<br \/>\n0280218005<br \/>\n22680AW400 HAVA AKI\u015e METRE NISSAN ALMERA 1,6 1,8 \/ NISSAN MICRA<\/p>\n<p>INFINITI EX35 2008-2012<br \/>\nINFINITI EX37 2013<br \/>\nINFINITI FX35 2009-2012<br \/>\nINFINITI FX37 2013<br \/>\nINFINITI FX50 2009-2013<br \/>\nINFINITI G25 2011-2012<br \/>\nINFINITI G35 2003-2008<br \/>\nINFINITI G37 2008-2013<br \/>\nINFINITI JX35 2013<br \/>\nINFINITI M35 2006-2010<br \/>\nINFINITI M37 2011-2013<br \/>\nINFINITI M45 2006-2010<br \/>\nINFINITI Q40 2015<br \/>\nINFINITI Q45 2004-2006<br \/>\nINFINITI Q50 2014-2015<br \/>\nINFINITI Q60 2014-2015<br \/>\nINFINITI Q70 2014-2018<br \/>\nINFINITI Q70L 2015-2018<br \/>\nINFINITI QX50 2014-2017<br \/>\nINFINITI QX56 2004-2013<br \/>\nINFINITI QX60 2014-2015<br \/>\nINFINITI QX70 2014-2017<br \/>\nINFINITI QX80 2014-2018<br \/>\nNISSAN 350Z 2003-2009<br \/>\nNISSAN 370Z 2009-2018<br \/>\nNISSAN ALTIMA 2003-2012<br \/>\nNISSAN ARMADA 2005-2018<br \/>\nNISSAN CUBE 2009-2014<br \/>\nNISSAN FRONTIER 2005-2018<br \/>\nNISSAN GT-R 2009-2018<br \/>\nNISSAN MAXIMA 2004-2014<br \/>\nNISSAN MICRA 2006-2018<br \/>\nNISSAN MURANO 2003-2014<br \/>\nNISSAN NV1500 2012-2018<br \/>\nNISSAN NV200 2013-2018<br \/>\nNISSAN NV2500 2012-2018<br \/>\nNISSAN NV3500 2012-2018<br \/>\nNISSAN PATHFINDER 2003-2015<br \/>\nNISSAN QUEST 2004-2014<br \/>\nNISSAN ROGUE 2008-2014<br \/>\nNISSAN ROGUE SELECT 2014-2015<br \/>\nNISSAN SENTRA 2006-2013<br \/>\nNISSAN TITAN 2004-2018<br \/>\nNISSAN TITAN XD 2016-2018<br \/>\nNISSAN URVAN 2000-2013<br \/>\nNISSAN VERSA 2007-2018<br \/>\nNISSAN X-TRAIL 2005-2013<br \/>\nNISSAN XTERRA 2005-2015<br \/>\nSUZUKI EQUATOR 2009-2012<\/p>\n","protected":false},"excerpt":{"rendered":"<p>DO\u011eAN OTOMOT\u0130V YEDEK PAR\u00c7A<\/p>\n<p>SEM\u0130H SAVA\u015e\u00c7I<\/p>\n<p>0 (312) 395 20 95<\/p>\n<p>IBAN NO: TR56 0011 1000 0000 0088 9009 70<\/p>\n<p>F\u0130NANSBANK ENPARA<\/p>\n<p>\u015eUBE KODU: 03663<\/p>\n<p>HESAP NO: 88900970<\/p>\n<p>KARGO \u0130ADES\u0130 DURUMUNDA<\/p>\n<p>KARGO \u00dcCRET\u0130 M\u00dc\u015eTER\u0130YE A\u0130TT\u0130R.<\/p>\n<p>TOPLU S\u0130PAR\u0130\u015eLER\u0130N\u0130Z \u0130\u00c7\u0130N: doganotoyedekparcavw@gmail.com<\/p>\n","protected":false},"featured_media":4447,"comment_status":"open","ping_status":"closed","template":"","meta":{"_joinchat":[]},"product_cat":[2203],"product_tag":[11419],"class_list":{"0":"post-862","1":"product","2":"type-product","3":"status-publish","4":"has-post-thumbnail","6":"product_cat-nissan","7":"product_tag-22680aw400-0280218005-hava-akis-olcerler-22680-7s00a-afh70m-nissan-almera-orj-cikma","9":"first","10":"instock","11":"sale","12":"shipping-taxable","13":"purchasable","14":"product-type-simple"},"_links":{"self":[{"href":"https:\/\/dogan-otomotiv.com\/index.php\/wp-json\/wp\/v2\/product\/862","targetHints":{"allow":["GET"]}}],"collection":[{"href":"https:\/\/dogan-otomotiv.com\/index.php\/wp-json\/wp\/v2\/product"}],"about":[{"href":"https:\/\/dogan-otomotiv.com\/index.php\/wp-json\/wp\/v2\/types\/product"}],"replies":[{"embeddable":true,"href":"https:\/\/dogan-otomotiv.com\/index.php\/wp-json\/wp\/v2\/comments?post=862"}],"wp:featuredmedia":[{"embeddable":true,"href":"https:\/\/dogan-otomotiv.com\/index.php\/wp-json\/wp\/v2\/media\/4447"}],"wp:attachment":[{"href":"https:\/\/dogan-otomotiv.com\/index.php\/wp-json\/wp\/v2\/media?parent=862"}],"wp:term":[{"taxonomy":"product_cat","embeddable":true,"href":"https:\/\/dogan-otomotiv.com\/index.php\/wp-json\/wp\/v2\/product_cat?post=862"},{"taxonomy":"product_tag","embeddable":true,"href":"https:\/\/dogan-otomotiv.com\/index.php\/wp-json\/wp\/v2\/product_tag?post=862"}],"curies":[{"name":"wp","href":"https:\/\/api.w.org\/{rel}","templated":true}]}}