{"id":860,"date":"2020-04-05T11:27:59","date_gmt":"2020-04-05T11:27:59","guid":{"rendered":"https:\/\/dogan-otomotiv.com\/?post_type=product&#038;p=860"},"modified":"2024-05-09T11:00:53","modified_gmt":"2024-05-09T11:00:53","slug":"22204-30020-hava-akis-toyota-land-cruiser3-0td-d4-2010-orj-cikma","status":"publish","type":"product","link":"https:\/\/dogan-otomotiv.com\/index.php\/urun\/22204-30020-hava-akis-toyota-land-cruiser3-0td-d4-2010-orj-cikma\/","title":{"rendered":"22204-30020 HAVA AKI\u015e Toyota Land Cruiser3.0TD D4 2010 ORJ \u00c7IKMA"},"content":{"rendered":"<p>DO\u011eAN OTOMOT\u0130V YEDEK PAR\u00c7A<\/p>\n<p>SEM\u0130H SAVA\u015e\u00c7I<\/p>\n<p>0 (312) 395 20 95<\/p>\n<p>IBAN NO: TR56 0011 1000 0000 0088 9009 70  <\/p>\n<p>F\u0130NANSBANK ENPARA<\/p>\n<p>\u015eUBE KODU: 03663<\/p>\n<p>HESAP NO: 88900970<\/p>\n<p>KARGO \u0130ADES\u0130 DURUMUNDA<\/p>\n<p>KARGO \u00dcCRET\u0130 M\u00dc\u015eTER\u0130YE A\u0130TT\u0130R.<\/p>\n<p>TOPLU S\u0130PAR\u0130\u015eLER\u0130N\u0130Z \u0130\u00c7\u0130N: doganotoyedekparcavw@gmail.com<\/p>\n","protected":false},"excerpt":{"rendered":"<p>OE 31342521 \u2014 VOLVO<br \/>\nOE 22204-30020 \u2014 TOYOTA<br \/>\nOE 22204-E0010 \u2014 TOYOTA<\/p>\n<p>VOLVO S80 II (AS, 124) (yap\u0131m y\u0131l\u0131 03.2006 &#8211; 12.2016)<br \/>\nVOLVO V70 III (Siyah Beyaz, 135) (yap\u0131m y\u0131l\u0131 04.2007 &#8211; &#8230;)<br \/>\nVOLVO XC70 II istasyon vagonu (P24, 136) (in\u015faat y\u0131l\u0131 04.2007 &#8211; 12.2016)<br \/>\nVOLVO XC60 I (156) (yap\u0131m y\u0131l\u0131 05.2008 &#8211; &#8230;)<br \/>\nVOLVO S60 II (Y20, 134) (yap\u0131m y\u0131l\u0131 04.2010 &#8211; &#8230;)<br \/>\nVOLVO V60 I \u200b\u200b\u200b\u200b(155, 157) (in\u015faat y\u0131l\u0131 07.2010 &#8211; &#8230;)<\/p>\n<p>TOYOTA Dyna platform \/ \u015fasi (U400-U700, Y200-Y300) (in\u015faat y\u0131l\u0131 08.2001 &#8211; &#8230;)<br \/>\nTOYOTA Hilux VII Pikap (yap\u0131m y\u0131l\u0131 08.2004 &#8211; &#8230;)<br \/>\n2,5 D 4WD (KUN25), yap\u0131m y\u0131l\u0131 03.2005 &#8211; 05.2015, 2494 ccm, 102 HP<br \/>\n2,5 D-4D (KUN15_), yap\u0131m y\u0131l\u0131 06.2006 &#8211; 05.2015, 2494 ccm, 120 HP<br \/>\n2,5 D-4D (KUN15_, KUN10), yap\u0131m y\u0131l\u0131 03.2005 &#8211; 05.2015, 2494 ccm, 102 HP<br \/>\n2,5 D-4D 4WD (KUN25), yap\u0131m y\u0131l\u0131 12.2007 &#8211; 05.2015, 2494 ccm, 144 HP<br \/>\n2,5 D-4D 4WD (KUN25_), yap\u0131m y\u0131l\u0131 06.2006 &#8211; 05.2015, 2494 ccm, 120 HP<br \/>\n3.0 D-4D 4WD (KUN26), yap\u0131m y\u0131l\u0131 08.2005 &#8211; 09.2015, 2982 cc, 171 HP<br \/>\nTOYOTA Land Cruiser Prado 150 (J150) (in\u015faat y\u0131l\u0131 07.2009 &#8211; &#8230;)<\/p>\n","protected":false},"featured_media":13245,"comment_status":"open","ping_status":"closed","template":"","meta":{"_joinchat":[]},"product_cat":[15],"product_tag":[9962],"class_list":{"0":"post-860","1":"product","2":"type-product","3":"status-publish","4":"has-post-thumbnail","6":"product_cat-volkswagen","7":"product_tag-22204-30020-hava-akis-toyota-land-cruiser3-0td-d4-2010-orj-cikma","9":"first","10":"instock","11":"sale","12":"shipping-taxable","13":"purchasable","14":"product-type-simple"},"_links":{"self":[{"href":"https:\/\/dogan-otomotiv.com\/index.php\/wp-json\/wp\/v2\/product\/860","targetHints":{"allow":["GET"]}}],"collection":[{"href":"https:\/\/dogan-otomotiv.com\/index.php\/wp-json\/wp\/v2\/product"}],"about":[{"href":"https:\/\/dogan-otomotiv.com\/index.php\/wp-json\/wp\/v2\/types\/product"}],"replies":[{"embeddable":true,"href":"https:\/\/dogan-otomotiv.com\/index.php\/wp-json\/wp\/v2\/comments?post=860"}],"wp:featuredmedia":[{"embeddable":true,"href":"https:\/\/dogan-otomotiv.com\/index.php\/wp-json\/wp\/v2\/media\/13245"}],"wp:attachment":[{"href":"https:\/\/dogan-otomotiv.com\/index.php\/wp-json\/wp\/v2\/media?parent=860"}],"wp:term":[{"taxonomy":"product_cat","embeddable":true,"href":"https:\/\/dogan-otomotiv.com\/index.php\/wp-json\/wp\/v2\/product_cat?post=860"},{"taxonomy":"product_tag","embeddable":true,"href":"https:\/\/dogan-otomotiv.com\/index.php\/wp-json\/wp\/v2\/product_tag?post=860"}],"curies":[{"name":"wp","href":"https:\/\/api.w.org\/{rel}","templated":true}]}}