{"id":855,"date":"2020-04-05T10:45:41","date_gmt":"2020-04-05T10:45:41","guid":{"rendered":"https:\/\/dogan-otomotiv.com\/?post_type=product&#038;p=855"},"modified":"2024-08-05T13:32:35","modified_gmt":"2024-08-05T13:32:35","slug":"12576059-0836636-836600-55353467-hava-akis-olcer-opel-vectra-c-z22se","status":"publish","type":"product","link":"https:\/\/dogan-otomotiv.com\/index.php\/urun\/12576059-0836636-836600-55353467-hava-akis-olcer-opel-vectra-c-z22se\/","title":{"rendered":"55353467 12576059 0836636 836600 HAVA AKI\u015e \u00d6L\u00c7ER Opel Vectra-C Z22SE"},"content":{"rendered":"<p>12576059 0836636 836600 55353467  HAVA AKI\u015e \u00d6L\u00c7ER Opel Vectra-C Z22SE<br \/>\nOPEL Astra G CC (T98)  06.2000 &#8211; 01.2005, 147 PS, Petrol)<br \/>\nOPEL Vectra C 04.2002 &#8211; 12.2008, 147 &#8211; 155 PS, Petrol)<br \/>\nOEN 12576059 \u2014 OPEL<br \/>\nOEN 55353467 \u2014 OPEL<br \/>\nOEN 836600 \u2014 OPEL<br \/>\nOEN 836636 \u2014 OPEL<\/p>\n","protected":false},"excerpt":{"rendered":"<p>DO\u011eAN OTOMOT\u0130V YEDEK PAR\u00c7A<br \/>\nLTD \u015eT\u0130 \u0130VED\u0130K ORGAN\u0130ZE SAN 1471 SOKAK 91-A OST\u0130M ANKARA<br \/>\nSEM\u0130H SAVA\u015e\u00c7I (312) 395 20 95<br \/>\n0533 322 16 09<\/p>\n<p>MUSTAFA SAVA\u015e\u00c7I<br \/>\n0 (312) 395 20 95<br \/>\nIBAN NO: TR 54 0011 1000 0000 0098 3516 19<br \/>\nF\u0130NANSBANK ENPARA<br \/>\n\u015eUBE KODU: 03663<br \/>\nHESAP NO: 98351619<\/p>\n<p>Paket i\u00e7eri\u011fi: 1 Adet<br \/>\nSATI\u015e F\u0130YATI KDV DAH\u0130L pe\u015fin fiyat\u0131d\u0131r<\/p>\n<p>SAAT 18:00 KADAR VER\u0130LEN \u015e\u0130PAR\u0130\u015e AYNI G\u00dcN KARGO \u0130LE G\u00d6NDER\u0130M\u0130 YAPILIR.<br \/>\nKARGO \u0130ADES\u0130 DURUMUNDA<br \/>\nKARGO \u00dcCRET\u0130 M\u00dc\u015eTER\u0130YE A\u0130TT\u0130R. AYRICA KARGODA KIRILAN PAR\u00c7ALARDAN SORUMLU DEY\u0130L\u0130Z<\/p>\n","protected":false},"featured_media":857,"comment_status":"open","ping_status":"closed","template":"","meta":{"_joinchat":[]},"product_cat":[21],"product_tag":[514,513],"class_list":{"0":"post-855","1":"product","2":"type-product","3":"status-publish","4":"has-post-thumbnail","6":"product_cat-opel","7":"product_tag-514","8":"product_tag-12576059-0836636-836600-55353467-hava-akis-olcer-opel-vectra-c-z22se","10":"first","11":"instock","12":"sale","13":"shipping-taxable","14":"purchasable","15":"product-type-simple"},"_links":{"self":[{"href":"https:\/\/dogan-otomotiv.com\/index.php\/wp-json\/wp\/v2\/product\/855","targetHints":{"allow":["GET"]}}],"collection":[{"href":"https:\/\/dogan-otomotiv.com\/index.php\/wp-json\/wp\/v2\/product"}],"about":[{"href":"https:\/\/dogan-otomotiv.com\/index.php\/wp-json\/wp\/v2\/types\/product"}],"replies":[{"embeddable":true,"href":"https:\/\/dogan-otomotiv.com\/index.php\/wp-json\/wp\/v2\/comments?post=855"}],"wp:featuredmedia":[{"embeddable":true,"href":"https:\/\/dogan-otomotiv.com\/index.php\/wp-json\/wp\/v2\/media\/857"}],"wp:attachment":[{"href":"https:\/\/dogan-otomotiv.com\/index.php\/wp-json\/wp\/v2\/media?parent=855"}],"wp:term":[{"taxonomy":"product_cat","embeddable":true,"href":"https:\/\/dogan-otomotiv.com\/index.php\/wp-json\/wp\/v2\/product_cat?post=855"},{"taxonomy":"product_tag","embeddable":true,"href":"https:\/\/dogan-otomotiv.com\/index.php\/wp-json\/wp\/v2\/product_tag?post=855"}],"curies":[{"name":"wp","href":"https:\/\/api.w.org\/{rel}","templated":true}]}}