{"id":853,"date":"2020-04-05T10:40:54","date_gmt":"2020-04-05T10:40:54","guid":{"rendered":"https:\/\/dogan-otomotiv.com\/?post_type=product&#038;p=853"},"modified":"2020-04-05T10:40:54","modified_gmt":"2020-04-05T10:40:54","slug":"5kw97007-hava-kutle-sensoru-nissan-note-07-2268000qaa-8200358901-hava-olcum-olcer-nissan-not","status":"publish","type":"product","link":"https:\/\/dogan-otomotiv.com\/index.php\/urun\/5kw97007-hava-kutle-sensoru-nissan-note-07-2268000qaa-8200358901-hava-olcum-olcer-nissan-not\/","title":{"rendered":"5KW97007 Hava K\u00fctle Sens\u00f6r\u00fc &#8211; Nissan Note -07 2268000QAA  8200358901. HAVA \u00d6L\u00c7\u00dcM \u00d6L\u00c7ER, NISSAN NOT"},"content":{"rendered":"<p>DO\u011eAN OTOMOT\u0130V YEDEK PAR\u00c7A<\/p>\n<p>SEM\u0130H SAVA\u015e\u00c7I<\/p>\n<p>0 (312) 395 20 95<\/p>\n<p>IBAN NO: TR56 0011 1000 0000 0088 9009 70  <\/p>\n<p>F\u0130NANSBANK ENPARA<\/p>\n<p>\u015eUBE KODU: 03663<\/p>\n<p>HESAP NO: 88900970<\/p>\n<p>KARGO \u0130ADES\u0130 DURUMUNDA<\/p>\n<p>KARGO \u00dcCRET\u0130 M\u00dc\u015eTER\u0130YE A\u0130TT\u0130R.<\/p>\n<p>TOPLU S\u0130PAR\u0130\u015eLER\u0130N\u0130Z \u0130\u00c7\u0130N: doganotoyedekparcavw@gmail.com<\/p>\n","protected":false},"excerpt":{"rendered":"<p>5KW97007 Hava K\u00fctle Sens\u00f6r\u00fc &#8211; Nissan Note -07 2268000QAA  8200358901. HAVA \u00d6L\u00c7\u00dcM \u00d6L\u00c7ER, NISSAN NOT  <\/p>\n","protected":false},"featured_media":854,"comment_status":"open","ping_status":"closed","template":"","meta":{"_joinchat":[]},"product_cat":[15],"product_tag":[510,512,511],"class_list":{"0":"post-853","1":"product","2":"type-product","3":"status-publish","4":"has-post-thumbnail","6":"product_cat-volkswagen","7":"product_tag-5kw97007-hava-kutle-sensoru-nissan-note-07-2268000qaa-8200358901-hava-olcum-olcer","8":"product_tag-512","9":"product_tag-nissan-not","11":"first","12":"instock","13":"sale","14":"shipping-taxable","15":"purchasable","16":"product-type-simple"},"_links":{"self":[{"href":"https:\/\/dogan-otomotiv.com\/index.php\/wp-json\/wp\/v2\/product\/853","targetHints":{"allow":["GET"]}}],"collection":[{"href":"https:\/\/dogan-otomotiv.com\/index.php\/wp-json\/wp\/v2\/product"}],"about":[{"href":"https:\/\/dogan-otomotiv.com\/index.php\/wp-json\/wp\/v2\/types\/product"}],"replies":[{"embeddable":true,"href":"https:\/\/dogan-otomotiv.com\/index.php\/wp-json\/wp\/v2\/comments?post=853"}],"wp:featuredmedia":[{"embeddable":true,"href":"https:\/\/dogan-otomotiv.com\/index.php\/wp-json\/wp\/v2\/media\/854"}],"wp:attachment":[{"href":"https:\/\/dogan-otomotiv.com\/index.php\/wp-json\/wp\/v2\/media?parent=853"}],"wp:term":[{"taxonomy":"product_cat","embeddable":true,"href":"https:\/\/dogan-otomotiv.com\/index.php\/wp-json\/wp\/v2\/product_cat?post=853"},{"taxonomy":"product_tag","embeddable":true,"href":"https:\/\/dogan-otomotiv.com\/index.php\/wp-json\/wp\/v2\/product_tag?post=853"}],"curies":[{"name":"wp","href":"https:\/\/api.w.org\/{rel}","templated":true}]}}