{"id":851,"date":"2020-04-05T10:10:05","date_gmt":"2020-04-05T10:10:05","guid":{"rendered":"https:\/\/dogan-otomotiv.com\/?post_type=product&#038;p=851"},"modified":"2025-05-19T09:25:55","modified_gmt":"2025-05-19T09:25:55","slug":"0281002451-dizel-hava-debimetr-00-08-252728-chrysler-voyage","status":"publish","type":"product","link":"https:\/\/dogan-otomotiv.com\/index.php\/urun\/0281002451-dizel-hava-debimetr-00-08-252728-chrysler-voyage\/","title":{"rendered":"0281002451 Dizel Hava debimetr-00-08 2,5,2,7,2,8-Chrysler Voyage"},"content":{"rendered":"<p>0281002451 Chrysler Voyager 2002 Dizel Hava debimetre PAC3931<\/p>\n<p>OEN 46447503 \u2014 ALFA ROMEO<br \/>\nOEN 46447508 \u2014 ALFA ROMEO<br \/>\nOEN 46541253 \u2014 ALFA ROMEO<br \/>\nOEN 46559804 \u2014 ALFA ROMEO<br \/>\nOEN 46811312 \u2014 ALFA ROMEO<br \/>\nOEN 55193048 \u2014 ALFA ROMEO<br \/>\nOEN 60802028 \u2014 ALFA ROMEO<br \/>\nOEN 60814852 \u2014 ALFA ROMEO<br \/>\nOEN 60816137 \u2014 ALFA ROMEO<br \/>\nOEN 71724092 \u2014 ALFA ROMEO<br \/>\nOEN 71787950 \u2014 ALFA ROMEO<br \/>\nOEN 71787951 \u2014 ALFA ROMEO<br \/>\nOEN 71787966 \u2014 ALFA ROMEO<br \/>\nOEN 71787969 \u2014 ALFA ROMEO<br \/>\nOEN 71788003 \u2014 ALFA ROMEO<br \/>\nOEN 71788006 \u2014 ALFA ROMEO<br \/>\nOEN 71788745 \u2014 ALFA ROMEO<br \/>\nOEN 71788746 \u2014 ALFA ROMEO<br \/>\nOEN 71788747 \u2014 ALFA ROMEO<br \/>\nOEN 71793935 \u2014 ALFA ROMEO<br \/>\nOEN 71793936 \u2014 ALFA ROMEO<br \/>\nOEN 5293155AB \u2014 CHRYSLER<br \/>\nOEN K05293155AB \u2014 CHRYSLER<br \/>\nOEN 46447503 \u2014 FIAT<br \/>\nOEN 46447508 \u2014 FIAT<br \/>\nOEN 46541253 \u2014 FIAT<br \/>\nOEN 46559804 \u2014 FIAT<br \/>\nOEN 46811312 \u2014 FIAT<br \/>\nOEN 55193048 \u2014 FIAT<br \/>\nOEN 60802028 \u2014 FIAT<br \/>\nOEN 60814852 \u2014 FIAT<br \/>\nOEN 60816137 \u2014 FIAT<br \/>\nOEN 71724092 \u2014 FIAT<br \/>\nOEN 71787950 \u2014 FIAT<br \/>\nOEN 71787951 \u2014 FIAT<br \/>\nOEN 71787953 \u2014 FIAT<br \/>\nOEN 71787966 \u2014 FIAT<br \/>\nOEN 71787969 \u2014 FIAT<br \/>\nOEN 71788003 \u2014 FIAT<br \/>\nOEN 71788006 \u2014 FIAT<br \/>\nOEN 71788745 \u2014 FIAT<br \/>\nOEN 71788747 \u2014 FIAT<br \/>\nOEN 71793935 \u2014 FIAT<br \/>\nOEN 71793936 \u2014 FIAT<br \/>\nOEN 90 530 767 \u2014 GENERAL MOTORS<br \/>\nOEN 90 543 463 \u2014 GENERAL MOTORS<br \/>\nOEN 9 201 425 \u2014 GENERAL MOTORS<br \/>\nOEN 93 171 355 \u2014 GENERAL MOTORS<br \/>\nOEN 93 171 356 \u2014 GENERAL MOTORS<br \/>\nOEN 135125 \u2014 HITACHI<br \/>\nOEN 138353 \u2014 HITACHI<br \/>\nOEN 138367 \u2014 HITACHI<br \/>\nOEN 138953 \u2014 HITACHI<br \/>\nOEN 138967 \u2014 HITACHI<br \/>\nOEN 138996 \u2014 HITACHI<br \/>\nOEN 138997 \u2014 HITACHI<br \/>\nOEN 2505125 \u2014 HITACHI<br \/>\nOEN 2508953 \u2014 HITACHI<br \/>\nOEN 2508967 \u2014 HITACHI<br \/>\nOEN 2508996 \u2014 HITACHI<br \/>\nOEN 2508997 \u2014 HITACHI<br \/>\nOEN 46447503 \u2014 LANCIA<br \/>\nOEN 46541253 \u2014 LANCIA<br \/>\nOEN 46559804 \u2014 LANCIA<br \/>\nOEN 46811312 \u2014 LANCIA<br \/>\nOEN 55193048 \u2014 LANCIA<br \/>\nOEN 60802028 \u2014 LANCIA<br \/>\nOEN 60814852 \u2014 LANCIA<br \/>\nOEN 71724092 \u2014 LANCIA<br \/>\nOEN 71787950 \u2014 LANCIA<br \/>\nOEN 71787953 \u2014 LANCIA<br \/>\nOEN 71787966 \u2014 LANCIA<br \/>\nOEN 71787969 \u2014 LANCIA<br \/>\nOEN 71788003 \u2014 LANCIA<br \/>\nOEN 71788006 \u2014 LANCIA<br \/>\nOEN 71788745 \u2014 LANCIA<br \/>\nOEN 71788747 \u2014 LANCIA<br \/>\nOEN 71793935 \u2014 LANCIA<br \/>\nOEN 71793936 \u2014 LANCIA<br \/>\nOEN 8 36 586 \u2014 OPEL<br \/>\nOEN 8 36 588 \u2014 OPEL<br \/>\nOEN 8 36 591 \u2014 OPEL<br \/>\nOEN 8 36 592 \u2014 OPEL<br \/>\nOEN 8 36 629 \u2014 OPEL<br \/>\nOEN 90543463 \u2014 OPEL<br \/>\nOEN 91 95 729 \u2014 OPEL<br \/>\nOEN 92 01 425 \u2014 OPEL<br \/>\nOEN 93171355 \u2014 OPEL<br \/>\nOEN 93171356 \u2014 OPEL<br \/>\nOEN 90543463 \u2014 VAUXHALL<br \/>\nOEN 9195729 \u2014 VAUXHALL<br \/>\nOEN 9201425 \u2014 VAUXHALL<br \/>\nOEN 93171355 \u2014 VAUXHALL<br \/>\nOEN 93171356 \u2014 VAUXHALL<\/p>\n<p>OYAGER IV V 2.5 2.8 CRD<\/p>\n<p>K\u00dcTLE HAVA AKI\u015e SENS\u00d6R\u00dc 0281002451 05293155AB,<\/p>\n<p>CHRYSLER VOYAGER JEEP CHEROKEE ile uyumludur<\/p>\n<p>CHRYSLER Voyager IV (RG, RS) (Yap\u0131m Y\u0131l\u0131 02.2000 &#8211; 12.2008, 141 PS, Dizel)<\/p>\n<p>OEN HFM 5-4.7 \u2014 BOSCH<\/p>\n<p>OEN 05293 155AB \u2014 CHRYSLER<br \/>\nOEN 5293 155AB \u2014 CHRYSLER<br \/>\nOEN K05293155AB \u2014 CHRYSLER<\/p>\n","protected":false},"excerpt":{"rendered":"<p>DO\u011eAN OTOMOT\u0130V YEDEK PAR\u00c7A<br \/>\nLTD \u015eT\u0130 \u0130VED\u0130K ORGAN\u0130ZE SAN 1471 SOKAK 91-A OST\u0130M ANKARA<br \/>\nSEM\u0130H SAVA\u015e\u00c7I (312) 395 20 95<br \/>\n0533 322 16 09<br \/>\nMUSTAFA SAVA\u015e\u00c7I<br \/>\n0 (312) 395 20 95<br \/>\nIBAN NO: TR 54 0011 1000 0000 0098 3516 19<br \/>\nF\u0130NANSBANK ENPARA<br \/>\n\u015eUBE KODU: 03663<br \/>\nHESAP NO: 98351619<\/p>\n<p>AYRICA G\u00dcN \u0130\u00c7ER\u0130S\u0130NDE OTOB\u00dcS \u0130LE KARGO VER\u0130L\u0130R<br \/>\nNOT 5 G\u00dcN \u0130\u00c7ER\u0130S\u0130NDE \u0130YADES\u0130 OLMAYAN MAZEME GER\u0130 ALINMAZ<br \/>\nPaket i\u00e7eri\u011fi: 1 Adet<br \/>\nSATI\u015e F\u0130YATI KDV DAH\u0130L pe\u015fin fiyat\u0131d\u0131r<br \/>\nSAAT 18:00 KADAR VER\u0130LEN \u015e\u0130PAR\u0130\u015e AYNI G\u00dcN KARGO \u0130LE G\u00d6NDER\u0130M\u0130 YAPILIR.<br \/>\nKARGO \u0130ADES\u0130 DURUMUNDA .<br \/>\nKARGO \u00dcCRET\u0130 M\u00dc\u015eTER\u0130YE A\u0130TT\u0130R. AYRICA KARGODA KIRILAN PAR\u00c7ALARDAN SORUMLU DEY\u0130L\u0130Z<\/p>\n<p>27\/11\/2014 tarih ve 29188 say\u0131l\u0131 resmi gazetede yay\u0131mlanan mesafeli sat\u0131\u015flar y\u00f6netmeli\u011finin 15. maddesinde cayma hakk\u0131n\u0131n istisnalar\u0131 belirtilmi\u015ftir. \u0130lgili maddenin a bendinde &#8220;fiyat\u0131 finansal piyasalardaki dalgalanmalara ba\u011fl\u0131 olarak de\u011fi\u015fen ve sat\u0131c\u0131 veya sa\u011flay\u0131c\u0131n\u0131n kontrol\u00fcnde olmayan mal veya hizmetlere ili\u015fkin s\u00f6zle\u015fmeler&#8221; cayma hakk\u0131ndan istisna edilmi\u015ftir. \u00dcr\u00fcnlerimiz ithal \u00fcr\u00fcnler olup fiyatlar\u0131 g\u00fcnl\u00fck usd kurlar\u0131 kullan\u0131larak tl kar\u015f\u0131l\u0131\u011f\u0131na \u00e7evrilmesiyle hesaplanmaktad\u0131r. Fiyatlar kurdaki de\u011fi\u015fmeler ba\u011fl\u0131 olarak g\u00fcnl\u00fck olarak de\u011fi\u015fmektedir. Bu nedenle y\u00f6netmeli\u011fin 15. Md\/a bendi gere\u011fi cayma hakk\u0131ndan m\u00fcstesnad\u0131r. M\u00fc\u015fterilerimiz sipari\u015f \u00f6ncesinde bu konu hakk\u0131nda \u00f6n bilgilendirme yap\u0131ld\u0131\u011f\u0131n\u0131 kabul eder.<\/p>\n","protected":false},"featured_media":13441,"comment_status":"open","ping_status":"closed","template":"","meta":{"_joinchat":[]},"product_cat":[15,536,21],"product_tag":[169,162,9967,9968,9966],"class_list":{"0":"post-851","1":"product","2":"type-product","3":"status-publish","4":"has-post-thumbnail","6":"product_cat-volkswagen","7":"product_cat-fiat","8":"product_cat-opel","9":"product_tag-169","10":"product_tag-162","11":"product_tag-9967","12":"product_tag-8-chrysler-voyage","13":"product_tag-dizel-hava-debimetr-00-08-2","15":"first","16":"instock","17":"sale","18":"shipping-taxable","19":"purchasable","20":"product-type-simple"},"_links":{"self":[{"href":"https:\/\/dogan-otomotiv.com\/index.php\/wp-json\/wp\/v2\/product\/851","targetHints":{"allow":["GET"]}}],"collection":[{"href":"https:\/\/dogan-otomotiv.com\/index.php\/wp-json\/wp\/v2\/product"}],"about":[{"href":"https:\/\/dogan-otomotiv.com\/index.php\/wp-json\/wp\/v2\/types\/product"}],"replies":[{"embeddable":true,"href":"https:\/\/dogan-otomotiv.com\/index.php\/wp-json\/wp\/v2\/comments?post=851"}],"wp:featuredmedia":[{"embeddable":true,"href":"https:\/\/dogan-otomotiv.com\/index.php\/wp-json\/wp\/v2\/media\/13441"}],"wp:attachment":[{"href":"https:\/\/dogan-otomotiv.com\/index.php\/wp-json\/wp\/v2\/media?parent=851"}],"wp:term":[{"taxonomy":"product_cat","embeddable":true,"href":"https:\/\/dogan-otomotiv.com\/index.php\/wp-json\/wp\/v2\/product_cat?post=851"},{"taxonomy":"product_tag","embeddable":true,"href":"https:\/\/dogan-otomotiv.com\/index.php\/wp-json\/wp\/v2\/product_tag?post=851"}],"curies":[{"name":"wp","href":"https:\/\/api.w.org\/{rel}","templated":true}]}}