{"id":841,"date":"2020-04-05T09:54:34","date_gmt":"2020-04-05T09:54:34","guid":{"rendered":"https:\/\/dogan-otomotiv.com\/?post_type=product&#038;p=841"},"modified":"2025-09-11T12:39:40","modified_gmt":"2025-09-11T12:39:40","slug":"0281002479-hava-akis-metre-opel-vectra-2002-2017-x00-2","status":"publish","type":"product","link":"https:\/\/dogan-otomotiv.com\/index.php\/urun\/0281002479-hava-akis-metre-opel-vectra-2002-2017-x00-2\/","title":{"rendered":"0281002479 HAVA AKI\u015e METRE OPEL VECTRA 2002-2017 X00"},"content":{"rendered":"<p>0281002479 HAVA AKI\u015e METRE OPEL VECTRA 2002-2017 X00<br \/>\nOpel Signum Vectra 2.0 2.2 DTI i\u00e7in HAVA AKI\u015e K\u00dcTLE \u00d6L\u00c7ER 0281002479 93173727<br \/>\n0281002479 HAVA AKI\u015e METRE<br \/>\nOPEL VECTRA 2002-2017 X00<br \/>\nMarka\tModel\tModel Y\u0131l\u0131\tMotor Tipi\tG\u00fc\u00e7 (kW) \/ HP<br \/>\nOPEL\tFRONTERA\t2002 &#8211; 2017\t2.2 DTI ( Y 22 DTH )\t88 kW \/ 120<br \/>\nOPEL\tSIGNUM Hatchback\t2003 &#8211; 2017\t2.0 DTI ( Y 20 DTH )\t74 kW \/ 100<br \/>\nOPEL\tSIGNUM Hatchback\t2003 &#8211; 2017\t2.2 DTI ( Y 22 DTR )\t92 kW \/ 125<br \/>\nOPEL\tSIGNUM Hatchback\t2003 &#8211; 2008\t2.2 DTI 16V ( Y 22 DTR )\t86 kW \/ 117<br \/>\nOPEL\tVECTRA GTS Hatchback\t2002 &#8211; 2008\t2.2 DTI 16V ( Y 22 DTR )\t86 kW \/ 117<br \/>\nOPEL\tVECTRA GTS Hatchback\t2002 &#8211; 2017\t2.0 DTI 16V ( Y 20 DTH )\t74 kW \/ 101<br \/>\nOPEL\tVECTRA GTS Hatchback\t2002 &#8211; 2017\t2.2 DTI 16V ( Y 22 DTR )\t92 kW \/ 125<br \/>\nOPEL\tVECTRA GTS Station (SW)\t2003 &#8211; 2017\t2.2 DTI ( Y 22 DTR )\t92 kW \/ 125<br \/>\nOPEL\tVECTRA GTS Station (SW)\t2003 &#8211; 2017\t2.0 DTI ( Y 20 DTH )\t74 kW \/ 100<br \/>\nOPEL\tVECTRA GTS Station (SW)\t2003 &#8211; 2008\t2.2 DTI ( Y 22 DTR )\t86 kW \/ 117<br \/>\nOPEL\tVECTRA Sedan\t2002 &#8211; 2004\t2.2 DTI 16V ( Y 22 DTR )\t86 kW \/ 117<br \/>\nOPEL\tVECTRA Sedan\t2002 &#8211; 2017\t2.2 DTI 16V ( Y 22 DTR )\t92 kW \/ 125<br \/>\nOPEL\tVECTRA Sedan\t2002 &#8211; 2017\t2.0 DTI 16V ( Y 20 DTH )\t74 kW \/ 101<br \/>\nSAAB\t9-3 Sedan\t2002 &#8211; 2017\t2.2 TiD ( D223L )\t92 kW \/ 125<\/p>\n","protected":false},"excerpt":{"rendered":"<p>DO\u011eAN OTOMOT\u0130V YEDEK PAR\u00c7A<br \/>\nLTD \u015eT\u0130 \u0130VED\u0130K ORGAN\u0130ZE SAN 1471 SOKAK 91-A OST\u0130M ANKARA<br \/>\nSEM\u0130H SAVA\u015e\u00c7I (312) 395 20 95<br \/>\n0533 322 16 09<\/p>\n<p>MUSTAFA SAVA\u015e\u00c7I<br \/>\n0 (312) 395 20 95<br \/>\nIBAN NO: TR 54 0011 1000 0000 0098 3516 19<br \/>\nF\u0130NANSBANK ENPARA<br \/>\n\u015eUBE KODU: 03663<br \/>\nHESAP NO: 98351619<\/p>\n<p>Paket i\u00e7eri\u011fi: 1 Adet<br \/>\nSATI\u015e F\u0130YATI KDV DAH\u0130L pe\u015fin fiyat\u0131d\u0131r<\/p>\n<p>SAAT 18:00 KADAR VER\u0130LEN \u015e\u0130PAR\u0130\u015e AYNI G\u00dcN KARGO \u0130LE G\u00d6NDER\u0130M\u0130 YAPILIR.<br \/>\nKARGO \u0130ADES\u0130 DURUMUNDA<br \/>\nKARGO \u00dcCRET\u0130 M\u00dc\u015eTER\u0130YE A\u0130TT\u0130R. AYRICA KARGODA KIRILAN PAR\u00c7ALARDAN SORUMLU DEY\u0130L\u0130Z<\/p>\n","protected":false},"featured_media":12962,"comment_status":"open","ping_status":"closed","template":"","meta":{"_joinchat":[]},"product_cat":[21],"product_tag":[499,498],"class_list":{"0":"post-841","1":"product","2":"type-product","3":"status-publish","4":"has-post-thumbnail","6":"product_cat-opel","7":"product_tag-499","8":"product_tag-0281002479-hava-akis-metre-opel-vectra-2002-2017-x00","10":"first","11":"instock","12":"sale","13":"shipping-taxable","14":"purchasable","15":"product-type-simple"},"_links":{"self":[{"href":"https:\/\/dogan-otomotiv.com\/index.php\/wp-json\/wp\/v2\/product\/841","targetHints":{"allow":["GET"]}}],"collection":[{"href":"https:\/\/dogan-otomotiv.com\/index.php\/wp-json\/wp\/v2\/product"}],"about":[{"href":"https:\/\/dogan-otomotiv.com\/index.php\/wp-json\/wp\/v2\/types\/product"}],"replies":[{"embeddable":true,"href":"https:\/\/dogan-otomotiv.com\/index.php\/wp-json\/wp\/v2\/comments?post=841"}],"wp:featuredmedia":[{"embeddable":true,"href":"https:\/\/dogan-otomotiv.com\/index.php\/wp-json\/wp\/v2\/media\/12962"}],"wp:attachment":[{"href":"https:\/\/dogan-otomotiv.com\/index.php\/wp-json\/wp\/v2\/media?parent=841"}],"wp:term":[{"taxonomy":"product_cat","embeddable":true,"href":"https:\/\/dogan-otomotiv.com\/index.php\/wp-json\/wp\/v2\/product_cat?post=841"},{"taxonomy":"product_tag","embeddable":true,"href":"https:\/\/dogan-otomotiv.com\/index.php\/wp-json\/wp\/v2\/product_tag?post=841"}],"curies":[{"name":"wp","href":"https:\/\/api.w.org\/{rel}","templated":true}]}}