{"id":828,"date":"2020-04-05T09:28:59","date_gmt":"2020-04-05T09:28:59","guid":{"rendered":"https:\/\/dogan-otomotiv.com\/?post_type=product&#038;p=828"},"modified":"2023-08-14T05:02:02","modified_gmt":"2023-08-14T05:02:02","slug":"0280218075-hava-akis-metre-bmw-1-bmw-3-x00","status":"publish","type":"product","link":"https:\/\/dogan-otomotiv.com\/index.php\/urun\/0280218075-hava-akis-metre-bmw-1-bmw-3-x00\/","title":{"rendered":"0280218075 HAVA AKI\u015e METRE BMW 1 BMW 2005 3.16i A2"},"content":{"rendered":"<p>0280218075 HAVA AKI\u015e METRE BMW 1 BMW 3 A2<br \/>\n13621438687 Fit For E46 N42 N45 N46<br \/>\n0280218075 HAVA AKI\u015e METRE<br \/>\nBMW 1 BMW 3 A2<br \/>\nMarka\tModel\tModel Y\u0131l\u0131\tMotor Tipi\tG\u00fc\u00e7 (kW) \/ HP<br \/>\nBMW\t1 Serisi Hatchback\t2007 &#8211; 2012\t116 i ( N43 B16 A )\t90 kW \/ 122<br \/>\nBMW\t1 Serisi Hatchback\t2003 &#8211; 2012\t116 i ( N45 B16 A )\t85 kW \/ 115<br \/>\nBMW\t1 Serisi Hatchback\t2007 &#8211; 2012\t116 i ( N43 B16 A )\t90 kW \/ 122<br \/>\nBMW\t3 Serisi Cabrio\t2005 &#8211; 2007\t318 Ci ( N46 B20 A, N46 B20 B )\t110 kW \/ 150<br \/>\nBMW\t3 Serisi Cabrio\t2001 &#8211; 2007\t318 Ci ( N42 B20 A, N46 B20 A )\t105 kW \/ 143<br \/>\nBMW\t3 Serisi Compact HB\t2001 &#8211; 2005\t316 ti ( N42 B18 A, N46 B18 A )\t85 kW \/ 115<br \/>\nBMW\t3 Serisi Compact HB\t2001 &#8211; 2005\t318 ti ( N42 B20 A, N46 B20 A )\t105 kW \/ 143<br \/>\nBMW\t3 Serisi Compact HB\t2002 &#8211; 2005\t316 ti ( N40 B16 A, N45 B16 A )\t85 kW \/ 115<br \/>\nBMW\t3 Serisi Coupe\t2007 &#8211; 2013\t316 i ( N43 B16 A )\t90 kW \/ 122<br \/>\nBMW\t3 Serisi Coupe\t2005 &#8211; 2006\t318 Ci ( N46 B20 A )\t110 kW \/ 150<br \/>\nBMW\t3 Serisi Coupe\t2001 &#8211; 2006\t318 Ci ( N42 B20 A, N46 B20 A )\t105 kW \/ 143<br \/>\nBMW\t3 Serisi Coupe\t2002 &#8211; 2006\t316 Ci ( N45 B16 A )\t85 kW \/ 115<br \/>\nBMW\t3 Serisi Sedan\t2002 &#8211; 2005\t316 i ( N40 B16 A, N45 B16 A )\t85 kW \/ 115<br \/>\nBMW\t3 Serisi Sedan\t2002 &#8211; 2005\t316 i ( N42 B18 A, N46 B18 A )\t85 kW \/ 115<br \/>\nBMW\t3 Serisi Sedan\t2001 &#8211; 2005\t318 i ( N42 B20 A, N46 B20 A )\t105 kW \/ 143<br \/>\nBMW\t3 Serisi Sedan\t2006 &#8211; 2011\t316 i ( N45 B16 A )\t85 kW \/ 115<br \/>\nBMW\t3 Touring SW\t2001 &#8211; 2005\t318 i ( N42 B20 A, N46 B20 A )\t105 kW \/ 143<br \/>\nBMW\t3 Touring SW\t2002 &#8211; 2005\t316 i ( N42 B18 A, N46 B18 A )\t85 kW \/ 115<\/p>\n","protected":false},"excerpt":{"rendered":"<p>DO\u011eAN OTOMOT\u0130V YEDEK PAR\u00c7A<br \/>\nLTD \u015eT\u0130 \u0130VED\u0130K ORGAN\u0130ZE SAN 1471 SOKAK 91-A OST\u0130M ANKARA<br \/>\nSEM\u0130H SAVA\u015e\u00c7I (312) 395 20 95<br \/>\n0533 322 16 09<\/p>\n<p>MUSTAFA SAVA\u015e\u00c7I<br \/>\n0 (312) 395 20 95<br \/>\nIBAN NO: TR 54 0011 1000 0000 0098 3516 19<br \/>\nF\u0130NANSBANK ENPARA<br \/>\n\u015eUBE KODU: 03663<br \/>\nHESAP NO: 98351619<\/p>\n<p>Paket i\u00e7eri\u011fi: 1 Adet<br \/>\nSATI\u015e F\u0130YATI KDV DAH\u0130L pe\u015fin fiyat\u0131d\u0131r<\/p>\n<p>SAAT 18:00 KADAR VER\u0130LEN \u015e\u0130PAR\u0130\u015e AYNI G\u00dcN KARGO \u0130LE G\u00d6NDER\u0130M\u0130 YAPILIR.<br \/>\nKARGO \u0130ADES\u0130 DURUMUNDA<br \/>\nKARGO \u00dcCRET\u0130 M\u00dc\u015eTER\u0130YE A\u0130TT\u0130R. AYRICA KARGODA KIRILAN PAR\u00c7ALARDAN SORUMLU DEY\u0130L\u0130Z<\/p>\n","protected":false},"featured_media":13446,"comment_status":"open","ping_status":"closed","template":"","meta":{"_joinchat":[]},"product_cat":[15],"product_tag":[487,486],"class_list":{"0":"post-828","1":"product","2":"type-product","3":"status-publish","4":"has-post-thumbnail","6":"product_cat-volkswagen","7":"product_tag-487","8":"product_tag-0280218075-hava-akis-metre-bmw-1-bmw-3-x00-bmw-e46-e81-e87-e91-e92","10":"first","11":"instock","12":"sale","13":"shipping-taxable","14":"purchasable","15":"product-type-simple"},"_links":{"self":[{"href":"https:\/\/dogan-otomotiv.com\/index.php\/wp-json\/wp\/v2\/product\/828","targetHints":{"allow":["GET"]}}],"collection":[{"href":"https:\/\/dogan-otomotiv.com\/index.php\/wp-json\/wp\/v2\/product"}],"about":[{"href":"https:\/\/dogan-otomotiv.com\/index.php\/wp-json\/wp\/v2\/types\/product"}],"replies":[{"embeddable":true,"href":"https:\/\/dogan-otomotiv.com\/index.php\/wp-json\/wp\/v2\/comments?post=828"}],"wp:featuredmedia":[{"embeddable":true,"href":"https:\/\/dogan-otomotiv.com\/index.php\/wp-json\/wp\/v2\/media\/13446"}],"wp:attachment":[{"href":"https:\/\/dogan-otomotiv.com\/index.php\/wp-json\/wp\/v2\/media?parent=828"}],"wp:term":[{"taxonomy":"product_cat","embeddable":true,"href":"https:\/\/dogan-otomotiv.com\/index.php\/wp-json\/wp\/v2\/product_cat?post=828"},{"taxonomy":"product_tag","embeddable":true,"href":"https:\/\/dogan-otomotiv.com\/index.php\/wp-json\/wp\/v2\/product_tag?post=828"}],"curies":[{"name":"wp","href":"https:\/\/api.w.org\/{rel}","templated":true}]}}