{"id":813,"date":"2020-04-05T08:48:01","date_gmt":"2020-04-05T08:48:01","guid":{"rendered":"https:\/\/dogan-otomotiv.com\/?post_type=product&#038;p=813"},"modified":"2025-03-17T14:10:19","modified_gmt":"2025-03-17T14:10:19","slug":"5wk9634-24404016-hava-akis-metre-opel-vectra-2003-2017-18-16-benzi","status":"publish","type":"product","link":"https:\/\/dogan-otomotiv.com\/index.php\/urun\/5wk9634-24404016-hava-akis-metre-opel-vectra-2003-2017-18-16-benzi\/","title":{"rendered":"5WK9634-24404016 HAVA AKI\u015e METRE OPEL VECTRA 2003-2017 1,8-,1,6, BENZ\u0130"},"content":{"rendered":"<p>5WK9634 \/ 24404016 HAVA AKI\u015e METRE OPEL VECTRA 2003-2017 B15<\/p>\n<p>OEN 24404016 \u2014 OPEL<br \/>\nOEN 8 36 595 \u2014 OPEL<br \/>\nOEN 24404016 \u2014 SAAB<br \/>\nOEN 24404016 \u2014 VAUXHALL<\/p>\n<p>OPEL Signum CC (Z03) (Yap\u0131m Y\u0131l\u0131 05.2003 &#8211; 09.2008, 155 PS, Benzin)<br \/>\nOPEL Vectra C Karavan (Z02) (Yap\u0131m Y\u0131l\u0131 10.2003 &#8211; 08.2008, 155 PS, Benzin)<br \/>\nOPEL Vectra C CC (Z02) (Yap\u0131m Y\u0131l\u0131 10.2003 &#8211; 08.2008, 155 PS, Benzin)<br \/>\nOPEL Vectra C Saloon (Z02) (Yap\u0131m Y\u0131l\u0131 10.2003 &#8211; 08.2008, 155 PS, Petrol)<br \/>\nOPEL Zafira B (A05) (Yap\u0131m Y\u0131l\u0131 07.2005 &#8211; 12.2012, 150 PS, Benzin)<br \/>\nOPEL Zafira B Van (A05) (Yap\u0131m Y\u0131l\u0131 07.2005 &#8211; 12.2011, 150 PS, Benzin)<\/p>\n<p>VAUXHALL<br \/>\nVAUXHALL Signum (Z03) (Yap\u0131m Y\u0131l\u0131 05.2003 &#8211; 05.2008, 155 PS, Benzin)<br \/>\nVAUXHALL Vectra Mk2 (C) CC (Z02) (Yap\u0131m Y\u0131l\u0131 10.2003 &#8211; 08.2005, 155 PS, Benzin)<br \/>\nVAUXHALL Vectra Mk2 (C) Emlak (Z02) (Yap\u0131m Y\u0131l\u0131 10.2003 &#8211; 07.2008, 155 PS, Petrol)<br \/>\nVAUXHALL Vectra Mk2 (C) Sedan (Z02) (Yap\u0131m Y\u0131l\u0131 01.2002 &#8211; 10.2008, 155 PS, Benzin)<br \/>\nVAUXHALL Zafira Mk2 (B) (A05) (Yap\u0131m Y\u0131l\u0131 07.2005 &#8211; 11.2014, 150 PS, Benzin)<\/p>\n","protected":false},"excerpt":{"rendered":"<p>DO\u011eAN OTOMOT\u0130V YEDEK PAR\u00c7A<br \/>\nLTD \u015eT\u0130 \u0130VED\u0130K ORGAN\u0130ZE SAN 1471 SOKAK 91-A OST\u0130M ANKARA<br \/>\nSEM\u0130H SAVA\u015e\u00c7I (312) 395 20 95<br \/>\n0533 322 16 09<\/p>\n<p>MUSTAFA SAVA\u015e\u00c7I<br \/>\n0 (312) 395 20 95<br \/>\nIBAN NO: TR 54 0011 1000 0000 0098 3516 19<br \/>\nF\u0130NANSBANK ENPARA<br \/>\n\u015eUBE KODU: 03663<br \/>\nHESAP NO: 98351619<\/p>\n<p>Paket i\u00e7eri\u011fi: 1 Adet<br \/>\nSATI\u015e F\u0130YATI KDV DAH\u0130L pe\u015fin fiyat\u0131d\u0131r<\/p>\n<p>SAAT 18:00 KADAR VER\u0130LEN \u015e\u0130PAR\u0130\u015e AYNI G\u00dcN KARGO \u0130LE G\u00d6NDER\u0130M\u0130 YAPILIR.<br \/>\nKARGO \u0130ADES\u0130 DURUMUNDA<br \/>\nKARGO \u00dcCRET\u0130 M\u00dc\u015eTER\u0130YE A\u0130TT\u0130R. AYRICA KARGODA KIRILAN PAR\u00c7ALARDAN SORUMLU DEY\u0130L\u0130Z<\/p>\n","protected":false},"featured_media":13353,"comment_status":"open","ping_status":"closed","template":"","meta":{"_joinchat":[]},"product_cat":[21],"product_tag":[394,3572,9959,11255],"class_list":{"0":"post-813","1":"product","2":"type-product","3":"status-publish","4":"has-post-thumbnail","6":"product_cat-opel","7":"product_tag-394","8":"product_tag-3572","9":"product_tag-benzi","10":"product_tag-wk9634-hava-akis-metre-opel-vectra-2003-2017-1","12":"first","13":"instock","14":"sale","15":"shipping-taxable","16":"purchasable","17":"product-type-simple"},"_links":{"self":[{"href":"https:\/\/dogan-otomotiv.com\/index.php\/wp-json\/wp\/v2\/product\/813","targetHints":{"allow":["GET"]}}],"collection":[{"href":"https:\/\/dogan-otomotiv.com\/index.php\/wp-json\/wp\/v2\/product"}],"about":[{"href":"https:\/\/dogan-otomotiv.com\/index.php\/wp-json\/wp\/v2\/types\/product"}],"replies":[{"embeddable":true,"href":"https:\/\/dogan-otomotiv.com\/index.php\/wp-json\/wp\/v2\/comments?post=813"}],"wp:featuredmedia":[{"embeddable":true,"href":"https:\/\/dogan-otomotiv.com\/index.php\/wp-json\/wp\/v2\/media\/13353"}],"wp:attachment":[{"href":"https:\/\/dogan-otomotiv.com\/index.php\/wp-json\/wp\/v2\/media?parent=813"}],"wp:term":[{"taxonomy":"product_cat","embeddable":true,"href":"https:\/\/dogan-otomotiv.com\/index.php\/wp-json\/wp\/v2\/product_cat?post=813"},{"taxonomy":"product_tag","embeddable":true,"href":"https:\/\/dogan-otomotiv.com\/index.php\/wp-json\/wp\/v2\/product_tag?post=813"}],"curies":[{"name":"wp","href":"https:\/\/api.w.org\/{rel}","templated":true}]}}