{"id":8129,"date":"2021-09-29T13:10:00","date_gmt":"2021-09-29T13:10:00","guid":{"rendered":"https:\/\/dogan-otomotiv.com\/?post_type=product&#038;p=8129"},"modified":"2025-07-21T09:53:04","modified_gmt":"2025-07-21T09:53:04","slug":"171905851-kontak-anahtari-kompile-2-el-orj-garantili","status":"publish","type":"product","link":"https:\/\/dogan-otomotiv.com\/index.php\/urun\/171905851-kontak-anahtari-kompile-2-el-orj-garantili\/","title":{"rendered":"171905851 KONTAK ANAHTARI KOMP\u0130LE 2 EL ORJ GARANT\u0130L\u0130"},"content":{"rendered":"<p>DO\u011eAN OTOMOT\u0130V YEDEK PAR\u00c7A<br \/>\nLTD \u015eT\u0130 \u0130VED\u0130K ORGAN\u0130ZE SAN 1471 SOKAK 91-A OST\u0130M ANKARA<br \/>\nSEM\u0130H SAVA\u015e\u00c7I (312) 395 20 95<br \/>\n0533 322 16 09<br \/>\nMUSTAFA SAVA\u015e\u00c7I<br \/>\n0 (312) 395 20 95<br \/>\nIBAN NO: TR 54 0011 1000 0000 0098 3516 19<br \/>\nF\u0130NANSBANK ENPARA<br \/>\n\u015eUBE KODU: 03663<br \/>\nHESAP NO: 98351619<\/p>\n<p>ONL\u0130NE SATI\u015eIMIZ YOKTUR<\/p>\n<p>NOT 5 G\u00dcN \u0130\u00c7ER\u0130S\u0130NDE \u0130YADES\u0130 OLMAYAN MAZEME GER\u0130 ALINMAZ<br \/>\nPaket i\u00e7eri\u011fi: 1 Adet<br \/>\nSATI\u015e F\u0130YATI KDV DAH\u0130L pe\u015fin fiyat\u0131d\u0131r<br \/>\nSAAT 18:00 KADAR VER\u0130LEN \u015e\u0130PAR\u0130\u015e AYNI G\u00dcN KARGO \u0130LE G\u00d6NDER\u0130M\u0130 YAPILIR.<br \/>\nKARGO \u0130ADES\u0130 DURUMUNDA .<br \/>\nKARGO \u00dcCRET\u0130 M\u00dc\u015eTER\u0130YE A\u0130TT\u0130R. AYRICA KARGODA KIRILAN PAR\u00c7ALARDAN SORUMLU DEY\u0130L\u0130Z<\/p>\n<p>\u00dcr\u00fcn\u00fcn 1 y\u0131l, 10 ay veya 2 ay gibi herhangi bir garantisi olmay\u0131p sadece takma \u00e7al\u0131\u015ft\u0131rma garantisi vard\u0131r.<\/p>\n<p>27\/11\/2014 tarih ve 29188 say\u0131l\u0131 resmi gazetede yay\u0131mlanan mesafeli sat\u0131\u015flar y\u00f6netmeli\u011finin 15. maddesinde cayma hakk\u0131n\u0131n istisnalar\u0131 belirtilmi\u015ftir. \u0130lgili maddenin a bendinde &#8220;fiyat\u0131 finansal piyasalardaki dalgalanmalara ba\u011fl\u0131 olarak de\u011fi\u015fen ve sat\u0131c\u0131 veya sa\u011flay\u0131c\u0131n\u0131n kontrol\u00fcnde olmayan mal veya hizmetlere ili\u015fkin s\u00f6zle\u015fmeler&#8221; cayma hakk\u0131ndan istisna edilmi\u015ftir. \u00dcr\u00fcnlerimiz ithal \u00fcr\u00fcnler olup fiyatlar\u0131 g\u00fcnl\u00fck usd kurlar\u0131 kullan\u0131larak tl kar\u015f\u0131l\u0131\u011f\u0131na \u00e7evrilmesiyle hesaplanmaktad\u0131r. Fiyatlar kurdaki de\u011fi\u015fmeler ba\u011fl\u0131 olarak g\u00fcnl\u00fck olarak de\u011fi\u015fmektedir. Bu nedenle y\u00f6netmeli\u011fin 15. Md\/a bendi gere\u011fi cayma hakk\u0131ndan m\u00fcstesnad\u0131r. M\u00fc\u015fterilerimiz sipari\u015f \u00f6ncesinde bu konu hakk\u0131nda \u00f6n bilgilendirme yap\u0131ld\u0131\u011f\u0131n\u0131 kabul eder.<\/p>\n","protected":false},"excerpt":{"rendered":"<p> VW Jetta Mk1 (16) (Yap\u0131m Y\u0131l\u0131 08.1978 &#8211; 02.1984, 50 &#8211; 112 PS, Dizel, Benzin)<br \/>\nVW Santana Sedan (32B) (Yap\u0131m Y\u0131l\u0131 08.1981 &#8211; 12.1984, 54 &#8211; 115 PS, Dizel, Benzin)<br \/>\nVW Scirocco II (53B) (Yap\u0131m Y\u0131l\u0131 08.1980 &#8211; 07.1992, 55 &#8211; 139 PS, Benzin)<br \/>\nVW Derby II (86C, 80) (Yap\u0131m Y\u0131l\u0131 08.1981 &#8211; 12.1984, 40 &#8211; 75 PS, Benzin)<br \/>\nVW Passat B1 Hatchback (32) (Yap\u0131m Y\u0131l\u0131 05.1973 &#8211; 07.1980, 50 &#8211; 110 PS, Dizel, Benzin)<br \/>\nVW Passat B2 Hatchback (32B) (Yap\u0131m Y\u0131l\u0131 08.1980 &#8211; 03.1988, 54 &#8211; 136 PS, Dizel, Benzin)<br \/>\nVW Passat B1 Estate (33) (Yap\u0131m Y\u0131l\u0131 10.1973 &#8211; 08.1975, 75 PS, Benzin)<br \/>\nVW Polo II Hatchback (86C, 80) (Yap\u0131m Y\u0131l\u0131 10.1981 &#8211; 09.1994, 40 &#8211; 75 PS, Dizel, Benzin)<br \/>\nVW Polo II Coupe (86C, 80) (Yap\u0131m Y\u0131l\u0131 10.1981 &#8211; 09.1994, 40 &#8211; 115 PS, Dizel, Benzin)<br \/>\nVW Transporter T2 Minib\u00fcs (Yap\u0131m Y\u0131l\u0131 08.1967 &#8211; 04.1979, 47 &#8211; 68 PS, Benzin)<br \/>\nVW Golf I Cabrio (155) (Yap\u0131m Y\u0131l\u0131 01.1979 &#8211; 04.1993, 54 &#8211; 112 PS, Benzin)<br \/>\nVW Golf I Hatchback (17) (Yap\u0131m Y\u0131l\u0131 04.1974 &#8211; 02.1984, 50 &#8211; 112 PS, Dizel, Benzin)<br \/>\nVW Golf II Hatchback (19E, 1G1) (Yap\u0131m Y\u0131l\u0131 08.1983 &#8211; 12.1992, 45 &#8211; 136 PS, Dizel, Benzin)<br \/>\nVW Passat B2 Sedan (32B) (Yap\u0131m Y\u0131l\u0131 08.1984 &#8211; 03.1988, 54 &#8211; 116 PS, Dizel, Benzin)<br \/>\nVW Transporter T1 Minib\u00fcs (22, 24, 25, 28) (Yap\u0131m Y\u0131l\u0131 01.1950 &#8211; 07.1967, 24-48 PS, Benzin)<br \/>\nVW Transporter T3 Platform\/\u015easi (Yap\u0131m Y\u0131l\u0131 05.1979 &#8211; 07.1992, 69 &#8211; 112 PS, Dizel, Benzin)<br \/>\nVW Jetta Mk2 (19E, 1G2, 165) (Yap\u0131m Y\u0131l\u0131 08.1983 &#8211; 07.1992, 54 &#8211; 140 PS, Dizel, Benzin)<br \/>\nVW Polo II Classic (86C, 80) (Yap\u0131m Y\u0131l\u0131 01.1985 &#8211; 09.1994, 40 &#8211; 55 PS, Dizel, Benzin)<br \/>\nVW Transporter \/ Caravelle T3 Minib\u00fcs (Yap\u0131m Y\u0131l\u0131 05.1979 &#8211; 07.1992, 50 &#8211; 112 PS, Dizel, Benzin)<br \/>\nVW Caddy I Pickup (14) (Yap\u0131m Y\u0131l\u0131 08.1982 &#8211; 07.1992, 55 &#8211; 95 PS, Dizel, Benzin)<br \/>\nVW Polo II Van (86CF) (Yap\u0131m Y\u0131l\u0131 08.1992 &#8211; 07.1994, 45 &#8211; 54 PS, Dizel, Benzin)<\/p>\n<p>OEN 155 905 851 \u2014 AUDI<br \/>\nOEN 171 905 851 \u2014 AUDI<br \/>\nOEN 251 905 851 \u2014 AUDI<br \/>\nOEN 281 953 503 AC \u2014 AUDI<br \/>\nOEN 321 905 851 D \u2014 AUDI<br \/>\nOEN 321953503F01C \u2014 AUDI<br \/>\nOEN 155 905 851 &#8211; VW<br \/>\nOEN 171 905 851 &#8211; VW<br \/>\nOEN 251 905 851 &#8211; VW<br \/>\nOEN 281 953 503 AC &#8211; VW<br \/>\nOEN 321 905 851 D &#8211; VW<br \/>\nOEN 321953503F<\/p>\n","protected":false},"featured_media":8130,"comment_status":"open","ping_status":"closed","template":"","meta":{"_joinchat":[]},"product_cat":[15],"product_tag":[5601],"class_list":{"0":"post-8129","1":"product","2":"type-product","3":"status-publish","4":"has-post-thumbnail","6":"product_cat-volkswagen","7":"product_tag-171905851-kontak-anahtari-kompile-2-el-orj-garantili","9":"first","10":"instock","11":"sale","12":"shipping-taxable","13":"purchasable","14":"product-type-simple"},"_links":{"self":[{"href":"https:\/\/dogan-otomotiv.com\/index.php\/wp-json\/wp\/v2\/product\/8129","targetHints":{"allow":["GET"]}}],"collection":[{"href":"https:\/\/dogan-otomotiv.com\/index.php\/wp-json\/wp\/v2\/product"}],"about":[{"href":"https:\/\/dogan-otomotiv.com\/index.php\/wp-json\/wp\/v2\/types\/product"}],"replies":[{"embeddable":true,"href":"https:\/\/dogan-otomotiv.com\/index.php\/wp-json\/wp\/v2\/comments?post=8129"}],"wp:featuredmedia":[{"embeddable":true,"href":"https:\/\/dogan-otomotiv.com\/index.php\/wp-json\/wp\/v2\/media\/8130"}],"wp:attachment":[{"href":"https:\/\/dogan-otomotiv.com\/index.php\/wp-json\/wp\/v2\/media?parent=8129"}],"wp:term":[{"taxonomy":"product_cat","embeddable":true,"href":"https:\/\/dogan-otomotiv.com\/index.php\/wp-json\/wp\/v2\/product_cat?post=8129"},{"taxonomy":"product_tag","embeddable":true,"href":"https:\/\/dogan-otomotiv.com\/index.php\/wp-json\/wp\/v2\/product_tag?post=8129"}],"curies":[{"name":"wp","href":"https:\/\/api.w.org\/{rel}","templated":true}]}}