{"id":8054,"date":"2021-09-24T12:41:05","date_gmt":"2021-09-24T12:41:05","guid":{"rendered":"https:\/\/dogan-otomotiv.com\/?post_type=product&#038;p=8054"},"modified":"2021-11-04T10:11:04","modified_gmt":"2021-11-04T10:11:04","slug":"direksiyon-kolonu-suzuki-swift-1989-03-2001-05-10-kompile","status":"publish","type":"product","link":"https:\/\/dogan-otomotiv.com\/index.php\/urun\/direksiyon-kolonu-suzuki-swift-1989-03-2001-05-10-kompile\/","title":{"rendered":"Direksiyon Kolonu Suzuki Swift, 1989.03 -2001.05-1,0 KOMP\u0130LE"},"content":{"rendered":"<p>Direksiyon Kolonu Suzuki Swift, 1989.03 &#8211; 2001.05<br \/>\nPar\u00e7a kodlar\u0131<br \/>\nKULLANILMI\u015e KULLANILMI\u015e<br \/>\n( Bu kod i\u00e7in daha fazla par\u00e7a )<br \/>\nMotor<br \/>\n1.0 39kW 1989.03 &#8211; 2001.05<br \/>\nDurum<br \/>\nKullan\u0131lm\u0131\u015f<br \/>\nMarka<br \/>\nSuzuki<br \/>\n( Bu marka i\u00e7in daha fazla par\u00e7a )<br \/>\nmodeli<br \/>\nS\u00fcratli<br \/>\n( Bu model i\u00e7in daha fazla par\u00e7a )<br \/>\n\u00d6zellikler<br \/>\nH\u0131zl\u0131, 1989.03 &#8211; 2001.05<br \/>\n( Bu \u00f6zellik i\u00e7in daha fazla par\u00e7a )<br \/>\nY\u0131l<br \/>\n1995<br \/>\nv\u00fccut tipi<br \/>\nHatchback<br \/>\nYak\u0131t t\u00fcr\u00fc<br \/>\nBenzin<br \/>\nMotor kapasitesi<br \/>\n1.0 litre<br \/>\nmotor kodu<br \/>\nG10A<br \/>\nKap\u0131 say\u0131s\u0131<br \/>\n2\/3<br \/>\n\u015fanz\u0131man tipi<br \/>\nManuel<br \/>\nAraba renk kodu<br \/>\nY33F17<br \/>\nSa\u011fda \/ solda direksiyon<br \/>\nDireksiyon sol tarafta<br \/>\nEuroImpex kodu<br \/>\nEIS00334692<br \/>\nMaksimum A\u011f\u0131rl\u0131k \/ Kapasite<\/p>\n","protected":false},"excerpt":{"rendered":"<p>DO\u011eAN OTOMOT\u0130V YEDEK PAR\u00c7A<br \/>\nLTD \u015eT\u0130 \u0130VED\u0130K ORGAN\u0130ZE SAN 1471 SOKAK 91-A OST\u0130M ANKARA<br \/>\nSEM\u0130H SAVA\u015e\u00c7I (312) 395 20 95<br \/>\n0533 322 16 09<br \/>\nMUSTAFA SAVA\u015e\u00c7I<br \/>\n0 (312) 395 20 95<br \/>\nIBAN NO: TR 54 0011 1000 0000 0098 3516 19<br \/>\nF\u0130NANSBANK ENPARA<br \/>\n\u015eUBE KODU: 03663<br \/>\nHESAP NO: 98351619<\/p>\n<p>AYRICA G\u00dcN \u0130\u00c7ER\u0130S\u0130NDE OTOB\u00dcS \u0130LE KARGO VER\u0130L\u0130R<\/p>\n<p>KAPIDA \u00d6DEMEL\u0130&amp;\u0130NTERNET \u00dcZER\u0130NDEN ONL\u0130NE SATI\u015eIMIZ YOKTUR<\/p>\n<p>NOT 5 G\u00dcN \u0130\u00c7ER\u0130S\u0130NDE \u0130YADES\u0130 OLMAYAN MAZEME GER\u0130 ALINMAZ<br \/>\nPaket i\u00e7eri\u011fi: 1 Adet<br \/>\nSATI\u015e F\u0130YATI KDV DAH\u0130L pe\u015fin fiyat\u0131d\u0131r<br \/>\nSAAT 18:00 KADAR VER\u0130LEN \u015e\u0130PAR\u0130\u015e AYNI G\u00dcN KARGO \u0130LE G\u00d6NDER\u0130M\u0130 YAPILIR.<br \/>\nKARGO \u0130ADES\u0130 DURUMUNDA .<br \/>\nKARGO \u00dcCRET\u0130 M\u00dc\u015eTER\u0130YE A\u0130TT\u0130R. AYRICA KARGODA KIRILAN PAR\u00c7ALARDAN SORUMLU DEY\u0130L\u0130Z<\/p>\n<p>27\/11\/2014 tarih ve 29188 say\u0131l\u0131 resmi gazetede yay\u0131mlanan mesafeli sat\u0131\u015flar y\u00f6netmeli\u011finin 15. maddesinde cayma hakk\u0131n\u0131n istisnalar\u0131 belirtilmi\u015ftir. \u0130lgili maddenin a bendinde &#8220;fiyat\u0131 finansal piyasalardaki dalgalanmalara ba\u011fl\u0131 olarak de\u011fi\u015fen ve sat\u0131c\u0131 veya sa\u011flay\u0131c\u0131n\u0131n kontrol\u00fcnde olmayan mal veya hizmetlere ili\u015fkin s\u00f6zle\u015fmeler&#8221; cayma hakk\u0131ndan istisna edilmi\u015ftir. \u00dcr\u00fcnlerimiz ithal \u00fcr\u00fcnler olup fiyatlar\u0131 g\u00fcnl\u00fck usd kurlar\u0131 kullan\u0131larak tl kar\u015f\u0131l\u0131\u011f\u0131na \u00e7evrilmesiyle hesaplanmaktad\u0131r. Fiyatlar kurdaki de\u011fi\u015fmeler ba\u011fl\u0131 olarak g\u00fcnl\u00fck olarak de\u011fi\u015fmektedir. Bu nedenle y\u00f6netmeli\u011fin 15. Md\/a bendi gere\u011fi cayma hakk\u0131ndan m\u00fcstesnad\u0131r. M\u00fc\u015fterilerimiz sipari\u015f \u00f6ncesinde bu konu hakk\u0131nda \u00f6n bilgilendirme yap\u0131ld\u0131\u011f\u0131n\u0131 kabul eder.<\/p>\n","protected":false},"featured_media":8055,"comment_status":"open","ping_status":"closed","template":"","meta":{"_joinchat":[]},"product_cat":[146],"product_tag":[5929,5928,5546],"class_list":{"0":"post-8054","1":"product","2":"type-product","3":"status-publish","4":"has-post-thumbnail","6":"product_cat-hyundai","7":"product_tag-0-kompile","8":"product_tag-1989-03-2001-05-1","9":"product_tag-direksiyon-kolonu-suzuki-swift","11":"first","12":"instock","13":"sale","14":"shipping-taxable","15":"purchasable","16":"product-type-simple"},"_links":{"self":[{"href":"https:\/\/dogan-otomotiv.com\/index.php\/wp-json\/wp\/v2\/product\/8054","targetHints":{"allow":["GET"]}}],"collection":[{"href":"https:\/\/dogan-otomotiv.com\/index.php\/wp-json\/wp\/v2\/product"}],"about":[{"href":"https:\/\/dogan-otomotiv.com\/index.php\/wp-json\/wp\/v2\/types\/product"}],"replies":[{"embeddable":true,"href":"https:\/\/dogan-otomotiv.com\/index.php\/wp-json\/wp\/v2\/comments?post=8054"}],"wp:featuredmedia":[{"embeddable":true,"href":"https:\/\/dogan-otomotiv.com\/index.php\/wp-json\/wp\/v2\/media\/8055"}],"wp:attachment":[{"href":"https:\/\/dogan-otomotiv.com\/index.php\/wp-json\/wp\/v2\/media?parent=8054"}],"wp:term":[{"taxonomy":"product_cat","embeddable":true,"href":"https:\/\/dogan-otomotiv.com\/index.php\/wp-json\/wp\/v2\/product_cat?post=8054"},{"taxonomy":"product_tag","embeddable":true,"href":"https:\/\/dogan-otomotiv.com\/index.php\/wp-json\/wp\/v2\/product_tag?post=8054"}],"curies":[{"name":"wp","href":"https:\/\/api.w.org\/{rel}","templated":true}]}}