{"id":8000,"date":"2021-09-16T10:29:37","date_gmt":"2021-09-16T10:29:37","guid":{"rendered":"https:\/\/dogan-otomotiv.com\/?post_type=product&#038;p=8000"},"modified":"2025-05-12T08:09:03","modified_gmt":"2025-05-12T08:09:03","slug":"06a133062d-bogaz-kelebegi-azj-beh-bora-vw-golf98-06-skoda20","status":"publish","type":"product","link":"https:\/\/dogan-otomotiv.com\/index.php\/urun\/06a133062d-bogaz-kelebegi-azj-beh-bora-vw-golf98-06-skoda20\/","title":{"rendered":"06A133062D BO\u011eAZ KELEBE\u011e\u0130 VW GOLF BEETLE JETTA 2,0 (AZH, AZJ, AZL  ORJ \u00c7IKMA"},"content":{"rendered":"<p>06A133062D BO\u011eAZ KELEBE\u011e\u0130 AZJ\/BEH VW BORA VW GOLF 98-06 SKODA 2,0 BENZ\u0130NL\u0130<\/p>\n<p>SEAT IBIZA IV (6L1) (2002\/02 &#8211; 2009\/11)<\/p>\n<p>SEAT CORDOBA (6L2) (2002\/09 &#8211; 2009\/11)<\/p>\n<p>SKODA OCTAVIA (1U2) (1996\/09 &#8211; 2010\/12)<\/p>\n<p>SKODA OCTAVIA Combi (1U5) (1998\/07 &#8211; 2010\/12)<\/p>\n<p>SKODA FABIA (6Y2) (1999\/08 &#8211; 2008\/03)<\/p>\n<p>SKODA FABIA Combi (6Y5) (2000\/04 &#8211; 2007\/12)<\/p>\n<p>SKODA FABIA Saloon (6Y3) (1999\/10 &#8211; 2007\/12)<\/p>\n<p>VW GOLF IV (1J1) (1997\/08 &#8211; 2005\/06)<\/p>\n<p>VW GOLF IV Variant (1J5) (1999\/05 &#8211; 2006\/06)<\/p>\n<p>VW NEW BEETLE (9C1, 1C1) (1998\/01 &#8211; 2010\/09)<\/p>\n<p>VW BORA (1J2) (1998\/10 &#8211; 2005\/09)<\/p>\n<p>VW BORA Estate (1J6) (1999\/05 &#8211; 2005\/05)<\/p>\n<p>VW POLO (9N_) (2001\/10 &#8211; 2012\/01)<\/p>\n<p>VW NEW BEETLE Convertible (1Y7) (2002\/09 &#8211; 2010\/10)<\/p>\n<p>VW GOLF V (1K1) (2003\/10 &#8211; 2009\/02)<\/p>\n<p>VW POLO Saloon (9A4) (2002\/09 &#8211; \/)<\/p>\n<p>06A133062Q<br \/>\n0 280 750 061<br \/>\n06A 133 062 D<br \/>\n06A 133 062 Q<br \/>\n0280750061<br \/>\n06A133062D<\/p>\n","protected":false},"excerpt":{"rendered":"<p>DO\u011eAN OTOMOT\u0130V YEDEK PAR\u00c7A<br \/>\nLTD \u015eT\u0130 \u0130VED\u0130K ORGAN\u0130ZE SAN 1471 SOKAK 91-A OST\u0130M ANKARA<br \/>\nSEM\u0130H SAVA\u015e\u00c7I (312) 395 20 95<br \/>\n0533 322 16 09<br \/>\nMUSTAFA SAVA\u015e\u00c7I<br \/>\n0 (312) 395 20 95<br \/>\nIBAN NO: TR 54 0011 1000 0000 0098 3516 19<br \/>\nF\u0130NANSBANK ENPARA<br \/>\n\u015eUBE KODU: 03663<br \/>\nHESAP NO: 98351619<\/p>\n<p>AYRICA G\u00dcN \u0130\u00c7ER\u0130S\u0130NDE OTOB\u00dcS \u0130LE KARGO VER\u0130L\u0130R<\/p>\n<p>KAPIDA \u00d6DEMEL\u0130&amp;\u0130NTERNET \u00dcZER\u0130NDEN ONL\u0130NE SATI\u015eIMIZ YOKTUR<\/p>\n<p>NOT 5 G\u00dcN \u0130\u00c7ER\u0130S\u0130NDE \u0130YADES\u0130 OLMAYAN MAZEME GER\u0130 ALINMAZ<br \/>\nPaket i\u00e7eri\u011fi: 1 Adet<br \/>\nSATI\u015e F\u0130YATI KDV DAH\u0130L pe\u015fin fiyat\u0131d\u0131r<br \/>\nSAAT 18:00 KADAR VER\u0130LEN \u015e\u0130PAR\u0130\u015e AYNI G\u00dcN KARGO \u0130LE G\u00d6NDER\u0130M\u0130 YAPILIR.<br \/>\nKARGO \u0130ADES\u0130 DURUMUNDA .<br \/>\nKARGO \u00dcCRET\u0130 M\u00dc\u015eTER\u0130YE A\u0130TT\u0130R. AYRICA KARGODA KIRILAN PAR\u00c7ALARDAN SORUMLU DEY\u0130L\u0130Z<\/p>\n<p>27\/11\/2014 tarih ve 29188 say\u0131l\u0131 resmi gazetede yay\u0131mlanan mesafeli sat\u0131\u015flar y\u00f6netmeli\u011finin 15. maddesinde cayma hakk\u0131n\u0131n istisnalar\u0131 belirtilmi\u015ftir. \u0130lgili maddenin a bendinde &#8220;fiyat\u0131 finansal piyasalardaki dalgalanmalara ba\u011fl\u0131 olarak de\u011fi\u015fen ve sat\u0131c\u0131 veya sa\u011flay\u0131c\u0131n\u0131n kontrol\u00fcnde olmayan mal veya hizmetlere ili\u015fkin s\u00f6zle\u015fmeler&#8221; cayma hakk\u0131ndan istisna edilmi\u015ftir. \u00dcr\u00fcnlerimiz ithal \u00fcr\u00fcnler olup fiyatlar\u0131 g\u00fcnl\u00fck usd kurlar\u0131 kullan\u0131larak tl kar\u015f\u0131l\u0131\u011f\u0131na \u00e7evrilmesiyle hesaplanmaktad\u0131r. Fiyatlar kurdaki de\u011fi\u015fmeler ba\u011fl\u0131 olarak g\u00fcnl\u00fck olarak de\u011fi\u015fmektedir. Bu nedenle y\u00f6netmeli\u011fin 15. Md\/a bendi gere\u011fi cayma hakk\u0131ndan m\u00fcstesnad\u0131r. M\u00fc\u015fterilerimiz sipari\u015f \u00f6ncesinde bu konu hakk\u0131nda \u00f6n bilgilendirme yap\u0131ld\u0131\u011f\u0131n\u0131 kabul eder.<\/p>\n","protected":false},"featured_media":8001,"comment_status":"open","ping_status":"closed","template":"","meta":{"_joinchat":[]},"product_cat":[15,24,19,20],"product_tag":[11488,169],"class_list":{"0":"post-8000","1":"product","2":"type-product","3":"status-publish","4":"has-post-thumbnail","6":"product_cat-volkswagen","7":"product_cat-audi","8":"product_cat-seat","9":"product_cat-skoda","10":"product_tag-06a133062d-bogaz-kelebegi-azj-beh-bora-vw-golf98-06-skoda","11":"product_tag-169","13":"first","14":"instock","15":"sale","16":"shipping-taxable","17":"purchasable","18":"product-type-simple"},"_links":{"self":[{"href":"https:\/\/dogan-otomotiv.com\/index.php\/wp-json\/wp\/v2\/product\/8000","targetHints":{"allow":["GET"]}}],"collection":[{"href":"https:\/\/dogan-otomotiv.com\/index.php\/wp-json\/wp\/v2\/product"}],"about":[{"href":"https:\/\/dogan-otomotiv.com\/index.php\/wp-json\/wp\/v2\/types\/product"}],"replies":[{"embeddable":true,"href":"https:\/\/dogan-otomotiv.com\/index.php\/wp-json\/wp\/v2\/comments?post=8000"}],"wp:featuredmedia":[{"embeddable":true,"href":"https:\/\/dogan-otomotiv.com\/index.php\/wp-json\/wp\/v2\/media\/8001"}],"wp:attachment":[{"href":"https:\/\/dogan-otomotiv.com\/index.php\/wp-json\/wp\/v2\/media?parent=8000"}],"wp:term":[{"taxonomy":"product_cat","embeddable":true,"href":"https:\/\/dogan-otomotiv.com\/index.php\/wp-json\/wp\/v2\/product_cat?post=8000"},{"taxonomy":"product_tag","embeddable":true,"href":"https:\/\/dogan-otomotiv.com\/index.php\/wp-json\/wp\/v2\/product_tag?post=8000"}],"curies":[{"name":"wp","href":"https:\/\/api.w.org\/{rel}","templated":true}]}}