{"id":785,"date":"2020-04-04T12:39:51","date_gmt":"2020-04-04T12:39:51","guid":{"rendered":"https:\/\/dogan-otomotiv.com\/?post_type=product&#038;p=785"},"modified":"2024-09-13T11:44:53","modified_gmt":"2024-09-13T11:44:53","slug":"028906461-t4-lt35-25tdi-96-05-hava-akis-280217123","status":"publish","type":"product","link":"https:\/\/dogan-otomotiv.com\/index.php\/urun\/028906461-t4-lt35-25tdi-96-05-hava-akis-280217123\/","title":{"rendered":"028906461 hava ak\u0131\u015f T4-lt35 2,5tdi 96-05 280217123"},"content":{"rendered":"<p>OEN 028 906 461 \u2014 AUDI<br \/>\nOEN HFM-5-4.7 \u2014 BOSCH   \u00c7IKMA ORJ<br \/>\nOEN 028 906 461 \u2014 SEAT<br \/>\nOEN 028 906 461 &#8211; VW<\/p>\n<p>VW Caddy II Estate (9K9B) (Yap\u0131m Y\u0131l\u0131 10.1996 &#8211; 01.2004, 90 PS, Dizel)<br \/>\nVW Caddy II Van (9K9A) (Yap\u0131m Y\u0131l\u0131 09.1996 &#8211; 01.2004, 90 PS, Dizel)<br \/>\nVW LT 28-35 II Minib\u00fcs (Yap\u0131m Y\u0131l\u0131 07.1996 &#8211; 07.2006, 75 &#8211; 109 PS, Dizel)<br \/>\nVW LT 28-46 II Platform \/ \u015easi (2DC, 2DF, 2DG, 2DL, 2DM) (Yap\u0131m Y\u0131l\u0131 09.1996 &#8211; 07.2006, 75 &#8211; 109 PS, Dizel)<br \/>\nVW LT 28-46 II Van (2DA, 2DD, 2DH) (Yap\u0131m Y\u0131l\u0131 09.1996 &#8211; 07.2006, 75-109 PS, Dizel)<br \/>\nVW Passat B5 Sedan (3B2) (Yap\u0131m Y\u0131l\u0131 10.1996 &#8211; 11.2000, 90 &#8211; 115 PS, Dizel)<br \/>\nVW Passat B5 GP Sedan (3BG, 3B3) (Yap\u0131m Y\u0131l\u0131 11.2000 &#8211; 05.2005, 101 PS, Dizel)<br \/>\nVW Passat B5 Estate (3B5) (Yap\u0131m Y\u0131l\u0131 06.1997 &#8211; 11.2000, 90 &#8211; 115 PS, Dizel)<br \/>\nVW Passat B5 GP Estate (3BG, 3B6) (Yap\u0131m Y\u0131l\u0131 11.2000 &#8211; 05.2005, 101 PS, Dizel)<br \/>\nVW Polo III Classic (6V2) (Yap\u0131m Y\u0131l\u0131 09.1996 &#8211; 01.2002, 90 &#8211; 110 PS, Dizel)<br \/>\nVW Polo III Varyant (6V5) (Yap\u0131m Y\u0131l\u0131 05.1997 &#8211; 09.2001, 90 &#8211; 110 PS, Dizel)<br \/>\nVW Transporter T4 Minib\u00fcs (70B, 70C, 7DB, 7DK, 70J, 70K, 7DC, 7DJ) (Yap\u0131m Y\u0131l\u0131 09.1995 &#8211; 04.2003, 88 &#8211; 102 PS, Dizel)<br \/>\nVW Transporter T4 Platform \/ \u015easi (70E, 70L, 70M, 7DE, 7DL, 7D) (Yap\u0131m Y\u0131l\u0131 09.1995 &#8211; 04.2003, 88 &#8211; 102 PS, Dizel)<br \/>\nVW Transporter T4 Van (70A, 70H, 7DA, 7DH) (Yap\u0131m Y\u0131l\u0131 09.1995 &#8211; 04.2003, 88 &#8211; 102 PS, Dizel)<\/p>\n<p>SEAT Cordoba I Vario Kasa \/ Emlak (6K5) (Yap\u0131m Y\u0131l\u0131 08.2000 &#8211; 12.2002, 110 PS, Dizel)<br \/>\nSEAT C\u00f3rdoba I Sedan (6K1, 6K2) (Yap\u0131m Y\u0131l\u0131 08.1996 &#8211; 10.2002, 90 &#8211; 110 PS, Dizel)<br \/>\nSEAT C\u00f3rdoba I Vario (6K5) (Yap\u0131m Y\u0131l\u0131 08.1996 &#8211; 12.2002, 90 &#8211; 110 PS, Dizel)<br \/>\nSEAT Ibiza II (6K1) (Yap\u0131m Y\u0131l\u0131 08.1996 &#8211; 02.2002, 90 &#8211; 110 PS, Dizel)<\/p>\n<p>AUDI A4 B5 Avant (8D5) (Yap\u0131m Y\u0131l\u0131 02.1996 &#8211; 09.2001, 90 &#8211; 115 PS, Dizel, Dizel\/Elektro)<br \/>\nAUDI A4 B5 Sedan (8D2) (Yap\u0131m Y\u0131l\u0131 01.1995 &#8211; 11.2000, 75 &#8211; 116 PS, Dizel)<br \/>\nAUDI A6 C5 Avant (4B5) (Yap\u0131m Y\u0131l\u0131 02.1998 &#8211; 01.2005, 110 &#8211; 115 PS, Dizel)<br \/>\nAUDI A6 C5 Sedan (4B2) (Yap\u0131m Y\u0131l\u0131 04.1997 &#8211; 01.2005, 110 &#8211; 115 PS, Dizel)<\/p>\n","protected":false},"excerpt":{"rendered":"<p>DO\u011eAN OTOMOT\u0130V YEDEK PAR\u00c7A<br \/>\nLTD \u015eT\u0130 \u0130VED\u0130K ORGAN\u0130ZE SAN 1471 SOKAK 91-A OST\u0130M ANKARA<br \/>\nSEM\u0130H SAVA\u015e\u00c7I (312) 395 20 95<br \/>\n0533 322 16 09<\/p>\n<p>MUSTAFA SAVA\u015e\u00c7I<br \/>\n0 (312) 395 20 95<br \/>\nIBAN NO: TR 54 0011 1000 0000 0098 3516 19<br \/>\nF\u0130NANSBANK ENPARA<br \/>\n\u015eUBE KODU: 03663<br \/>\nHESAP NO: 98351619<\/p>\n<p>Paket i\u00e7eri\u011fi: 1 Adet<br \/>\nSATI\u015e F\u0130YATI KDV DAH\u0130L pe\u015fin fiyat\u0131d\u0131r<\/p>\n<p>SAAT 18:00 KADAR VER\u0130LEN \u015e\u0130PAR\u0130\u015e AYNI G\u00dcN KARGO \u0130LE G\u00d6NDER\u0130M\u0130 YAPILIR.<br \/>\nKARGO \u0130ADES\u0130 DURUMUNDA<br \/>\nKARGO \u00dcCRET\u0130 M\u00dc\u015eTER\u0130YE A\u0130TT\u0130R. AYRICA KARGODA KIRILAN PAR\u00c7ALARDAN SORUMLU DEY\u0130L\u0130Z<\/p>\n","protected":false},"featured_media":13404,"comment_status":"open","ping_status":"closed","template":"","meta":{"_joinchat":[]},"product_cat":[15,24,19,20],"product_tag":[446,447],"class_list":{"0":"post-785","1":"product","2":"type-product","3":"status-publish","4":"has-post-thumbnail","6":"product_cat-volkswagen","7":"product_cat-audi","8":"product_cat-seat","9":"product_cat-skoda","10":"product_tag-028906461-t4-lt35-2","11":"product_tag-5tdi-96-05-hava-akis-280217123","13":"first","14":"instock","15":"sale","16":"shipping-taxable","17":"purchasable","18":"product-type-simple"},"_links":{"self":[{"href":"https:\/\/dogan-otomotiv.com\/index.php\/wp-json\/wp\/v2\/product\/785","targetHints":{"allow":["GET"]}}],"collection":[{"href":"https:\/\/dogan-otomotiv.com\/index.php\/wp-json\/wp\/v2\/product"}],"about":[{"href":"https:\/\/dogan-otomotiv.com\/index.php\/wp-json\/wp\/v2\/types\/product"}],"replies":[{"embeddable":true,"href":"https:\/\/dogan-otomotiv.com\/index.php\/wp-json\/wp\/v2\/comments?post=785"}],"wp:featuredmedia":[{"embeddable":true,"href":"https:\/\/dogan-otomotiv.com\/index.php\/wp-json\/wp\/v2\/media\/13404"}],"wp:attachment":[{"href":"https:\/\/dogan-otomotiv.com\/index.php\/wp-json\/wp\/v2\/media?parent=785"}],"wp:term":[{"taxonomy":"product_cat","embeddable":true,"href":"https:\/\/dogan-otomotiv.com\/index.php\/wp-json\/wp\/v2\/product_cat?post=785"},{"taxonomy":"product_tag","embeddable":true,"href":"https:\/\/dogan-otomotiv.com\/index.php\/wp-json\/wp\/v2\/product_tag?post=785"}],"curies":[{"name":"wp","href":"https:\/\/api.w.org\/{rel}","templated":true}]}}