{"id":776,"date":"2020-04-04T12:24:51","date_gmt":"2020-04-04T12:24:51","guid":{"rendered":"https:\/\/dogan-otomotiv.com\/?post_type=product&#038;p=776"},"modified":"2024-09-13T11:29:52","modified_gmt":"2024-09-13T11:29:52","slug":"06a906461a-hava-akis-metre-vw-golf-bora-audi-a3","status":"publish","type":"product","link":"https:\/\/dogan-otomotiv.com\/index.php\/urun\/06a906461a-hava-akis-metre-vw-golf-bora-audi-a3\/","title":{"rendered":"06A906461A HAVA AKI\u015e METRE VW GOLF\/BORA\/AUDI A3"},"content":{"rendered":"<p>GOLF4-BORA-A3-OCTAVIA 1.8-2.0 AGN-APK 98-<\/p>\n<p> AEG AZG, AZJ BER BEV AVH BEJ BHP CBPA AZH BBW AYZ ANY AVC AWV AWU APH, AGU BKF <\/p>\n<p>VW Bora Sedan (1J2) (Yap\u0131m Y\u0131l\u0131 10.1998 &#8211; 05.2005, 115 &#8211; 125 PS, Benzin)<br \/>\nVW Bora Varyant (1J6) (Yap\u0131m Y\u0131l\u0131 05.1999 &#8211; 05.2005, 115 &#8211; 125 PS, Benzin)<br \/>\nVW Golf IV Hatchback (1J1) (Yap\u0131m Y\u0131l\u0131 08.1997 &#8211; 06.2005, 115 &#8211; 125 PS, Petrol)<br \/>\nVW Golf IV Varyant\u0131 (1J5) (Yap\u0131m Y\u0131l\u0131 05.1999 &#8211; 06.2006, 115 &#8211; 125 PS, Petrol)<br \/>\nVW Lupo \/ Lupo 3L (6X1, 6E1) (Yap\u0131m Y\u0131l\u0131 07.1999 &#8211; 07.2005, 61 PS, Dizel)<br \/>\nVW Yeni Beetle Hatchback (9C1, 1C1) (Yap\u0131m Y\u0131l\u0131 01.1998 &#8211; 09.2010, 115 &#8211; 150 PS, Benzin)<br \/>\n SKODA<br \/>\nSKODA Octavia I Hatchback (1U2) (Yap\u0131m Y\u0131l\u0131 09.1996 &#8211; 05.2007, 116 &#8211; 125 PS, Benzin)<br \/>\nSKODA Octavia I Kombi (1U5) (Yap\u0131m Y\u0131l\u0131 07.1998 &#8211; 05.2007, 116 &#8211; 125 PS, Be<br \/>\nAUDI A3 Hatchback (8L1) (Yap\u0131m Y\u0131l\u0131 09.1996 &#8211; 05.2003, 125 PS, Benzin)<\/p>\n<p>SEAT Leon I Hatchback (1M1) (Yap\u0131m Y\u0131l\u0131 11.1999 &#8211; 06.2006, 125 PS, Petrol)<br \/>\nSEAT Toledo II Saloon (1M2) (Yap\u0131m Y\u0131l\u0131 10.1998 &#8211; 07.2004, 125 PS, Petrol)<\/p>\n<p>     Seat    Leon    2005    Petrol Hatchback    1.8 20V    FWD &#8212; 1M1    1781cc 92KW 125HP AGN;APG<br \/>\n     Seat    Leon    2004    Petrol Hatchback    1.8 20V    FWD &#8212; 1M1    1781cc 92KW 125HP AGN;APG<br \/>\n     Seat    Leon    2003    Petrol Hatchback    1.8 20V    FWD &#8212; 1M1    1781cc 92KW 125HP AGN;APG<br \/>\n     Seat    Leon    2002    Petrol Hatchback    1.8 20V    FWD &#8212; 1M1    1781cc 92KW 125HP AGN;APG<br \/>\n     Seat    Leon    2001    Petrol Hatchback    1.8 20V    FWD &#8212; 1M1    1781cc 92KW 125HP AGN;APG<br \/>\n     Seat    Leon    2000    Petrol Hatchback    1.8 20V    FWD &#8212; 1M1    1781cc 92KW 125HP AGN;APG<br \/>\n     Seat    Toledo    2004    Petrol Saloon    1.8 20V    FWD Mk II 1M2    1781cc 92KW 125HP AGN;APG<br \/>\n     Seat    Toledo    2003    Petrol Saloon    1.8 20V    FWD Mk II 1M2    1781cc 92KW 125HP AGN;APG<br \/>\n     Seat    Toledo    2002    Petrol Saloon    1.8 20V    FWD Mk II 1M2    1781cc 92KW 125HP AGN;APG<br \/>\n     Seat    Toledo    2001    Petrol Saloon    1.8 20V    FWD Mk II 1M2    1781cc 92KW 125HP AGN;APG<br \/>\n     Seat    Toledo    2000    Petrol Saloon    1.8 20V    FWD Mk II 1M2    1781cc 92KW 125HP AGN;APG<br \/>\n     Seat    Toledo    1999    Petrol Saloon    1.8 20V    FWD Mk II 1M2    1781cc 92KW 125HP AGN;APG<br \/>\n     VW    Bora    2005    Petrol Saloon    2.0 4motion    AWD &#8212; 1J2    1984cc 85KW 115HP AZH;AZJ<br \/>\n     VW    Bora    2005    Petrol Saloon    1.8    FWD &#8212; 1J2    1781cc 92KW 125HP AGN;BAF<br \/>\n     VW    Bora    2005    Petrol Saloon    2.0    FWD &#8212; 1J2    1984cc 85KW 115HP APK;AQY;AZG;AZH;AZJ;BBW<br \/>\n     VW    Bora    2004    Petrol Saloon    2.0 4motion    AWD &#8212; 1J2    1984cc 85KW 115HP AZH;AZJ<br \/>\n     VW    Bora    2004    Petrol Saloon    1.8    FWD &#8212; 1J2    1781cc 92KW 125HP AGN;BAF<br \/>\n     VW    Bora    2004    Petrol Saloon    2.0    FWD &#8212; 1J2    1984cc 85KW 115HP APK;AQY;AZG;AZH;AZJ;BBW<br \/>\n     VW    Bora    2003    Petrol Saloon    2.0 4motion    AWD &#8212; 1J2    1984cc 85KW 115HP AZH;AZJ<br \/>\n     VW    Bora    2003    Petrol Saloon    1.8    FWD &#8212; 1J2    1781cc 92KW 125HP AGN;BAF<\/p>\n<p>     VW    Bora    2003    Petrol Saloon    2.0    FWD &#8212; 1J2    1984cc 85KW 115HP APK;AQY;AZG;AZH;AZJ;BBW<br \/>\n     VW    Bora    2002    Petrol Saloon    2.0 4motion    AWD &#8212; 1J2    1984cc 85KW 115HP AZH;AZJ<br \/>\n     VW    Bora    2002    Petrol Saloon    1.8    FWD &#8212; 1J2    1781cc 92KW 125HP AGN;BAF<br \/>\n     VW    Bora    2002    Petrol Saloon    2.0    FWD &#8212; 1J2    1984cc 85KW 115HP APK;AQY;AZG;AZH;AZJ;BBW<br \/>\n     VW    Bora    2001    Petrol Saloon    2.0 4motion    AWD &#8212; 1J2    1984cc 85KW 115HP AZH;AZJ<br \/>\n     VW    Bora    2001    Petrol Saloon    1.8    FWD &#8212; 1J2    1781cc 92KW 125HP AGN;BAF<br \/>\n     VW    Bora    2001    Petrol Saloon    2.0    FWD &#8212; 1J2    1984cc 85KW 115HP APK;AQY;AZG;AZH;AZJ;BBW<br \/>\n     VW    Bora    2000    Petrol Saloon    2.0 4motion    AWD &#8212; 1J2    1984cc 85KW 115HP AZH;AZJ<br \/>\n     VW    Bora    2000    Petrol Saloon    1.8    FWD &#8212; 1J2    1781cc 92KW 125HP AGN;BAF<br \/>\n     VW    Bora    2000    Petrol Saloon    2.0    FWD &#8212; 1J2    1984cc 85KW 115HP APK;AQY;AZG;AZH;AZJ;BBW<br \/>\n     VW    Bora    1999    Petrol Saloon    1.8    FWD &#8212; 1J2    1781cc 92KW 125HP AGN;BAF<br \/>\n     VW    Bora    1999    Petrol Saloon    2.0    FWD &#8212; 1J2    1984cc 85KW 115HP APK;AQY;AZG;AZH;AZJ;BBW<br \/>\n     VW    Bora    1998    Petrol Saloon    1.8    FWD &#8212; 1J2    1781cc 92KW 125HP AGN;BAF<br \/>\n     VW    Bora    1998    Petrol Saloon    2.0    FWD &#8212; 1J2    1984cc 85KW 115HP APK;AQY;AZG;AZH;AZJ;BBW<br \/>\n     VW    Golf    2005    Petrol Hatchback    1.8    FWD Mk IV 1J1    1781cc 92KW 125HP AGN<br \/>\n     VW    Golf    2004    Petrol Hatchback    1.8    FWD Mk IV 1J1    1781cc 92KW 125HP AGN<br \/>\n     VW    Golf    2003    Petrol Hatchback    1.8    FWD Mk IV 1J1    1781cc 92KW 125HP AGN<br \/>\n     VW    Golf    2002    Petrol Hatchback    1.8    FWD Mk IV 1J1    1781cc 92KW 125HP AGN<br \/>\n     VW    Golf    2001    Petrol Hatchback    1.8    FWD Mk IV 1J1    1781cc 92KW 125HP AGN<br \/>\n     VW    Golf    2000    Petrol Hatchback    1.8    FWD Mk IV 1J1    1781cc 92KW 125HP AGN<\/p>\n<p>     VW    Golf    1999    Petrol Hatchback    1.8    FWD Mk IV 1J1    1781cc 92KW 125HP AGN<br \/>\n     VW    Golf    1998    Petrol Hatchback    1.8    FWD Mk IV 1J1    1781cc 92KW 125HP AGN<br \/>\n     VW    Golf    1997    Petrol Hatchback    1.8    FWD Mk IV 1J1    1781cc 92KW 125HP AGN<br \/>\n     VW    Lupo    2005    Diesel Hatchback    1.2 TDI 3L    FWD &#8212; 6E1,6X1    1191cc 45KW 61HP ANY;AYZ<br \/>\n     VW    Lupo    2004    Diesel Hatchback    1.2 TDI 3L    FWD &#8212; 6E1,6X1    1191cc 45KW 61HP ANY;AYZ<br \/>\n     VW    Lupo    2003    Diesel Hatchback    1.2 TDI 3L    FWD &#8212; 6E1,6X1    1191cc 45KW 61HP ANY;AYZ<br \/>\n     VW    Lupo    2002    Diesel Hatchback    1.2 TDI 3L    FWD &#8212; 6E1,6X1    1191cc 45KW 61HP ANY;AYZ<br \/>\n     VW    Lupo    2001    Diesel Hatchback    1.2 TDI 3L    FWD &#8212; 6E1,6X1    1191cc 45KW 61HP ANY;AYZ<br \/>\n     VW    Lupo    2000    Diesel Hatchback    1.2 TDI 3L    FWD &#8212; 6E1,6X1    1191cc 45KW 61HP ANY;AYZ<br \/>\n     VW    Lupo    1999    Diesel Hatchback    1.2 TDI 3L    FWD &#8212; 6E1,6X1    1191cc 45KW 61HP ANY;AYZ<br \/>\n     VW    New Beetle    2007    Petrol Hatchback    2.0    FWD &#8212; 1C1,9C1    1984cc 85KW 115HP &#8212;<br \/>\n     VW    New Beetle    2006    Petrol Hatchback    2.0    FWD &#8212; 1C1,9C1    1984cc 85KW 115HP &#8212;<br \/>\n     VW    New Beetle    2005    Petrol Hatchback    2.0    FWD &#8212; 1C1,9C1    1984cc 85KW 115HP &#8212;<br \/>\n     VW    New Beetle    2004    Petrol Hatchback    2.0    FWD &#8212; 1C1,9C1    1984cc 85KW 115HP &#8212;<br \/>\n     VW    New Beetle    2003    Petrol Hatchback    1.8 T    FWD &#8212; 1C1,9C1    1781cc 110KW 150HP AVC;AWU<br \/>\n     VW    New Beetle    2003    Petrol Hatchback    2.0    FWD &#8212; 1C1,9C1    1984cc 85KW 115HP &#8212;<br \/>\n     VW    New Beetle    2002    Petrol Hatchback    1.8 T    FWD &#8212; 1C1,9C1    1781cc 110KW 150HP AVC;AWU<br \/>\n     VW    New Beetle    2002    Petrol Hatchback    2.0    FWD &#8212; 1C1,9C1    1984cc 85KW 115HP &#8212;<br \/>\n     VW    New Beetle    2001    Petrol Hatchback    1.8 T    FWD &#8212; 1C1,9C1    1781cc 110KW 150HP AVC;AWU<br \/>\n     VW    New Beetle    2001    Petrol Hatchback    2.0    FWD &#8212; 1C1,9C1    1984cc 85KW 115HP &#8212;<\/p>\n<p>     VW    New Beetle    2000    Petrol Hatchback    2.0    FWD &#8212; 1C1,9C1    1984cc 85KW 115HP &#8212;<br \/>\n     VW    New Beetle    1999    Petrol Hatchback    2.0    FWD &#8212; 1C1,9C1    1984cc 85KW 115HP &#8211;<\/p>\n","protected":false},"excerpt":{"rendered":"<p>DO\u011eAN OTOMOT\u0130V YEDEK PAR\u00c7A<br \/>\nLTD \u015eT\u0130 \u0130VED\u0130K ORGAN\u0130ZE SAN 1471 SOKAK 91-A OST\u0130M ANKARA<br \/>\nSEM\u0130H SAVA\u015e\u00c7I (312) 395 20 95<br \/>\n0533 322 16 09<\/p>\n<p>MUSTAFA SAVA\u015e\u00c7I<br \/>\n0 (312) 395 20 95<br \/>\nIBAN NO: TR 54 0011 1000 0000 0098 3516 19<br \/>\nF\u0130NANSBANK ENPARA<br \/>\n\u015eUBE KODU: 03663<br \/>\nHESAP NO: 98351619<\/p>\n<p>Paket i\u00e7eri\u011fi: 1 Adet<br \/>\nSATI\u015e F\u0130YATI KDV DAH\u0130L pe\u015fin fiyat\u0131d\u0131r<\/p>\n<p>SAAT 18:00 KADAR VER\u0130LEN \u015e\u0130PAR\u0130\u015e AYNI G\u00dcN KARGO \u0130LE G\u00d6NDER\u0130M\u0130 YAPILIR.<br \/>\nKARGO \u0130ADES\u0130 DURUMUNDA<br \/>\nKARGO \u00dcCRET\u0130 M\u00dc\u015eTER\u0130YE A\u0130TT\u0130R. AYRICA KARGODA KIRILAN PAR\u00c7ALARDAN SORUMLU DEY\u0130L\u0130Z<\/p>\n","protected":false},"featured_media":13403,"comment_status":"open","ping_status":"closed","template":"","meta":{"_joinchat":[]},"product_cat":[15,24,19,20],"product_tag":[438,437],"class_list":{"0":"post-776","1":"product","2":"type-product","3":"status-publish","4":"has-post-thumbnail","6":"product_cat-volkswagen","7":"product_cat-audi","8":"product_cat-seat","9":"product_cat-skoda","10":"product_tag-06a906461a","11":"product_tag-06a906461a-hava-akis-metre-vw-golf-bora-audi-a3","13":"first","14":"instock","15":"sale","16":"shipping-taxable","17":"purchasable","18":"product-type-simple"},"_links":{"self":[{"href":"https:\/\/dogan-otomotiv.com\/index.php\/wp-json\/wp\/v2\/product\/776","targetHints":{"allow":["GET"]}}],"collection":[{"href":"https:\/\/dogan-otomotiv.com\/index.php\/wp-json\/wp\/v2\/product"}],"about":[{"href":"https:\/\/dogan-otomotiv.com\/index.php\/wp-json\/wp\/v2\/types\/product"}],"replies":[{"embeddable":true,"href":"https:\/\/dogan-otomotiv.com\/index.php\/wp-json\/wp\/v2\/comments?post=776"}],"wp:featuredmedia":[{"embeddable":true,"href":"https:\/\/dogan-otomotiv.com\/index.php\/wp-json\/wp\/v2\/media\/13403"}],"wp:attachment":[{"href":"https:\/\/dogan-otomotiv.com\/index.php\/wp-json\/wp\/v2\/media?parent=776"}],"wp:term":[{"taxonomy":"product_cat","embeddable":true,"href":"https:\/\/dogan-otomotiv.com\/index.php\/wp-json\/wp\/v2\/product_cat?post=776"},{"taxonomy":"product_tag","embeddable":true,"href":"https:\/\/dogan-otomotiv.com\/index.php\/wp-json\/wp\/v2\/product_tag?post=776"}],"curies":[{"name":"wp","href":"https:\/\/api.w.org\/{rel}","templated":true}]}}