{"id":7753,"date":"2021-08-19T14:50:19","date_gmt":"2021-08-19T14:50:19","guid":{"rendered":"https:\/\/dogan-otomotiv.com\/?post_type=product&#038;p=7753"},"modified":"2024-04-18T08:41:44","modified_gmt":"2024-04-18T08:41:44","slug":"61557104-sinyal-kolu-peugeot-405-1994-kom-2-el","status":"publish","type":"product","link":"https:\/\/dogan-otomotiv.com\/index.php\/urun\/61557104-sinyal-kolu-peugeot-405-1994-kom-2-el\/","title":{"rendered":"61557104 S\u0130NYAL KOLU Peugeot 405 1995-2001 KOM ORJ \u00c7IKMA"},"content":{"rendered":"<p>61557104 S\u0130NYAL KOLU Peugeot 405 1994 KOM 2 EL<\/p>\n","protected":false},"excerpt":{"rendered":"<p> 61557104 S\u0130NYAL KOLU Peugeot 405 1995-2001 KOM ORJ \u00c7IKMA<\/p>\n","protected":false},"featured_media":14303,"comment_status":"open","ping_status":"closed","template":"","meta":{"_joinchat":[]},"product_cat":[17],"product_tag":[10163],"class_list":{"0":"post-7753","1":"product","2":"type-product","3":"status-publish","4":"has-post-thumbnail","6":"product_cat-peugeot","7":"product_tag-61557104-sinyal-kolu-peugeot-405-1995-2001-kom-orj-cikma","9":"first","10":"instock","11":"sale","12":"shipping-taxable","13":"purchasable","14":"product-type-simple"},"_links":{"self":[{"href":"https:\/\/dogan-otomotiv.com\/index.php\/wp-json\/wp\/v2\/product\/7753","targetHints":{"allow":["GET"]}}],"collection":[{"href":"https:\/\/dogan-otomotiv.com\/index.php\/wp-json\/wp\/v2\/product"}],"about":[{"href":"https:\/\/dogan-otomotiv.com\/index.php\/wp-json\/wp\/v2\/types\/product"}],"replies":[{"embeddable":true,"href":"https:\/\/dogan-otomotiv.com\/index.php\/wp-json\/wp\/v2\/comments?post=7753"}],"wp:featuredmedia":[{"embeddable":true,"href":"https:\/\/dogan-otomotiv.com\/index.php\/wp-json\/wp\/v2\/media\/14303"}],"wp:attachment":[{"href":"https:\/\/dogan-otomotiv.com\/index.php\/wp-json\/wp\/v2\/media?parent=7753"}],"wp:term":[{"taxonomy":"product_cat","embeddable":true,"href":"https:\/\/dogan-otomotiv.com\/index.php\/wp-json\/wp\/v2\/product_cat?post=7753"},{"taxonomy":"product_tag","embeddable":true,"href":"https:\/\/dogan-otomotiv.com\/index.php\/wp-json\/wp\/v2\/product_tag?post=7753"}],"curies":[{"name":"wp","href":"https:\/\/api.w.org\/{rel}","templated":true}]}}