{"id":772,"date":"2020-04-04T12:12:34","date_gmt":"2020-04-04T12:12:34","guid":{"rendered":"https:\/\/dogan-otomotiv.com\/?post_type=product&#038;p=772"},"modified":"2024-09-24T08:01:32","modified_gmt":"2024-09-24T08:01:32","slug":"22204-31020-hava-akis-metresi-toyota-18-24-27-35-hybrid","status":"publish","type":"product","link":"https:\/\/dogan-otomotiv.com\/index.php\/urun\/22204-31020-hava-akis-metresi-toyota-18-24-27-35-hybrid\/","title":{"rendered":"22204-31020 HAVA AKI\u015e METRES\u0130 TOYOTA 1,8\/2,4\/2,7\/3,5"},"content":{"rendered":"<p>222043-1020 HAVA AKI\u015e METRES\u0130 TOYOTA 1,8\/2,4\/2,7\/3,5 HYBR\u0130D (B15)<br \/>\n22204-31020 Toyota Lexus 1.6-3.5L Orijinal Denso K\u00fctle Hava Ak\u0131\u015f Sens\u00f6r\u00fc<br \/>\nToyota Previa Estima R5 Sienna 2.4 3.5 i\u00e7in K\u00fctle Sens\u00f6r\u00fc 22204-31010<br \/>\nLEXUS<br \/>\nLEXUS GS III (S19) (Yap\u0131m Y\u0131l\u0131 04.2005 &#8211; 11.2011, 283 &#8211; 296 PS, Benzin, Benzin\/Elektro)<br \/>\nLEXUS IS C (XE20) (Yap\u0131m Y\u0131l\u0131 04.2009 &#8211; 06.2015, 208 PS, Benzin)<br \/>\nLEXUS IS II Sedan (XE20) (Yap\u0131m Y\u0131l\u0131 08.2005 &#8211; 03.2013, 208 &#8211; 423 PS, Benzin)<br \/>\nLEXUS LX (J100) (Yap\u0131m Y\u0131l\u0131 09.2001 &#8211; 03.2008, 235 PS, Benzin)<br \/>\nLEXUS RX II (XU30) (Yap\u0131m Y\u0131l\u0131 02.2006 &#8211; 12.2008, 276 PS, Benzin)<br \/>\nTOYOTA<br \/>\nTOYOTA Auris Hatchback (E15) (Yap\u0131m Y\u0131l\u0131 03.2007 &#8211; 09.2012, 97 &#8211; 124 PS, Benzin)<br \/>\nTOYOTA RAV4 III Off-Road (XA30) (Yap\u0131m Y\u0131l\u0131 03.2006 &#8211; 06.2013, 152 PS, Petrol)<br \/>\nTOYOTA Yaris II Hatchback (XP9) (Yap\u0131m Y\u0131l\u0131 01.2007 &#8211; 12.2011, 133 PS, Benzin)<\/p>\n","protected":false},"excerpt":{"rendered":"<p>DO\u011eAN OTOMOT\u0130V YEDEK PAR\u00c7A<br \/>\nLTD \u015eT\u0130 \u0130VED\u0130K ORGAN\u0130ZE SAN 1471 SOKAK 91-A OST\u0130M ANKARA<br \/>\nSEM\u0130H SAVA\u015e\u00c7I (312) 395 20 95<br \/>\n0533 322 16 09<\/p>\n<p>MUSTAFA SAVA\u015e\u00c7I<br \/>\n0 (312) 395 20 95<br \/>\nIBAN NO: TR 54 0011 1000 0000 0098 3516 19<br \/>\nF\u0130NANSBANK ENPARA<br \/>\n\u015eUBE KODU: 03663<br \/>\nHESAP NO: 98351619<\/p>\n<p>Paket i\u00e7eri\u011fi: 1 Adet<br \/>\nSATI\u015e F\u0130YATI KDV DAH\u0130L pe\u015fin fiyat\u0131d\u0131r<\/p>\n<p>SAAT 18:00 KADAR VER\u0130LEN \u015e\u0130PAR\u0130\u015e AYNI G\u00dcN KARGO \u0130LE G\u00d6NDER\u0130M\u0130 YAPILIR.<br \/>\nKARGO \u0130ADES\u0130 DURUMUNDA<br \/>\nKARGO \u00dcCRET\u0130 M\u00dc\u015eTER\u0130YE A\u0130TT\u0130R. AYRICA KARGODA KIRILAN PAR\u00c7ALARDAN SORUMLU DEY\u0130L\u0130Z<\/p>\n","protected":false},"featured_media":11409,"comment_status":"open","ping_status":"closed","template":"","meta":{"_joinchat":[]},"product_cat":[145],"product_tag":[9969,430,432,431,429],"class_list":{"0":"post-772","1":"product","2":"type-product","3":"status-publish","4":"has-post-thumbnail","6":"product_cat-kia","7":"product_tag-22204-31020-hava-akis-metresi-toyota-1","8":"product_tag-4-2","9":"product_tag-5-hybrid","10":"product_tag-7-3","11":"product_tag-8-2","13":"first","14":"instock","15":"sale","16":"shipping-taxable","17":"purchasable","18":"product-type-simple"},"_links":{"self":[{"href":"https:\/\/dogan-otomotiv.com\/index.php\/wp-json\/wp\/v2\/product\/772","targetHints":{"allow":["GET"]}}],"collection":[{"href":"https:\/\/dogan-otomotiv.com\/index.php\/wp-json\/wp\/v2\/product"}],"about":[{"href":"https:\/\/dogan-otomotiv.com\/index.php\/wp-json\/wp\/v2\/types\/product"}],"replies":[{"embeddable":true,"href":"https:\/\/dogan-otomotiv.com\/index.php\/wp-json\/wp\/v2\/comments?post=772"}],"wp:featuredmedia":[{"embeddable":true,"href":"https:\/\/dogan-otomotiv.com\/index.php\/wp-json\/wp\/v2\/media\/11409"}],"wp:attachment":[{"href":"https:\/\/dogan-otomotiv.com\/index.php\/wp-json\/wp\/v2\/media?parent=772"}],"wp:term":[{"taxonomy":"product_cat","embeddable":true,"href":"https:\/\/dogan-otomotiv.com\/index.php\/wp-json\/wp\/v2\/product_cat?post=772"},{"taxonomy":"product_tag","embeddable":true,"href":"https:\/\/dogan-otomotiv.com\/index.php\/wp-json\/wp\/v2\/product_tag?post=772"}],"curies":[{"name":"wp","href":"https:\/\/api.w.org\/{rel}","templated":true}]}}