{"id":7644,"date":"2021-08-11T09:04:02","date_gmt":"2021-08-11T09:04:02","guid":{"rendered":"https:\/\/dogan-otomotiv.com\/?post_type=product&#038;p=7644"},"modified":"2023-02-21T07:48:27","modified_gmt":"2023-02-21T07:48:27","slug":"7700875701-bobin-renault-logan-megane-clio-kangoo-1-2-1-6-96","status":"publish","type":"product","link":"https:\/\/dogan-otomotiv.com\/index.php\/urun\/7700875701-bobin-renault-logan-megane-clio-kangoo-1-2-1-6-96\/","title":{"rendered":"7700875701 BOB\u0130N Renault Logan\/Megane\/Clio\/Kangoo 1.2-1.6 96,"},"content":{"rendered":"<p>DO\u011eAN OTOMOT\u0130V YEDEK PAR\u00c7A<br \/>\nLTD \u015eT\u0130 \u0130VED\u0130K ORGAN\u0130ZE SAN 1471 SOKAK 91-A OST\u0130M ANKARA<br \/>\nSEM\u0130H SAVA\u015e\u00c7I (312) 395 20 95<br \/>\n0533 322 16 09<br \/>\nMUSTAFA SAVA\u015e\u00c7I<br \/>\n0 (312) 395 20 95<br \/>\nIBAN NO: TR 54 0011 1000 0000 0098 3516 19<br \/>\nF\u0130NANSBANK ENPARA<br \/>\n\u015eUBE KODU: 03663<br \/>\nHESAP NO: 98351619<\/p>\n<p>ONL\u0130NE SATI\u015eIMIZ YOKTUR<\/p>\n<p>NOT 5 G\u00dcN \u0130\u00c7ER\u0130S\u0130NDE \u0130YADES\u0130 OLMAYAN MAZEME GER\u0130 ALINMAZ<br \/>\nPaket i\u00e7eri\u011fi: 1 Adet<br \/>\nSATI\u015e F\u0130YATI KDV DAH\u0130L pe\u015fin fiyat\u0131d\u0131r<br \/>\nSAAT 18:00 KADAR VER\u0130LEN \u015e\u0130PAR\u0130\u015e AYNI G\u00dcN KARGO \u0130LE G\u00d6NDER\u0130M\u0130 YAPILIR.<br \/>\nKARGO \u0130ADES\u0130 DURUMUNDA .<br \/>\nKARGO \u00dcCRET\u0130 M\u00dc\u015eTER\u0130YE A\u0130TT\u0130R. AYRICA KARGODA KIRILAN PAR\u00c7ALARDAN SORUMLU DEY\u0130L\u0130Z<\/p>\n<p>27\/11\/2014 tarih ve 29188 say\u0131l\u0131 resmi gazetede yay\u0131mlanan mesafeli sat\u0131\u015flar y\u00f6netmeli\u011finin 15. maddesinde cayma hakk\u0131n\u0131n istisnalar\u0131 belirtilmi\u015ftir. \u0130lgili maddenin a bendinde &#8220;fiyat\u0131 finansal piyasalardaki dalgalanmalara ba\u011fl\u0131 olarak de\u011fi\u015fen ve sat\u0131c\u0131 veya sa\u011flay\u0131c\u0131n\u0131n kontrol\u00fcnde olmayan mal veya hizmetlere ili\u015fkin s\u00f6zle\u015fmeler&#8221; cayma hakk\u0131ndan istisna edilmi\u015ftir. \u00dcr\u00fcnlerimiz ithal \u00fcr\u00fcnler olup fiyatlar\u0131 g\u00fcnl\u00fck usd kurlar\u0131 kullan\u0131larak tl kar\u015f\u0131l\u0131\u011f\u0131na \u00e7evrilmesiyle hesaplanmaktad\u0131r. Fiyatlar kurdaki de\u011fi\u015fmeler ba\u011fl\u0131 olarak g\u00fcnl\u00fck olarak de\u011fi\u015fmektedir. Bu nedenle y\u00f6netmeli\u011fin 15. Md\/a bendi gere\u011fi cayma hakk\u0131ndan m\u00fcstesnad\u0131r. M\u00fc\u015fterilerimiz sipari\u015f \u00f6ncesinde bu konu hakk\u0131nda \u00f6n bilgilendirme yap\u0131ld\u0131\u011f\u0131n\u0131 kabul eder.<\/p>\n","protected":false},"excerpt":{"rendered":"<p>7700875701 BOB\u0130N Renault Logan\/Megane\/Clio\/Kangoo 1.2-1.6 96<\/p>\n<p>RENAULT Clio III Grandtour (Yap\u0131m Y\u0131l\u0131 02.2008 &#8211; 12.2012, 101 &#8211; 103 PS, Benzin)<br \/>\nRENAULT Clio II Hatchback (BB, CB) (Yap\u0131m Y\u0131l\u0131 09.1998 &#8211; 02.2010, 54 &#8211; 169 PS, Benzin, Petrol\/Petrol Gaz\u0131 (LPG))<br \/>\nRENAULT Clio II Van (Yap\u0131m Y\u0131l\u0131 09.1998 &#8211; &#8230;, 58 &#8211; 60 PS, Benzin)<br \/>\nRENAULT Clio III Hatchback (BR0\/1, CR0\/1) (Yap\u0131m Y\u0131l\u0131 06.2006 &#8211; 12.2014, 58 &#8211; 103 PS, Benzin)<br \/>\nRENAULT Clio III Van (SB_, SR_) (Yap\u0131m Y\u0131l\u0131 11.2007 &#8211; 12.2011, 101 PS, Benzin)<br \/>\nRENAULT Kangoo I (KC) (Yap\u0131m Y\u0131l\u0131 08.1997 &#8211; &#8230;, 58 &#8211; 90 PS, Benzin)<br \/>\nRENAULT Kangoo II \/ Grand Kangoo (KW) (Yap\u0131m Y\u0131l\u0131 02.2008 &#8211; &#8230;, 87 PS, Benzin)<br \/>\nRENAULT Kangoo I Express (FC) (Yap\u0131m Y\u0131l\u0131 08.1997 &#8211; &#8230;, 58 &#8211; 90 PS, Benzin, Petrol\/Petrol Gaz\u0131 (LPG))<br \/>\nRENAULT Kangoo II Express (FW) (Yap\u0131m Y\u0131l\u0131 02.2008 &#8211; &#8230;, 87 PS, Benzin)<br \/>\nRENAULT Logan \/ Stepway II Sedan (L8_) (Yap\u0131m Y\u0131l\u0131 04.2014 &#8211; &#8230;, 82 PS, Benzin)<br \/>\nRENAULT Logan Express (US_) (Yap\u0131m Y\u0131l\u0131 04.2007 &#8211; &#8230;, 87 PS, Benzin)<br \/>\nRENAULT Logan I Sedan (Yap\u0131m Y\u0131l\u0131 09.2004 &#8211; &#8230;, 75 &#8211; 87 PS, Benzin)<br \/>\nRENAULT Logan I Estate (KS) (Yap\u0131m Y\u0131l\u0131 04.2007 &#8211; &#8230;, 75 &#8211; 87 PS, Petrol)<br \/>\nRENAULT Megane I Hatchback (BA) (Yap\u0131m Y\u0131l\u0131 08.1995 &#8211; 08.2003, 75 &#8211; 90 PS, Benzin, Petrol\/Petrol Gaz\u0131 (LPG))<br \/>\nRENAULT Megane I Cabrio (EA) (Yap\u0131m Y\u0131l\u0131 10.1996 &#8211; 08.2003, 90 &#8211; 140 PS, Benzin)<br \/>\nRENAULT Megane I Classic (LA) (Yap\u0131m Y\u0131l\u0131 09.1996 &#8211; 08.2003, 75 &#8211; 90 PS, Benzin)<br \/>\nRENAULT Megane I Coach (DA) (Yap\u0131m Y\u0131l\u0131 03.1996 &#8211; 08.2003, 90 &#8211; 140 PS, Benzin)<br \/>\nRENAULT Megane I Grandtour (KA) (Yap\u0131m Y\u0131l\u0131 03.1999 &#8211; 08.2003, 75 &#8211; 90 PS, Benzin)<br \/>\nRENAULT Megane Scenic (JA) (Yap\u0131m Y\u0131l\u0131 10.1996 &#8211; 10.1999, 75 &#8211; 90 PS, Benzin)<br \/>\nRENAULT Modus \/ Grand Modus (F, JP) (Yap\u0131m Y\u0131l\u0131 12.2004 &#8211; &#8230;, 78 &#8211; 112 PS, Benzin)<br \/>\nRENAULT Sandero \/ Stepway I (BS_) (Yap\u0131m Y\u0131l\u0131 12.2007 &#8211; &#8230;, 75 &#8211; 102 PS, Benzin)<br \/>\nRENAULT Symbol \/ Thalia I (LB) (Yap\u0131m Y\u0131l\u0131 03.1998 &#8211; &#8230;, 75 &#8211; 90 PS, Benzin)<br \/>\nRENAULT Symbol \/ Thalia II (Yap\u0131m Y\u0131l\u0131 09.2008 &#8211; 06.2014, 75 PS, Benzin)<br \/>\nRENAULT Twingo I Hatchback (Yap\u0131m Y\u0131l\u0131 05.1996 &#8211; 06.2007, 54 &#8211; 75 PS, Benzin, Petrol\/Petrol Gaz\u0131 (LPG))<br \/>\nRENAULT Twingo I Van (Yap\u0131m Y\u0131l\u0131 05.1996 &#8211; 08.2004, 58 PS, Benzin)<br \/>\nRENAULT Twingo II Hatchback (Yap\u0131m Y\u0131l\u0131 03.2007 &#8211; &#8230;, 58 &#8211; 102 PS, Benzin)<br \/>\nRENAULT Wind (Yap\u0131m Y\u0131l\u0131 07.2010 &#8211; &#8230;, 101 &#8211; 102 PS, Benzin)<\/p>\n<p>MAZDA 626 V Hatchback (GF) (Yap\u0131m Y\u0131l\u0131 02.1998 &#8211; 10.2002, 136 PS, Benzin)<br \/>\n2.0 HP, Yap\u0131m Y\u0131l\u0131 02.1998 &#8211; 10.2002, 1991 ccm, 136 PS<br \/>\n2.0 HP, Yap\u0131m Y\u0131l\u0131 02.1998 &#8211; 10.2002, 1991 ccm, 136 PS<\/p>\n<p>DACIA Dokker Estate (KE_) (Yap\u0131m Y\u0131l\u0131 11.2012 &#8211; &#8230;, 83 PS, Benzin, Petrol\/Petrol Gaz\u0131 (LPG))<br \/>\nDACIA Dokker Express (Yap\u0131m Y\u0131l\u0131 12.2012 &#8211; &#8230;, 83 PS, Benzin, Petrol\/Petrol Gaz\u0131 (LPG))<br \/>\nDACIA Lodgy (JS_) (Yap\u0131m Y\u0131l\u0131 03.2012 &#8211; &#8230;, 83 PS, Benzin, Petrol\/Petrol Gaz\u0131 (LPG))<br \/>\nDACIA Logan I Sedan (LS) (Yap\u0131m Y\u0131l\u0131 09.2004 &#8211; &#8230;, 75 &#8211; 87 PS, Benzin, Petrol\/Petrol Gaz\u0131 (LPG))<br \/>\nDACIA Logan I Express (FS) (Yap\u0131m Y\u0131l\u0131 03.2009 &#8211; &#8230;, 75 &#8211; 87 PS, Benzin)<br \/>\nDACIA Logan I MCV (KS) (Yap\u0131m Y\u0131l\u0131 02.2007 &#8211; &#8230;, 75 &#8211; 87 PS, Benzin, Petrol\/Petrol Gaz\u0131 (LPG))<br \/>\nDACIA Logan II MCV (L8) (Yap\u0131m Y\u0131l\u0131 06.2013 &#8211; &#8230;, 84 PS, Benzin)<br \/>\nDACIA Logan I Pickup (ABD) (Yap\u0131m Y\u0131l\u0131 03.2008 &#8211; &#8230;, 75 &#8211; 87 PS, Benzin, Petrol\/Petrol Gaz\u0131 (LPG))<br \/>\nDACIA Sandero I (SD) (Yap\u0131m Y\u0131l\u0131 06.2008 &#8211; &#8230;, 72 &#8211; 87 PS, Benzin, Petrol\/Etanol, Petrol\/Petrol Gaz\u0131 (LPG))<br \/>\n1.4, Yap\u0131m Y\u0131l\u0131 06.2008 &#8211; &#8230;, 1390 ccm, 75 PS<br \/>\n1.4 MPI LPG, Yap\u0131m Y\u0131l\u0131 01.2009 &#8211; &#8230;, 1390 ccm, 72 PS<br \/>\n1.6, Yap\u0131m Y\u0131l\u0131 06.2008 &#8211; &#8230;, 1598 ccm, 87 PS<br \/>\n1.6 Hi-Flex (BS1H), Yap\u0131m Y\u0131l\u0131 06.2008 &#8211; 12.2012, 1598 ccm, 87 PS<br \/>\n1.6 LPG, Yap\u0131m Y\u0131l\u0131 05.2010 &#8211; 10.2012, 1598 ccm, 84 PS<br \/>\n1.6 LPG (BS03), Yap\u0131m Y\u0131l\u0131 01.2011 &#8211; 12.2012, 1598 ccm, 82 PS<br \/>\n1.6 MPI 85, Yap\u0131m Y\u0131l\u0131 05.2010 &#8211; &#8230;, 1598 ccm, 84 PS<br \/>\nDACIA Solenza (B41_) (Yap\u0131m Y\u0131l\u0131 02.2003 &#8211; &#8230;, 75 PS, Benzin)<\/p>\n","protected":false},"featured_media":12081,"comment_status":"open","ping_status":"closed","template":"","meta":{"_joinchat":[]},"product_cat":[18],"product_tag":[8771,5293],"class_list":{"0":"post-7644","1":"product","2":"type-product","3":"status-publish","4":"has-post-thumbnail","6":"product_cat-renault","7":"product_tag-8771","8":"product_tag-7700875701-bobin-renault-logan-megane-clio-kangoo-1-2-1-6-96","10":"first","11":"instock","12":"sale","13":"shipping-taxable","14":"purchasable","15":"product-type-simple"},"_links":{"self":[{"href":"https:\/\/dogan-otomotiv.com\/index.php\/wp-json\/wp\/v2\/product\/7644","targetHints":{"allow":["GET"]}}],"collection":[{"href":"https:\/\/dogan-otomotiv.com\/index.php\/wp-json\/wp\/v2\/product"}],"about":[{"href":"https:\/\/dogan-otomotiv.com\/index.php\/wp-json\/wp\/v2\/types\/product"}],"replies":[{"embeddable":true,"href":"https:\/\/dogan-otomotiv.com\/index.php\/wp-json\/wp\/v2\/comments?post=7644"}],"wp:featuredmedia":[{"embeddable":true,"href":"https:\/\/dogan-otomotiv.com\/index.php\/wp-json\/wp\/v2\/media\/12081"}],"wp:attachment":[{"href":"https:\/\/dogan-otomotiv.com\/index.php\/wp-json\/wp\/v2\/media?parent=7644"}],"wp:term":[{"taxonomy":"product_cat","embeddable":true,"href":"https:\/\/dogan-otomotiv.com\/index.php\/wp-json\/wp\/v2\/product_cat?post=7644"},{"taxonomy":"product_tag","embeddable":true,"href":"https:\/\/dogan-otomotiv.com\/index.php\/wp-json\/wp\/v2\/product_tag?post=7644"}],"curies":[{"name":"wp","href":"https:\/\/api.w.org\/{rel}","templated":true}]}}