{"id":7630,"date":"2021-08-10T13:17:53","date_gmt":"2021-08-10T13:17:53","guid":{"rendered":"https:\/\/dogan-otomotiv.com\/?post_type=product&#038;p=7630"},"modified":"2023-02-20T08:50:00","modified_gmt":"2023-02-20T08:50:00","slug":"0221122327-bobin-saab-900-2-0l-8-16-ventil-turbo-2-1l-1981-1994","status":"publish","type":"product","link":"https:\/\/dogan-otomotiv.com\/index.php\/urun\/0221122327-bobin-saab-900-2-0l-8-16-ventil-turbo-2-1l-1981-1994\/","title":{"rendered":"0221122327 BOB\u0130N Saab 900 2.0L 8 -16 Ventil Turbo 2.1L 1981-1994"},"content":{"rendered":"<p>0221122327 BOB\u0130N Saab 900 2.0L 8 -16 Ventil Turbo 2.1L 1981-1994<\/p>\n<p>OEN 0060513069 \u2014 ALFA ROMEO<br \/>\nOEN 0060534211 \u2014 ALFA ROMEO<br \/>\nOEN 0060537610 \u2014 ALFA ROMEO<br \/>\nOEN 0060568851 \u2014 ALFA ROMEO<br \/>\nOEN 0060576437 \u2014 ALFA ROMEO<br \/>\nOEN 0060590027 \u2014 ALFA ROMEO<br \/>\nOEN 0060590029 \u2014 ALFA ROMEO<br \/>\nOEN 19500.65079.00 \u2014 ALFA ROMEO<br \/>\nOEN 60513069 \u2014 ALFA ROMEO<br \/>\nOEN 60534211 \u2014 ALFA ROMEO<br \/>\nOEN 60537610 \u2014 ALFA ROMEO<br \/>\nOEN 60568851 \u2014 ALFA ROMEO<br \/>\nOEN 60576437 \u2014 ALFA ROMEO<br \/>\nOEN 60590027 \u2014 ALFA ROMEO<br \/>\nOEN 60590029 \u2014 ALFA ROMEO<br \/>\nOEN 211905115B \u2014 AUDI<br \/>\nOEN 12 13 1 363 629 \u2014 BMW<br \/>\nOEN 5970-35 \u2014 CITRO\u00cbN<br \/>\nOEN 91535633 \u2014 CITRO\u00cbN<br \/>\nOEN DBC1140 \u2014 DAIMLER<br \/>\nOEN 0060513069 \u2014 FIAT<br \/>\nOEN 60513069 \u2014 FIAT<br \/>\nOEN 7701479027 \u2014 FIAT<br \/>\nOEN 91535633 \u2014 FIAT<br \/>\nOEN 9751739080 \u2014 FIAT<br \/>\nOEN 1027283 \u2014 FORD<br \/>\nOEN 6077429 \u2014 FORD<br \/>\nOEN 27310-21020 \u2014 HYUNDAI<br \/>\nOEN C30120 \u2014 JAGUAR<br \/>\nOEN DAC3001 \u2014 JAGUAR<br \/>\nOEN DAC3795 \u2014 JAGUAR<br \/>\nOEN DBC1140 \u2014 JAGUAR<br \/>\nOEN 2108-3705010 \u2014 LADA<br \/>\nOEN PRC6574 \u2014 LAND ROVER<br \/>\nOEN RTC5628 \u2014 LAND ROVER<br \/>\nOEN ADU6717EVA \u2014 LEYLAND<br \/>\nOEN GCL143 \u2014 LEYLAND<br \/>\nOEN 0001584003 \u2014 MERCEDES-BENZ<br \/>\nOEN 1584003 \u2014 MERCEDES-BENZ<br \/>\nOEN ADU6717EVA \u2014 MORGAN<br \/>\nOEN GCL141 \u2014 MORGAN<br \/>\nOEN RTC5628 \u2014 MORGAN<br \/>\nOEN 5970-34 \u2014 PEUGEOT<br \/>\nOEN 5970-35 \u2014 PEUGEOT<br \/>\nOEN ADU6717EVA \u2014 ROVER<br \/>\nOEN GCL137 \u2014 ROVER<br \/>\nOEN GCL138 \u2014 ROVER<br \/>\nOEN GCL139 \u2014 ROVER<br \/>\nOEN GCL141 \u2014 ROVER<br \/>\nOEN GCL143 \u2014 ROVER<br \/>\nOEN GCL170 \u2014 ROVER<br \/>\nOEN 8573834 \u2014 SAAB<br \/>\nOEN 5970-34 \u2014 TALBOT<br \/>\nOEN 5970-35 \u2014 TALBOT<br \/>\nOEN 1317810.8 \u2014 VOLVO<br \/>\nOEN 211905115B \u2014 VW<\/p>\n","protected":false},"excerpt":{"rendered":"<p>AYRICA G\u00dcN \u0130\u00c7ER\u0130S\u0130NDE OTOB\u00dcS \u0130LE KARGO VER\u0130L\u0130R<br \/>\nDO\u011eAN OTOMOT\u0130V YEDEK PAR\u00c7A<br \/>\nLTD \u015eT\u0130 \u0130VED\u0130K ORGAN\u0130ZE SAN 1471 SOKAK 91-A OST\u0130M ANKARA<br \/>\nSEM\u0130H SAVA\u015e\u00c7I (312) 395 20 95<br \/>\n0533 322 16 09<br \/>\nMUSTAFA SAVA\u015e\u00c7I<br \/>\n0 (312) 395 20 95<br \/>\nIBAN NO: TR 54 0011 1000 0000 0098 3516 19<br \/>\nF\u0130NANSBANK ENPARA<br \/>\n\u015eUBE KODU: 03663<br \/>\nHESAP NO: 98351619<br \/>\nPaket i\u00e7eri\u011fi: 1 Adet<br \/>\nSATI\u015e F\u0130YATI KDV DAH\u0130L pe\u015fin fiyat\u0131d\u0131r<br \/>\nSAAT 18:00 KADAR VER\u0130LEN \u015e\u0130PAR\u0130\u015e AYNI G\u00dcN KARGO \u0130LE G\u00d6NDER\u0130M\u0130 YAPILIR.<br \/>\nKARGO \u0130ADES\u0130 DURUMUNDA .<br \/>\nKARGO \u00dcCRET\u0130 M\u00dc\u015eTER\u0130YE A\u0130TT\u0130R. AYRICA KARGODA KIRILAN PAR\u00c7ALARDAN SORUMLU DEY\u0130L\u0130Z<\/p>\n<p>27\/11\/2014 tarih ve 29188 say\u0131l\u0131 resmi gazetede yay\u0131mlanan mesafeli sat\u0131\u015flar y\u00f6netmeli\u011finin 15. maddesinde cayma hakk\u0131n\u0131n istisnalar\u0131 belirtilmi\u015ftir. \u0130lgili maddenin a bendinde &#8220;fiyat\u0131 finansal piyasalardaki dalgalanmalara ba\u011fl\u0131 olarak de\u011fi\u015fen ve sat\u0131c\u0131 veya sa\u011flay\u0131c\u0131n\u0131n kontrol\u00fcnde olmayan mal veya hizmetlere ili\u015fkin s\u00f6zle\u015fmeler&#8221; cayma hakk\u0131ndan istisna edilmi\u015ftir. \u00dcr\u00fcnlerimiz ithal \u00fcr\u00fcnler olup fiyatlar\u0131 g\u00fcnl\u00fck usd kurlar\u0131 kullan\u0131larak tl kar\u015f\u0131l\u0131\u011f\u0131na \u00e7evrilmesiyle hesaplanmaktad\u0131r. Fiyatlar kurdaki de\u011fi\u015fmeler ba\u011fl\u0131 olarak g\u00fcnl\u00fck olarak de\u011fi\u015fmektedir. Bu nedenle y\u00f6netmeli\u011fin 15. Md\/a bendi gere\u011fi cayma hakk\u0131ndan m\u00fcstesnad\u0131r. M\u00fc\u015fterilerimiz sipari\u015f \u00f6ncesinde bu konu hakk\u0131nda \u00f6n bilgilendirme yap\u0131ld\u0131\u011f\u0131n\u0131 kabul eder.<\/p>\n","protected":false},"featured_media":7631,"comment_status":"open","ping_status":"closed","template":"","meta":{"_joinchat":[]},"product_cat":[2204],"product_tag":[5285],"class_list":{"0":"post-7630","1":"product","2":"type-product","3":"status-publish","4":"has-post-thumbnail","6":"product_cat-citroen","7":"product_tag-0221122327-bobin-saab-900-2-0l-8-16-ventil-turbo-2-1l-1981-1994","9":"first","10":"instock","11":"sale","12":"shipping-taxable","13":"purchasable","14":"product-type-simple"},"_links":{"self":[{"href":"https:\/\/dogan-otomotiv.com\/index.php\/wp-json\/wp\/v2\/product\/7630","targetHints":{"allow":["GET"]}}],"collection":[{"href":"https:\/\/dogan-otomotiv.com\/index.php\/wp-json\/wp\/v2\/product"}],"about":[{"href":"https:\/\/dogan-otomotiv.com\/index.php\/wp-json\/wp\/v2\/types\/product"}],"replies":[{"embeddable":true,"href":"https:\/\/dogan-otomotiv.com\/index.php\/wp-json\/wp\/v2\/comments?post=7630"}],"wp:featuredmedia":[{"embeddable":true,"href":"https:\/\/dogan-otomotiv.com\/index.php\/wp-json\/wp\/v2\/media\/7631"}],"wp:attachment":[{"href":"https:\/\/dogan-otomotiv.com\/index.php\/wp-json\/wp\/v2\/media?parent=7630"}],"wp:term":[{"taxonomy":"product_cat","embeddable":true,"href":"https:\/\/dogan-otomotiv.com\/index.php\/wp-json\/wp\/v2\/product_cat?post=7630"},{"taxonomy":"product_tag","embeddable":true,"href":"https:\/\/dogan-otomotiv.com\/index.php\/wp-json\/wp\/v2\/product_tag?post=7630"}],"curies":[{"name":"wp","href":"https:\/\/api.w.org\/{rel}","templated":true}]}}