{"id":760,"date":"2020-04-03T14:08:51","date_gmt":"2020-04-03T14:08:51","guid":{"rendered":"https:\/\/dogan-otomotiv.com\/?post_type=product&#038;p=760"},"modified":"2023-06-16T10:02:19","modified_gmt":"2023-06-16T10:02:19","slug":"03l129711af-emme-manifoldu-20-tdi-audi-a4-08-16-a5","status":"publish","type":"product","link":"https:\/\/dogan-otomotiv.com\/index.php\/urun\/03l129711af-emme-manifoldu-20-tdi-audi-a4-08-16-a5\/","title":{"rendered":"03L129711AF EMME MAN\u0130FOLDU 2,0 TDI AUDI A4 08-16 A5"},"content":{"rendered":"<p>03L129711AF EMME MAN\u0130FOLDU 2,0 TDI AUDI A4 08-16 A5 12-17<\/p>\n<p>Audi A1<br \/>\nAudi A3<br \/>\nAudi A4<br \/>\nAudi A5<br \/>\nAudi A6<br \/>\nAudi A7<br \/>\nAudi A8<br \/>\nAudi TT<br \/>\nAudi Q2<br \/>\nAudi Q3<br \/>\nAudi Q5<br \/>\nAudi Q7<br \/>\nVW Polo<br \/>\nVW Golf<br \/>\nVW Jetta<br \/>\nVW Scirocco<br \/>\nVW Eos<br \/>\nVW Touran<br \/>\nVW Sharan<br \/>\nVW Caddy<br \/>\nVW Passat<br \/>\nVW Passat CC<br \/>\nVW Arteon<br \/>\nVW Transporter<br \/>\nVW T-Roc<br \/>\nVW Amarok<br \/>\nVW Touareg<br \/>\nVW Tiguan<\/p>\n","protected":false},"excerpt":{"rendered":"<p>DO\u011eAN OTOMOT\u0130V YEDEK PAR\u00c7A<br \/>\nLTD \u015eT\u0130 \u0130VED\u0130K ORGAN\u0130ZE SAN 1471 SOKAK 91-A OST\u0130M ANKARA<br \/>\nSEM\u0130H SAVA\u015e\u00c7I (312) 395 20 95<br \/>\n0533 322 16 09<\/p>\n<p>MUSTAFA SAVA\u015e\u00c7I<br \/>\n0 (312) 395 20 95<br \/>\nIBAN NO: TR 54 0011 1000 0000 0098 3516 19<br \/>\nF\u0130NANSBANK ENPARA<br \/>\n\u015eUBE KODU: 03663<br \/>\nHESAP NO: 98351619<\/p>\n<p>Paket i\u00e7eri\u011fi: 1 Adet<br \/>\nSATI\u015e F\u0130YATI KDV DAH\u0130L pe\u015fin fiyat\u0131d\u0131r<\/p>\n<p>SAAT 18:00 KADAR VER\u0130LEN \u015e\u0130PAR\u0130\u015e AYNI G\u00dcN KARGO \u0130LE G\u00d6NDER\u0130M\u0130 YAPILIR.<br \/>\nKARGO \u0130ADES\u0130 DURUMUNDA<br \/>\nKARGO \u00dcCRET\u0130 M\u00dc\u015eTER\u0130YE A\u0130TT\u0130R. AYRICA KARGODA KIRILAN PAR\u00c7ALARDAN SORUMLU DEY\u0130L\u0130Z<\/p>\n","protected":false},"featured_media":13399,"comment_status":"open","ping_status":"closed","template":"","meta":{"_joinchat":[]},"product_cat":[15,24,19,20],"product_tag":[417,418,416],"class_list":{"0":"post-760","1":"product","2":"type-product","3":"status-publish","4":"has-post-thumbnail","6":"product_cat-volkswagen","7":"product_cat-audi","8":"product_cat-seat","9":"product_cat-skoda","10":"product_tag-0-tdi-audi-a4-08-16-a5","11":"product_tag-03l129711af","12":"product_tag-03l129711af-emme-manifoldu-2","14":"first","15":"instock","16":"sale","17":"shipping-taxable","18":"purchasable","19":"product-type-simple"},"_links":{"self":[{"href":"https:\/\/dogan-otomotiv.com\/index.php\/wp-json\/wp\/v2\/product\/760","targetHints":{"allow":["GET"]}}],"collection":[{"href":"https:\/\/dogan-otomotiv.com\/index.php\/wp-json\/wp\/v2\/product"}],"about":[{"href":"https:\/\/dogan-otomotiv.com\/index.php\/wp-json\/wp\/v2\/types\/product"}],"replies":[{"embeddable":true,"href":"https:\/\/dogan-otomotiv.com\/index.php\/wp-json\/wp\/v2\/comments?post=760"}],"wp:featuredmedia":[{"embeddable":true,"href":"https:\/\/dogan-otomotiv.com\/index.php\/wp-json\/wp\/v2\/media\/13399"}],"wp:attachment":[{"href":"https:\/\/dogan-otomotiv.com\/index.php\/wp-json\/wp\/v2\/media?parent=760"}],"wp:term":[{"taxonomy":"product_cat","embeddable":true,"href":"https:\/\/dogan-otomotiv.com\/index.php\/wp-json\/wp\/v2\/product_cat?post=760"},{"taxonomy":"product_tag","embeddable":true,"href":"https:\/\/dogan-otomotiv.com\/index.php\/wp-json\/wp\/v2\/product_tag?post=760"}],"curies":[{"name":"wp","href":"https:\/\/api.w.org\/{rel}","templated":true}]}}