{"id":7292,"date":"2021-07-23T06:02:33","date_gmt":"2021-07-23T06:02:33","guid":{"rendered":"https:\/\/dogan-otomotiv.com\/?post_type=product&#038;p=7292"},"modified":"2025-09-02T11:52:10","modified_gmt":"2025-09-02T11:52:10","slug":"0280140501-rolanti-hava-kontrol-valfi-7401317057","status":"publish","type":"product","link":"https:\/\/dogan-otomotiv.com\/index.php\/urun\/0280140501-rolanti-hava-kontrol-valfi-7401317057\/","title":{"rendered":"0280140501 R\u00f6lanti Hava Kontrol Valfi 7401317057"},"content":{"rendered":"<p>ALFA Romeo Citroen Lancia Renault P orsche:<\/p>\n<p>VOLVO # 1389618, 240244245740, 240 244 245 740, 0 280 140 516, 0280140516, 89, 90, 91, 92, 93, 94, 95, 1989, 1990, 1991, 1992, 1993, 1994, 1995, VOLVO, BOSCH<\/p>\n<p>OEN 60574613 \u2014 ALFA ROMEO<br \/>\nOEN 7401317957 \u2014 ALFA ROMEO<br \/>\nOEN 13631707378 \u2014 BMW<br \/>\nOEN 1707378 \u2014 BMW<br \/>\nOEN 1628E0 \u2014 CITRO\u00cbN<br \/>\nOEN 616960 \u2014 CITRO\u00cbN<br \/>\nOEN 91541077 \u2014 CITRO\u00cbN<br \/>\nOEN 1628E0 \u2014 CITRO\u00cbN\/PEUGEOT<br \/>\nOEN 616960 \u2014 CITRO\u00cbN\/PEUGEOT<br \/>\nOEN 91541077 \u2014 CITRO\u00cbN\/PEUGEOT<br \/>\nOEN 3411388 \u2014 FIAT<br \/>\nOEN 60574613 \u2014 FIAT<br \/>\nOEN 7104317957 \u2014 FIAT<br \/>\nOEN 7401317957 \u2014 FIAT<br \/>\nOEN 60574613 \u2014 LANCIA<br \/>\nOEN 7401317957 \u2014 LANCIA<br \/>\nOEN 1628E0 \u2014 PEUGEOT<br \/>\nOEN 616960 \u2014 PEUGEOT<br \/>\nOEN 61696000 \u2014 PEUGEOT<br \/>\nOEN 91541077 \u2014 PEUGEOT<br \/>\nOEN 9306061600 \u2014 PORSCHE<br \/>\nOEN 93060616100 \u2014 PORSCHE<br \/>\nOEN 95109311002 \u2014 PORSCHE<br \/>\nOEN 7401317057 \u2014 RENAULT<br \/>\nOEN 7401317957 \u2014 RENAULT<br \/>\nOEN 7700267289 \u2014 RENAULT<br \/>\nOEN 14767 \u2014 STANDARD AUTOMOBILE<br \/>\nOEN EIC065 \u2014 STANDARD AUTOMOBILE<br \/>\nOEN IAV036 \u2014 STANDARD AUTOMOBILE<br \/>\nOEN 1317957 \u2014 VOLVO<br \/>\nOEN 3411388 \u2014 VOLVO<\/p>\n<p>Renault Espace 1995<\/p>\n","protected":false},"excerpt":{"rendered":"<p>AYRICA G\u00dcN \u0130\u00c7ER\u0130S\u0130NDE OTOB\u00dcS \u0130LE KARGO VER\u0130L\u0130R<\/p>\n<p>DO\u011eAN OTOMOT\u0130V YEDEK PAR\u00c7A<\/p>\n<p>LTD \u015eT\u0130 \u0130VED\u0130K ORGAN\u0130ZE SAN 1471 SOKAK 91-A OST\u0130M ANKARA<br \/>\nSEM\u0130H SAVA\u015e\u00c7I (312) 395 20 95<br \/>\n0533 322 16 09<\/p>\n<p>MUSTAFA SAVA\u015e\u00c7I<br \/>\n0 (312) 395 20 95<br \/>\nIBAN NO: TR 54 0011 1000 0000 0098 3516 19<br \/>\nF\u0130NANSBANK ENPARA<br \/>\n\u015eUBE KODU: 03663<br \/>\nHESAP NO: 98351619<\/p>\n<p>Paket i\u00e7eri\u011fi: 1 Adet<br \/>\nSATI\u015e F\u0130YATI KDV DAH\u0130L pe\u015fin fiyat\u0131d\u0131r<\/p>\n<p>SAAT 18:00 KADAR VER\u0130LEN \u015e\u0130PAR\u0130\u015e AYNI G\u00dcN KARGO \u0130LE G\u00d6NDER\u0130M\u0130 YAPILIR.<br \/>\nKARGO \u0130ADES\u0130 DURUMUNDA .<br \/>\nKARGO \u00dcCRET\u0130 M\u00dc\u015eTER\u0130YE A\u0130TT\u0130R. AYRICA KARGODA KIRILAN PAR\u00c7ALARDAN SORUMLU DEY\u0130L\u0130Z<\/p>\n<p>27\/11\/2014 tarih ve 29188 say\u0131l\u0131 resmi gazetede yay\u0131mlanan mesafeli sat\u0131\u015flar y\u00f6netmeli\u011finin 15. maddesinde cayma hakk\u0131n\u0131n istisnalar\u0131 belirtilmi\u015ftir. \u0130lgili maddenin a bendinde &#8220;fiyat\u0131 finansal piyasalardaki dalgalanmalara ba\u011fl\u0131 olarak de\u011fi\u015fen ve sat\u0131c\u0131 veya sa\u011flay\u0131c\u0131n\u0131n kontrol\u00fcnde olmayan mal veya hizmetlere ili\u015fkin s\u00f6zle\u015fmeler&#8221; cayma hakk\u0131ndan istisna edilmi\u015ftir. \u00dcr\u00fcnlerimiz ithal \u00fcr\u00fcnler olup fiyatlar\u0131 g\u00fcnl\u00fck usd kurlar\u0131 kullan\u0131larak tl kar\u015f\u0131l\u0131\u011f\u0131na \u00e7evrilmesiyle hesaplanmaktad\u0131r. Fiyatlar kurdaki de\u011fi\u015fmeler ba\u011fl\u0131 olarak g\u00fcnl\u00fck olarak de\u011fi\u015fmektedir. Bu nedenle y\u00f6netmeli\u011fin 15. Md\/a bendi gere\u011fi cayma hakk\u0131ndan m\u00fcstesnad\u0131r. M\u00fc\u015fterilerimiz sipari\u015f \u00f6ncesinde bu konu hakk\u0131nda \u00f6n bilgilendirme yap\u0131ld\u0131\u011f\u0131n\u0131 kabul eder.<\/p>\n","protected":false},"featured_media":7293,"comment_status":"open","ping_status":"closed","template":"","meta":{"_joinchat":[]},"product_cat":[6216,22,536,17,18,157],"product_tag":[5124],"class_list":{"0":"post-7292","1":"product","2":"type-product","3":"status-publish","4":"has-post-thumbnail","6":"product_cat-alfa-romeo","7":"product_cat-bmw","8":"product_cat-fiat","9":"product_cat-peugeot","10":"product_cat-renault","11":"product_cat-volvo","12":"product_tag-0280140501-rolanti-hava-kontrol-valfi-7401317057","14":"first","15":"instock","16":"sale","17":"shipping-taxable","18":"purchasable","19":"product-type-simple"},"_links":{"self":[{"href":"https:\/\/dogan-otomotiv.com\/index.php\/wp-json\/wp\/v2\/product\/7292","targetHints":{"allow":["GET"]}}],"collection":[{"href":"https:\/\/dogan-otomotiv.com\/index.php\/wp-json\/wp\/v2\/product"}],"about":[{"href":"https:\/\/dogan-otomotiv.com\/index.php\/wp-json\/wp\/v2\/types\/product"}],"replies":[{"embeddable":true,"href":"https:\/\/dogan-otomotiv.com\/index.php\/wp-json\/wp\/v2\/comments?post=7292"}],"wp:featuredmedia":[{"embeddable":true,"href":"https:\/\/dogan-otomotiv.com\/index.php\/wp-json\/wp\/v2\/media\/7293"}],"wp:attachment":[{"href":"https:\/\/dogan-otomotiv.com\/index.php\/wp-json\/wp\/v2\/media?parent=7292"}],"wp:term":[{"taxonomy":"product_cat","embeddable":true,"href":"https:\/\/dogan-otomotiv.com\/index.php\/wp-json\/wp\/v2\/product_cat?post=7292"},{"taxonomy":"product_tag","embeddable":true,"href":"https:\/\/dogan-otomotiv.com\/index.php\/wp-json\/wp\/v2\/product_tag?post=7292"}],"curies":[{"name":"wp","href":"https:\/\/api.w.org\/{rel}","templated":true}]}}