{"id":7251,"date":"2021-07-15T10:15:48","date_gmt":"2021-07-15T10:15:48","guid":{"rendered":"https:\/\/dogan-otomotiv.com\/?post_type=product&#038;p=7251"},"modified":"2025-07-08T10:39:16","modified_gmt":"2025-07-08T10:39:16","slug":"036133062l-bogaz-kelebegi-14-polo-bby","status":"publish","type":"product","link":"https:\/\/dogan-otomotiv.com\/index.php\/urun\/036133062l-bogaz-kelebegi-14-polo-bby\/","title":{"rendered":"036133062L BO\u011eAZ KELEBE\u011e\u0130 1,4 POLO BBY"},"content":{"rendered":"<p>VW Bora Sedan (1J2) (Yap\u0131m Y\u0131l\u0131 03.2000 &#8211; 05.2005, 75 PS, Benzin)<br \/>\nVW Bora Varyant (1J6) (Yap\u0131m Y\u0131l\u0131 09.2001 &#8211; 05.2005, 75 PS, Benzin)<br \/>\nVW Caddy II Estate (9K9B) (Yap\u0131m Y\u0131l\u0131 08.2000 &#8211; 01.2004, 75 PS, Benzin)<br \/>\nVW Caddy II Van (9K9A) (Yap\u0131m Y\u0131l\u0131 08.2000 &#8211; 01.2004, 75 PS, Benzin)<br \/>\nVW Golf IV Hatchback (1J1) (Yap\u0131m Y\u0131l\u0131 08.1997 &#8211; 06.2005, 75 PS, Benzin)<br \/>\nVW Golf IV Varyant (1J5) (Yap\u0131m Y\u0131l\u0131 05.1999 &#8211; 06.2006, 75 PS, Benzin)<br \/>\nVW Golf Van IV Varyant (1J5) (Yap\u0131m Y\u0131l\u0131 05.2000 &#8211; 06.2006, 75 PS, Benzin)<br \/>\nVW Lupo \/ Lupo 3L (6X1, 6E1) (Yap\u0131m Y\u0131l\u0131 09.1998 &#8211; 07.2005, 75 PS, Benzin)<br \/>\nVW New Beetle Cabrio (1Y7) (Yap\u0131m Y\u0131l\u0131 01.2003 &#8211; 09.2010, 75 PS, Benzin)<br \/>\nVW New Beetle Hatchback (9C1, 1C1) (Yap\u0131m Y\u0131l\u0131 11.2001 &#8211; 09.2010, 75 PS, Benzin)<br \/>\nVW Polo III Hatchback (6N2) (Yap\u0131m Y\u0131l\u0131 10.1999 &#8211; 09.2001, 75 PS, Benzin)<br \/>\nVW Polo IV Hatchback (9N) (Yap\u0131m Y\u0131l\u0131 10.2001 &#8211; 07.2007, 54 &#8211; 64 PS, Benzin)<br \/>\nVW Polo III Classic (6V2) (Yap\u0131m Y\u0131l\u0131 10.1999 &#8211; 09.2001, 75 PS, Benzin)<br \/>\nVW Polo IV Sedan (9A4, 9A2, 9N2, 9A6) (Yap\u0131m Y\u0131l\u0131 07.2003 &#8211; 04.2012, 75 PS, Benzin)<br \/>\nVW Polo III Varyant (6V5) (Yap\u0131m Y\u0131l\u0131 10.1999 &#8211; 09.2001, 75 PS, Benzin)<\/p>\n","protected":false},"excerpt":{"rendered":"<p>DO\u011eAN OTOMOT\u0130V YEDEK PAR\u00c7A<br \/>\nLTD \u015eT\u0130 \u0130VED\u0130K ORGAN\u0130ZE SAN 1471 SOKAK 91-A OST\u0130M ANKARA<br \/>\nSEM\u0130H SAVA\u015e\u00c7I (312) 395 20 95<br \/>\n0533 322 16 09<\/p>\n<p>MUSTAFA SAVA\u015e\u00c7I<br \/>\n0 (312) 395 20 95<br \/>\nIBAN NO: TR 54 0011 1000 0000 0098 3516 19<br \/>\nF\u0130NANSBANK ENPARA<br \/>\n\u015eUBE KODU: 03663<br \/>\nHESAP NO: 98351619<\/p>\n<p>Paket i\u00e7eri\u011fi: 1 Adet<br \/>\nSATI\u015e F\u0130YATI KDV DAH\u0130L pe\u015fin fiyat\u0131d\u0131r<\/p>\n<p>SAAT 18:00 KADAR VER\u0130LEN \u015e\u0130PAR\u0130\u015e AYNI G\u00dcN KARGO \u0130LE G\u00d6NDER\u0130M\u0130 YAPILIR.<br \/>\nKARGO \u0130ADES\u0130 DURUMUNDA .<br \/>\nKARGO \u00dcCRET\u0130 M\u00dc\u015eTER\u0130YE A\u0130TT\u0130R. AYRICA KARGODA KIRILAN PAR\u00c7ALARDAN SORUMLU DEY\u0130L\u0130Z<\/p>\n<p>27\/11\/2014 tarih ve 29188 say\u0131l\u0131 resmi gazetede yay\u0131mlanan mesafeli sat\u0131\u015flar y\u00f6netmeli\u011finin 15. maddesinde cayma hakk\u0131n\u0131n istisnalar\u0131 belirtilmi\u015ftir. \u0130lgili maddenin a bendinde &#8220;fiyat\u0131 finansal piyasalardaki dalgalanmalara ba\u011fl\u0131 olarak de\u011fi\u015fen ve sat\u0131c\u0131 veya sa\u011flay\u0131c\u0131n\u0131n kontrol\u00fcnde olmayan mal veya hizmetlere ili\u015fkin s\u00f6zle\u015fmeler&#8221; cayma hakk\u0131ndan istisna edilmi\u015ftir. \u00dcr\u00fcnlerimiz ithal \u00fcr\u00fcnler olup fiyatlar\u0131 g\u00fcnl\u00fck usd kurlar\u0131 kullan\u0131larak tl kar\u015f\u0131l\u0131\u011f\u0131na \u00e7evrilmesiyle hesaplanmaktad\u0131r. Fiyatlar kurdaki de\u011fi\u015fmeler ba\u011fl\u0131 olarak g\u00fcnl\u00fck olarak de\u011fi\u015fmektedir. Bu nedenle y\u00f6netmeli\u011fin 15. Md\/a bendi gere\u011fi cayma hakk\u0131ndan m\u00fcstesnad\u0131r. M\u00fc\u015fterilerimiz sipari\u015f \u00f6ncesinde bu konu hakk\u0131nda \u00f6n bilgilendirme yap\u0131ld\u0131\u011f\u0131n\u0131 kabul eder.<\/p>\n","protected":false},"featured_media":7252,"comment_status":"open","ping_status":"closed","template":"","meta":{"_joinchat":[]},"product_cat":[15,24,19,20],"product_tag":[5084,11545],"class_list":{"0":"post-7251","1":"product","2":"type-product","3":"status-publish","4":"has-post-thumbnail","6":"product_cat-volkswagen","7":"product_cat-audi","8":"product_cat-seat","9":"product_cat-skoda","10":"product_tag-036133062l-bogaz-kelebegi-1","11":"product_tag-4-polo-bby","13":"first","14":"instock","15":"sale","16":"shipping-taxable","17":"purchasable","18":"product-type-simple"},"_links":{"self":[{"href":"https:\/\/dogan-otomotiv.com\/index.php\/wp-json\/wp\/v2\/product\/7251","targetHints":{"allow":["GET"]}}],"collection":[{"href":"https:\/\/dogan-otomotiv.com\/index.php\/wp-json\/wp\/v2\/product"}],"about":[{"href":"https:\/\/dogan-otomotiv.com\/index.php\/wp-json\/wp\/v2\/types\/product"}],"replies":[{"embeddable":true,"href":"https:\/\/dogan-otomotiv.com\/index.php\/wp-json\/wp\/v2\/comments?post=7251"}],"wp:featuredmedia":[{"embeddable":true,"href":"https:\/\/dogan-otomotiv.com\/index.php\/wp-json\/wp\/v2\/media\/7252"}],"wp:attachment":[{"href":"https:\/\/dogan-otomotiv.com\/index.php\/wp-json\/wp\/v2\/media?parent=7251"}],"wp:term":[{"taxonomy":"product_cat","embeddable":true,"href":"https:\/\/dogan-otomotiv.com\/index.php\/wp-json\/wp\/v2\/product_cat?post=7251"},{"taxonomy":"product_tag","embeddable":true,"href":"https:\/\/dogan-otomotiv.com\/index.php\/wp-json\/wp\/v2\/product_tag?post=7251"}],"curies":[{"name":"wp","href":"https:\/\/api.w.org\/{rel}","templated":true}]}}