{"id":7244,"date":"2021-07-14T09:13:32","date_gmt":"2021-07-14T09:13:32","guid":{"rendered":"https:\/\/dogan-otomotiv.com\/?post_type=product&#038;p=7244"},"modified":"2023-01-07T06:29:11","modified_gmt":"2023-01-07T06:29:11","slug":"078133062b-bogaz-kelebegi-audi-a4-b5-b6-b7-8h-a6-4b-4f-24l-28l-30l","status":"publish","type":"product","link":"https:\/\/dogan-otomotiv.com\/index.php\/urun\/078133062b-bogaz-kelebegi-audi-a4-b5-b6-b7-8h-a6-4b-4f-24l-28l-30l\/","title":{"rendered":"078133062B BO\u011eAZ KELEBE\u011e\u0130 Audi A4 B5 B6 B7  8H A6 4B 4F 2,4l 2,8l 3,0l"},"content":{"rendered":"<p>078133062B Audi A4 B5 B6 B7 Cabriolet 8H A6 4B 4F 2,4l 2,8l 3,0l<\/p>\n<p>2002-06 Audi A4 Throttle Body Assembly for V6 3.0L<br \/>\n2000-01 Audi A4 Throttle Body Assembly for V6 2.8L<br \/>\n2002-04 Audi A6 Throttle Body Assembly for V6 3.0L<br \/>\n2000-01 Audi A6 Throttle Body Assembly for V6 2.8L<br \/>\n2000-05 VW Passat Throttle Body Assembly for V6 2.8L<\/p>\n<p>OEN 078133062B \u2014 AUDI<br \/>\nOEN 078133063A \u2014 AUDI<br \/>\nOEN 078133063AJ \u2014 AUDI<br \/>\nOEN 078133062B \u2014 SEAT<br \/>\nOEN 078133063A \u2014 SEAT<br \/>\nOEN 078133063AJ \u2014 SEAT<br \/>\nOEN 078133062B \u2014 SKODA<br \/>\nOEN 078133063A \u2014 SKODA<br \/>\nOEN 078133063AJ \u2014 SKODA<br \/>\nOEN 078133062B \u2014 VAG<br \/>\nOEN 078133063A \u2014 VAG<br \/>\nOEN 078133063AJ \u2014 VAG<br \/>\nOEN 078133062B \u2014 VW<br \/>\nOEN 078133063A \u2014 VW<br \/>\nOEN 078133063AJ \u2014 VW<\/p>\n<p>AUDI A4 B5 Avant (8D5) (Yap\u0131m Y\u0131l\u0131 10.1996 &#8211; 09.2001, 165 &#8211; 193 PS, Benzin)<br \/>\nAUDI A4 B6 Avant (8E5) (Yap\u0131m Y\u0131l\u0131 04.2001 &#8211; 12.2004, 163 &#8211; 220 PS, Benzin)<br \/>\nAUDI A4 B7 Avant (8ED) (Yap\u0131m Y\u0131l\u0131 11.2004 &#8211; 07.2006, 218 PS, Benzin)<br \/>\nAUDI A4 B6\/B7 Cabrio (8H7, 8HE) (Yap\u0131m Y\u0131l\u0131 04.2002 &#8211; 12.2005, 163 &#8211; 220 PS, Benzin)<br \/>\nAUDI A4 B5 Sedan (8D2) (Yap\u0131m Y\u0131l\u0131 10.1996 &#8211; 08.2001, 163 &#8211; 193 PS, Benzin)<br \/>\nAUDI A4 B6 Sedan (8E2) (Yap\u0131m Y\u0131l\u0131 11.2000 &#8211; 12.2004, 163 &#8211; 220 PS, Benzin)<br \/>\nAUDI A4 B7 Sedan (8EC) (Yap\u0131m Y\u0131l\u0131 11.2004 &#8211; 07.2006, 218 PS, Benzin)<br \/>\nAUDI A6 C5 Avant (4B5) (Yap\u0131m Y\u0131l\u0131 12.1997 &#8211; 01.2005, 136 &#8211; 220 PS, Benzin)<br \/>\nAUDI A6 C6 Avant (4F5) (Yap\u0131m Y\u0131l\u0131 03.2005 &#8211; 05.2006, 218 PS, Benzin)<br \/>\nAUDI A6 C5 Sedan (4B2) (Yap\u0131m Y\u0131l\u0131 02.1997 &#8211; 01.2005, 136 &#8211; 220 PS, Benzin)<br \/>\nAUDI A6 C6 Sedan (4F2) (Yap\u0131m Y\u0131l\u0131 05.2004 &#8211; 05.2006, 218 PS, Benzin)<br \/>\nAUDI A8 D2 (4D2, 4D8) (Yap\u0131m Y\u0131l\u0131 04.1996 &#8211; 09.2002, 193 PS, Benzin)<br \/>\nAUDI A8 D3 (4E2, 4E8) (Yap\u0131m Y\u0131l\u0131 07.2003 &#8211; 05.2006, 218 &#8211; 220 PS, Benzin)<\/p>\n<p>SKODA Superb I Sedan (3U4) (Yap\u0131m Y\u0131l\u0131 12.2001 &#8211; 03.2008, 193 PS, Benzin)<\/p>\n<p>VW Passat B5 Sedan (3B2) (Yap\u0131m Y\u0131l\u0131 08.1996 &#8211; 11.2000, 193 PS, Benzin)<br \/>\nVW Passat B5 GP Sedan (3BG, 3B3) (Yap\u0131m Y\u0131l\u0131 11.2000 &#8211; 05.2005, 193 PS, Benzin)<br \/>\nVW Passat B5 Estate (3B5) (Yap\u0131m Y\u0131l\u0131 06.1997 &#8211; 11.2000, 193 PS, Benzin)<br \/>\nVW Passat B5 GP Estate (3BG, 3B6) (Yap\u0131m Y\u0131l\u0131 11.2000 &#8211; 05.2005, 193 PS, Benzin)<\/p>\n","protected":false},"excerpt":{"rendered":"<p>DO\u011eAN OTOMOT\u0130V YEDEK PAR\u00c7A<br \/>\nLTD \u015eT\u0130 \u0130VED\u0130K ORGAN\u0130ZE SAN 1471 SOKAK 91-A OST\u0130M ANKARA<br \/>\nSEM\u0130H SAVA\u015e\u00c7I (312) 395 20 95<br \/>\n0533 322 16 09<\/p>\n<p>MUSTAFA SAVA\u015e\u00c7I<br \/>\n0 (312) 395 20 95<br \/>\nIBAN NO: TR 54 0011 1000 0000 0098 3516 19<br \/>\nF\u0130NANSBANK ENPARA<br \/>\n\u015eUBE KODU: 03663<br \/>\nHESAP NO: 98351619<\/p>\n<p>Paket i\u00e7eri\u011fi: 1 Adet<br \/>\nSATI\u015e F\u0130YATI KDV DAH\u0130L pe\u015fin fiyat\u0131d\u0131r<\/p>\n<p>SAAT 18:00 KADAR VER\u0130LEN \u015e\u0130PAR\u0130\u015e AYNI G\u00dcN KARGO \u0130LE G\u00d6NDER\u0130M\u0130 YAPILIR.<br \/>\nKARGO \u0130ADES\u0130 DURUMUNDA .<br \/>\nKARGO \u00dcCRET\u0130 M\u00dc\u015eTER\u0130YE A\u0130TT\u0130R. AYRICA KARGODA KIRILAN PAR\u00c7ALARDAN SORUMLU DEY\u0130L\u0130Z<\/p>\n<p>27\/11\/2014 tarih ve 29188 say\u0131l\u0131 resmi gazetede yay\u0131mlanan mesafeli sat\u0131\u015flar y\u00f6netmeli\u011finin 15. maddesinde cayma hakk\u0131n\u0131n istisnalar\u0131 belirtilmi\u015ftir. \u0130lgili maddenin a bendinde &#8220;fiyat\u0131 finansal piyasalardaki dalgalanmalara ba\u011fl\u0131 olarak de\u011fi\u015fen ve sat\u0131c\u0131 veya sa\u011flay\u0131c\u0131n\u0131n kontrol\u00fcnde olmayan mal veya hizmetlere ili\u015fkin s\u00f6zle\u015fmeler&#8221; cayma hakk\u0131ndan istisna edilmi\u015ftir. \u00dcr\u00fcnlerimiz ithal \u00fcr\u00fcnler olup fiyatlar\u0131 g\u00fcnl\u00fck usd kurlar\u0131 kullan\u0131larak tl kar\u015f\u0131l\u0131\u011f\u0131na \u00e7evrilmesiyle hesaplanmaktad\u0131r. Fiyatlar kurdaki de\u011fi\u015fmeler ba\u011fl\u0131 olarak g\u00fcnl\u00fck olarak de\u011fi\u015fmektedir. Bu nedenle y\u00f6netmeli\u011fin 15. Md\/a bendi gere\u011fi cayma hakk\u0131ndan m\u00fcstesnad\u0131r. M\u00fc\u015fterilerimiz sipari\u015f \u00f6ncesinde bu konu hakk\u0131nda \u00f6n bilgilendirme yap\u0131ld\u0131\u011f\u0131n\u0131 kabul eder.<\/p>\n","protected":false},"featured_media":7245,"comment_status":"open","ping_status":"closed","template":"","meta":{"_joinchat":[]},"product_cat":[15,24,20],"product_tag":[5076,5079,5077,5078],"class_list":{"0":"post-7244","1":"product","2":"type-product","3":"status-publish","4":"has-post-thumbnail","6":"product_cat-volkswagen","7":"product_cat-audi","8":"product_cat-skoda","9":"product_tag-078133062b-bogaz-kelebegi-audi-a4-b5-b6-b7-8h-a6-4b-4f-2","10":"product_tag-0l","11":"product_tag-4l-2","12":"product_tag-8l-3","14":"first","15":"instock","16":"sale","17":"shipping-taxable","18":"purchasable","19":"product-type-simple"},"_links":{"self":[{"href":"https:\/\/dogan-otomotiv.com\/index.php\/wp-json\/wp\/v2\/product\/7244","targetHints":{"allow":["GET"]}}],"collection":[{"href":"https:\/\/dogan-otomotiv.com\/index.php\/wp-json\/wp\/v2\/product"}],"about":[{"href":"https:\/\/dogan-otomotiv.com\/index.php\/wp-json\/wp\/v2\/types\/product"}],"replies":[{"embeddable":true,"href":"https:\/\/dogan-otomotiv.com\/index.php\/wp-json\/wp\/v2\/comments?post=7244"}],"wp:featuredmedia":[{"embeddable":true,"href":"https:\/\/dogan-otomotiv.com\/index.php\/wp-json\/wp\/v2\/media\/7245"}],"wp:attachment":[{"href":"https:\/\/dogan-otomotiv.com\/index.php\/wp-json\/wp\/v2\/media?parent=7244"}],"wp:term":[{"taxonomy":"product_cat","embeddable":true,"href":"https:\/\/dogan-otomotiv.com\/index.php\/wp-json\/wp\/v2\/product_cat?post=7244"},{"taxonomy":"product_tag","embeddable":true,"href":"https:\/\/dogan-otomotiv.com\/index.php\/wp-json\/wp\/v2\/product_tag?post=7244"}],"curies":[{"name":"wp","href":"https:\/\/api.w.org\/{rel}","templated":true}]}}