{"id":7234,"date":"2021-07-12T15:13:36","date_gmt":"2021-07-12T15:13:36","guid":{"rendered":"https:\/\/dogan-otomotiv.com\/?post_type=product&#038;p=7234"},"modified":"2024-11-11T07:10:30","modified_gmt":"2024-11-11T07:10:30","slug":"ga7b-mazda-on-slecek-motoru-626-1991-1997-orj-cikma","status":"publish","type":"product","link":"https:\/\/dogan-otomotiv.com\/index.php\/urun\/ga7b-mazda-on-slecek-motoru-626-1991-1997-orj-cikma\/","title":{"rendered":"GA7B MAZDA \u00d6N SLECEK MOTORU 626-1991-1997 ORJ \u00c7IKMA"},"content":{"rendered":"<p>MAZDA \u00d6N SLECEK MOTORU 626 &#8211; 1994 MODEL<\/p>\n","protected":false},"excerpt":{"rendered":"<p>MAZDA \u00d6N SLECEK MOTORU 626 &#8211; 1994 MODEL<\/p>\n","protected":false},"featured_media":7235,"comment_status":"open","ping_status":"closed","template":"","meta":{"_joinchat":[]},"product_cat":[2203],"product_tag":[10981],"class_list":{"0":"post-7234","1":"product","2":"type-product","3":"status-publish","4":"has-post-thumbnail","6":"product_cat-nissan","7":"product_tag-ga7b-mazda-on-slecek-motoru-626-1991-1997-orj-cikma","9":"first","10":"instock","11":"sale","12":"shipping-taxable","13":"purchasable","14":"product-type-simple"},"_links":{"self":[{"href":"https:\/\/dogan-otomotiv.com\/index.php\/wp-json\/wp\/v2\/product\/7234","targetHints":{"allow":["GET"]}}],"collection":[{"href":"https:\/\/dogan-otomotiv.com\/index.php\/wp-json\/wp\/v2\/product"}],"about":[{"href":"https:\/\/dogan-otomotiv.com\/index.php\/wp-json\/wp\/v2\/types\/product"}],"replies":[{"embeddable":true,"href":"https:\/\/dogan-otomotiv.com\/index.php\/wp-json\/wp\/v2\/comments?post=7234"}],"wp:featuredmedia":[{"embeddable":true,"href":"https:\/\/dogan-otomotiv.com\/index.php\/wp-json\/wp\/v2\/media\/7235"}],"wp:attachment":[{"href":"https:\/\/dogan-otomotiv.com\/index.php\/wp-json\/wp\/v2\/media?parent=7234"}],"wp:term":[{"taxonomy":"product_cat","embeddable":true,"href":"https:\/\/dogan-otomotiv.com\/index.php\/wp-json\/wp\/v2\/product_cat?post=7234"},{"taxonomy":"product_tag","embeddable":true,"href":"https:\/\/dogan-otomotiv.com\/index.php\/wp-json\/wp\/v2\/product_tag?post=7234"}],"curies":[{"name":"wp","href":"https:\/\/api.w.org\/{rel}","templated":true}]}}