{"id":7217,"date":"2021-07-12T07:20:07","date_gmt":"2021-07-12T07:20:07","guid":{"rendered":"https:\/\/dogan-otomotiv.com\/?post_type=product&#038;p=7217"},"modified":"2023-08-29T06:28:17","modified_gmt":"2023-08-29T06:28:17","slug":"037906461c-hava-akis-golf4-bora-passat-a4-a6-aeb-agu-18-t-96","status":"publish","type":"product","link":"https:\/\/dogan-otomotiv.com\/index.php\/urun\/037906461c-hava-akis-golf4-bora-passat-a4-a6-aeb-agu-18-t-96\/","title":{"rendered":"037906461C HAVA AKI\u015e GOLF4-BORA-PASSAT-A4-A6 AEB-AGU 1,8 T 96-"},"content":{"rendered":"<p>037906461C HAVA AKI\u015e GOLF4-BORA-PASSAT-A4-A6 AEB-AGU 1,8 T 96-<br \/>\n0280217117 037906461C GOLF4-BORA-PASSAT-A4-A6 AEB-AGU 1,8 T 96-05 <\/p>\n<p>HAVA AKI\u015e <\/p>\n<p>VW Bora Sedan (1J2) (Yap\u0131m Y\u0131l\u0131 05.2000 &#8211; 05.2005, 150 PS, Benzin)<br \/>\nVW Bora Varyant (1J6) (Yap\u0131m Y\u0131l\u0131 05.2000 &#8211; 05.2005, 150 PS, Benzin)<br \/>\nVW Golf IV Hatchback (1J1) (Yap\u0131m Y\u0131l\u0131 08.1997 &#8211; 06.2005, 150 PS, Benzin)<br \/>\nVW Golf IV Varyant (1J5) (Yap\u0131m Y\u0131l\u0131 05.2000 &#8211; 06.2006, 150 PS, Benzin)<br \/>\nVW Passat B5 Sedan (3B2) (Yap\u0131m Y\u0131l\u0131 10.1996 &#8211; 11.2000, 150 PS, Benzin)<br \/>\nVW Passat B5 Estate (3B5) (Yap\u0131m Y\u0131l\u0131 06.1997 &#8211; 11.2000, 150 PS, Benzin)<br \/>\nVW Sharan I (7M8, 7M9, 7M6) (Yap\u0131m Y\u0131l\u0131 09.1997 &#8211; 03.2010, 150 PS, Benzin)<\/p>\n<p>SKODA Octavia I Hatchback (1U2) (Yap\u0131m Y\u0131l\u0131 08.1997 &#8211; 12.2010, 150 PS, Benzin)<br \/>\nSKODA Octavia I Kombi (1U5) (Yap\u0131m Y\u0131l\u0131 07.1998 &#8211; 12.2010, 150 PS, Benzin)<\/p>\n<p>SEAT Alhambra I (7V8, 7V9) (Yap\u0131m Y\u0131l\u0131 10.1997 &#8211; 03.2010, 150 PS, Benzin)<br \/>\n1.8 T 20V, Yap\u0131m Y\u0131l\u0131 10.1997 &#8211; 03.2010, 1781 ccm, 150 PS<\/p>\n<p>AUDI A3 Hatchback (8L1) (Yap\u0131m Y\u0131l\u0131 12.1996 &#8211; 05.2003, 150 PS, Benzin)<br \/>\nAUDI A4 B5 Avant (8D5) (Yap\u0131m Y\u0131l\u0131 03.1996 &#8211; 09.2001, 150 &#8211; 180 PS, Benzin)<br \/>\nAUDI A4 B5 Sedan (8D2) (Yap\u0131m Y\u0131l\u0131 01.1995 &#8211; 11.2000, 150 &#8211; 180 PS, Benzin)<br \/>\nAUDI A6 C5 Avant (4B5) (Yap\u0131m Y\u0131l\u0131 12.1997 &#8211; 01.2005, 150 &#8211; 180 PS, Benzin)<br \/>\nAUDI A6 C5 Sedan (4B2) (Yap\u0131m Y\u0131l\u0131 01.1997 &#8211; 01.2005, 150 &#8211; 180 PS, Benzin)<br \/>\n1.8 T, Yap\u0131m Y\u0131l\u0131 01.1997 &#8211; 01.2005, 1781 ccm, 150 PS<br \/>\n1.8 T, Yap\u0131m Y\u0131l\u0131 12.1997 &#8211; 01.2005, 1781 ccm, 180 PS<br \/>\n1.8 T quattro, Yap\u0131m Y\u0131l\u0131 02.1997 &#8211; 01.2005, 1781 ccm, 150 PS<br \/>\n1.8 T quattro, Yap\u0131m Y\u0131l\u0131 12.1997 &#8211; 01.2005, 1781 ccm, 180 PS<\/p>\n","protected":false},"excerpt":{"rendered":"<p>DO\u011eAN OTOMOT\u0130V YEDEK PAR\u00c7A<br \/>\nLTD \u015eT\u0130 \u0130VED\u0130K ORGAN\u0130ZE SAN 1471 SOKAK 91-A OST\u0130M ANKARA<br \/>\nSEM\u0130H SAVA\u015e\u00c7I (312) 395 20 95<br \/>\n0533 322 16 09<\/p>\n<p>MUSTAFA SAVA\u015e\u00c7I<br \/>\n0 (312) 395 20 95<br \/>\nIBAN NO: TR 54 0011 1000 0000 0098 3516 19<br \/>\nF\u0130NANSBANK ENPARA<br \/>\n\u015eUBE KODU: 03663<br \/>\nHESAP NO: 98351619<\/p>\n<p>Paket i\u00e7eri\u011fi: 1 Adet<br \/>\nSATI\u015e F\u0130YATI KDV DAH\u0130L pe\u015fin fiyat\u0131d\u0131r<\/p>\n<p>SAAT 18:00 KADAR VER\u0130LEN \u015e\u0130PAR\u0130\u015e AYNI G\u00dcN KARGO \u0130LE G\u00d6NDER\u0130M\u0130 YAPILIR.<br \/>\nKARGO \u0130ADES\u0130 DURUMUNDA .<br \/>\nKARGO \u00dcCRET\u0130 M\u00dc\u015eTER\u0130YE A\u0130TT\u0130R. AYRICA KARGODA KIRILAN PAR\u00c7ALARDAN SORUMLU DEY\u0130L\u0130Z<\/p>\n","protected":false},"featured_media":7218,"comment_status":"open","ping_status":"closed","template":"","meta":{"_joinchat":[]},"product_cat":[15,24,19,20],"product_tag":[5058,5059],"class_list":{"0":"post-7217","1":"product","2":"type-product","3":"status-publish","4":"has-post-thumbnail","6":"product_cat-volkswagen","7":"product_cat-audi","8":"product_cat-seat","9":"product_cat-skoda","10":"product_tag-037906461c-hava-akis-golf4-bora-passat-a4-a6-aeb-agu-1","11":"product_tag-8-t-96","13":"first","14":"instock","15":"sale","16":"shipping-taxable","17":"purchasable","18":"product-type-simple"},"_links":{"self":[{"href":"https:\/\/dogan-otomotiv.com\/index.php\/wp-json\/wp\/v2\/product\/7217","targetHints":{"allow":["GET"]}}],"collection":[{"href":"https:\/\/dogan-otomotiv.com\/index.php\/wp-json\/wp\/v2\/product"}],"about":[{"href":"https:\/\/dogan-otomotiv.com\/index.php\/wp-json\/wp\/v2\/types\/product"}],"replies":[{"embeddable":true,"href":"https:\/\/dogan-otomotiv.com\/index.php\/wp-json\/wp\/v2\/comments?post=7217"}],"wp:featuredmedia":[{"embeddable":true,"href":"https:\/\/dogan-otomotiv.com\/index.php\/wp-json\/wp\/v2\/media\/7218"}],"wp:attachment":[{"href":"https:\/\/dogan-otomotiv.com\/index.php\/wp-json\/wp\/v2\/media?parent=7217"}],"wp:term":[{"taxonomy":"product_cat","embeddable":true,"href":"https:\/\/dogan-otomotiv.com\/index.php\/wp-json\/wp\/v2\/product_cat?post=7217"},{"taxonomy":"product_tag","embeddable":true,"href":"https:\/\/dogan-otomotiv.com\/index.php\/wp-json\/wp\/v2\/product_tag?post=7217"}],"curies":[{"name":"wp","href":"https:\/\/api.w.org\/{rel}","templated":true}]}}