{"id":7208,"date":"2021-07-09T10:51:05","date_gmt":"2021-07-09T10:51:05","guid":{"rendered":"https:\/\/dogan-otomotiv.com\/?post_type=product&#038;p=7208"},"modified":"2023-02-20T12:34:46","modified_gmt":"2023-02-20T12:34:46","slug":"atesleme-bobini-bmw-e39-520-525-bmw-e39-1748017-0221504004","status":"publish","type":"product","link":"https:\/\/dogan-otomotiv.com\/index.php\/urun\/atesleme-bobini-bmw-e39-520-525-bmw-e39-1748017-0221504004\/","title":{"rendered":"Ate\u015fleme bobini BMW E39, 520.525, BMW E39, 1748017, 0221504004"},"content":{"rendered":"<p>Ate\u015fleme bobini BMW E39, 520.525, BMW E39, 1748017, 0221504004<\/p>\n<p>BMW 3 Compact (E36) (Yap\u0131m Y\u0131l\u0131 08.1997 &#8211; 08.2000, 170 PS, Benzin)<br \/>\nBMW 3 Compact (E46) (Yap\u0131m Y\u0131l\u0131 06.2001 &#8211; 02.2005, 192 PS, Benzin)<br \/>\nBMW 3 Cabrio (E36) (Yap\u0131m Y\u0131l\u0131 12.1993 &#8211; 04.1999, 150 &#8211; 321 PS, Benzin)<br \/>\nBMW 3 Cabrio (E46) (Yap\u0131m Y\u0131l\u0131 04.2000 &#8211; 12.2007, 170 &#8211; 231 PS, Benzin)<br \/>\nBMW 3 Coupe (E36) (Yap\u0131m Y\u0131l\u0131 03.1992 &#8211; 04.1999, 150 &#8211; 321 PS, Benzin)<br \/>\nBMW 3 Coupe (E46) (Yap\u0131m Y\u0131l\u0131 02.1999 &#8211; 07.2006, 150 &#8211; 231 PS, Benzin)<br \/>\nBMW 3 Sedan (E36) (Yap\u0131m Y\u0131l\u0131 09.1990 &#8211; 02.1998, 150 &#8211; 321 PS, Benzin)<br \/>\nBMW 3 Sedan (E46) (Yap\u0131m Y\u0131l\u0131 02.1998 &#8211; 02.2005, 150 &#8211; 231 PS, Benzin)<br \/>\nBMW 3 Touring (E36) (Yap\u0131m Y\u0131l\u0131 01.1995 &#8211; 10.1999, 150 &#8211; 193 PS, Benzin)<br \/>\nBMW 3 Touring (E46) (Yap\u0131m Y\u0131l\u0131 10.1999 &#8211; 02.2005, 150 &#8211; 231 PS, Benzin)<br \/>\nBMW 5 Sedan (E39) (Yap\u0131m Y\u0131l\u0131 11.1995 &#8211; 06.2003, 136 &#8211; 400 PS, Benzin)<br \/>\nBMW 5 Touring (E39) (Yap\u0131m Y\u0131l\u0131 09.1996 &#8211; 05.2004, 136 &#8211; 286 PS, Benzin)<br \/>\nBMW 7 (E38) (Yap\u0131m Y\u0131l\u0131 12.1994 &#8211; 11.2001, 193 &#8211; 326 PS, Benzin)<br \/>\nBMW 8 (E31) (Yap\u0131m Y\u0131l\u0131 09.1994 &#8211; 12.1999, 286 &#8211; 326 PS, Benzin)<br \/>\nBMW X5 (E53) (Yap\u0131m Y\u0131l\u0131 05.2000 &#8211; 12.2006, 231 &#8211; 347 PS, Benzin)<br \/>\nBMW Z3 Coupe (E36) (Yap\u0131m Y\u0131l\u0131 07.1997 &#8211; 06.2003, 192 &#8211; 321 PS, Benzin)<br \/>\nBMW Z3 Roadster (E36) (Yap\u0131m Y\u0131l\u0131 01.1996 &#8211; 01.2003, 150 &#8211; 321 PS, Benzin)<br \/>\nBMW Z8 Roadster (E52) (Yap\u0131m Y\u0131l\u0131 06.2000 &#8211; 06.2003, 400 PS, Benzin)<\/p>\n<p>LAND ROVER Range Rover III (L322) (Yap\u0131m Y\u0131l\u0131 03.2002 &#8211; 08.2005, 286 PS, Benzin)<br \/>\n4.4 4&#215;4, Yap\u0131m Y\u0131l\u0131 03.2002 &#8211; 08.2005, 4398 ccm, 286 PS<br \/>\n4.4 4&#215;4, Yap\u0131m Y\u0131l\u0131 03.2002 &#8211; 08.2005, 4398 ccm, 286 PS<\/p>\n<p>OEN 12131404309 &#8211; BMW<br \/>\nOEN 12131703227 &#8211; BMW<br \/>\nOEN 12131703825 &#8211; BMW<br \/>\nOEN 12131748017 \u2014 BMW<br \/>\nOEN 12131748018 \u2014 BMW<br \/>\nOEN 12137599219 &#8211; BMW<br \/>\nOEN 1 404 309 &#8211; BMW<br \/>\nOEN 1 703 227 &#8211; BMW<\/p>\n","protected":false},"excerpt":{"rendered":"<p>DO\u011eAN OTOMOT\u0130V YEDEK PAR\u00c7A<br \/>\nLTD \u015eT\u0130 \u0130VED\u0130K ORGAN\u0130ZE SAN 1471 SOKAK 91-A OST\u0130M ANKARA<br \/>\nSEM\u0130H SAVA\u015e\u00c7I (312) 395 20 95<br \/>\n0533 322 16 09<\/p>\n<p>MUSTAFA SAVA\u015e\u00c7I<br \/>\n0 (312) 395 20 95<br \/>\nIBAN NO: TR 54 0011 1000 0000 0098 3516 19<br \/>\nF\u0130NANSBANK ENPARA<br \/>\n\u015eUBE KODU: 03663<br \/>\nHESAP NO: 98351619<\/p>\n<p>Paket i\u00e7eri\u011fi: 1 Adet<br \/>\nSATI\u015e F\u0130YATI KDV DAH\u0130L pe\u015fin fiyat\u0131d\u0131r<\/p>\n<p>SAAT 18:00 KADAR VER\u0130LEN \u015e\u0130PAR\u0130\u015e AYNI G\u00dcN KARGO \u0130LE G\u00d6NDER\u0130M\u0130 YAPILIR.<br \/>\nKARGO \u0130ADES\u0130 DURUMUNDA G\u00dcNCEL STOK VE F\u0130YAT B\u0130LG\u0130S\u0130 \u0130\u00c7\u0130N ARAYINIZ.<br \/>\nKARGO \u00dcCRET\u0130 M\u00dc\u015eTER\u0130YE A\u0130TT\u0130R. AYRICA KARGODA KIRILAN PAR\u00c7ALARDAN SORUMLU DEY\u0130L\u0130Z<\/p>\n","protected":false},"featured_media":12076,"comment_status":"open","ping_status":"closed","template":"","meta":{"_joinchat":[]},"product_cat":[22],"product_tag":[5054,5053,5051,5050,5052],"class_list":{"0":"post-7208","1":"product","2":"type-product","3":"status-publish","4":"has-post-thumbnail","6":"product_cat-bmw","7":"product_tag-5054","8":"product_tag-5053","9":"product_tag-520-525","10":"product_tag-atesleme-bobini-bmw-e39","11":"product_tag-bmw-e39","13":"first","14":"instock","15":"sale","16":"shipping-taxable","17":"purchasable","18":"product-type-simple"},"_links":{"self":[{"href":"https:\/\/dogan-otomotiv.com\/index.php\/wp-json\/wp\/v2\/product\/7208","targetHints":{"allow":["GET"]}}],"collection":[{"href":"https:\/\/dogan-otomotiv.com\/index.php\/wp-json\/wp\/v2\/product"}],"about":[{"href":"https:\/\/dogan-otomotiv.com\/index.php\/wp-json\/wp\/v2\/types\/product"}],"replies":[{"embeddable":true,"href":"https:\/\/dogan-otomotiv.com\/index.php\/wp-json\/wp\/v2\/comments?post=7208"}],"wp:featuredmedia":[{"embeddable":true,"href":"https:\/\/dogan-otomotiv.com\/index.php\/wp-json\/wp\/v2\/media\/12076"}],"wp:attachment":[{"href":"https:\/\/dogan-otomotiv.com\/index.php\/wp-json\/wp\/v2\/media?parent=7208"}],"wp:term":[{"taxonomy":"product_cat","embeddable":true,"href":"https:\/\/dogan-otomotiv.com\/index.php\/wp-json\/wp\/v2\/product_cat?post=7208"},{"taxonomy":"product_tag","embeddable":true,"href":"https:\/\/dogan-otomotiv.com\/index.php\/wp-json\/wp\/v2\/product_tag?post=7208"}],"curies":[{"name":"wp","href":"https:\/\/api.w.org\/{rel}","templated":true}]}}